{"id":124981,"date":"2021-12-02T13:29:59","date_gmt":"2021-12-02T21:29:59","guid":{"rendered":"https:\/\/www.dmv.ca.gov\/portal\/?page_id=124981"},"modified":"2021-12-02T13:44:24","modified_gmt":"2021-12-02T21:44:24","slug":"dmv-extends-expiring-commercial-drivers-licenses-through-february-2022","status":"publish","type":"page","link":"https:\/\/www.dmv.ca.gov\/portal\/es\/dmv-extends-expiring-commercial-drivers-licenses-through-february-2022\/","title":{"rendered":"El DMV extiende las licencias de conducir comerciales que se vencen hasta febrero"},"content":{"rendered":"<p> Contact: &nbsp;Office of Public Affairs<br>2415 First Avenue&nbsp;<br>Sacramento, CA 95818<br>(916) 657\u20136437 |&nbsp;<a href=\"mailto:dmvpublicaffairs@dmv.ca.gov\">dmvpublicaffairs@dmv.ca.gov<\/a> <\/p>\n\n\n\n<p> <strong>PARA PUBLICACI\u00d3N INMEDIATA<br>2 de diciembre del 2021<\/strong> <\/p>\n\n\n\n<p><strong>Sacramento<\/strong>&nbsp;Las licencias de conducir comerciales, los permisos de aprendizaje, los endosos y los certificados especiales que vencen entre marzo del 2020 y febrero del 2022 se extienden autom\u00e1ticamente hasta el 28 de febrero del 2022, anunci\u00f3 hoy el Departamento de Veh\u00edculos Motorizados de California (DMV). La extensi\u00f3n anterior estaba programada para expirar el 30 de noviembre del 2021.<\/p>\n\n\n\n<p>La Administraci\u00f3n Federal de Seguridad de Autotransportistas actualiz\u00f3 recientemente su gu\u00eda para permitir las extensiones.<\/p>\n\n\n\n<p>El DMV ha alertado a la polic\u00eda de California sobre las nuevas extensiones. Los conductores comerciales elegibles no recibir\u00e1n una tarjeta nueva o extensi\u00f3n en papel por correo.<\/p>\n\n\n\n<p class=\"translation-block\">La extensi\u00f3n no incluye certificaciones m\u00e9dicas de conductores comerciales, que deben seguir siendo v\u00e1lidas. El DMV ofrece <a href=\"https:\/\/www.dmv.ca.gov\/portal\/es\/dmv-virtual-office\/medical-examination-report\/\" target=\"_self\"> actualizaciones de certificaci\u00f3n m\u00e9dica<\/a> en DMV.ca.gov como parte de sus servicios en l\u00ednea ampliados para los conductores comerciales de California, incluidas las <a href=\"https:\/\/www.dmv.ca.gov\/portal\/es\/dmv-virtual-office\/commercial-driver-license-renewal\/\" target=\"_self\"> renovaciones de licencias de conducir comerciales<\/a>. Los clientes tambi\u00e9n pueden <a href=\"https:\/\/www.dmv.ca.gov\/portal\/es\/vehicle-industry-services\/motor-carrier-services-mcs\/motor-carrier-permits\/motor-carrier-permit-application\/\" target=\"_self\"> renovar su permiso de autotransportista en l\u00ednea<\/a> para acortar el tiempo para recibir sus nuevos permisos, que son necesarios para varias actividades comerciales y de transporte en el estado.<\/p>\n\n\n\n<p>Seg\u00fan la exenci\u00f3n, los titulares de permisos de aprendizaje comerciales pueden realizar el examen de habilidades para la licencia de conducir comercial sin esperar 14 d\u00edas despu\u00e9s de la emisi\u00f3n inicial del permiso. Esa condici\u00f3n est\u00e1 vigente hasta el 28 de febrero del 2022.<\/p>\n\n\n\n<p>El DMV ofrece ex\u00e1menes de manejo comerciales en 23 ubicaciones en todo el estado, incluidas 15 con citas los s\u00e1bados. El Departamento comenz\u00f3 a ofrecer un d\u00eda de examen adicional en lugares selectos este a\u00f1o. El DMV tambi\u00e9n est\u00e1 capacitando a m\u00e1s personal para administrar los ex\u00e1menes y redirigiendo a los examinadores a las \u00e1reas de mayor demanda para ampliar significativamente la capacidad de ex\u00e1menes y la disponibilidad de citas.<\/p>\n\n\n\n<p class=\"translation-block\">La mayor\u00eda de las transacciones del DMV no requieren una visita a una oficina. El DMV recomienda a todos los clientes que utilicen sus <a href=\"https:\/\/www.dmv.ca.gov\/portal\/es\/dmv-online\/\" target=\"_self\">servicios en l\u00ednea<\/a>, servicios virtuales ampliados y otros canales de servicio para completar transacciones, incluidas las renovaciones de licencias de conducir y registros de veh\u00edculos elegibles. Los clientes tambi\u00e9n pueden usar el <a href=\"https:\/\/www.dmv.ca.gov\/portal\/es\/make-an-appointment\/service-advisor\/\" target=\"_self\">Asesor de Servicios<\/a> en el sitio web del DMV para completar transacciones del DMV.<\/p>\n\n\n\n<p class=\"has-text-align-center\">###<\/p>","protected":false},"excerpt":{"rendered":"<p>Contact: &nbsp;Office of Public Affairs2415 First Avenue&nbsp;Sacramento, CA 95818(916) 657\u20136437 |&nbsp;dmvpublicaffairs@dmv.ca.gov FOR IMMEDIATE RELEASEDecember 2, 2021 Sacramento&nbsp;\u2013 Commercial driver\u2019s licenses, learner\u2019s permits, endorsements and special certificates expiring between March 2020 and February 2022, are automatically extended through February 28, 2022, the California Department of Motor Vehicles (DMV) announced today. The previous extension was set to [&hellip;]<\/p>\n","protected":false},"author":20,"featured_media":0,"parent":0,"menu_order":0,"comment_status":"closed","ping_status":"closed","template":"","meta":{"ep_exclude_from_search":false,"dmv_page_popups":[],"dmv_ribbon_color":"","dmv_top_illustration":"","dmv_page_title":"","dmv_page_subtitle":"","dmv_exclude_from_search_results":false,"dmv_allowed_editors":[],"dmv_display_translate_button":true,"footnotes":""},"categories":[],"tags":[],"dmv_task":[10],"dmv_functional_page_type":[64,3],"dmv_content_type":[],"class_list":["post-124981","page","type-page","status-publish","hentry","dmv_task-licensing","dmv_functional_page_type-informational","dmv_functional_page_type-press-release"],"featured_image_src":null,"yoast_head":"<!-- This site is optimized with the Yoast SEO plugin v27.2 - https:\/\/yoast.com\/product\/yoast-seo-wordpress\/ -->\n<title>DMV Extends Expiring Commercial Driver\u2019s Licenses Through February 2022 - California DMV<\/title>\n<meta name=\"robots\" content=\"index, follow, max-snippet:-1, max-image-preview:large, max-video-preview:-1\" \/>\n<link rel=\"canonical\" href=\"https:\/\/www.dmv.ca.gov\/portal\/es\/dmv-extends-expiring-commercial-drivers-licenses-through-february-2022\/\" \/>\n<meta property=\"og:locale\" content=\"es_MX\" \/>\n<meta property=\"og:type\" content=\"article\" \/>\n<meta property=\"og:title\" content=\"DMV Extends Expiring Commercial Driver\u2019s Licenses Through February 2022 - California DMV\" \/>\n<meta property=\"og:description\" content=\"Contact: &nbsp;Office of Public Affairs2415 First Avenue&nbsp;Sacramento, CA 95818(916) 657\u20136437 |&nbsp;dmvpublicaffairs@dmv.ca.gov FOR IMMEDIATE RELEASEDecember 2, 2021 Sacramento&nbsp;\u2013 Commercial driver\u2019s licenses, learner\u2019s permits, endorsements and special certificates expiring between March 2020 and February 2022, are automatically extended through February 28, 2022, the California Department of Motor Vehicles (DMV) announced today. The previous extension was set to [&hellip;]\" \/>\n<meta property=\"og:url\" content=\"https:\/\/www.dmv.ca.gov\/portal\/es\/dmv-extends-expiring-commercial-drivers-licenses-through-february-2022\/\" \/>\n<meta property=\"og:site_name\" content=\"California DMV\" \/>\n<meta property=\"article:publisher\" content=\"https:\/\/www.facebook.com\/CADMV\" \/>\n<meta property=\"article:modified_time\" content=\"2021-12-02T21:44:24+00:00\" \/>\n<meta property=\"og:image\" content=\"https:\/\/www.dmv.ca.gov\/portal\/uploads\/2022\/06\/DMV_Logo.png\" \/>\n\t<meta property=\"og:image:width\" content=\"1920\" \/>\n\t<meta property=\"og:image:height\" content=\"1080\" \/>\n\t<meta property=\"og:image:type\" content=\"image\/png\" \/>\n<meta name=\"twitter:card\" content=\"summary_large_image\" \/>\n<meta name=\"twitter:site\" content=\"@ca_dmv\" \/>\n<meta name=\"twitter:label1\" content=\"Est. reading time\" \/>\n\t<meta name=\"twitter:data1\" content=\"2 minutes\" \/>\n<script type=\"application\/ld+json\" class=\"yoast-schema-graph\">{\"@context\":\"https:\/\/schema.org\",\"@graph\":[{\"@type\":\"WebPage\",\"@id\":\"https:\/\/www.dmv.ca.gov\/portal\/es\/dmv-extends-expiring-commercial-drivers-licenses-through-february-2022\/\",\"url\":\"https:\/\/www.dmv.ca.gov\/portal\/es\/dmv-extends-expiring-commercial-drivers-licenses-through-february-2022\/\",\"name\":\"DMV Extends Expiring Commercial Driver\u2019s Licenses Through February 2022 - California DMV\",\"isPartOf\":{\"@id\":\"https:\/\/www.dmv.ca.gov\/portal\/#website\"},\"datePublished\":\"2021-12-02T21:29:59+00:00\",\"dateModified\":\"2021-12-02T21:44:24+00:00\",\"inLanguage\":\"es-MX\",\"potentialAction\":[{\"@type\":\"ReadAction\",\"target\":[\"https:\/\/www.dmv.ca.gov\/portal\/es\/dmv-extends-expiring-commercial-drivers-licenses-through-february-2022\/\"]}]},{\"@type\":\"WebSite\",\"@id\":\"https:\/\/www.dmv.ca.gov\/portal\/#website\",\"url\":\"https:\/\/www.dmv.ca.gov\/portal\/\",\"name\":\"California DMV\",\"description\":\"\",\"publisher\":{\"@id\":\"https:\/\/www.dmv.ca.gov\/portal\/#organization\"},\"potentialAction\":[{\"@type\":\"SearchAction\",\"target\":{\"@type\":\"EntryPoint\",\"urlTemplate\":\"https:\/\/www.dmv.ca.gov\/portal\/?s={search_term_string}\"},\"query-input\":{\"@type\":\"PropertyValueSpecification\",\"valueRequired\":true,\"valueName\":\"search_term_string\"}}],\"inLanguage\":\"es-MX\"},{\"@type\":\"Organization\",\"@id\":\"https:\/\/www.dmv.ca.gov\/portal\/#organization\",\"name\":\"State of California Department of Motor Vehicles\",\"url\":\"https:\/\/www.dmv.ca.gov\/portal\/\",\"logo\":{\"@type\":\"ImageObject\",\"inLanguage\":\"es-MX\",\"@id\":\"https:\/\/www.dmv.ca.gov\/portal\/#\/schema\/logo\/image\/\",\"url\":\"https:\/\/www.dmv.ca.gov\/portal\/uploads\/2022\/06\/DMV_Logo.png\",\"contentUrl\":\"https:\/\/www.dmv.ca.gov\/portal\/uploads\/2022\/06\/DMV_Logo.png\",\"width\":1920,\"height\":1080,\"caption\":\"State of California Department of Motor Vehicles\"},\"image\":{\"@id\":\"https:\/\/www.dmv.ca.gov\/portal\/#\/schema\/logo\/image\/\"},\"sameAs\":[\"https:\/\/www.facebook.com\/CADMV\",\"https:\/\/x.com\/ca_dmv\",\"https:\/\/www.instagram.com\/ca_dmv\/\",\"https:\/\/www.linkedin.com\/company\/ca-department-of-motor-vehicles\/\",\"https:\/\/www.youtube.com\/user\/CaliforniaDMV\"]}]}<\/script>\n<!-- \/ Yoast SEO plugin. -->","yoast_head_json":{"title":"DMV Extends Expiring Commercial Driver\u2019s Licenses Through February 2022 - California DMV","robots":{"index":"index","follow":"follow","max-snippet":"max-snippet:-1","max-image-preview":"max-image-preview:large","max-video-preview":"max-video-preview:-1"},"canonical":"https:\/\/www.dmv.ca.gov\/portal\/es\/dmv-extends-expiring-commercial-drivers-licenses-through-february-2022\/","og_locale":"es_MX","og_type":"article","og_title":"DMV Extends Expiring Commercial Driver\u2019s Licenses Through February 2022 - California DMV","og_description":"Contact: &nbsp;Office of Public Affairs2415 First Avenue&nbsp;Sacramento, CA 95818(916) 657\u20136437 |&nbsp;dmvpublicaffairs@dmv.ca.gov FOR IMMEDIATE RELEASEDecember 2, 2021 Sacramento&nbsp;\u2013 Commercial driver\u2019s licenses, learner\u2019s permits, endorsements and special certificates expiring between March 2020 and February 2022, are automatically extended through February 28, 2022, the California Department of Motor Vehicles (DMV) announced today. The previous extension was set to [&hellip;]","og_url":"https:\/\/www.dmv.ca.gov\/portal\/es\/dmv-extends-expiring-commercial-drivers-licenses-through-february-2022\/","og_site_name":"California DMV","article_publisher":"https:\/\/www.facebook.com\/CADMV","article_modified_time":"2021-12-02T21:44:24+00:00","og_image":[{"width":1920,"height":1080,"url":"https:\/\/www.dmv.ca.gov\/portal\/uploads\/2022\/06\/DMV_Logo.png","type":"image\/png"}],"twitter_card":"summary_large_image","twitter_site":"@ca_dmv","twitter_misc":{"Est. reading time":"2 minutes"},"schema":{"@context":"https:\/\/schema.org","@graph":[{"@type":"WebPage","@id":"https:\/\/www.dmv.ca.gov\/portal\/es\/dmv-extends-expiring-commercial-drivers-licenses-through-february-2022\/","url":"https:\/\/www.dmv.ca.gov\/portal\/es\/dmv-extends-expiring-commercial-drivers-licenses-through-february-2022\/","name":"DMV Extends Expiring Commercial Driver\u2019s Licenses Through February 2022 - California DMV","isPartOf":{"@id":"https:\/\/www.dmv.ca.gov\/portal\/#website"},"datePublished":"2021-12-02T21:29:59+00:00","dateModified":"2021-12-02T21:44:24+00:00","inLanguage":"es-MX","potentialAction":[{"@type":"ReadAction","target":["https:\/\/www.dmv.ca.gov\/portal\/es\/dmv-extends-expiring-commercial-drivers-licenses-through-february-2022\/"]}]},{"@type":"WebSite","@id":"https:\/\/www.dmv.ca.gov\/portal\/#website","url":"https:\/\/www.dmv.ca.gov\/portal\/","name":"California DMV","description":"","publisher":{"@id":"https:\/\/www.dmv.ca.gov\/portal\/#organization"},"potentialAction":[{"@type":"SearchAction","target":{"@type":"EntryPoint","urlTemplate":"https:\/\/www.dmv.ca.gov\/portal\/?s={search_term_string}"},"query-input":{"@type":"PropertyValueSpecification","valueRequired":true,"valueName":"search_term_string"}}],"inLanguage":"es-MX"},{"@type":"Organization","@id":"https:\/\/www.dmv.ca.gov\/portal\/#organization","name":"State of California Department of Motor Vehicles","url":"https:\/\/www.dmv.ca.gov\/portal\/","logo":{"@type":"ImageObject","inLanguage":"es-MX","@id":"https:\/\/www.dmv.ca.gov\/portal\/#\/schema\/logo\/image\/","url":"https:\/\/www.dmv.ca.gov\/portal\/uploads\/2022\/06\/DMV_Logo.png","contentUrl":"https:\/\/www.dmv.ca.gov\/portal\/uploads\/2022\/06\/DMV_Logo.png","width":1920,"height":1080,"caption":"State of California Department of Motor Vehicles"},"image":{"@id":"https:\/\/www.dmv.ca.gov\/portal\/#\/schema\/logo\/image\/"},"sameAs":["https:\/\/www.facebook.com\/CADMV","https:\/\/x.com\/ca_dmv","https:\/\/www.instagram.com\/ca_dmv\/","https:\/\/www.linkedin.com\/company\/ca-department-of-motor-vehicles\/","https:\/\/www.youtube.com\/user\/CaliforniaDMV"]}]}},"_links":{"self":[{"href":"https:\/\/www.dmv.ca.gov\/portal\/es\/wp-json\/wp\/v2\/pages\/124981","targetHints":{"allow":["GET"]}}],"collection":[{"href":"https:\/\/www.dmv.ca.gov\/portal\/es\/wp-json\/wp\/v2\/pages"}],"about":[{"href":"https:\/\/www.dmv.ca.gov\/portal\/es\/wp-json\/wp\/v2\/types\/page"}],"author":[{"embeddable":true,"href":"https:\/\/www.dmv.ca.gov\/portal\/es\/wp-json\/wp\/v2\/users\/20"}],"replies":[{"embeddable":true,"href":"https:\/\/www.dmv.ca.gov\/portal\/es\/wp-json\/wp\/v2\/comments?post=124981"}],"version-history":[{"count":3,"href":"https:\/\/www.dmv.ca.gov\/portal\/es\/wp-json\/wp\/v2\/pages\/124981\/revisions"}],"predecessor-version":[{"id":124999,"href":"https:\/\/www.dmv.ca.gov\/portal\/es\/wp-json\/wp\/v2\/pages\/124981\/revisions\/124999"}],"wp:attachment":[{"href":"https:\/\/www.dmv.ca.gov\/portal\/es\/wp-json\/wp\/v2\/media?parent=124981"}],"wp:term":[{"taxonomy":"category","embeddable":true,"href":"https:\/\/www.dmv.ca.gov\/portal\/es\/wp-json\/wp\/v2\/categories?post=124981"},{"taxonomy":"post_tag","embeddable":true,"href":"https:\/\/www.dmv.ca.gov\/portal\/es\/wp-json\/wp\/v2\/tags?post=124981"},{"taxonomy":"dmv_task","embeddable":true,"href":"https:\/\/www.dmv.ca.gov\/portal\/es\/wp-json\/wp\/v2\/dmv_task?post=124981"},{"taxonomy":"dmv_functional_page_type","embeddable":true,"href":"https:\/\/www.dmv.ca.gov\/portal\/es\/wp-json\/wp\/v2\/dmv_functional_page_type?post=124981"},{"taxonomy":"dmv_content_type","embeddable":true,"href":"https:\/\/www.dmv.ca.gov\/portal\/es\/wp-json\/wp\/v2\/dmv_content_type?post=124981"}],"curies":[{"name":"wp","href":"https:\/\/api.w.org\/{rel}","templated":true}]}}