{"id":208739,"date":"2023-09-07T10:44:30","date_gmt":"2023-09-07T17:44:30","guid":{"rendered":""},"modified":"2023-09-07T10:53:16","modified_gmt":"2023-09-07T17:53:16","slug":"dmv-expands-eligibility-for-at-home-testing","status":"publish","type":"page","link":"https:\/\/www.dmv.ca.gov\/portal\/es\/news-and-media\/dmv-expands-eligibility-for-at-home-testing\/","title":{"rendered":"El DMV Ampl\u00eda la Elegibilidad para Pruebas en el Hogar"},"content":{"rendered":"<p class=\"has-text-align-left\">Contact: \u00a0Office of Public Affairs<br>2415 First Avenue<br>Sacramento, CA 95818<br>(916) 657\u20136437 |\u00a0<a href=\"mailto:dmvpublicaffairs@dmv.ca.gov\">dmvpublicaffairs@dmv.ca.gov<\/a><\/p>\n\n\n\n<p><strong>PARA PUBLICACI\u00d3N INMEDIATA<br>7 de septiembre de 2023<\/strong><\/p>\n\n\n\n<p><strong>Sacramento<\/strong> \u2013 El Departamento de Veh\u00edculos Motorizados de California anuncia que los californianos menores de 18 a\u00f1os que necesitan una licencia de conducir y las personas que se mudan a California desde fuera del estado y necesitan tomar una prueba de conocimientos sobre la licencia de conducir ahora son elegibles para completar el requisito en casa antes de visitar una oficina del DMV.<\/p>\n\n\n\n<blockquote class=\"wp-block-quote is-layout-flow wp-block-quote-is-layout-flow\">\n<p>\"La prueba en l\u00ednea se puede realizar en la comodidad de su sala,\" dijo el director del DMV Steve Gordon. \"Este es otro ejemplo de c\u00f3mo el DMV les brinda servicios a los clientes cuando y donde los desean.\"&nbsp;<\/p>\n<\/blockquote>\n\n\n\n<p>A los clientes elegibles se les solicita que elijan la opci\u00f3n de examen remoto despu\u00e9s de completar la&nbsp;<a href=\"https:\/\/www.dmv.ca.gov\/portal\/es\/driver-licenses-identification-cards\/dl-id-online-app-edl-44\/\">solicitud de licencia de conducir en l\u00ednea<\/a>&nbsp;y pagar la tarifa de solicitud. Para los clientes menores de 18 a\u00f1os, un padre o tutor debe dar su consentimiento para permitir que el DMV interact\u00fae con ellos en l\u00ednea y registre sus ex\u00e1menes como parte de los requisitos en l\u00ednea.<\/p>\n\n\n\n<p>Despu\u00e9s de completar el examen en l\u00ednea, los clientes a\u00fan deben visitar una oficina para proporcionar los documentos de identidad y residencia requeridos, tomarse una fotograf\u00eda, proporcionar una huella digital, completar un examen de la vista y recibir un documento de licencia.<\/p>\n\n\n\n<p><strong>Prueba de conocimientos en l\u00ednea<\/strong><\/p>\n\n\n\n<p>La prueba en l\u00ednea se ofrece en 35 idiomas a los clientes que tienen una computadora con acceso a internet o una computadora port\u00e1til con c\u00e1mara web. Est\u00e1 disponible entre las 8 a.m. y las 4 p.m. de lunes a viernes, excepto d\u00edas feriados estatales. La prueba no se puede realizar en una tableta o dispositivo m\u00f3vil.<\/p>\n\n\n\n<p>Como medida de prevenci\u00f3n de fraude, los participantes del examen en l\u00ednea deben verificar su identidad y aceptar ser monitoreados durante todo el examen.<\/p>\n\n\n\n<p>La prueba se puede realizar en l\u00ednea dos veces. A los clientes que no aprueben ambos intentos se les pedir\u00e1 que vayan a una oficina del DMV para realizar la prueba por tercera vez.<\/p>\n\n\n\n<p><strong>Curso interactivo <\/strong><a href=\"https:\/\/www.dmv.ca.gov\/portal\/es\/driver-education-and-safety\/online-learning-and-tests\/\"><strong>de aprendizaje electr\u00f3nico<\/strong><\/a><\/p>\n\n\n\n<p>Los clientes que renuevan su licencia de conducir con un requisito de prueba de conocimientos pueden optar por realizar una versi\u00f3n remota de la prueba de conocimientos tradicional o un curso de aprendizaje electr\u00f3nico interactivo con siete m\u00f3dulos interactivos que deben completarse, incluidos cuestionarios despu\u00e9s de cada m\u00f3dulo.<\/p>\n\n\n\n<p>El curso de eLearning se puede realizar en una computadora, computadora port\u00e1til, tableta o dispositivo m\u00f3vil y est\u00e1 disponible las 24 horas, los 7 d\u00edas de la semana. Actualmente solo se ofrece en ingl\u00e9s y tarda aproximadamente 45 minutos en completarse. Esta es una opci\u00f3n ideal para personas que tienen problemas con los ex\u00e1menes o prefieren un m\u00e9todo de aprendizaje alternativo.<\/p>\n\n\n\n<p>Recuerde, la mayor\u00eda de las transacciones del DMV se pueden completar sin tener que visitar una oficina utilizando los <a href=\"https:\/\/www.dmv.ca.gov\/portal\/es\/dmv-online\/\">servicios en l\u00ednea del DMV<\/a>.<\/p>\n\n\n\n<p class=\"has-text-align-center\">###<\/p>\n\n\n\n<p class=\"has-text-align-center\">Reg\u00edstrate para recibir alertas de noticias del DMV: <a href=\"\/portal\/es\/dmv-news-alerts\/\" target=\"_blank\" rel=\"noreferrer noopener\">DMV NEWS ALERTS - California DMV<\/a><\/p>","protected":false},"excerpt":{"rendered":"<p>FOR IMMEDIATE RELEASESeptember 7, 2023 Sacramento \u2013 The California Department of Motor Vehicles announces that Californians under 18 years old who need a driver\u2019s license, and individuals moving to California from out of state who need to take a driver\u2019s license knowledge test are now eligible to complete the requirement at home before visiting a [&hellip;]<\/p>\n","protected":false},"author":2527,"featured_media":0,"parent":1542,"menu_order":0,"comment_status":"closed","ping_status":"closed","template":"","meta":{"ep_exclude_from_search":false,"dmv_page_popups":[],"dmv_ribbon_color":"","dmv_top_illustration":"","dmv_page_title":"","dmv_page_subtitle":"","dmv_exclude_from_search_results":false,"dmv_allowed_editors":[],"dmv_display_translate_button":true,"footnotes":""},"categories":[],"tags":[],"dmv_task":[11,10],"dmv_functional_page_type":[3],"dmv_content_type":[],"class_list":["post-208739","page","type-page","status-publish","hentry","dmv_task-educational","dmv_task-licensing","dmv_functional_page_type-press-release"],"featured_image_src":null,"yoast_head":"<!-- This site is optimized with the Yoast SEO plugin v27.3 - https:\/\/yoast.com\/product\/yoast-seo-wordpress\/ -->\n<title>DMV Expands Eligibility for At-Home Testing - California DMV<\/title>\n<meta name=\"robots\" content=\"index, follow, max-snippet:-1, max-image-preview:large, max-video-preview:-1\" \/>\n<link rel=\"canonical\" href=\"https:\/\/www.dmv.ca.gov\/portal\/es\/news-and-media\/dmv-expands-eligibility-for-at-home-testing\/\" \/>\n<meta property=\"og:locale\" content=\"es_MX\" \/>\n<meta property=\"og:type\" content=\"article\" \/>\n<meta property=\"og:title\" content=\"DMV Expands Eligibility for At-Home Testing - California DMV\" \/>\n<meta property=\"og:description\" content=\"FOR IMMEDIATE RELEASESeptember 7, 2023 Sacramento \u2013 The California Department of Motor Vehicles announces that Californians under 18 years old who need a driver\u2019s license, and individuals moving to California from out of state who need to take a driver\u2019s license knowledge test are now eligible to complete the requirement at home before visiting a [&hellip;]\" \/>\n<meta property=\"og:url\" content=\"https:\/\/www.dmv.ca.gov\/portal\/es\/news-and-media\/dmv-expands-eligibility-for-at-home-testing\/\" \/>\n<meta property=\"og:site_name\" content=\"California DMV\" \/>\n<meta property=\"article:publisher\" content=\"https:\/\/www.facebook.com\/CADMV\" \/>\n<meta property=\"article:modified_time\" content=\"2023-09-07T17:53:16+00:00\" \/>\n<meta property=\"og:image\" content=\"https:\/\/www.dmv.ca.gov\/portal\/uploads\/2022\/06\/DMV_Logo.png\" \/>\n\t<meta property=\"og:image:width\" content=\"1920\" \/>\n\t<meta property=\"og:image:height\" content=\"1080\" \/>\n\t<meta property=\"og:image:type\" content=\"image\/png\" \/>\n<meta name=\"twitter:card\" content=\"summary_large_image\" \/>\n<meta name=\"twitter:site\" content=\"@ca_dmv\" \/>\n<meta name=\"twitter:label1\" content=\"Est. reading time\" \/>\n\t<meta name=\"twitter:data1\" content=\"2 minutes\" \/>\n<script type=\"application\/ld+json\" class=\"yoast-schema-graph\">{\"@context\":\"https:\\\/\\\/schema.org\",\"@graph\":[{\"@type\":\"WebPage\",\"@id\":\"https:\\\/\\\/www.dmv.ca.gov\\\/portal\\\/news-and-media\\\/dmv-expands-eligibility-for-at-home-testing\\\/\",\"url\":\"https:\\\/\\\/www.dmv.ca.gov\\\/portal\\\/news-and-media\\\/dmv-expands-eligibility-for-at-home-testing\\\/\",\"name\":\"DMV Expands Eligibility for At-Home Testing - California DMV\",\"isPartOf\":{\"@id\":\"https:\\\/\\\/www.dmv.ca.gov\\\/portal\\\/#website\"},\"datePublished\":\"2023-09-07T17:44:30+00:00\",\"dateModified\":\"2023-09-07T17:53:16+00:00\",\"breadcrumb\":{\"@id\":\"https:\\\/\\\/www.dmv.ca.gov\\\/portal\\\/news-and-media\\\/dmv-expands-eligibility-for-at-home-testing\\\/#breadcrumb\"},\"inLanguage\":\"es-MX\",\"potentialAction\":[{\"@type\":\"ReadAction\",\"target\":[\"https:\\\/\\\/www.dmv.ca.gov\\\/portal\\\/news-and-media\\\/dmv-expands-eligibility-for-at-home-testing\\\/\"]}]},{\"@type\":\"BreadcrumbList\",\"@id\":\"https:\\\/\\\/www.dmv.ca.gov\\\/portal\\\/news-and-media\\\/dmv-expands-eligibility-for-at-home-testing\\\/#breadcrumb\",\"itemListElement\":[{\"@type\":\"ListItem\",\"position\":1,\"name\":\"News And Media\",\"item\":\"https:\\\/\\\/www.dmv.ca.gov\\\/portal\\\/news-and-media\\\/\"},{\"@type\":\"ListItem\",\"position\":2,\"name\":\"DMV Expands Eligibility for At-Home Testing\"}]},{\"@type\":\"WebSite\",\"@id\":\"https:\\\/\\\/www.dmv.ca.gov\\\/portal\\\/#website\",\"url\":\"https:\\\/\\\/www.dmv.ca.gov\\\/portal\\\/\",\"name\":\"California DMV\",\"description\":\"\",\"publisher\":{\"@id\":\"https:\\\/\\\/www.dmv.ca.gov\\\/portal\\\/#organization\"},\"potentialAction\":[{\"@type\":\"SearchAction\",\"target\":{\"@type\":\"EntryPoint\",\"urlTemplate\":\"https:\\\/\\\/www.dmv.ca.gov\\\/portal\\\/?s={search_term_string}\"},\"query-input\":{\"@type\":\"PropertyValueSpecification\",\"valueRequired\":true,\"valueName\":\"search_term_string\"}}],\"inLanguage\":\"es-MX\"},{\"@type\":\"Organization\",\"@id\":\"https:\\\/\\\/www.dmv.ca.gov\\\/portal\\\/#organization\",\"name\":\"State of California Department of Motor Vehicles\",\"url\":\"https:\\\/\\\/www.dmv.ca.gov\\\/portal\\\/\",\"logo\":{\"@type\":\"ImageObject\",\"inLanguage\":\"es-MX\",\"@id\":\"https:\\\/\\\/www.dmv.ca.gov\\\/portal\\\/#\\\/schema\\\/logo\\\/image\\\/\",\"url\":\"https:\\\/\\\/www.dmv.ca.gov\\\/portal\\\/uploads\\\/2022\\\/06\\\/DMV_Logo.png\",\"contentUrl\":\"https:\\\/\\\/www.dmv.ca.gov\\\/portal\\\/uploads\\\/2022\\\/06\\\/DMV_Logo.png\",\"width\":1920,\"height\":1080,\"caption\":\"State of California Department of Motor Vehicles\"},\"image\":{\"@id\":\"https:\\\/\\\/www.dmv.ca.gov\\\/portal\\\/#\\\/schema\\\/logo\\\/image\\\/\"},\"sameAs\":[\"https:\\\/\\\/www.facebook.com\\\/CADMV\",\"https:\\\/\\\/x.com\\\/ca_dmv\",\"https:\\\/\\\/www.instagram.com\\\/ca_dmv\\\/\",\"https:\\\/\\\/www.linkedin.com\\\/company\\\/ca-department-of-motor-vehicles\\\/\",\"https:\\\/\\\/www.youtube.com\\\/user\\\/CaliforniaDMV\"]}]}<\/script>\n<!-- \/ Yoast SEO plugin. -->","yoast_head_json":{"title":"DMV Expands Eligibility for At-Home Testing - California DMV","robots":{"index":"index","follow":"follow","max-snippet":"max-snippet:-1","max-image-preview":"max-image-preview:large","max-video-preview":"max-video-preview:-1"},"canonical":"https:\/\/www.dmv.ca.gov\/portal\/es\/news-and-media\/dmv-expands-eligibility-for-at-home-testing\/","og_locale":"es_MX","og_type":"article","og_title":"DMV Expands Eligibility for At-Home Testing - California DMV","og_description":"FOR IMMEDIATE RELEASESeptember 7, 2023 Sacramento \u2013 The California Department of Motor Vehicles announces that Californians under 18 years old who need a driver\u2019s license, and individuals moving to California from out of state who need to take a driver\u2019s license knowledge test are now eligible to complete the requirement at home before visiting a [&hellip;]","og_url":"https:\/\/www.dmv.ca.gov\/portal\/es\/news-and-media\/dmv-expands-eligibility-for-at-home-testing\/","og_site_name":"California DMV","article_publisher":"https:\/\/www.facebook.com\/CADMV","article_modified_time":"2023-09-07T17:53:16+00:00","og_image":[{"width":1920,"height":1080,"url":"https:\/\/www.dmv.ca.gov\/portal\/uploads\/2022\/06\/DMV_Logo.png","type":"image\/png"}],"twitter_card":"summary_large_image","twitter_site":"@ca_dmv","twitter_misc":{"Est. reading time":"2 minutes"},"schema":{"@context":"https:\/\/schema.org","@graph":[{"@type":"WebPage","@id":"https:\/\/www.dmv.ca.gov\/portal\/news-and-media\/dmv-expands-eligibility-for-at-home-testing\/","url":"https:\/\/www.dmv.ca.gov\/portal\/news-and-media\/dmv-expands-eligibility-for-at-home-testing\/","name":"DMV Expands Eligibility for At-Home Testing - California DMV","isPartOf":{"@id":"https:\/\/www.dmv.ca.gov\/portal\/#website"},"datePublished":"2023-09-07T17:44:30+00:00","dateModified":"2023-09-07T17:53:16+00:00","breadcrumb":{"@id":"https:\/\/www.dmv.ca.gov\/portal\/news-and-media\/dmv-expands-eligibility-for-at-home-testing\/#breadcrumb"},"inLanguage":"es-MX","potentialAction":[{"@type":"ReadAction","target":["https:\/\/www.dmv.ca.gov\/portal\/news-and-media\/dmv-expands-eligibility-for-at-home-testing\/"]}]},{"@type":"BreadcrumbList","@id":"https:\/\/www.dmv.ca.gov\/portal\/news-and-media\/dmv-expands-eligibility-for-at-home-testing\/#breadcrumb","itemListElement":[{"@type":"ListItem","position":1,"name":"News And Media","item":"https:\/\/www.dmv.ca.gov\/portal\/news-and-media\/"},{"@type":"ListItem","position":2,"name":"DMV Expands Eligibility for At-Home Testing"}]},{"@type":"WebSite","@id":"https:\/\/www.dmv.ca.gov\/portal\/#website","url":"https:\/\/www.dmv.ca.gov\/portal\/","name":"California DMV","description":"","publisher":{"@id":"https:\/\/www.dmv.ca.gov\/portal\/#organization"},"potentialAction":[{"@type":"SearchAction","target":{"@type":"EntryPoint","urlTemplate":"https:\/\/www.dmv.ca.gov\/portal\/?s={search_term_string}"},"query-input":{"@type":"PropertyValueSpecification","valueRequired":true,"valueName":"search_term_string"}}],"inLanguage":"es-MX"},{"@type":"Organization","@id":"https:\/\/www.dmv.ca.gov\/portal\/#organization","name":"State of California Department of Motor Vehicles","url":"https:\/\/www.dmv.ca.gov\/portal\/","logo":{"@type":"ImageObject","inLanguage":"es-MX","@id":"https:\/\/www.dmv.ca.gov\/portal\/#\/schema\/logo\/image\/","url":"https:\/\/www.dmv.ca.gov\/portal\/uploads\/2022\/06\/DMV_Logo.png","contentUrl":"https:\/\/www.dmv.ca.gov\/portal\/uploads\/2022\/06\/DMV_Logo.png","width":1920,"height":1080,"caption":"State of California Department of Motor Vehicles"},"image":{"@id":"https:\/\/www.dmv.ca.gov\/portal\/#\/schema\/logo\/image\/"},"sameAs":["https:\/\/www.facebook.com\/CADMV","https:\/\/x.com\/ca_dmv","https:\/\/www.instagram.com\/ca_dmv\/","https:\/\/www.linkedin.com\/company\/ca-department-of-motor-vehicles\/","https:\/\/www.youtube.com\/user\/CaliforniaDMV"]}]}},"_links":{"self":[{"href":"https:\/\/www.dmv.ca.gov\/portal\/es\/wp-json\/wp\/v2\/pages\/208739","targetHints":{"allow":["GET"]}}],"collection":[{"href":"https:\/\/www.dmv.ca.gov\/portal\/es\/wp-json\/wp\/v2\/pages"}],"about":[{"href":"https:\/\/www.dmv.ca.gov\/portal\/es\/wp-json\/wp\/v2\/types\/page"}],"author":[{"embeddable":true,"href":"https:\/\/www.dmv.ca.gov\/portal\/es\/wp-json\/wp\/v2\/users\/2527"}],"replies":[{"embeddable":true,"href":"https:\/\/www.dmv.ca.gov\/portal\/es\/wp-json\/wp\/v2\/comments?post=208739"}],"version-history":[{"count":2,"href":"https:\/\/www.dmv.ca.gov\/portal\/es\/wp-json\/wp\/v2\/pages\/208739\/revisions"}],"predecessor-version":[{"id":208745,"href":"https:\/\/www.dmv.ca.gov\/portal\/es\/wp-json\/wp\/v2\/pages\/208739\/revisions\/208745"}],"up":[{"embeddable":true,"href":"https:\/\/www.dmv.ca.gov\/portal\/es\/wp-json\/wp\/v2\/pages\/1542"}],"wp:attachment":[{"href":"https:\/\/www.dmv.ca.gov\/portal\/es\/wp-json\/wp\/v2\/media?parent=208739"}],"wp:term":[{"taxonomy":"category","embeddable":true,"href":"https:\/\/www.dmv.ca.gov\/portal\/es\/wp-json\/wp\/v2\/categories?post=208739"},{"taxonomy":"post_tag","embeddable":true,"href":"https:\/\/www.dmv.ca.gov\/portal\/es\/wp-json\/wp\/v2\/tags?post=208739"},{"taxonomy":"dmv_task","embeddable":true,"href":"https:\/\/www.dmv.ca.gov\/portal\/es\/wp-json\/wp\/v2\/dmv_task?post=208739"},{"taxonomy":"dmv_functional_page_type","embeddable":true,"href":"https:\/\/www.dmv.ca.gov\/portal\/es\/wp-json\/wp\/v2\/dmv_functional_page_type?post=208739"},{"taxonomy":"dmv_content_type","embeddable":true,"href":"https:\/\/www.dmv.ca.gov\/portal\/es\/wp-json\/wp\/v2\/dmv_content_type?post=208739"}],"curies":[{"name":"wp","href":"https:\/\/api.w.org\/{rel}","templated":true}]}}