{"id":210035,"date":"2023-09-19T10:27:33","date_gmt":"2023-09-19T17:27:33","guid":{"rendered":"https:\/\/www.dmv.ca.gov\/portal\/?page_id=210035"},"modified":"2023-09-19T10:27:39","modified_gmt":"2023-09-19T17:27:39","slug":"dmv-to-close-san-jose-drivers-license-processing-center","status":"publish","type":"page","link":"https:\/\/www.dmv.ca.gov\/portal\/es\/news-and-media\/dmv-to-close-san-jose-drivers-license-processing-center\/","title":{"rendered":"El DMV Cerrar\u00e1 el Centro de Procesamiento de Licencias de Conducir de San Jos\u00e9"},"content":{"rendered":"<p>Contact: &nbsp;Office of Public Affairs<br>2415 First Avenue<br>Sacramento, CA 95818<br>(916) 657\u20136437 |&nbsp;<a href=\"mailto:dmvpublicaffairs@dmv.ca.gov\">dmvpublicaffairs@dmv.ca.gov<\/a><\/p>\n\n\n\n<p><strong>PARA PUBLICACI\u00d3N INMEDIATA<br>19 de septiembre de 2023<\/strong><\/p>\n\n\n\n<p><strong>Sacramento<\/strong> \u2013 Con m\u00e1s servicios en l\u00ednea, transacciones de oficina simplificadas, un presupuesto estatal m\u00e1s ajustado y una l\u00ednea de tiempo extendida hasta la fecha de aplicaci\u00f3n federal de REAL ID, el Departamento de Veh\u00edculos Motorizados (DMV) de California est\u00e1 cerrando el Centro de Procesamiento de Licencias de Conducir (DLPC) en San Jos\u00e9, ubicado en 2222 Senter Road. El centro cerrar\u00e1 a las 5 p.m. el viernes 29 de septiembre.<\/p>\n\n\n\n<p>A diferencia de la mayor\u00eda de las oficinas de campo que manejan todo tipo de transacciones del DMV, las oficinas DLPC solo procesan transacciones de licencias de conducir y tarjetas de identificaci\u00f3n, con un enfoque en servir a los californianos que solicitan una REAL ID. Desde que el DMV comenz\u00f3 a emitir la REAL ID en el 2018, m\u00e1s de 16 millones de californianos obtuvieron una REAL ID. Con la extensi\u00f3n de la fecha de cumplimiento de REAL ID por dos a\u00f1os m\u00e1s decidida por el Departamento de Seguridad Nacional de EE. UU., casi todos los californianos elegibles habr\u00e1n tenido la oportunidad de convertirse a REAL ID en su ciclo normal de renovaci\u00f3n, generalmente cada cinco a\u00f1os para las licencias de conducir.<\/p>\n\n\n\n<p>La fecha de cumplimiento federal que requiere una REAL ID u otro <a href=\"https:\/\/www.tsa.gov\/travel\/security-screening\/identification\"><a href=\"https:\/\/www.tsa.gov\/travel\/security-screening\/identification\" target=\"_self\"> otro documento aprobado por el gobierno federal<\/a><\/a> para abordar vuelos dentro de los Estados Unidos y acceder a instalaciones federales seguras es el 7 de mayo de 2025.<\/p>\n\n\n\n<p>Los miembros del equipo del DLPC en San Jos\u00e9 ser\u00e1n reasignados a ubicaciones cercanas del DMV que puedan acomodar un aumento de clientes:<\/p>\n\n\n\n<ul class=\"wp-block-list\">\n<li>San Jose, 111 W. Alma Ave, 2 miles<\/li>\n\n\n\n<li>Santa Teresa, 180 Martinvale Lane, 9 miles<\/li>\n\n\n\n<li>Santa Clara, 3665 Flora Vista Ave, 11 miles<\/li>\n\n\n\n<li>Los Gatos, 600 N. Santa Cruz Ave, 14 miles<\/li>\n\n\n\n<li>Fremont, 4287 Central Ave, 23 miles<\/li>\n<\/ul>\n\n\n\n<p>El personal adicional ayudar\u00e1 a atender a los clientes que normalmente habr\u00edan visitado el DLPC de San Jose, lo que ayudar\u00e1 a reducir los tiempos de espera y mantener la disponibilidad de citas en estas oficinas.<\/p>\n\n\n\n<p><strong>Prueba los Servicios en L\u00ednea Primero<\/strong><\/p>\n\n\n\n<p>El DMV ha continuado sus esfuerzos durante los \u00faltimos a\u00f1os para ofrecer alternativas convenientes a visitar una oficina del DMV, as\u00ed como acelerar las transacciones de la oficina, lo que, junto con el personal redirigido, ayuda a mitigar el impacto de los cierres de las oficinas DLPC. En los \u00faltimos cinco a\u00f1os, el DMV duplic\u00f3 la cantidad de servicios disponibles en l\u00ednea (de 20 en el 2018 a 40 en la actualidad), redujo los tiempos de transacci\u00f3n en la oficina en dos tercios, elimin\u00f3 obst\u00e1culos para que el personal pueda procesar transacciones m\u00e1s r\u00e1pidamente y empoder\u00f3 a los clientes. con las herramientas que necesitan para que puedan estar preparados cuando visiten una oficina.<\/p>\n\n\n\n<p>La mayor\u00eda de los tr\u00e1mites del DMV no requieren visitar una oficina. El DMV anima a los clientes a utilizar los <a href=\"\/portal\/es\/dmv-online\/\"><a href=\"https:\/\/www.dmv.ca.gov\/portal\/es\/dmv-online\/\">servicios en l\u00ednea<\/a><\/a> y otros canales de servicio para completar transacciones que incluyen renovaciones elegibles de licencias de conducir y registros de veh\u00edculos. Los clientes tambi\u00e9n pueden usar el <a href=\"\/portal\/es\/?s=\"><a href=\"https:\/\/www.dmv.ca.gov\/portal\/es\/?s=\">Asesor de Servicios<\/a><\/a> en el <a href=\"\/portal\/es\/\"><a href=\"https:\/\/www.dmv.ca.gov\/portal\/es\/dmv-online\/\"> sitio web del DMV<\/a><\/a> para conocer sus opciones para completar las tareas del DMV.<\/p>\n\n\n\n<p class=\"translation-block\">Para inscribirse para recibir avisos de renovaci\u00f3n de la licencia de conducir y el registro de veh\u00edculos digitales, los clientes deben iniciar una sesi\u00f3n o crear una cuenta segura en l\u00ednea en <a href=\"https:\/\/www.dmv.ca.gov\/portal\/es\/\" target=\"_self\">dmv.ca.gov<\/a>, y luego registrarse.<\/p>\n\n\n\n<p class=\"has-text-align-center\">###<\/p>\n\n\n\n<p class=\"has-text-align-center\">Reg\u00edstrate para recibir alertas de noticias del DMV: <a rel=\"noreferrer noopener\" href=\"https:\/\/www.dmv.ca.gov\/portal\/es\/dmv-news-alerts\/\" target=\"_blank\">DMV NEWS ALERTS - California DMV<\/a><\/p>","protected":false},"excerpt":{"rendered":"<p>Contact: &nbsp;Office of Public Affairs2415 First AvenueSacramento, CA 95818(916) 657\u20136437 |&nbsp;dmvpublicaffairs@dmv.ca.gov FOR IMMEDIATE RELEASESeptember 19, 2023 Sacramento \u2013 With more services moving online, streamlined office transactions, a tighter state budget and an extended timeline until the federal REAL ID enforcement date, the California Department of Motor Vehicles (DMV) is closing the Driver\u2019s License Processing Center [&hellip;]<\/p>\n","protected":false},"author":2527,"featured_media":0,"parent":1542,"menu_order":0,"comment_status":"closed","ping_status":"closed","template":"","meta":{"ep_exclude_from_search":false,"dmv_page_popups":[],"dmv_ribbon_color":"","dmv_top_illustration":"","dmv_page_title":"","dmv_page_subtitle":"","dmv_exclude_from_search_results":false,"dmv_allowed_editors":[],"dmv_display_translate_button":true,"footnotes":""},"categories":[],"tags":[],"dmv_task":[10],"dmv_functional_page_type":[3],"dmv_content_type":[],"class_list":["post-210035","page","type-page","status-publish","hentry","dmv_task-licensing","dmv_functional_page_type-press-release"],"featured_image_src":null,"yoast_head":"<!-- This site is optimized with the Yoast SEO plugin v27.3 - https:\/\/yoast.com\/product\/yoast-seo-wordpress\/ -->\n<title>DMV to Close San Jose Driver&#039;s License Processing Center - California DMV<\/title>\n<meta name=\"robots\" content=\"index, follow, max-snippet:-1, max-image-preview:large, max-video-preview:-1\" \/>\n<link rel=\"canonical\" href=\"https:\/\/www.dmv.ca.gov\/portal\/es\/news-and-media\/dmv-to-close-san-jose-drivers-license-processing-center\/\" \/>\n<meta property=\"og:locale\" content=\"es_MX\" \/>\n<meta property=\"og:type\" content=\"article\" \/>\n<meta property=\"og:title\" content=\"DMV to Close San Jose Driver&#039;s License Processing Center - California DMV\" \/>\n<meta property=\"og:description\" content=\"Contact: &nbsp;Office of Public Affairs2415 First AvenueSacramento, CA 95818(916) 657\u20136437 |&nbsp;dmvpublicaffairs@dmv.ca.gov FOR IMMEDIATE RELEASESeptember 19, 2023 Sacramento \u2013 With more services moving online, streamlined office transactions, a tighter state budget and an extended timeline until the federal REAL ID enforcement date, the California Department of Motor Vehicles (DMV) is closing the Driver\u2019s License Processing Center [&hellip;]\" \/>\n<meta property=\"og:url\" content=\"https:\/\/www.dmv.ca.gov\/portal\/es\/news-and-media\/dmv-to-close-san-jose-drivers-license-processing-center\/\" \/>\n<meta property=\"og:site_name\" content=\"California DMV\" \/>\n<meta property=\"article:publisher\" content=\"https:\/\/www.facebook.com\/CADMV\" \/>\n<meta property=\"article:modified_time\" content=\"2023-09-19T17:27:39+00:00\" \/>\n<meta property=\"og:image\" content=\"https:\/\/www.dmv.ca.gov\/portal\/uploads\/2022\/06\/DMV_Logo.png\" \/>\n\t<meta property=\"og:image:width\" content=\"1920\" \/>\n\t<meta property=\"og:image:height\" content=\"1080\" \/>\n\t<meta property=\"og:image:type\" content=\"image\/png\" \/>\n<meta name=\"twitter:card\" content=\"summary_large_image\" \/>\n<meta name=\"twitter:site\" content=\"@ca_dmv\" \/>\n<meta name=\"twitter:label1\" content=\"Est. reading time\" \/>\n\t<meta name=\"twitter:data1\" content=\"2 minutes\" \/>\n<script type=\"application\/ld+json\" class=\"yoast-schema-graph\">{\"@context\":\"https:\\\/\\\/schema.org\",\"@graph\":[{\"@type\":\"WebPage\",\"@id\":\"https:\\\/\\\/www.dmv.ca.gov\\\/portal\\\/news-and-media\\\/dmv-to-close-san-jose-drivers-license-processing-center\\\/\",\"url\":\"https:\\\/\\\/www.dmv.ca.gov\\\/portal\\\/news-and-media\\\/dmv-to-close-san-jose-drivers-license-processing-center\\\/\",\"name\":\"DMV to Close San Jose Driver's License Processing Center - California DMV\",\"isPartOf\":{\"@id\":\"https:\\\/\\\/www.dmv.ca.gov\\\/portal\\\/#website\"},\"datePublished\":\"2023-09-19T17:27:33+00:00\",\"dateModified\":\"2023-09-19T17:27:39+00:00\",\"breadcrumb\":{\"@id\":\"https:\\\/\\\/www.dmv.ca.gov\\\/portal\\\/news-and-media\\\/dmv-to-close-san-jose-drivers-license-processing-center\\\/#breadcrumb\"},\"inLanguage\":\"es-MX\",\"potentialAction\":[{\"@type\":\"ReadAction\",\"target\":[\"https:\\\/\\\/www.dmv.ca.gov\\\/portal\\\/news-and-media\\\/dmv-to-close-san-jose-drivers-license-processing-center\\\/\"]}]},{\"@type\":\"BreadcrumbList\",\"@id\":\"https:\\\/\\\/www.dmv.ca.gov\\\/portal\\\/news-and-media\\\/dmv-to-close-san-jose-drivers-license-processing-center\\\/#breadcrumb\",\"itemListElement\":[{\"@type\":\"ListItem\",\"position\":1,\"name\":\"News And Media\",\"item\":\"https:\\\/\\\/www.dmv.ca.gov\\\/portal\\\/news-and-media\\\/\"},{\"@type\":\"ListItem\",\"position\":2,\"name\":\"DMV to Close San Jose Driver&#8217;s License Processing Center\"}]},{\"@type\":\"WebSite\",\"@id\":\"https:\\\/\\\/www.dmv.ca.gov\\\/portal\\\/#website\",\"url\":\"https:\\\/\\\/www.dmv.ca.gov\\\/portal\\\/\",\"name\":\"California DMV\",\"description\":\"\",\"publisher\":{\"@id\":\"https:\\\/\\\/www.dmv.ca.gov\\\/portal\\\/#organization\"},\"potentialAction\":[{\"@type\":\"SearchAction\",\"target\":{\"@type\":\"EntryPoint\",\"urlTemplate\":\"https:\\\/\\\/www.dmv.ca.gov\\\/portal\\\/?s={search_term_string}\"},\"query-input\":{\"@type\":\"PropertyValueSpecification\",\"valueRequired\":true,\"valueName\":\"search_term_string\"}}],\"inLanguage\":\"es-MX\"},{\"@type\":\"Organization\",\"@id\":\"https:\\\/\\\/www.dmv.ca.gov\\\/portal\\\/#organization\",\"name\":\"State of California Department of Motor Vehicles\",\"url\":\"https:\\\/\\\/www.dmv.ca.gov\\\/portal\\\/\",\"logo\":{\"@type\":\"ImageObject\",\"inLanguage\":\"es-MX\",\"@id\":\"https:\\\/\\\/www.dmv.ca.gov\\\/portal\\\/#\\\/schema\\\/logo\\\/image\\\/\",\"url\":\"https:\\\/\\\/www.dmv.ca.gov\\\/portal\\\/uploads\\\/2022\\\/06\\\/DMV_Logo.png\",\"contentUrl\":\"https:\\\/\\\/www.dmv.ca.gov\\\/portal\\\/uploads\\\/2022\\\/06\\\/DMV_Logo.png\",\"width\":1920,\"height\":1080,\"caption\":\"State of California Department of Motor Vehicles\"},\"image\":{\"@id\":\"https:\\\/\\\/www.dmv.ca.gov\\\/portal\\\/#\\\/schema\\\/logo\\\/image\\\/\"},\"sameAs\":[\"https:\\\/\\\/www.facebook.com\\\/CADMV\",\"https:\\\/\\\/x.com\\\/ca_dmv\",\"https:\\\/\\\/www.instagram.com\\\/ca_dmv\\\/\",\"https:\\\/\\\/www.linkedin.com\\\/company\\\/ca-department-of-motor-vehicles\\\/\",\"https:\\\/\\\/www.youtube.com\\\/user\\\/CaliforniaDMV\"]}]}<\/script>\n<!-- \/ Yoast SEO plugin. -->","yoast_head_json":{"title":"DMV to Close San Jose Driver's License Processing Center - California DMV","robots":{"index":"index","follow":"follow","max-snippet":"max-snippet:-1","max-image-preview":"max-image-preview:large","max-video-preview":"max-video-preview:-1"},"canonical":"https:\/\/www.dmv.ca.gov\/portal\/es\/news-and-media\/dmv-to-close-san-jose-drivers-license-processing-center\/","og_locale":"es_MX","og_type":"article","og_title":"DMV to Close San Jose Driver's License Processing Center - California DMV","og_description":"Contact: &nbsp;Office of Public Affairs2415 First AvenueSacramento, CA 95818(916) 657\u20136437 |&nbsp;dmvpublicaffairs@dmv.ca.gov FOR IMMEDIATE RELEASESeptember 19, 2023 Sacramento \u2013 With more services moving online, streamlined office transactions, a tighter state budget and an extended timeline until the federal REAL ID enforcement date, the California Department of Motor Vehicles (DMV) is closing the Driver\u2019s License Processing Center [&hellip;]","og_url":"https:\/\/www.dmv.ca.gov\/portal\/es\/news-and-media\/dmv-to-close-san-jose-drivers-license-processing-center\/","og_site_name":"California DMV","article_publisher":"https:\/\/www.facebook.com\/CADMV","article_modified_time":"2023-09-19T17:27:39+00:00","og_image":[{"width":1920,"height":1080,"url":"https:\/\/www.dmv.ca.gov\/portal\/uploads\/2022\/06\/DMV_Logo.png","type":"image\/png"}],"twitter_card":"summary_large_image","twitter_site":"@ca_dmv","twitter_misc":{"Est. reading time":"2 minutes"},"schema":{"@context":"https:\/\/schema.org","@graph":[{"@type":"WebPage","@id":"https:\/\/www.dmv.ca.gov\/portal\/news-and-media\/dmv-to-close-san-jose-drivers-license-processing-center\/","url":"https:\/\/www.dmv.ca.gov\/portal\/news-and-media\/dmv-to-close-san-jose-drivers-license-processing-center\/","name":"DMV to Close San Jose Driver's License Processing Center - California DMV","isPartOf":{"@id":"https:\/\/www.dmv.ca.gov\/portal\/#website"},"datePublished":"2023-09-19T17:27:33+00:00","dateModified":"2023-09-19T17:27:39+00:00","breadcrumb":{"@id":"https:\/\/www.dmv.ca.gov\/portal\/news-and-media\/dmv-to-close-san-jose-drivers-license-processing-center\/#breadcrumb"},"inLanguage":"es-MX","potentialAction":[{"@type":"ReadAction","target":["https:\/\/www.dmv.ca.gov\/portal\/news-and-media\/dmv-to-close-san-jose-drivers-license-processing-center\/"]}]},{"@type":"BreadcrumbList","@id":"https:\/\/www.dmv.ca.gov\/portal\/news-and-media\/dmv-to-close-san-jose-drivers-license-processing-center\/#breadcrumb","itemListElement":[{"@type":"ListItem","position":1,"name":"News And Media","item":"https:\/\/www.dmv.ca.gov\/portal\/news-and-media\/"},{"@type":"ListItem","position":2,"name":"DMV to Close San Jose Driver&#8217;s License Processing Center"}]},{"@type":"WebSite","@id":"https:\/\/www.dmv.ca.gov\/portal\/#website","url":"https:\/\/www.dmv.ca.gov\/portal\/","name":"California DMV","description":"","publisher":{"@id":"https:\/\/www.dmv.ca.gov\/portal\/#organization"},"potentialAction":[{"@type":"SearchAction","target":{"@type":"EntryPoint","urlTemplate":"https:\/\/www.dmv.ca.gov\/portal\/?s={search_term_string}"},"query-input":{"@type":"PropertyValueSpecification","valueRequired":true,"valueName":"search_term_string"}}],"inLanguage":"es-MX"},{"@type":"Organization","@id":"https:\/\/www.dmv.ca.gov\/portal\/#organization","name":"State of California Department of Motor Vehicles","url":"https:\/\/www.dmv.ca.gov\/portal\/","logo":{"@type":"ImageObject","inLanguage":"es-MX","@id":"https:\/\/www.dmv.ca.gov\/portal\/#\/schema\/logo\/image\/","url":"https:\/\/www.dmv.ca.gov\/portal\/uploads\/2022\/06\/DMV_Logo.png","contentUrl":"https:\/\/www.dmv.ca.gov\/portal\/uploads\/2022\/06\/DMV_Logo.png","width":1920,"height":1080,"caption":"State of California Department of Motor Vehicles"},"image":{"@id":"https:\/\/www.dmv.ca.gov\/portal\/#\/schema\/logo\/image\/"},"sameAs":["https:\/\/www.facebook.com\/CADMV","https:\/\/x.com\/ca_dmv","https:\/\/www.instagram.com\/ca_dmv\/","https:\/\/www.linkedin.com\/company\/ca-department-of-motor-vehicles\/","https:\/\/www.youtube.com\/user\/CaliforniaDMV"]}]}},"_links":{"self":[{"href":"https:\/\/www.dmv.ca.gov\/portal\/es\/wp-json\/wp\/v2\/pages\/210035","targetHints":{"allow":["GET"]}}],"collection":[{"href":"https:\/\/www.dmv.ca.gov\/portal\/es\/wp-json\/wp\/v2\/pages"}],"about":[{"href":"https:\/\/www.dmv.ca.gov\/portal\/es\/wp-json\/wp\/v2\/types\/page"}],"author":[{"embeddable":true,"href":"https:\/\/www.dmv.ca.gov\/portal\/es\/wp-json\/wp\/v2\/users\/2527"}],"replies":[{"embeddable":true,"href":"https:\/\/www.dmv.ca.gov\/portal\/es\/wp-json\/wp\/v2\/comments?post=210035"}],"version-history":[{"count":3,"href":"https:\/\/www.dmv.ca.gov\/portal\/es\/wp-json\/wp\/v2\/pages\/210035\/revisions"}],"predecessor-version":[{"id":210044,"href":"https:\/\/www.dmv.ca.gov\/portal\/es\/wp-json\/wp\/v2\/pages\/210035\/revisions\/210044"}],"up":[{"embeddable":true,"href":"https:\/\/www.dmv.ca.gov\/portal\/es\/wp-json\/wp\/v2\/pages\/1542"}],"wp:attachment":[{"href":"https:\/\/www.dmv.ca.gov\/portal\/es\/wp-json\/wp\/v2\/media?parent=210035"}],"wp:term":[{"taxonomy":"category","embeddable":true,"href":"https:\/\/www.dmv.ca.gov\/portal\/es\/wp-json\/wp\/v2\/categories?post=210035"},{"taxonomy":"post_tag","embeddable":true,"href":"https:\/\/www.dmv.ca.gov\/portal\/es\/wp-json\/wp\/v2\/tags?post=210035"},{"taxonomy":"dmv_task","embeddable":true,"href":"https:\/\/www.dmv.ca.gov\/portal\/es\/wp-json\/wp\/v2\/dmv_task?post=210035"},{"taxonomy":"dmv_functional_page_type","embeddable":true,"href":"https:\/\/www.dmv.ca.gov\/portal\/es\/wp-json\/wp\/v2\/dmv_functional_page_type?post=210035"},{"taxonomy":"dmv_content_type","embeddable":true,"href":"https:\/\/www.dmv.ca.gov\/portal\/es\/wp-json\/wp\/v2\/dmv_content_type?post=210035"}],"curies":[{"name":"wp","href":"https:\/\/api.w.org\/{rel}","templated":true}]}}