{"id":221747,"date":"2024-01-04T09:29:34","date_gmt":"2024-01-04T17:29:34","guid":{"rendered":""},"modified":"2024-02-06T11:16:27","modified_gmt":"2024-02-06T19:16:27","slug":"start-2024-on-the-right-foot-get-your-real-id-today","status":"publish","type":"page","link":"https:\/\/www.dmv.ca.gov\/portal\/es\/news-and-media\/start-2024-on-the-right-foot-get-your-real-id-today\/","title":{"rendered":"Start 2024 on the Right Foot \u2013 Get Your REAL ID Today"},"content":{"rendered":"<p class=\"has-text-align-left\">Contact: \u00a0Office of Public Affairs<br>2415 First Avenue<br>Sacramento, CA 95818<br>(916) 657\u20136437 |\u00a0<a href=\"mailto:dmvpublicaffairs@dmv.ca.gov\">dmvpublicaffairs@dmv.ca.gov<\/a><\/p>\n\n\n\n<p><strong>PARA PUBLICACI\u00d3N INMEDIATA<br><strong>January 4, 2024<\/strong><\/strong><\/p>\n\n\n\n<p><strong>Sacramento<\/strong> \u2013 Nearly 16.9 million Californians now have a REAL ID \u2013 an increase of 121,501 from the previous month \u2013 according to California Department of Motor Vehicles (DMV) data.<\/p>\n\n\n\n<blockquote class=\"wp-block-quote is-layout-flow wp-block-quote-is-layout-flow\">\n<p>\u201cResolving to get your REAL ID is one of the easiest goals you can set for 2024,\u201d said DMV Director Steve Gordon. \u201cLosing weight and saving for retirement takes time. You can get a REAL ID in a matter of minutes.\u201d<\/p>\n<\/blockquote>\n\n\n\n<p>Para obtener un REAL ID, los Californianos pueden visitar\u00a0<a href=\"\/portal\/es\/driver-licenses-identification-cards\/real-id\/\">REALID.dmv.ca.gov<\/a>, fill out the online application and upload their documents. Customers must visit a DMV office and bring their uploaded documents to complete the application. By starting online, it should only take about 15 minutes in the office. Customers need to provide:<\/p>\n\n\n\n<ul class=\"wp-block-list\">\n<li>Prueba de identidad*: un documento original o certificado (ejemplo: pasaporte v\u00e1lido, certificado de nacimiento) *Documento(s) de cambio de nombre legal si el nombre en la prueba de identidad es diferente del nombre en los otros documentos (ejemplo: certificado de matrimonio, adopci\u00f3n documentos)<\/li>\n\n\n\n<li>Comprobantes de residencia en California: dos documentos, copias en papel (ejemplo: factura de servicios p\u00fablicos, extracto bancario)<\/li>\n\n\n\n<li>N\u00famero de Seguro Social (pueden aplicarse excepciones)<\/li>\n<\/ul>\n\n\n\n<p class=\"translation-block\">Visite <a href=\"https:\/\/www.dmv.ca.gov\/portal\/es\/driver-licenses-identification-cards\/real-id\/how-do-i-get-a-real-id\/real-id-checklist\/\" target=\"_self\">REALID.dmv.ca.gov<\/a> para obtener una lista completa de los documentos aceptables y un enlace a la solicitud en l\u00ednea.<\/p>\n\n\n\n<p>There is no need to wait for the federal enforcement date of May 7, 2025, that requires a REAL ID or other <a href=\"https:\/\/www.tsa.gov\/travel\/security-screening\/identification\"><a href=\"https:\/\/www.tsa.gov\/travel\/security-screening\/identification\" target=\"_self\"> otro documento aprobado por el gobierno federal<\/a><\/a> to board flights within the United States and access secure federal facilities. Doing it now means more time doing the things you want to do.<\/p>\n\n\n\n<p><strong>Informaci\u00f3n hist\u00f3rica de REAL ID:<\/strong><\/p>\n\n\n\n<ul class=\"wp-block-list\">\n<li>Total REAL ID cardholders as of January 1, 2024: 16,870,178<\/li>\n\n\n\n<li>Total REAL ID cardholders as January 1, 2023: 14,937,510<\/li>\n<\/ul>\n\n\n\n<p><strong>Online Services<\/strong>&nbsp;&nbsp;&nbsp;&nbsp;&nbsp;&nbsp;&nbsp;&nbsp;<\/p>\n\n\n\n<p class=\"translation-block\">El DMV ha tomado muchas medidas para ofrecer m\u00e1s servicios digitales. La mayor\u00eda de las transacciones del DMV no requieren visitar una oficina. El DMV les recomienda a los clientes usar sus servicios <a href=\"https:\/\/www.dmv.ca.gov\/portal\/es\/dmv-online\/\" target=\"_self\">en l\u00ednea<\/a> y otros canales de servicio para completar transacciones, incluidas las renovaciones elegibles de licencias de conducir y registros de veh\u00edculos. Los clientes tambi\u00e9n pueden usar el <a href=\"https:\/\/www.dmv.ca.gov\/portal\/es\/make-an-appointment\/service-advisor\/\" target=\"_self\">Asesor de Servicio<\/a> en el sitio web del DMV para conocer sus opciones para completar transacciones del DMV.<\/p>\n\n\n\n<p class=\"translation-block\">Para recibir notificaciones el\u00e9ctronicas sobre renovaciones de registro de veh\u00edculos y licencias de manejo, los clientes pueden optar por este servicio al crear una cuenta segura en l\u00ednea y registr\u00e1ndose en <a href=\"https:\/\/www.dmv.ca.gov\/portal\/es\/dmv-online\/\" target=\"_self\">dmv.ca.gov<\/a> y luego inscribirse.<\/p>\n\n\n\n<p class=\"has-text-align-center\">###<\/p>\n\n\n\n<p class=\"has-text-align-center\">Reg\u00edstrate para recibir alertas de noticias del DMV: <a href=\"\/portal\/es\/dmv-news-alerts\/\" target=\"_blank\" rel=\"noreferrer noopener\">DMV NEWS ALERTS - California DMV<\/a><\/p>","protected":false},"excerpt":{"rendered":"<p>FOR IMMEDIATE RELEASEJanuary 4, 2024 Sacramento \u2013 Nearly 16.9 million Californians now have a REAL ID \u2013 an increase of 121,501 from the previous month \u2013 according to California Department of Motor Vehicles (DMV) data. \u201cResolving to get your REAL ID is one of the easiest goals you can set for 2024,\u201d said DMV Director [&hellip;]<\/p>\n","protected":false},"author":2582,"featured_media":0,"parent":1542,"menu_order":0,"comment_status":"closed","ping_status":"closed","template":"","meta":{"ep_exclude_from_search":false,"dmv_page_popups":[],"dmv_ribbon_color":"","dmv_top_illustration":"","dmv_page_title":"","dmv_page_subtitle":"","dmv_exclude_from_search_results":false,"dmv_allowed_editors":[],"dmv_display_translate_button":false,"footnotes":""},"categories":[1627],"tags":[1951],"dmv_task":[10],"dmv_functional_page_type":[3],"dmv_content_type":[],"class_list":["post-221747","page","type-page","status-publish","hentry","category-news-media","tag-real-id","dmv_task-licensing","dmv_functional_page_type-press-release"],"featured_image_src":null,"yoast_head":"<!-- This site is optimized with the Yoast SEO plugin v27.3 - https:\/\/yoast.com\/product\/yoast-seo-wordpress\/ -->\n<title>Start 2024 on the Right Foot \u2013 Get Your REAL ID Today - California DMV<\/title>\n<meta name=\"robots\" content=\"index, follow, max-snippet:-1, max-image-preview:large, max-video-preview:-1\" \/>\n<link rel=\"canonical\" href=\"https:\/\/www.dmv.ca.gov\/portal\/es\/news-and-media\/start-2024-on-the-right-foot-get-your-real-id-today\/\" \/>\n<meta property=\"og:locale\" content=\"es_MX\" \/>\n<meta property=\"og:type\" content=\"article\" \/>\n<meta property=\"og:title\" content=\"Start 2024 on the Right Foot \u2013 Get Your REAL ID Today - California DMV\" \/>\n<meta property=\"og:description\" content=\"FOR IMMEDIATE RELEASEJanuary 4, 2024 Sacramento \u2013 Nearly 16.9 million Californians now have a REAL ID \u2013 an increase of 121,501 from the previous month \u2013 according to California Department of Motor Vehicles (DMV) data. \u201cResolving to get your REAL ID is one of the easiest goals you can set for 2024,\u201d said DMV Director [&hellip;]\" \/>\n<meta property=\"og:url\" content=\"https:\/\/www.dmv.ca.gov\/portal\/es\/news-and-media\/start-2024-on-the-right-foot-get-your-real-id-today\/\" \/>\n<meta property=\"og:site_name\" content=\"California DMV\" \/>\n<meta property=\"article:publisher\" content=\"https:\/\/www.facebook.com\/CADMV\" \/>\n<meta property=\"article:modified_time\" content=\"2024-02-06T19:16:27+00:00\" \/>\n<meta property=\"og:image\" content=\"https:\/\/www.dmv.ca.gov\/portal\/uploads\/2022\/06\/DMV_Logo.png\" \/>\n\t<meta property=\"og:image:width\" content=\"1920\" \/>\n\t<meta property=\"og:image:height\" content=\"1080\" \/>\n\t<meta property=\"og:image:type\" content=\"image\/png\" \/>\n<meta name=\"twitter:card\" content=\"summary_large_image\" \/>\n<meta name=\"twitter:site\" content=\"@ca_dmv\" \/>\n<meta name=\"twitter:label1\" content=\"Est. reading time\" \/>\n\t<meta name=\"twitter:data1\" content=\"2 minutes\" \/>\n<script type=\"application\/ld+json\" class=\"yoast-schema-graph\">{\"@context\":\"https:\\\/\\\/schema.org\",\"@graph\":[{\"@type\":\"WebPage\",\"@id\":\"https:\\\/\\\/www.dmv.ca.gov\\\/portal\\\/news-and-media\\\/start-2024-on-the-right-foot-get-your-real-id-today\\\/\",\"url\":\"https:\\\/\\\/www.dmv.ca.gov\\\/portal\\\/news-and-media\\\/start-2024-on-the-right-foot-get-your-real-id-today\\\/\",\"name\":\"Start 2024 on the Right Foot \u2013 Get Your REAL ID Today - California DMV\",\"isPartOf\":{\"@id\":\"https:\\\/\\\/www.dmv.ca.gov\\\/portal\\\/#website\"},\"datePublished\":\"2024-01-04T17:29:34+00:00\",\"dateModified\":\"2024-02-06T19:16:27+00:00\",\"breadcrumb\":{\"@id\":\"https:\\\/\\\/www.dmv.ca.gov\\\/portal\\\/news-and-media\\\/start-2024-on-the-right-foot-get-your-real-id-today\\\/#breadcrumb\"},\"inLanguage\":\"es-MX\",\"potentialAction\":[{\"@type\":\"ReadAction\",\"target\":[\"https:\\\/\\\/www.dmv.ca.gov\\\/portal\\\/news-and-media\\\/start-2024-on-the-right-foot-get-your-real-id-today\\\/\"]}]},{\"@type\":\"BreadcrumbList\",\"@id\":\"https:\\\/\\\/www.dmv.ca.gov\\\/portal\\\/news-and-media\\\/start-2024-on-the-right-foot-get-your-real-id-today\\\/#breadcrumb\",\"itemListElement\":[{\"@type\":\"ListItem\",\"position\":1,\"name\":\"News And Media\",\"item\":\"https:\\\/\\\/www.dmv.ca.gov\\\/portal\\\/news-and-media\\\/\"},{\"@type\":\"ListItem\",\"position\":2,\"name\":\"Start 2024 on the Right Foot \u2013 Get Your REAL ID Today\"}]},{\"@type\":\"WebSite\",\"@id\":\"https:\\\/\\\/www.dmv.ca.gov\\\/portal\\\/#website\",\"url\":\"https:\\\/\\\/www.dmv.ca.gov\\\/portal\\\/\",\"name\":\"California DMV\",\"description\":\"\",\"publisher\":{\"@id\":\"https:\\\/\\\/www.dmv.ca.gov\\\/portal\\\/#organization\"},\"potentialAction\":[{\"@type\":\"SearchAction\",\"target\":{\"@type\":\"EntryPoint\",\"urlTemplate\":\"https:\\\/\\\/www.dmv.ca.gov\\\/portal\\\/?s={search_term_string}\"},\"query-input\":{\"@type\":\"PropertyValueSpecification\",\"valueRequired\":true,\"valueName\":\"search_term_string\"}}],\"inLanguage\":\"es-MX\"},{\"@type\":\"Organization\",\"@id\":\"https:\\\/\\\/www.dmv.ca.gov\\\/portal\\\/#organization\",\"name\":\"State of California Department of Motor Vehicles\",\"url\":\"https:\\\/\\\/www.dmv.ca.gov\\\/portal\\\/\",\"logo\":{\"@type\":\"ImageObject\",\"inLanguage\":\"es-MX\",\"@id\":\"https:\\\/\\\/www.dmv.ca.gov\\\/portal\\\/#\\\/schema\\\/logo\\\/image\\\/\",\"url\":\"https:\\\/\\\/www.dmv.ca.gov\\\/portal\\\/uploads\\\/2022\\\/06\\\/DMV_Logo.png\",\"contentUrl\":\"https:\\\/\\\/www.dmv.ca.gov\\\/portal\\\/uploads\\\/2022\\\/06\\\/DMV_Logo.png\",\"width\":1920,\"height\":1080,\"caption\":\"State of California Department of Motor Vehicles\"},\"image\":{\"@id\":\"https:\\\/\\\/www.dmv.ca.gov\\\/portal\\\/#\\\/schema\\\/logo\\\/image\\\/\"},\"sameAs\":[\"https:\\\/\\\/www.facebook.com\\\/CADMV\",\"https:\\\/\\\/x.com\\\/ca_dmv\",\"https:\\\/\\\/www.instagram.com\\\/ca_dmv\\\/\",\"https:\\\/\\\/www.linkedin.com\\\/company\\\/ca-department-of-motor-vehicles\\\/\",\"https:\\\/\\\/www.youtube.com\\\/user\\\/CaliforniaDMV\"]}]}<\/script>\n<!-- \/ Yoast SEO plugin. -->","yoast_head_json":{"title":"Start 2024 on the Right Foot \u2013 Get Your REAL ID Today - California DMV","robots":{"index":"index","follow":"follow","max-snippet":"max-snippet:-1","max-image-preview":"max-image-preview:large","max-video-preview":"max-video-preview:-1"},"canonical":"https:\/\/www.dmv.ca.gov\/portal\/es\/news-and-media\/start-2024-on-the-right-foot-get-your-real-id-today\/","og_locale":"es_MX","og_type":"article","og_title":"Start 2024 on the Right Foot \u2013 Get Your REAL ID Today - California DMV","og_description":"FOR IMMEDIATE RELEASEJanuary 4, 2024 Sacramento \u2013 Nearly 16.9 million Californians now have a REAL ID \u2013 an increase of 121,501 from the previous month \u2013 according to California Department of Motor Vehicles (DMV) data. \u201cResolving to get your REAL ID is one of the easiest goals you can set for 2024,\u201d said DMV Director [&hellip;]","og_url":"https:\/\/www.dmv.ca.gov\/portal\/es\/news-and-media\/start-2024-on-the-right-foot-get-your-real-id-today\/","og_site_name":"California DMV","article_publisher":"https:\/\/www.facebook.com\/CADMV","article_modified_time":"2024-02-06T19:16:27+00:00","og_image":[{"width":1920,"height":1080,"url":"https:\/\/www.dmv.ca.gov\/portal\/uploads\/2022\/06\/DMV_Logo.png","type":"image\/png"}],"twitter_card":"summary_large_image","twitter_site":"@ca_dmv","twitter_misc":{"Est. reading time":"2 minutes"},"schema":{"@context":"https:\/\/schema.org","@graph":[{"@type":"WebPage","@id":"https:\/\/www.dmv.ca.gov\/portal\/news-and-media\/start-2024-on-the-right-foot-get-your-real-id-today\/","url":"https:\/\/www.dmv.ca.gov\/portal\/news-and-media\/start-2024-on-the-right-foot-get-your-real-id-today\/","name":"Start 2024 on the Right Foot \u2013 Get Your REAL ID Today - California DMV","isPartOf":{"@id":"https:\/\/www.dmv.ca.gov\/portal\/#website"},"datePublished":"2024-01-04T17:29:34+00:00","dateModified":"2024-02-06T19:16:27+00:00","breadcrumb":{"@id":"https:\/\/www.dmv.ca.gov\/portal\/news-and-media\/start-2024-on-the-right-foot-get-your-real-id-today\/#breadcrumb"},"inLanguage":"es-MX","potentialAction":[{"@type":"ReadAction","target":["https:\/\/www.dmv.ca.gov\/portal\/news-and-media\/start-2024-on-the-right-foot-get-your-real-id-today\/"]}]},{"@type":"BreadcrumbList","@id":"https:\/\/www.dmv.ca.gov\/portal\/news-and-media\/start-2024-on-the-right-foot-get-your-real-id-today\/#breadcrumb","itemListElement":[{"@type":"ListItem","position":1,"name":"News And Media","item":"https:\/\/www.dmv.ca.gov\/portal\/news-and-media\/"},{"@type":"ListItem","position":2,"name":"Start 2024 on the Right Foot \u2013 Get Your REAL ID Today"}]},{"@type":"WebSite","@id":"https:\/\/www.dmv.ca.gov\/portal\/#website","url":"https:\/\/www.dmv.ca.gov\/portal\/","name":"California DMV","description":"","publisher":{"@id":"https:\/\/www.dmv.ca.gov\/portal\/#organization"},"potentialAction":[{"@type":"SearchAction","target":{"@type":"EntryPoint","urlTemplate":"https:\/\/www.dmv.ca.gov\/portal\/?s={search_term_string}"},"query-input":{"@type":"PropertyValueSpecification","valueRequired":true,"valueName":"search_term_string"}}],"inLanguage":"es-MX"},{"@type":"Organization","@id":"https:\/\/www.dmv.ca.gov\/portal\/#organization","name":"State of California Department of Motor Vehicles","url":"https:\/\/www.dmv.ca.gov\/portal\/","logo":{"@type":"ImageObject","inLanguage":"es-MX","@id":"https:\/\/www.dmv.ca.gov\/portal\/#\/schema\/logo\/image\/","url":"https:\/\/www.dmv.ca.gov\/portal\/uploads\/2022\/06\/DMV_Logo.png","contentUrl":"https:\/\/www.dmv.ca.gov\/portal\/uploads\/2022\/06\/DMV_Logo.png","width":1920,"height":1080,"caption":"State of California Department of Motor Vehicles"},"image":{"@id":"https:\/\/www.dmv.ca.gov\/portal\/#\/schema\/logo\/image\/"},"sameAs":["https:\/\/www.facebook.com\/CADMV","https:\/\/x.com\/ca_dmv","https:\/\/www.instagram.com\/ca_dmv\/","https:\/\/www.linkedin.com\/company\/ca-department-of-motor-vehicles\/","https:\/\/www.youtube.com\/user\/CaliforniaDMV"]}]}},"_links":{"self":[{"href":"https:\/\/www.dmv.ca.gov\/portal\/es\/wp-json\/wp\/v2\/pages\/221747","targetHints":{"allow":["GET"]}}],"collection":[{"href":"https:\/\/www.dmv.ca.gov\/portal\/es\/wp-json\/wp\/v2\/pages"}],"about":[{"href":"https:\/\/www.dmv.ca.gov\/portal\/es\/wp-json\/wp\/v2\/types\/page"}],"author":[{"embeddable":true,"href":"https:\/\/www.dmv.ca.gov\/portal\/es\/wp-json\/wp\/v2\/users\/2582"}],"replies":[{"embeddable":true,"href":"https:\/\/www.dmv.ca.gov\/portal\/es\/wp-json\/wp\/v2\/comments?post=221747"}],"version-history":[{"count":2,"href":"https:\/\/www.dmv.ca.gov\/portal\/es\/wp-json\/wp\/v2\/pages\/221747\/revisions"}],"predecessor-version":[{"id":221756,"href":"https:\/\/www.dmv.ca.gov\/portal\/es\/wp-json\/wp\/v2\/pages\/221747\/revisions\/221756"}],"up":[{"embeddable":true,"href":"https:\/\/www.dmv.ca.gov\/portal\/es\/wp-json\/wp\/v2\/pages\/1542"}],"wp:attachment":[{"href":"https:\/\/www.dmv.ca.gov\/portal\/es\/wp-json\/wp\/v2\/media?parent=221747"}],"wp:term":[{"taxonomy":"category","embeddable":true,"href":"https:\/\/www.dmv.ca.gov\/portal\/es\/wp-json\/wp\/v2\/categories?post=221747"},{"taxonomy":"post_tag","embeddable":true,"href":"https:\/\/www.dmv.ca.gov\/portal\/es\/wp-json\/wp\/v2\/tags?post=221747"},{"taxonomy":"dmv_task","embeddable":true,"href":"https:\/\/www.dmv.ca.gov\/portal\/es\/wp-json\/wp\/v2\/dmv_task?post=221747"},{"taxonomy":"dmv_functional_page_type","embeddable":true,"href":"https:\/\/www.dmv.ca.gov\/portal\/es\/wp-json\/wp\/v2\/dmv_functional_page_type?post=221747"},{"taxonomy":"dmv_content_type","embeddable":true,"href":"https:\/\/www.dmv.ca.gov\/portal\/es\/wp-json\/wp\/v2\/dmv_content_type?post=221747"}],"curies":[{"name":"wp","href":"https:\/\/api.w.org\/{rel}","templated":true}]}}