{"id":224417,"date":"2024-01-26T09:34:39","date_gmt":"2024-01-26T17:34:39","guid":{"rendered":""},"modified":"2024-01-26T09:54:23","modified_gmt":"2024-01-26T17:54:23","slug":"dmvs-davis-office-temporarily-closing-for-renovations","status":"publish","type":"page","link":"https:\/\/www.dmv.ca.gov\/portal\/es\/news-and-media\/dmvs-davis-office-temporarily-closing-for-renovations\/","title":{"rendered":"DMV\u2019s Davis Office Temporarily Closing for Renovations"},"content":{"rendered":"<p><strong>PARA PUBLICACI\u00d3N INMEDIATA<br>January 26, 2024<\/strong><\/p>\n\n\n\n<p><strong>Sacramento<\/strong> \u2013 The California Department of Motor Vehicles is alerting customers that the Davis office at 505 Pole Line Road will be temporarily closing for renovations beginning at 5 p.m. Friday, February 9. The office is scheduled to reopen at 8 a.m. Tuesday, May 28.<\/p>\n\n\n\n<p>Renovations will include a new HVAC system, roof, flooring, restrooms and other improvements.<\/p>\n\n\n\n<p>Hasta que el procedimiento este completo, los clientes pueden visitar las siguientes oficinas:<\/p>\n\n\n\n<ul class=\"wp-block-list\">\n<li>Woodland&nbsp;&nbsp;&nbsp;&nbsp;&nbsp;&nbsp;&nbsp;&nbsp;&nbsp;&nbsp;&nbsp;&nbsp;&nbsp;&nbsp;&nbsp;&nbsp;&nbsp;&nbsp;&nbsp;&nbsp;&nbsp;&nbsp;&nbsp;&nbsp;&nbsp;&nbsp;&nbsp;&nbsp;&nbsp;&nbsp;&nbsp; 825 East St., Suite 306&nbsp;&nbsp;&nbsp;&nbsp;&nbsp;&nbsp;&nbsp;&nbsp;&nbsp;&nbsp; 12 miles<\/li>\n<\/ul>\n\n\n\n<ul class=\"wp-block-list\">\n<li>Vacaville&nbsp;&nbsp;&nbsp;&nbsp;&nbsp;&nbsp;&nbsp;&nbsp;&nbsp;&nbsp;&nbsp;&nbsp;&nbsp;&nbsp;&nbsp;&nbsp;&nbsp;&nbsp;&nbsp;&nbsp;&nbsp;&nbsp;&nbsp;&nbsp;&nbsp;&nbsp;&nbsp;&nbsp;&nbsp;&nbsp;&nbsp;&nbsp;&nbsp; 621 Orange Drive&nbsp;&nbsp;&nbsp;&nbsp;&nbsp;&nbsp;&nbsp;&nbsp;&nbsp;&nbsp;&nbsp;&nbsp;&nbsp;&nbsp;&nbsp;&nbsp;&nbsp;&nbsp;&nbsp;&nbsp; 18 miles<\/li>\n<\/ul>\n\n\n\n<ul class=\"wp-block-list\">\n<li>Sacramento Broadway&nbsp;&nbsp;&nbsp;&nbsp;&nbsp;&nbsp;&nbsp;&nbsp; 4700 Broadway&nbsp;&nbsp;&nbsp;&nbsp;&nbsp;&nbsp;&nbsp;&nbsp;&nbsp;&nbsp;&nbsp;&nbsp;&nbsp;&nbsp;&nbsp;&nbsp;&nbsp;&nbsp;&nbsp;&nbsp;&nbsp;&nbsp;&nbsp; 20 miles<\/li>\n<\/ul>\n\n\n\n<ul class=\"wp-block-list\">\n<li>Sacramento South&nbsp;&nbsp;&nbsp;&nbsp;&nbsp;&nbsp;&nbsp;&nbsp;&nbsp;&nbsp;&nbsp;&nbsp;&nbsp;&nbsp;&nbsp;&nbsp; 7775 La Mancha Way&nbsp;&nbsp;&nbsp;&nbsp;&nbsp;&nbsp;&nbsp;&nbsp;&nbsp;&nbsp;&nbsp;&nbsp; 23 miles<\/li>\n<\/ul>\n\n\n\n<p><strong>Antes de ir a una oficina- Primero intente en l\u00ednea<\/strong><\/p>\n\n\n\n<p class=\"translation-block\">El DMV ha tomado muchas medidas para ofrecer m\u00e1s servicios digitales. La mayor\u00eda de las transacciones del DMV no requieren visitar una oficina. El DMV les recomienda a los clientes usar sus servicios  <a href=\"https:\/\/www.dmv.ca.gov\/portal\/es\/dmv-online\/\" target=\"_self\">en l\u00ednea<\/a> y otros canales de servicio para completar transacciones, incluidas las renovaciones elegibles de licencias de conducir y registros de veh\u00edculos. Los clientes tambi\u00e9n pueden usar el <a href=\"https:\/\/www.dmv.ca.gov\/portal\/es\/?s=\" target=\"_self\">Asesor de Servicio<\/a> en el <a href=\"https:\/\/www.dmv.ca.gov\/portal\/es\/\" target=\"_self\">sitio web del DMV<\/a> para conocer sus opciones para completar transacciones del DMV.<\/p>\n\n\n\n<p class=\"translation-block\">Para inscribirse para recibir avisos de renovaci\u00f3n de la licencia de conducir y el registro de veh\u00edculos digitales, los clientes deben iniciar una sesi\u00f3n o crear una cuenta segura en l\u00ednea en <a href=\"https:\/\/www.dmv.ca.gov\/portal\/es\/\" target=\"_self\">dmv.ca.gov<\/a>, y luego registrarse.<\/p>\n\n\n\n<p class=\"has-text-align-center\">###<\/p>\n\n\n\n<p class=\"has-text-align-center\">Reg\u00edstrate para recibir alertas de noticias del DMV: <a rel=\"noreferrer noopener\" href=\"https:\/\/www.dmv.ca.gov\/portal\/es\/dmv-news-alerts\/\" target=\"_blank\">DMV NEWS ALERTS - California DMV<\/a><\/p>","protected":false},"excerpt":{"rendered":"<p>FOR IMMEDIATE RELEASEJanuary 26, 2024 Sacramento \u2013 The California Department of Motor Vehicles is alerting customers that the Davis office at 505 Pole Line Road will be temporarily closing for renovations beginning at 5 p.m. Friday, February 9. The office is scheduled to reopen at 8 a.m. Tuesday, May 28. Renovations will include a new [&hellip;]<\/p>\n","protected":false},"author":2571,"featured_media":0,"parent":1542,"menu_order":0,"comment_status":"closed","ping_status":"closed","template":"","meta":{"ep_exclude_from_search":false,"dmv_page_popups":[],"dmv_ribbon_color":"","dmv_top_illustration":"","dmv_page_title":"","dmv_page_subtitle":"","dmv_exclude_from_search_results":false,"dmv_allowed_editors":[],"dmv_display_translate_button":false,"footnotes":""},"categories":[1627],"tags":[],"dmv_task":[86],"dmv_functional_page_type":[3],"dmv_content_type":[],"class_list":["post-224417","page","type-page","status-publish","hentry","category-news-media","dmv_task-location","dmv_functional_page_type-press-release"],"featured_image_src":null,"yoast_head":"<!-- This site is optimized with the Yoast SEO plugin v27.3 - https:\/\/yoast.com\/product\/yoast-seo-wordpress\/ -->\n<title>DMV\u2019s Davis Office Temporarily Closing for Renovations - California DMV<\/title>\n<meta name=\"robots\" content=\"index, follow, max-snippet:-1, max-image-preview:large, max-video-preview:-1\" \/>\n<link rel=\"canonical\" href=\"https:\/\/www.dmv.ca.gov\/portal\/es\/news-and-media\/dmvs-davis-office-temporarily-closing-for-renovations\/\" \/>\n<meta property=\"og:locale\" content=\"es_MX\" \/>\n<meta property=\"og:type\" content=\"article\" \/>\n<meta property=\"og:title\" content=\"DMV\u2019s Davis Office Temporarily Closing for Renovations - California DMV\" \/>\n<meta property=\"og:description\" content=\"FOR IMMEDIATE RELEASEJanuary 26, 2024 Sacramento \u2013 The California Department of Motor Vehicles is alerting customers that the Davis office at 505 Pole Line Road will be temporarily closing for renovations beginning at 5 p.m. Friday, February 9. The office is scheduled to reopen at 8 a.m. Tuesday, May 28. Renovations will include a new [&hellip;]\" \/>\n<meta property=\"og:url\" content=\"https:\/\/www.dmv.ca.gov\/portal\/es\/news-and-media\/dmvs-davis-office-temporarily-closing-for-renovations\/\" \/>\n<meta property=\"og:site_name\" content=\"California DMV\" \/>\n<meta property=\"article:publisher\" content=\"https:\/\/www.facebook.com\/CADMV\" \/>\n<meta property=\"article:modified_time\" content=\"2024-01-26T17:54:23+00:00\" \/>\n<meta property=\"og:image\" content=\"https:\/\/www.dmv.ca.gov\/portal\/uploads\/2022\/06\/DMV_Logo.png\" \/>\n\t<meta property=\"og:image:width\" content=\"1920\" \/>\n\t<meta property=\"og:image:height\" content=\"1080\" \/>\n\t<meta property=\"og:image:type\" content=\"image\/png\" \/>\n<meta name=\"twitter:card\" content=\"summary_large_image\" \/>\n<meta name=\"twitter:site\" content=\"@ca_dmv\" \/>\n<meta name=\"twitter:label1\" content=\"Est. reading time\" \/>\n\t<meta name=\"twitter:data1\" content=\"2 minutes\" \/>\n<script type=\"application\/ld+json\" class=\"yoast-schema-graph\">{\"@context\":\"https:\\\/\\\/schema.org\",\"@graph\":[{\"@type\":\"WebPage\",\"@id\":\"https:\\\/\\\/www.dmv.ca.gov\\\/portal\\\/news-and-media\\\/dmvs-davis-office-temporarily-closing-for-renovations\\\/\",\"url\":\"https:\\\/\\\/www.dmv.ca.gov\\\/portal\\\/news-and-media\\\/dmvs-davis-office-temporarily-closing-for-renovations\\\/\",\"name\":\"DMV\u2019s Davis Office Temporarily Closing for Renovations - California DMV\",\"isPartOf\":{\"@id\":\"https:\\\/\\\/www.dmv.ca.gov\\\/portal\\\/#website\"},\"datePublished\":\"2024-01-26T17:34:39+00:00\",\"dateModified\":\"2024-01-26T17:54:23+00:00\",\"breadcrumb\":{\"@id\":\"https:\\\/\\\/www.dmv.ca.gov\\\/portal\\\/news-and-media\\\/dmvs-davis-office-temporarily-closing-for-renovations\\\/#breadcrumb\"},\"inLanguage\":\"es-MX\",\"potentialAction\":[{\"@type\":\"ReadAction\",\"target\":[\"https:\\\/\\\/www.dmv.ca.gov\\\/portal\\\/news-and-media\\\/dmvs-davis-office-temporarily-closing-for-renovations\\\/\"]}]},{\"@type\":\"BreadcrumbList\",\"@id\":\"https:\\\/\\\/www.dmv.ca.gov\\\/portal\\\/news-and-media\\\/dmvs-davis-office-temporarily-closing-for-renovations\\\/#breadcrumb\",\"itemListElement\":[{\"@type\":\"ListItem\",\"position\":1,\"name\":\"News And Media\",\"item\":\"https:\\\/\\\/www.dmv.ca.gov\\\/portal\\\/news-and-media\\\/\"},{\"@type\":\"ListItem\",\"position\":2,\"name\":\"DMV\u2019s Davis Office Temporarily Closing for Renovations\"}]},{\"@type\":\"WebSite\",\"@id\":\"https:\\\/\\\/www.dmv.ca.gov\\\/portal\\\/#website\",\"url\":\"https:\\\/\\\/www.dmv.ca.gov\\\/portal\\\/\",\"name\":\"California DMV\",\"description\":\"\",\"publisher\":{\"@id\":\"https:\\\/\\\/www.dmv.ca.gov\\\/portal\\\/#organization\"},\"potentialAction\":[{\"@type\":\"SearchAction\",\"target\":{\"@type\":\"EntryPoint\",\"urlTemplate\":\"https:\\\/\\\/www.dmv.ca.gov\\\/portal\\\/?s={search_term_string}\"},\"query-input\":{\"@type\":\"PropertyValueSpecification\",\"valueRequired\":true,\"valueName\":\"search_term_string\"}}],\"inLanguage\":\"es-MX\"},{\"@type\":\"Organization\",\"@id\":\"https:\\\/\\\/www.dmv.ca.gov\\\/portal\\\/#organization\",\"name\":\"State of California Department of Motor Vehicles\",\"url\":\"https:\\\/\\\/www.dmv.ca.gov\\\/portal\\\/\",\"logo\":{\"@type\":\"ImageObject\",\"inLanguage\":\"es-MX\",\"@id\":\"https:\\\/\\\/www.dmv.ca.gov\\\/portal\\\/#\\\/schema\\\/logo\\\/image\\\/\",\"url\":\"https:\\\/\\\/www.dmv.ca.gov\\\/portal\\\/uploads\\\/2022\\\/06\\\/DMV_Logo.png\",\"contentUrl\":\"https:\\\/\\\/www.dmv.ca.gov\\\/portal\\\/uploads\\\/2022\\\/06\\\/DMV_Logo.png\",\"width\":1920,\"height\":1080,\"caption\":\"State of California Department of Motor Vehicles\"},\"image\":{\"@id\":\"https:\\\/\\\/www.dmv.ca.gov\\\/portal\\\/#\\\/schema\\\/logo\\\/image\\\/\"},\"sameAs\":[\"https:\\\/\\\/www.facebook.com\\\/CADMV\",\"https:\\\/\\\/x.com\\\/ca_dmv\",\"https:\\\/\\\/www.instagram.com\\\/ca_dmv\\\/\",\"https:\\\/\\\/www.linkedin.com\\\/company\\\/ca-department-of-motor-vehicles\\\/\",\"https:\\\/\\\/www.youtube.com\\\/user\\\/CaliforniaDMV\"]}]}<\/script>\n<!-- \/ Yoast SEO plugin. -->","yoast_head_json":{"title":"DMV\u2019s Davis Office Temporarily Closing for Renovations - California DMV","robots":{"index":"index","follow":"follow","max-snippet":"max-snippet:-1","max-image-preview":"max-image-preview:large","max-video-preview":"max-video-preview:-1"},"canonical":"https:\/\/www.dmv.ca.gov\/portal\/es\/news-and-media\/dmvs-davis-office-temporarily-closing-for-renovations\/","og_locale":"es_MX","og_type":"article","og_title":"DMV\u2019s Davis Office Temporarily Closing for Renovations - California DMV","og_description":"FOR IMMEDIATE RELEASEJanuary 26, 2024 Sacramento \u2013 The California Department of Motor Vehicles is alerting customers that the Davis office at 505 Pole Line Road will be temporarily closing for renovations beginning at 5 p.m. Friday, February 9. The office is scheduled to reopen at 8 a.m. Tuesday, May 28. Renovations will include a new [&hellip;]","og_url":"https:\/\/www.dmv.ca.gov\/portal\/es\/news-and-media\/dmvs-davis-office-temporarily-closing-for-renovations\/","og_site_name":"California DMV","article_publisher":"https:\/\/www.facebook.com\/CADMV","article_modified_time":"2024-01-26T17:54:23+00:00","og_image":[{"width":1920,"height":1080,"url":"https:\/\/www.dmv.ca.gov\/portal\/uploads\/2022\/06\/DMV_Logo.png","type":"image\/png"}],"twitter_card":"summary_large_image","twitter_site":"@ca_dmv","twitter_misc":{"Est. reading time":"2 minutes"},"schema":{"@context":"https:\/\/schema.org","@graph":[{"@type":"WebPage","@id":"https:\/\/www.dmv.ca.gov\/portal\/news-and-media\/dmvs-davis-office-temporarily-closing-for-renovations\/","url":"https:\/\/www.dmv.ca.gov\/portal\/news-and-media\/dmvs-davis-office-temporarily-closing-for-renovations\/","name":"DMV\u2019s Davis Office Temporarily Closing for Renovations - California DMV","isPartOf":{"@id":"https:\/\/www.dmv.ca.gov\/portal\/#website"},"datePublished":"2024-01-26T17:34:39+00:00","dateModified":"2024-01-26T17:54:23+00:00","breadcrumb":{"@id":"https:\/\/www.dmv.ca.gov\/portal\/news-and-media\/dmvs-davis-office-temporarily-closing-for-renovations\/#breadcrumb"},"inLanguage":"es-MX","potentialAction":[{"@type":"ReadAction","target":["https:\/\/www.dmv.ca.gov\/portal\/news-and-media\/dmvs-davis-office-temporarily-closing-for-renovations\/"]}]},{"@type":"BreadcrumbList","@id":"https:\/\/www.dmv.ca.gov\/portal\/news-and-media\/dmvs-davis-office-temporarily-closing-for-renovations\/#breadcrumb","itemListElement":[{"@type":"ListItem","position":1,"name":"News And Media","item":"https:\/\/www.dmv.ca.gov\/portal\/news-and-media\/"},{"@type":"ListItem","position":2,"name":"DMV\u2019s Davis Office Temporarily Closing for Renovations"}]},{"@type":"WebSite","@id":"https:\/\/www.dmv.ca.gov\/portal\/#website","url":"https:\/\/www.dmv.ca.gov\/portal\/","name":"California DMV","description":"","publisher":{"@id":"https:\/\/www.dmv.ca.gov\/portal\/#organization"},"potentialAction":[{"@type":"SearchAction","target":{"@type":"EntryPoint","urlTemplate":"https:\/\/www.dmv.ca.gov\/portal\/?s={search_term_string}"},"query-input":{"@type":"PropertyValueSpecification","valueRequired":true,"valueName":"search_term_string"}}],"inLanguage":"es-MX"},{"@type":"Organization","@id":"https:\/\/www.dmv.ca.gov\/portal\/#organization","name":"State of California Department of Motor Vehicles","url":"https:\/\/www.dmv.ca.gov\/portal\/","logo":{"@type":"ImageObject","inLanguage":"es-MX","@id":"https:\/\/www.dmv.ca.gov\/portal\/#\/schema\/logo\/image\/","url":"https:\/\/www.dmv.ca.gov\/portal\/uploads\/2022\/06\/DMV_Logo.png","contentUrl":"https:\/\/www.dmv.ca.gov\/portal\/uploads\/2022\/06\/DMV_Logo.png","width":1920,"height":1080,"caption":"State of California Department of Motor Vehicles"},"image":{"@id":"https:\/\/www.dmv.ca.gov\/portal\/#\/schema\/logo\/image\/"},"sameAs":["https:\/\/www.facebook.com\/CADMV","https:\/\/x.com\/ca_dmv","https:\/\/www.instagram.com\/ca_dmv\/","https:\/\/www.linkedin.com\/company\/ca-department-of-motor-vehicles\/","https:\/\/www.youtube.com\/user\/CaliforniaDMV"]}]}},"_links":{"self":[{"href":"https:\/\/www.dmv.ca.gov\/portal\/es\/wp-json\/wp\/v2\/pages\/224417","targetHints":{"allow":["GET"]}}],"collection":[{"href":"https:\/\/www.dmv.ca.gov\/portal\/es\/wp-json\/wp\/v2\/pages"}],"about":[{"href":"https:\/\/www.dmv.ca.gov\/portal\/es\/wp-json\/wp\/v2\/types\/page"}],"author":[{"embeddable":true,"href":"https:\/\/www.dmv.ca.gov\/portal\/es\/wp-json\/wp\/v2\/users\/2571"}],"replies":[{"embeddable":true,"href":"https:\/\/www.dmv.ca.gov\/portal\/es\/wp-json\/wp\/v2\/comments?post=224417"}],"version-history":[{"count":13,"href":"https:\/\/www.dmv.ca.gov\/portal\/es\/wp-json\/wp\/v2\/pages\/224417\/revisions"}],"predecessor-version":[{"id":224465,"href":"https:\/\/www.dmv.ca.gov\/portal\/es\/wp-json\/wp\/v2\/pages\/224417\/revisions\/224465"}],"up":[{"embeddable":true,"href":"https:\/\/www.dmv.ca.gov\/portal\/es\/wp-json\/wp\/v2\/pages\/1542"}],"wp:attachment":[{"href":"https:\/\/www.dmv.ca.gov\/portal\/es\/wp-json\/wp\/v2\/media?parent=224417"}],"wp:term":[{"taxonomy":"category","embeddable":true,"href":"https:\/\/www.dmv.ca.gov\/portal\/es\/wp-json\/wp\/v2\/categories?post=224417"},{"taxonomy":"post_tag","embeddable":true,"href":"https:\/\/www.dmv.ca.gov\/portal\/es\/wp-json\/wp\/v2\/tags?post=224417"},{"taxonomy":"dmv_task","embeddable":true,"href":"https:\/\/www.dmv.ca.gov\/portal\/es\/wp-json\/wp\/v2\/dmv_task?post=224417"},{"taxonomy":"dmv_functional_page_type","embeddable":true,"href":"https:\/\/www.dmv.ca.gov\/portal\/es\/wp-json\/wp\/v2\/dmv_functional_page_type?post=224417"},{"taxonomy":"dmv_content_type","embeddable":true,"href":"https:\/\/www.dmv.ca.gov\/portal\/es\/wp-json\/wp\/v2\/dmv_content_type?post=224417"}],"curies":[{"name":"wp","href":"https:\/\/api.w.org\/{rel}","templated":true}]}}