{"id":225188,"date":"2024-02-02T08:30:29","date_gmt":"2024-02-02T16:30:29","guid":{"rendered":""},"modified":"2024-02-02T08:48:09","modified_gmt":"2024-02-02T16:48:09","slug":"autonomous-vehicle-permit-holders-report-a-record-9-million-test-miles-in-california-in-12-months","status":"publish","type":"page","link":"https:\/\/www.dmv.ca.gov\/portal\/es\/news-and-media\/news-releases\/autonomous-vehicle-permit-holders-report-a-record-9-million-test-miles-in-california-in-12-months\/","title":{"rendered":"Autonomous Vehicle Permit Holders Report a Record 9 Million Test Miles in California in 12 Months"},"content":{"rendered":"<p><strong>PARA PUBLICACI\u00d3N INMEDIATA<br>February 2, 2024<\/strong><\/p>\n\n\n\n<p><strong>Sacramento<\/strong> \u2013 Companies with a permit to test autonomous vehicles in California reported their technologies drove more than 9 million miles during the latest reporting period (December 1, 2022-November 30, 2023), according to disengagement reports recently submitted to the Department of Motor Vehicles.<\/p>\n\n\n\n<p>Los <a href=\"https:\/\/www.dmv.ca.gov\/portal\/es\/vehicle-industry-services\/autonomous-vehicles\/disengagement-reports\/\">reportes anuales<\/a> summarize when vehicles disengaged from autonomous mode during tests and reveal test vehicles traveled a record 9,068,861 miles in autonomous mode on California\u2019s public roads during the reporting period \u2013 5,801,069 miles with a safety driver and 3,267,792 miles of driverless testing. The total is an increase of about 3.3 million miles from the previous reporting period.<\/p>\n\n\n\n<p>Los reportes incluyen el n\u00famero total de desacoplamientos, las circunstancias o condiciones de prueba, la ubicaci\u00f3n y el total de kil\u00f3metros recorridos en modo aut\u00f3nomo en la v\u00eda p\u00fablica por cada titular de la autorizaci\u00f3n. Las desconexiones pueden ocurrir cuando se detecta una falla en la tecnolog\u00eda o cuando el conductor de seguridad necesita tomar el control inmediato del veh\u00edculo. Los reportes brindan informaci\u00f3n sobre las actividades de prueba de una empresa en California, pero no pretenden comparar una empresa con otra ni llegar a conclusiones generales sobre las capacidades tecnol\u00f3gicas.<\/p>\n\n\n\n<p>Eighteen permit holders reported they did not test autonomous vehicles on California public roads during the reporting period. The DMV is suspending one company for failing to file the annual report. Four companies, while submitting reports for the 2022-2023 reporting period, have withdrawn from the program and are no longer testing autonomous vehicles in California.<\/p>\n\n\n\n<p>Seg\u00fan las reglamentaciones de California, las empresas no est\u00e1n obligadas a informar las pruebas en carreteras\/pistas de prueba privadas, las pruebas que se realizan fuera del estado, las pruebas por debajo del nivel 3 de SAE o las pruebas realizadas en simulaci\u00f3n. Las regulaciones exigen presentar un reporte anual al DMV cada 1 de enero. El primer reporte que proporciona una empresa cubre el per\u00edodo desde que se emiti\u00f3 el permiso hasta el 30 de noviembre del a\u00f1o siguiente. Los reportes posteriores proporcionan detalles de 12 meses a partir del 1 de diciembre de cada a\u00f1o.<\/p>\n\n\n\n<p>Actualmente, <a href=\"https:\/\/www.dmv.ca.gov\/portal\/es\/vehicle-industry-services\/autonomous-vehicles\/autonomous-vehicle-testing-permit-holders\/\">38 companies<\/a> tienen permisos v\u00e1lidos para probar veh\u00edculos aut\u00f3nomos con un conductor de seguridad, <a href=\"https:\/\/www.dmv.ca.gov\/portal\/es\/vehicle-industry-services\/autonomous-vehicles\/autonomous-vehicle-testing-permit-holders\/\">six companies<\/a> have a permit for driverless testing and three manufacturers&nbsp;are <a href=\"https:\/\/www.dmv.ca.gov\/portal\/es\/vehicle-industry-services\/autonomous-vehicles\/autonomous-vehicle-testing-permit-holders\/\">autorizados para implementar veh\u00edculos aut\u00f3nomos<\/a>. All active testing permit holders that received authorization prior to 2023 were required to submit a disengagement report by January 1, 2024. The two companies that received a permit to test with a safety driver in 2023 will submit their first report by January 1, 2025.<\/p>\n\n\n\n<p class=\"has-text-align-center\">###<\/p>\n\n\n\n<p class=\"has-text-align-center translation-block\">Sign up to receive the latest DMV News Alerts:&nbsp;<a href=\"https:\/\/www.dmv.ca.gov\/portal\/es\/dmv-news-alerts\/\" target=\"_blank\" rel=\"noreferrer noopener\">DMV NEWS ALERTS \u2013 California DMV<\/a><\/p>","protected":false},"excerpt":{"rendered":"<p>FOR IMMEDIATE RELEASEFebruary 2, 2024 Sacramento \u2013 Companies with a permit to test autonomous vehicles in California reported their technologies drove more than 9 million miles during the latest reporting period (December 1, 2022-November 30, 2023), according to disengagement reports recently submitted to the Department of Motor Vehicles. The annual reports summarize when vehicles disengaged [&hellip;]<\/p>\n","protected":false},"author":2562,"featured_media":0,"parent":44932,"menu_order":0,"comment_status":"closed","ping_status":"closed","template":"","meta":{"ep_exclude_from_search":false,"dmv_page_popups":[],"dmv_ribbon_color":"","dmv_top_illustration":"","dmv_page_title":"","dmv_page_subtitle":"","dmv_exclude_from_search_results":false,"dmv_allowed_editors":[],"dmv_display_translate_button":false,"footnotes":""},"categories":[1627],"tags":[5691,13463,13469,2715,13466],"dmv_task":[11],"dmv_functional_page_type":[3],"dmv_content_type":[],"class_list":["post-225188","page","type-page","status-publish","hentry","category-news-media","tag-autonomous-vehicle","tag-autonomous-vehicle-permit","tag-news-and-media","tag-news-release","tag-test-miles","dmv_task-educational","dmv_functional_page_type-press-release"],"featured_image_src":null,"yoast_head":"<!-- This site is optimized with the Yoast SEO plugin v27.2 - https:\/\/yoast.com\/product\/yoast-seo-wordpress\/ -->\n<title>Autonomous Vehicle Permit Holders Report a Record 9 Million Test Miles in California in 12 Months - California DMV<\/title>\n<meta name=\"robots\" content=\"index, follow, max-snippet:-1, max-image-preview:large, max-video-preview:-1\" \/>\n<link rel=\"canonical\" href=\"https:\/\/www.dmv.ca.gov\/portal\/es\/news-and-media\/news-releases\/autonomous-vehicle-permit-holders-report-a-record-9-million-test-miles-in-california-in-12-months\/\" \/>\n<meta property=\"og:locale\" content=\"es_MX\" \/>\n<meta property=\"og:type\" content=\"article\" \/>\n<meta property=\"og:title\" content=\"Autonomous Vehicle Permit Holders Report a Record 9 Million Test Miles in California in 12 Months - California DMV\" \/>\n<meta property=\"og:description\" content=\"FOR IMMEDIATE RELEASEFebruary 2, 2024 Sacramento \u2013 Companies with a permit to test autonomous vehicles in California reported their technologies drove more than 9 million miles during the latest reporting period (December 1, 2022-November 30, 2023), according to disengagement reports recently submitted to the Department of Motor Vehicles. The annual reports summarize when vehicles disengaged [&hellip;]\" \/>\n<meta property=\"og:url\" content=\"https:\/\/www.dmv.ca.gov\/portal\/es\/news-and-media\/news-releases\/autonomous-vehicle-permit-holders-report-a-record-9-million-test-miles-in-california-in-12-months\/\" \/>\n<meta property=\"og:site_name\" content=\"California DMV\" \/>\n<meta property=\"article:publisher\" content=\"https:\/\/www.facebook.com\/CADMV\" \/>\n<meta property=\"article:modified_time\" content=\"2024-02-02T16:48:09+00:00\" \/>\n<meta property=\"og:image\" content=\"https:\/\/www.dmv.ca.gov\/portal\/uploads\/2022\/06\/DMV_Logo.png\" \/>\n\t<meta property=\"og:image:width\" content=\"1920\" \/>\n\t<meta property=\"og:image:height\" content=\"1080\" \/>\n\t<meta property=\"og:image:type\" content=\"image\/png\" \/>\n<meta name=\"twitter:card\" content=\"summary_large_image\" \/>\n<meta name=\"twitter:site\" content=\"@ca_dmv\" \/>\n<meta name=\"twitter:label1\" content=\"Est. reading time\" \/>\n\t<meta name=\"twitter:data1\" content=\"2 minutes\" \/>\n<script type=\"application\/ld+json\" class=\"yoast-schema-graph\">{\"@context\":\"https:\/\/schema.org\",\"@graph\":[{\"@type\":\"WebPage\",\"@id\":\"https:\/\/www.dmv.ca.gov\/portal\/news-and-media\/news-releases\/autonomous-vehicle-permit-holders-report-a-record-9-million-test-miles-in-california-in-12-months\/\",\"url\":\"https:\/\/www.dmv.ca.gov\/portal\/news-and-media\/news-releases\/autonomous-vehicle-permit-holders-report-a-record-9-million-test-miles-in-california-in-12-months\/\",\"name\":\"Autonomous Vehicle Permit Holders Report a Record 9 Million Test Miles in California in 12 Months - California DMV\",\"isPartOf\":{\"@id\":\"https:\/\/www.dmv.ca.gov\/portal\/#website\"},\"datePublished\":\"2024-02-02T16:30:29+00:00\",\"dateModified\":\"2024-02-02T16:48:09+00:00\",\"breadcrumb\":{\"@id\":\"https:\/\/www.dmv.ca.gov\/portal\/news-and-media\/news-releases\/autonomous-vehicle-permit-holders-report-a-record-9-million-test-miles-in-california-in-12-months\/#breadcrumb\"},\"inLanguage\":\"es-MX\",\"potentialAction\":[{\"@type\":\"ReadAction\",\"target\":[\"https:\/\/www.dmv.ca.gov\/portal\/news-and-media\/news-releases\/autonomous-vehicle-permit-holders-report-a-record-9-million-test-miles-in-california-in-12-months\/\"]}]},{\"@type\":\"BreadcrumbList\",\"@id\":\"https:\/\/www.dmv.ca.gov\/portal\/news-and-media\/news-releases\/autonomous-vehicle-permit-holders-report-a-record-9-million-test-miles-in-california-in-12-months\/#breadcrumb\",\"itemListElement\":[{\"@type\":\"ListItem\",\"position\":1,\"name\":\"News And Media\",\"item\":\"https:\/\/www.dmv.ca.gov\/portal\/news-and-media\/\"},{\"@type\":\"ListItem\",\"position\":2,\"name\":\"News Releases\",\"item\":\"https:\/\/www.dmv.ca.gov\/portal\/news-and-media\/news-releases\/\"},{\"@type\":\"ListItem\",\"position\":3,\"name\":\"Autonomous Vehicle Permit Holders Report a Record 9 Million Test Miles in California in 12 Months\"}]},{\"@type\":\"WebSite\",\"@id\":\"https:\/\/www.dmv.ca.gov\/portal\/#website\",\"url\":\"https:\/\/www.dmv.ca.gov\/portal\/\",\"name\":\"California DMV\",\"description\":\"\",\"publisher\":{\"@id\":\"https:\/\/www.dmv.ca.gov\/portal\/#organization\"},\"potentialAction\":[{\"@type\":\"SearchAction\",\"target\":{\"@type\":\"EntryPoint\",\"urlTemplate\":\"https:\/\/www.dmv.ca.gov\/portal\/?s={search_term_string}\"},\"query-input\":{\"@type\":\"PropertyValueSpecification\",\"valueRequired\":true,\"valueName\":\"search_term_string\"}}],\"inLanguage\":\"es-MX\"},{\"@type\":\"Organization\",\"@id\":\"https:\/\/www.dmv.ca.gov\/portal\/#organization\",\"name\":\"State of California Department of Motor Vehicles\",\"url\":\"https:\/\/www.dmv.ca.gov\/portal\/\",\"logo\":{\"@type\":\"ImageObject\",\"inLanguage\":\"es-MX\",\"@id\":\"https:\/\/www.dmv.ca.gov\/portal\/#\/schema\/logo\/image\/\",\"url\":\"https:\/\/www.dmv.ca.gov\/portal\/uploads\/2022\/06\/DMV_Logo.png\",\"contentUrl\":\"https:\/\/www.dmv.ca.gov\/portal\/uploads\/2022\/06\/DMV_Logo.png\",\"width\":1920,\"height\":1080,\"caption\":\"State of California Department of Motor Vehicles\"},\"image\":{\"@id\":\"https:\/\/www.dmv.ca.gov\/portal\/#\/schema\/logo\/image\/\"},\"sameAs\":[\"https:\/\/www.facebook.com\/CADMV\",\"https:\/\/x.com\/ca_dmv\",\"https:\/\/www.instagram.com\/ca_dmv\/\",\"https:\/\/www.linkedin.com\/company\/ca-department-of-motor-vehicles\/\",\"https:\/\/www.youtube.com\/user\/CaliforniaDMV\"]}]}<\/script>\n<!-- \/ Yoast SEO plugin. -->","yoast_head_json":{"title":"Autonomous Vehicle Permit Holders Report a Record 9 Million Test Miles in California in 12 Months - California DMV","robots":{"index":"index","follow":"follow","max-snippet":"max-snippet:-1","max-image-preview":"max-image-preview:large","max-video-preview":"max-video-preview:-1"},"canonical":"https:\/\/www.dmv.ca.gov\/portal\/es\/news-and-media\/news-releases\/autonomous-vehicle-permit-holders-report-a-record-9-million-test-miles-in-california-in-12-months\/","og_locale":"es_MX","og_type":"article","og_title":"Autonomous Vehicle Permit Holders Report a Record 9 Million Test Miles in California in 12 Months - California DMV","og_description":"FOR IMMEDIATE RELEASEFebruary 2, 2024 Sacramento \u2013 Companies with a permit to test autonomous vehicles in California reported their technologies drove more than 9 million miles during the latest reporting period (December 1, 2022-November 30, 2023), according to disengagement reports recently submitted to the Department of Motor Vehicles. The annual reports summarize when vehicles disengaged [&hellip;]","og_url":"https:\/\/www.dmv.ca.gov\/portal\/es\/news-and-media\/news-releases\/autonomous-vehicle-permit-holders-report-a-record-9-million-test-miles-in-california-in-12-months\/","og_site_name":"California DMV","article_publisher":"https:\/\/www.facebook.com\/CADMV","article_modified_time":"2024-02-02T16:48:09+00:00","og_image":[{"width":1920,"height":1080,"url":"https:\/\/www.dmv.ca.gov\/portal\/uploads\/2022\/06\/DMV_Logo.png","type":"image\/png"}],"twitter_card":"summary_large_image","twitter_site":"@ca_dmv","twitter_misc":{"Est. reading time":"2 minutes"},"schema":{"@context":"https:\/\/schema.org","@graph":[{"@type":"WebPage","@id":"https:\/\/www.dmv.ca.gov\/portal\/news-and-media\/news-releases\/autonomous-vehicle-permit-holders-report-a-record-9-million-test-miles-in-california-in-12-months\/","url":"https:\/\/www.dmv.ca.gov\/portal\/news-and-media\/news-releases\/autonomous-vehicle-permit-holders-report-a-record-9-million-test-miles-in-california-in-12-months\/","name":"Autonomous Vehicle Permit Holders Report a Record 9 Million Test Miles in California in 12 Months - California DMV","isPartOf":{"@id":"https:\/\/www.dmv.ca.gov\/portal\/#website"},"datePublished":"2024-02-02T16:30:29+00:00","dateModified":"2024-02-02T16:48:09+00:00","breadcrumb":{"@id":"https:\/\/www.dmv.ca.gov\/portal\/news-and-media\/news-releases\/autonomous-vehicle-permit-holders-report-a-record-9-million-test-miles-in-california-in-12-months\/#breadcrumb"},"inLanguage":"es-MX","potentialAction":[{"@type":"ReadAction","target":["https:\/\/www.dmv.ca.gov\/portal\/news-and-media\/news-releases\/autonomous-vehicle-permit-holders-report-a-record-9-million-test-miles-in-california-in-12-months\/"]}]},{"@type":"BreadcrumbList","@id":"https:\/\/www.dmv.ca.gov\/portal\/news-and-media\/news-releases\/autonomous-vehicle-permit-holders-report-a-record-9-million-test-miles-in-california-in-12-months\/#breadcrumb","itemListElement":[{"@type":"ListItem","position":1,"name":"News And Media","item":"https:\/\/www.dmv.ca.gov\/portal\/news-and-media\/"},{"@type":"ListItem","position":2,"name":"News Releases","item":"https:\/\/www.dmv.ca.gov\/portal\/news-and-media\/news-releases\/"},{"@type":"ListItem","position":3,"name":"Autonomous Vehicle Permit Holders Report a Record 9 Million Test Miles in California in 12 Months"}]},{"@type":"WebSite","@id":"https:\/\/www.dmv.ca.gov\/portal\/#website","url":"https:\/\/www.dmv.ca.gov\/portal\/","name":"California DMV","description":"","publisher":{"@id":"https:\/\/www.dmv.ca.gov\/portal\/#organization"},"potentialAction":[{"@type":"SearchAction","target":{"@type":"EntryPoint","urlTemplate":"https:\/\/www.dmv.ca.gov\/portal\/?s={search_term_string}"},"query-input":{"@type":"PropertyValueSpecification","valueRequired":true,"valueName":"search_term_string"}}],"inLanguage":"es-MX"},{"@type":"Organization","@id":"https:\/\/www.dmv.ca.gov\/portal\/#organization","name":"State of California Department of Motor Vehicles","url":"https:\/\/www.dmv.ca.gov\/portal\/","logo":{"@type":"ImageObject","inLanguage":"es-MX","@id":"https:\/\/www.dmv.ca.gov\/portal\/#\/schema\/logo\/image\/","url":"https:\/\/www.dmv.ca.gov\/portal\/uploads\/2022\/06\/DMV_Logo.png","contentUrl":"https:\/\/www.dmv.ca.gov\/portal\/uploads\/2022\/06\/DMV_Logo.png","width":1920,"height":1080,"caption":"State of California Department of Motor Vehicles"},"image":{"@id":"https:\/\/www.dmv.ca.gov\/portal\/#\/schema\/logo\/image\/"},"sameAs":["https:\/\/www.facebook.com\/CADMV","https:\/\/x.com\/ca_dmv","https:\/\/www.instagram.com\/ca_dmv\/","https:\/\/www.linkedin.com\/company\/ca-department-of-motor-vehicles\/","https:\/\/www.youtube.com\/user\/CaliforniaDMV"]}]}},"_links":{"self":[{"href":"https:\/\/www.dmv.ca.gov\/portal\/es\/wp-json\/wp\/v2\/pages\/225188","targetHints":{"allow":["GET"]}}],"collection":[{"href":"https:\/\/www.dmv.ca.gov\/portal\/es\/wp-json\/wp\/v2\/pages"}],"about":[{"href":"https:\/\/www.dmv.ca.gov\/portal\/es\/wp-json\/wp\/v2\/types\/page"}],"author":[{"embeddable":true,"href":"https:\/\/www.dmv.ca.gov\/portal\/es\/wp-json\/wp\/v2\/users\/2562"}],"replies":[{"embeddable":true,"href":"https:\/\/www.dmv.ca.gov\/portal\/es\/wp-json\/wp\/v2\/comments?post=225188"}],"version-history":[{"count":2,"href":"https:\/\/www.dmv.ca.gov\/portal\/es\/wp-json\/wp\/v2\/pages\/225188\/revisions"}],"predecessor-version":[{"id":225203,"href":"https:\/\/www.dmv.ca.gov\/portal\/es\/wp-json\/wp\/v2\/pages\/225188\/revisions\/225203"}],"up":[{"embeddable":true,"href":"https:\/\/www.dmv.ca.gov\/portal\/es\/wp-json\/wp\/v2\/pages\/44932"}],"wp:attachment":[{"href":"https:\/\/www.dmv.ca.gov\/portal\/es\/wp-json\/wp\/v2\/media?parent=225188"}],"wp:term":[{"taxonomy":"category","embeddable":true,"href":"https:\/\/www.dmv.ca.gov\/portal\/es\/wp-json\/wp\/v2\/categories?post=225188"},{"taxonomy":"post_tag","embeddable":true,"href":"https:\/\/www.dmv.ca.gov\/portal\/es\/wp-json\/wp\/v2\/tags?post=225188"},{"taxonomy":"dmv_task","embeddable":true,"href":"https:\/\/www.dmv.ca.gov\/portal\/es\/wp-json\/wp\/v2\/dmv_task?post=225188"},{"taxonomy":"dmv_functional_page_type","embeddable":true,"href":"https:\/\/www.dmv.ca.gov\/portal\/es\/wp-json\/wp\/v2\/dmv_functional_page_type?post=225188"},{"taxonomy":"dmv_content_type","embeddable":true,"href":"https:\/\/www.dmv.ca.gov\/portal\/es\/wp-json\/wp\/v2\/dmv_content_type?post=225188"}],"curies":[{"name":"wp","href":"https:\/\/api.w.org\/{rel}","templated":true}]}}