{"id":225836,"date":"2024-02-05T10:31:19","date_gmt":"2024-02-05T18:31:19","guid":{"rendered":""},"modified":"2024-02-06T10:38:16","modified_gmt":"2024-02-06T18:38:16","slug":"multiple-dmv-offices-impacted-by-recent-storms","status":"publish","type":"page","link":"https:\/\/www.dmv.ca.gov\/portal\/es\/news-and-media\/multiple-dmv-offices-impacted-by-recent-storms\/","title":{"rendered":"Multiple DMV Offices Impacted by Recent Storms"},"content":{"rendered":"<p><strong>PARA PUBLICACI\u00d3N INMEDIATA<br>February 6, 2024<\/strong><\/p>\n\n\n\n<p><strong>Sacramento<\/strong> \u2013 Many DMV offices across California have been impacted in some way due to the ongoing storm event. While most offices are open, some remain closed due to power outages and others are only able to provide select services at this time.<\/p>\n\n\n\n<p>The DMV is working to restore all services and will reopen offices as quickly as possible. The DMV apologizes for any inconvenience.<\/p>\n\n\n\n<div class=\"wp-block-dmv-spacer-block spacer-box\"><\/div>\n\n\n\n<p>Current Office Closures:<\/p>\n\n\n\n<p><strong>Rocklin<\/strong> &#8211; <strong>Now Open<\/strong><\/p>\n\n\n\n<p><strong>Fort Bragg<\/strong> &#8211; <strong>Now Open<\/strong><\/p>\n\n\n\n<p><strong>Van Nuys<\/strong> &#8211; Customers can visit the following locations:<\/p>\n\n\n\n<ul class=\"wp-block-list\">\n<li>Lancaster &#8211; 721 W Ave L6, Lancaster, CA 93535<\/li>\n\n\n\n<li>Winnetka &#8211; 20725 Sherman Way, Winnetka, CA 91306<\/li>\n\n\n\n<li>Arleta &#8211; 14400 Van Nuys Blvd, Arleta, CA 91331<\/li>\n<\/ul>\n\n\n\n<p>Some DMV offices may be impacted by slow internet connections related to storm damage or only be able to provide select services at this time. Downed trees and fallen branches impede some parking access in some areas.<\/p>\n\n\n\n<p>To check the status of the DMV office closest to you visit, <a href=\"\/portal\/es\/locations\/\">DMV Service Locations and Offices &#8211; California DMV<\/a>.<\/p>\n\n\n\n<p><strong>Antes de ir a una oficina- Primero intente en l\u00ednea<\/strong><\/p>\n\n\n\n<p class=\"translation-block\">El DMV ha tomado muchas medidas para ofrecer m\u00e1s servicios digitales. La mayor\u00eda de las transacciones del DMV no requieren visitar una oficina. El DMV les recomienda a los clientes usar sus servicios  <a href=\"https:\/\/www.dmv.ca.gov\/portal\/es\/dmv-online\/\" target=\"_self\">en l\u00ednea<\/a> y otros canales de servicio para completar transacciones, incluidas las renovaciones elegibles de licencias de conducir y registros de veh\u00edculos. Los clientes tambi\u00e9n pueden usar el <a href=\"https:\/\/www.dmv.ca.gov\/portal\/es\/?s=\" target=\"_self\">Asesor de Servicio<\/a> en el <a href=\"https:\/\/www.dmv.ca.gov\/portal\/es\/\" target=\"_self\">sitio web del DMV<\/a> para conocer sus opciones para completar transacciones del DMV.<\/p>\n\n\n\n<p class=\"translation-block\">Para inscribirse para recibir avisos de renovaci\u00f3n de la licencia de conducir y el registro de veh\u00edculos digitales, los clientes deben iniciar una sesi\u00f3n o crear una cuenta segura en l\u00ednea en <a href=\"https:\/\/www.dmv.ca.gov\/portal\/es\/\" target=\"_self\">dmv.ca.gov<\/a>, y luego registrarse.<\/p>\n\n\n\n<p class=\"has-text-align-center\">###<\/p>\n\n\n\n<p class=\"has-text-align-center\">Reg\u00edstrate para recibir alertas de noticias del DMV: <a rel=\"noreferrer noopener\" href=\"https:\/\/www.dmv.ca.gov\/portal\/es\/dmv-news-alerts\/\" target=\"_blank\">DMV NEWS ALERTS - California DMV<\/a><\/p>","protected":false},"excerpt":{"rendered":"<p>FOR IMMEDIATE RELEASEFebruary 6, 2024 Sacramento \u2013 Many DMV offices across California have been impacted in some way due to the ongoing storm event. While most offices are open, some remain closed due to power outages and others are only able to provide select services at this time. The DMV is working to restore all [&hellip;]<\/p>\n","protected":false},"author":2527,"featured_media":0,"parent":1542,"menu_order":0,"comment_status":"closed","ping_status":"closed","template":"","meta":{"ep_exclude_from_search":false,"dmv_page_popups":[],"dmv_ribbon_color":"","dmv_top_illustration":"","dmv_page_title":"","dmv_page_subtitle":"","dmv_exclude_from_search_results":false,"dmv_allowed_editors":[],"dmv_display_translate_button":false,"footnotes":""},"categories":[],"tags":[],"dmv_task":[86],"dmv_functional_page_type":[3],"dmv_content_type":[],"class_list":["post-225836","page","type-page","status-publish","hentry","dmv_task-location","dmv_functional_page_type-press-release"],"featured_image_src":null,"yoast_head":"<!-- This site is optimized with the Yoast SEO plugin v27.2 - https:\/\/yoast.com\/product\/yoast-seo-wordpress\/ -->\n<title>Multiple DMV Offices Impacted by Recent Storms - California DMV<\/title>\n<meta name=\"robots\" content=\"index, follow, max-snippet:-1, max-image-preview:large, max-video-preview:-1\" \/>\n<link rel=\"canonical\" href=\"https:\/\/www.dmv.ca.gov\/portal\/es\/news-and-media\/multiple-dmv-offices-impacted-by-recent-storms\/\" \/>\n<meta property=\"og:locale\" content=\"es_MX\" \/>\n<meta property=\"og:type\" content=\"article\" \/>\n<meta property=\"og:title\" content=\"Multiple DMV Offices Impacted by Recent Storms - California DMV\" \/>\n<meta property=\"og:description\" content=\"FOR IMMEDIATE RELEASEFebruary 6, 2024 Sacramento \u2013 Many DMV offices across California have been impacted in some way due to the ongoing storm event. While most offices are open, some remain closed due to power outages and others are only able to provide select services at this time. The DMV is working to restore all [&hellip;]\" \/>\n<meta property=\"og:url\" content=\"https:\/\/www.dmv.ca.gov\/portal\/es\/news-and-media\/multiple-dmv-offices-impacted-by-recent-storms\/\" \/>\n<meta property=\"og:site_name\" content=\"California DMV\" \/>\n<meta property=\"article:publisher\" content=\"https:\/\/www.facebook.com\/CADMV\" \/>\n<meta property=\"article:modified_time\" content=\"2024-02-06T18:38:16+00:00\" \/>\n<meta property=\"og:image\" content=\"https:\/\/www.dmv.ca.gov\/portal\/uploads\/2022\/06\/DMV_Logo.png\" \/>\n\t<meta property=\"og:image:width\" content=\"1920\" \/>\n\t<meta property=\"og:image:height\" content=\"1080\" \/>\n\t<meta property=\"og:image:type\" content=\"image\/png\" \/>\n<meta name=\"twitter:card\" content=\"summary_large_image\" \/>\n<meta name=\"twitter:site\" content=\"@ca_dmv\" \/>\n<meta name=\"twitter:label1\" content=\"Est. reading time\" \/>\n\t<meta name=\"twitter:data1\" content=\"1 minute\" \/>\n<script type=\"application\/ld+json\" class=\"yoast-schema-graph\">{\"@context\":\"https:\/\/schema.org\",\"@graph\":[{\"@type\":\"WebPage\",\"@id\":\"https:\/\/www.dmv.ca.gov\/portal\/news-and-media\/multiple-dmv-offices-impacted-by-recent-storms\/\",\"url\":\"https:\/\/www.dmv.ca.gov\/portal\/news-and-media\/multiple-dmv-offices-impacted-by-recent-storms\/\",\"name\":\"Multiple DMV Offices Impacted by Recent Storms - California DMV\",\"isPartOf\":{\"@id\":\"https:\/\/www.dmv.ca.gov\/portal\/#website\"},\"datePublished\":\"2024-02-05T18:31:19+00:00\",\"dateModified\":\"2024-02-06T18:38:16+00:00\",\"breadcrumb\":{\"@id\":\"https:\/\/www.dmv.ca.gov\/portal\/news-and-media\/multiple-dmv-offices-impacted-by-recent-storms\/#breadcrumb\"},\"inLanguage\":\"es-MX\",\"potentialAction\":[{\"@type\":\"ReadAction\",\"target\":[\"https:\/\/www.dmv.ca.gov\/portal\/news-and-media\/multiple-dmv-offices-impacted-by-recent-storms\/\"]}]},{\"@type\":\"BreadcrumbList\",\"@id\":\"https:\/\/www.dmv.ca.gov\/portal\/news-and-media\/multiple-dmv-offices-impacted-by-recent-storms\/#breadcrumb\",\"itemListElement\":[{\"@type\":\"ListItem\",\"position\":1,\"name\":\"News And Media\",\"item\":\"https:\/\/www.dmv.ca.gov\/portal\/news-and-media\/\"},{\"@type\":\"ListItem\",\"position\":2,\"name\":\"Multiple DMV Offices Impacted by Recent Storms\"}]},{\"@type\":\"WebSite\",\"@id\":\"https:\/\/www.dmv.ca.gov\/portal\/#website\",\"url\":\"https:\/\/www.dmv.ca.gov\/portal\/\",\"name\":\"California DMV\",\"description\":\"\",\"publisher\":{\"@id\":\"https:\/\/www.dmv.ca.gov\/portal\/#organization\"},\"potentialAction\":[{\"@type\":\"SearchAction\",\"target\":{\"@type\":\"EntryPoint\",\"urlTemplate\":\"https:\/\/www.dmv.ca.gov\/portal\/?s={search_term_string}\"},\"query-input\":{\"@type\":\"PropertyValueSpecification\",\"valueRequired\":true,\"valueName\":\"search_term_string\"}}],\"inLanguage\":\"es-MX\"},{\"@type\":\"Organization\",\"@id\":\"https:\/\/www.dmv.ca.gov\/portal\/#organization\",\"name\":\"State of California Department of Motor Vehicles\",\"url\":\"https:\/\/www.dmv.ca.gov\/portal\/\",\"logo\":{\"@type\":\"ImageObject\",\"inLanguage\":\"es-MX\",\"@id\":\"https:\/\/www.dmv.ca.gov\/portal\/#\/schema\/logo\/image\/\",\"url\":\"https:\/\/www.dmv.ca.gov\/portal\/uploads\/2022\/06\/DMV_Logo.png\",\"contentUrl\":\"https:\/\/www.dmv.ca.gov\/portal\/uploads\/2022\/06\/DMV_Logo.png\",\"width\":1920,\"height\":1080,\"caption\":\"State of California Department of Motor Vehicles\"},\"image\":{\"@id\":\"https:\/\/www.dmv.ca.gov\/portal\/#\/schema\/logo\/image\/\"},\"sameAs\":[\"https:\/\/www.facebook.com\/CADMV\",\"https:\/\/x.com\/ca_dmv\",\"https:\/\/www.instagram.com\/ca_dmv\/\",\"https:\/\/www.linkedin.com\/company\/ca-department-of-motor-vehicles\/\",\"https:\/\/www.youtube.com\/user\/CaliforniaDMV\"]}]}<\/script>\n<!-- \/ Yoast SEO plugin. -->","yoast_head_json":{"title":"Multiple DMV Offices Impacted by Recent Storms - California DMV","robots":{"index":"index","follow":"follow","max-snippet":"max-snippet:-1","max-image-preview":"max-image-preview:large","max-video-preview":"max-video-preview:-1"},"canonical":"https:\/\/www.dmv.ca.gov\/portal\/es\/news-and-media\/multiple-dmv-offices-impacted-by-recent-storms\/","og_locale":"es_MX","og_type":"article","og_title":"Multiple DMV Offices Impacted by Recent Storms - California DMV","og_description":"FOR IMMEDIATE RELEASEFebruary 6, 2024 Sacramento \u2013 Many DMV offices across California have been impacted in some way due to the ongoing storm event. While most offices are open, some remain closed due to power outages and others are only able to provide select services at this time. The DMV is working to restore all [&hellip;]","og_url":"https:\/\/www.dmv.ca.gov\/portal\/es\/news-and-media\/multiple-dmv-offices-impacted-by-recent-storms\/","og_site_name":"California DMV","article_publisher":"https:\/\/www.facebook.com\/CADMV","article_modified_time":"2024-02-06T18:38:16+00:00","og_image":[{"width":1920,"height":1080,"url":"https:\/\/www.dmv.ca.gov\/portal\/uploads\/2022\/06\/DMV_Logo.png","type":"image\/png"}],"twitter_card":"summary_large_image","twitter_site":"@ca_dmv","twitter_misc":{"Est. reading time":"1 minute"},"schema":{"@context":"https:\/\/schema.org","@graph":[{"@type":"WebPage","@id":"https:\/\/www.dmv.ca.gov\/portal\/news-and-media\/multiple-dmv-offices-impacted-by-recent-storms\/","url":"https:\/\/www.dmv.ca.gov\/portal\/news-and-media\/multiple-dmv-offices-impacted-by-recent-storms\/","name":"Multiple DMV Offices Impacted by Recent Storms - California DMV","isPartOf":{"@id":"https:\/\/www.dmv.ca.gov\/portal\/#website"},"datePublished":"2024-02-05T18:31:19+00:00","dateModified":"2024-02-06T18:38:16+00:00","breadcrumb":{"@id":"https:\/\/www.dmv.ca.gov\/portal\/news-and-media\/multiple-dmv-offices-impacted-by-recent-storms\/#breadcrumb"},"inLanguage":"es-MX","potentialAction":[{"@type":"ReadAction","target":["https:\/\/www.dmv.ca.gov\/portal\/news-and-media\/multiple-dmv-offices-impacted-by-recent-storms\/"]}]},{"@type":"BreadcrumbList","@id":"https:\/\/www.dmv.ca.gov\/portal\/news-and-media\/multiple-dmv-offices-impacted-by-recent-storms\/#breadcrumb","itemListElement":[{"@type":"ListItem","position":1,"name":"News And Media","item":"https:\/\/www.dmv.ca.gov\/portal\/news-and-media\/"},{"@type":"ListItem","position":2,"name":"Multiple DMV Offices Impacted by Recent Storms"}]},{"@type":"WebSite","@id":"https:\/\/www.dmv.ca.gov\/portal\/#website","url":"https:\/\/www.dmv.ca.gov\/portal\/","name":"California DMV","description":"","publisher":{"@id":"https:\/\/www.dmv.ca.gov\/portal\/#organization"},"potentialAction":[{"@type":"SearchAction","target":{"@type":"EntryPoint","urlTemplate":"https:\/\/www.dmv.ca.gov\/portal\/?s={search_term_string}"},"query-input":{"@type":"PropertyValueSpecification","valueRequired":true,"valueName":"search_term_string"}}],"inLanguage":"es-MX"},{"@type":"Organization","@id":"https:\/\/www.dmv.ca.gov\/portal\/#organization","name":"State of California Department of Motor Vehicles","url":"https:\/\/www.dmv.ca.gov\/portal\/","logo":{"@type":"ImageObject","inLanguage":"es-MX","@id":"https:\/\/www.dmv.ca.gov\/portal\/#\/schema\/logo\/image\/","url":"https:\/\/www.dmv.ca.gov\/portal\/uploads\/2022\/06\/DMV_Logo.png","contentUrl":"https:\/\/www.dmv.ca.gov\/portal\/uploads\/2022\/06\/DMV_Logo.png","width":1920,"height":1080,"caption":"State of California Department of Motor Vehicles"},"image":{"@id":"https:\/\/www.dmv.ca.gov\/portal\/#\/schema\/logo\/image\/"},"sameAs":["https:\/\/www.facebook.com\/CADMV","https:\/\/x.com\/ca_dmv","https:\/\/www.instagram.com\/ca_dmv\/","https:\/\/www.linkedin.com\/company\/ca-department-of-motor-vehicles\/","https:\/\/www.youtube.com\/user\/CaliforniaDMV"]}]}},"_links":{"self":[{"href":"https:\/\/www.dmv.ca.gov\/portal\/es\/wp-json\/wp\/v2\/pages\/225836","targetHints":{"allow":["GET"]}}],"collection":[{"href":"https:\/\/www.dmv.ca.gov\/portal\/es\/wp-json\/wp\/v2\/pages"}],"about":[{"href":"https:\/\/www.dmv.ca.gov\/portal\/es\/wp-json\/wp\/v2\/types\/page"}],"author":[{"embeddable":true,"href":"https:\/\/www.dmv.ca.gov\/portal\/es\/wp-json\/wp\/v2\/users\/2527"}],"replies":[{"embeddable":true,"href":"https:\/\/www.dmv.ca.gov\/portal\/es\/wp-json\/wp\/v2\/comments?post=225836"}],"version-history":[{"count":7,"href":"https:\/\/www.dmv.ca.gov\/portal\/es\/wp-json\/wp\/v2\/pages\/225836\/revisions"}],"predecessor-version":[{"id":225911,"href":"https:\/\/www.dmv.ca.gov\/portal\/es\/wp-json\/wp\/v2\/pages\/225836\/revisions\/225911"}],"up":[{"embeddable":true,"href":"https:\/\/www.dmv.ca.gov\/portal\/es\/wp-json\/wp\/v2\/pages\/1542"}],"wp:attachment":[{"href":"https:\/\/www.dmv.ca.gov\/portal\/es\/wp-json\/wp\/v2\/media?parent=225836"}],"wp:term":[{"taxonomy":"category","embeddable":true,"href":"https:\/\/www.dmv.ca.gov\/portal\/es\/wp-json\/wp\/v2\/categories?post=225836"},{"taxonomy":"post_tag","embeddable":true,"href":"https:\/\/www.dmv.ca.gov\/portal\/es\/wp-json\/wp\/v2\/tags?post=225836"},{"taxonomy":"dmv_task","embeddable":true,"href":"https:\/\/www.dmv.ca.gov\/portal\/es\/wp-json\/wp\/v2\/dmv_task?post=225836"},{"taxonomy":"dmv_functional_page_type","embeddable":true,"href":"https:\/\/www.dmv.ca.gov\/portal\/es\/wp-json\/wp\/v2\/dmv_functional_page_type?post=225836"},{"taxonomy":"dmv_content_type","embeddable":true,"href":"https:\/\/www.dmv.ca.gov\/portal\/es\/wp-json\/wp\/v2\/dmv_content_type?post=225836"}],"curies":[{"name":"wp","href":"https:\/\/api.w.org\/{rel}","templated":true}]}}