{"id":237143,"date":"2024-05-06T10:32:32","date_gmt":"2024-05-06T17:32:32","guid":{"rendered":"https:\/\/www.dmv.ca.gov\/portal\/?page_id=237143"},"modified":"2024-05-06T10:33:51","modified_gmt":"2024-05-06T17:33:51","slug":"dmvs-watsonville-office-to-reopen-may-20-after-renovations","status":"publish","type":"page","link":"https:\/\/www.dmv.ca.gov\/portal\/es\/news-and-media\/dmvs-watsonville-office-to-reopen-may-20-after-renovations\/","title":{"rendered":"DMV\u2019s Watsonville Office to Reopen May 20 after Renovations"},"content":{"rendered":"<p><strong>PARA PUBLICACI\u00d3N INMEDIATA<br>May 6, 2024<\/strong><\/p>\n\n\n\n<p><strong>Sacramento<\/strong> \u2013 The California Department of Motor Vehicles is notifying customers that the Watsonville office at 90 Alta Vista Ave. is reopening at 8 a.m. Monday, May 20.<\/p>\n\n\n\n<p>The office closed on April 5 to replace the furniture and flooring. The office\u2019s interior and exterior were also repainted.<\/p>\n\n\n\n<p>Se alienta a los residentes del \u00e1rea a aprovechar esta oportunidad para solicitar una REAL ID, que requiere visitar una oficina del DMV para completar la solicitud. A partir del 7 de mayo de 2025, el Departamento de Seguridad Nacional de EE. UU. requerir\u00e1 un pasaporte v\u00e1lido u otros <a href=\"https:\/\/www.tsa.gov\/travel\/security-screening\/identification\">documentos aprobados por el gobierno federal<\/a>, como una licencia de conducir o tarjeta de identificaci\u00f3n REAL ID, para abordar vuelos dentro de los Estados Unidos y acceder a instalaciones federales y bases militares seguras.<\/p>\n\n\n\n<p>To ensure the shortest office visit possible, first go to <a href=\"https:\/\/www.dmv.ca.gov\/portal\/es\/driver-licenses-identification-cards\/real-id\/\">REALID.dmv.ca.gov<\/a> to fill out the online application, upload necessary documents and print your confirmation code. Bring your documents and confirmation code to the DMV office to finalize your transaction \u2013 no appointment is needed. Once at a service window, it now usually takes less than 10 minutes to complete the REAL ID transaction.<\/p>\n\n\n\n<p><strong>Antes de ir a una oficina- Primero intente en l\u00ednea<\/strong><\/p>\n\n\n\n<p>El DMV ha tomado muchas medidas para ofrecer m\u00e1s servicios digitales. La mayor\u00eda de las transacciones del DMV no requieren visitar una oficina. El DMV les recomienda a los clientes usar sus servicios&nbsp;<a href=\"https:\/\/www.dmv.ca.gov\/portal\/es\/dmv-online\/\"><a href=\"https:\/\/www.dmv.ca.gov\/portal\/es\/dmv-online\/\">servicios en l\u00ednea<\/a><\/a>&nbsp;y otros medios de servicio para completar transacciones, como pueden ser renovaciones elegibles de licencias de manejo y registro de veh\u00edculos. Los clientes tambi\u00e9n pueden usar el&nbsp;<a href=\"https:\/\/www.dmv.ca.gov\/portal\/es\/?s=\"><a href=\"https:\/\/www.dmv.ca.gov\/portal\/es\/?s=\">Asesor de Servicios<\/a><\/a>&nbsp;en el&nbsp;<a href=\"https:\/\/www.dmv.ca.gov\/portal\/es\/\"><a href=\"https:\/\/www.dmv.ca.gov\/portal\/es\/dmv-online\/\"> sitio web del DMV<\/a><\/a>&nbsp;para conocer sus opciones para completar transacciones del DMV.<\/p>\n\n\n\n<p>Para recibir notificaciones el\u00e9ctronicas sobre renovaciones de registro de veh\u00edculos y licencias de manejo, los clientes pueden optar por este servicio al crear una cuenta segura en l\u00ednea y registr\u00e1ndose en&nbsp;<a href=\"https:\/\/www.dmv.ca.gov\/portal\/es\/\"><a href=\"https:\/\/www.dmv.ca.gov\/portal\/es\/\">dmv.ca.gov<\/a><\/a>&nbsp;y luego registrarse.<\/p>\n\n\n\n<p class=\"has-text-align-center\">###<\/p>\n\n\n\n<p class=\"has-text-align-center translation-block\">Sign up to receive the latest DMV News Alerts:&nbsp;<a href=\"https:\/\/www.dmv.ca.gov\/portal\/es\/dmv-news-alerts\/\" target=\"_blank\" rel=\"noreferrer noopener\">DMV NEWS ALERTS \u2013 California DMV<\/a><\/p>","protected":false},"excerpt":{"rendered":"<p>FOR IMMEDIATE RELEASEMay 6, 2024 Sacramento \u2013 The California Department of Motor Vehicles is notifying customers that the Watsonville office at 90 Alta Vista Ave. is reopening at 8 a.m. Monday, May 20. The office closed on April 5 to replace the furniture and flooring. The office\u2019s interior and exterior were also repainted. Area residents [&hellip;]<\/p>\n","protected":false},"author":2582,"featured_media":0,"parent":1542,"menu_order":0,"comment_status":"closed","ping_status":"closed","template":"","meta":{"ep_exclude_from_search":false,"dmv_page_popups":[],"dmv_ribbon_color":"","dmv_top_illustration":"","dmv_page_title":"","dmv_page_subtitle":"","dmv_exclude_from_search_results":false,"dmv_allowed_editors":[],"dmv_display_translate_button":false,"footnotes":""},"categories":[1627],"tags":[],"dmv_task":[86],"dmv_functional_page_type":[3],"dmv_content_type":[],"class_list":["post-237143","page","type-page","status-publish","hentry","category-news-media","dmv_task-location","dmv_functional_page_type-press-release"],"featured_image_src":null,"yoast_head":"<!-- This site is optimized with the Yoast SEO plugin v27.2 - https:\/\/yoast.com\/product\/yoast-seo-wordpress\/ -->\n<title>DMV\u2019s Watsonville Office to Reopen May 20 after Renovations - California DMV<\/title>\n<meta name=\"robots\" content=\"index, follow, max-snippet:-1, max-image-preview:large, max-video-preview:-1\" \/>\n<link rel=\"canonical\" href=\"https:\/\/www.dmv.ca.gov\/portal\/es\/news-and-media\/dmvs-watsonville-office-to-reopen-may-20-after-renovations\/\" \/>\n<meta property=\"og:locale\" content=\"es_MX\" \/>\n<meta property=\"og:type\" content=\"article\" \/>\n<meta property=\"og:title\" content=\"DMV\u2019s Watsonville Office to Reopen May 20 after Renovations - California DMV\" \/>\n<meta property=\"og:description\" content=\"FOR IMMEDIATE RELEASEMay 6, 2024 Sacramento \u2013 The California Department of Motor Vehicles is notifying customers that the Watsonville office at 90 Alta Vista Ave. is reopening at 8 a.m. Monday, May 20. The office closed on April 5 to replace the furniture and flooring. The office\u2019s interior and exterior were also repainted. Area residents [&hellip;]\" \/>\n<meta property=\"og:url\" content=\"https:\/\/www.dmv.ca.gov\/portal\/es\/news-and-media\/dmvs-watsonville-office-to-reopen-may-20-after-renovations\/\" \/>\n<meta property=\"og:site_name\" content=\"California DMV\" \/>\n<meta property=\"article:publisher\" content=\"https:\/\/www.facebook.com\/CADMV\" \/>\n<meta property=\"article:modified_time\" content=\"2024-05-06T17:33:51+00:00\" \/>\n<meta property=\"og:image\" content=\"https:\/\/www.dmv.ca.gov\/portal\/uploads\/2022\/06\/DMV_Logo.png\" \/>\n\t<meta property=\"og:image:width\" content=\"1920\" \/>\n\t<meta property=\"og:image:height\" content=\"1080\" \/>\n\t<meta property=\"og:image:type\" content=\"image\/png\" \/>\n<meta name=\"twitter:card\" content=\"summary_large_image\" \/>\n<meta name=\"twitter:site\" content=\"@ca_dmv\" \/>\n<meta name=\"twitter:label1\" content=\"Est. reading time\" \/>\n\t<meta name=\"twitter:data1\" content=\"2 minutes\" \/>\n<script type=\"application\/ld+json\" class=\"yoast-schema-graph\">{\"@context\":\"https:\/\/schema.org\",\"@graph\":[{\"@type\":\"WebPage\",\"@id\":\"https:\/\/www.dmv.ca.gov\/portal\/news-and-media\/dmvs-watsonville-office-to-reopen-may-20-after-renovations\/\",\"url\":\"https:\/\/www.dmv.ca.gov\/portal\/news-and-media\/dmvs-watsonville-office-to-reopen-may-20-after-renovations\/\",\"name\":\"DMV\u2019s Watsonville Office to Reopen May 20 after Renovations - California DMV\",\"isPartOf\":{\"@id\":\"https:\/\/www.dmv.ca.gov\/portal\/#website\"},\"datePublished\":\"2024-05-06T17:32:32+00:00\",\"dateModified\":\"2024-05-06T17:33:51+00:00\",\"breadcrumb\":{\"@id\":\"https:\/\/www.dmv.ca.gov\/portal\/news-and-media\/dmvs-watsonville-office-to-reopen-may-20-after-renovations\/#breadcrumb\"},\"inLanguage\":\"es-MX\",\"potentialAction\":[{\"@type\":\"ReadAction\",\"target\":[\"https:\/\/www.dmv.ca.gov\/portal\/news-and-media\/dmvs-watsonville-office-to-reopen-may-20-after-renovations\/\"]}]},{\"@type\":\"BreadcrumbList\",\"@id\":\"https:\/\/www.dmv.ca.gov\/portal\/news-and-media\/dmvs-watsonville-office-to-reopen-may-20-after-renovations\/#breadcrumb\",\"itemListElement\":[{\"@type\":\"ListItem\",\"position\":1,\"name\":\"News And Media\",\"item\":\"https:\/\/www.dmv.ca.gov\/portal\/news-and-media\/\"},{\"@type\":\"ListItem\",\"position\":2,\"name\":\"DMV\u2019s Watsonville Office to Reopen May 20 after Renovations\"}]},{\"@type\":\"WebSite\",\"@id\":\"https:\/\/www.dmv.ca.gov\/portal\/#website\",\"url\":\"https:\/\/www.dmv.ca.gov\/portal\/\",\"name\":\"California DMV\",\"description\":\"\",\"publisher\":{\"@id\":\"https:\/\/www.dmv.ca.gov\/portal\/#organization\"},\"potentialAction\":[{\"@type\":\"SearchAction\",\"target\":{\"@type\":\"EntryPoint\",\"urlTemplate\":\"https:\/\/www.dmv.ca.gov\/portal\/?s={search_term_string}\"},\"query-input\":{\"@type\":\"PropertyValueSpecification\",\"valueRequired\":true,\"valueName\":\"search_term_string\"}}],\"inLanguage\":\"es-MX\"},{\"@type\":\"Organization\",\"@id\":\"https:\/\/www.dmv.ca.gov\/portal\/#organization\",\"name\":\"State of California Department of Motor Vehicles\",\"url\":\"https:\/\/www.dmv.ca.gov\/portal\/\",\"logo\":{\"@type\":\"ImageObject\",\"inLanguage\":\"es-MX\",\"@id\":\"https:\/\/www.dmv.ca.gov\/portal\/#\/schema\/logo\/image\/\",\"url\":\"https:\/\/www.dmv.ca.gov\/portal\/uploads\/2022\/06\/DMV_Logo.png\",\"contentUrl\":\"https:\/\/www.dmv.ca.gov\/portal\/uploads\/2022\/06\/DMV_Logo.png\",\"width\":1920,\"height\":1080,\"caption\":\"State of California Department of Motor Vehicles\"},\"image\":{\"@id\":\"https:\/\/www.dmv.ca.gov\/portal\/#\/schema\/logo\/image\/\"},\"sameAs\":[\"https:\/\/www.facebook.com\/CADMV\",\"https:\/\/x.com\/ca_dmv\",\"https:\/\/www.instagram.com\/ca_dmv\/\",\"https:\/\/www.linkedin.com\/company\/ca-department-of-motor-vehicles\/\",\"https:\/\/www.youtube.com\/user\/CaliforniaDMV\"]}]}<\/script>\n<!-- \/ Yoast SEO plugin. -->","yoast_head_json":{"title":"DMV\u2019s Watsonville Office to Reopen May 20 after Renovations - California DMV","robots":{"index":"index","follow":"follow","max-snippet":"max-snippet:-1","max-image-preview":"max-image-preview:large","max-video-preview":"max-video-preview:-1"},"canonical":"https:\/\/www.dmv.ca.gov\/portal\/es\/news-and-media\/dmvs-watsonville-office-to-reopen-may-20-after-renovations\/","og_locale":"es_MX","og_type":"article","og_title":"DMV\u2019s Watsonville Office to Reopen May 20 after Renovations - California DMV","og_description":"FOR IMMEDIATE RELEASEMay 6, 2024 Sacramento \u2013 The California Department of Motor Vehicles is notifying customers that the Watsonville office at 90 Alta Vista Ave. is reopening at 8 a.m. Monday, May 20. The office closed on April 5 to replace the furniture and flooring. The office\u2019s interior and exterior were also repainted. Area residents [&hellip;]","og_url":"https:\/\/www.dmv.ca.gov\/portal\/es\/news-and-media\/dmvs-watsonville-office-to-reopen-may-20-after-renovations\/","og_site_name":"California DMV","article_publisher":"https:\/\/www.facebook.com\/CADMV","article_modified_time":"2024-05-06T17:33:51+00:00","og_image":[{"width":1920,"height":1080,"url":"https:\/\/www.dmv.ca.gov\/portal\/uploads\/2022\/06\/DMV_Logo.png","type":"image\/png"}],"twitter_card":"summary_large_image","twitter_site":"@ca_dmv","twitter_misc":{"Est. reading time":"2 minutes"},"schema":{"@context":"https:\/\/schema.org","@graph":[{"@type":"WebPage","@id":"https:\/\/www.dmv.ca.gov\/portal\/news-and-media\/dmvs-watsonville-office-to-reopen-may-20-after-renovations\/","url":"https:\/\/www.dmv.ca.gov\/portal\/news-and-media\/dmvs-watsonville-office-to-reopen-may-20-after-renovations\/","name":"DMV\u2019s Watsonville Office to Reopen May 20 after Renovations - California DMV","isPartOf":{"@id":"https:\/\/www.dmv.ca.gov\/portal\/#website"},"datePublished":"2024-05-06T17:32:32+00:00","dateModified":"2024-05-06T17:33:51+00:00","breadcrumb":{"@id":"https:\/\/www.dmv.ca.gov\/portal\/news-and-media\/dmvs-watsonville-office-to-reopen-may-20-after-renovations\/#breadcrumb"},"inLanguage":"es-MX","potentialAction":[{"@type":"ReadAction","target":["https:\/\/www.dmv.ca.gov\/portal\/news-and-media\/dmvs-watsonville-office-to-reopen-may-20-after-renovations\/"]}]},{"@type":"BreadcrumbList","@id":"https:\/\/www.dmv.ca.gov\/portal\/news-and-media\/dmvs-watsonville-office-to-reopen-may-20-after-renovations\/#breadcrumb","itemListElement":[{"@type":"ListItem","position":1,"name":"News And Media","item":"https:\/\/www.dmv.ca.gov\/portal\/news-and-media\/"},{"@type":"ListItem","position":2,"name":"DMV\u2019s Watsonville Office to Reopen May 20 after Renovations"}]},{"@type":"WebSite","@id":"https:\/\/www.dmv.ca.gov\/portal\/#website","url":"https:\/\/www.dmv.ca.gov\/portal\/","name":"California DMV","description":"","publisher":{"@id":"https:\/\/www.dmv.ca.gov\/portal\/#organization"},"potentialAction":[{"@type":"SearchAction","target":{"@type":"EntryPoint","urlTemplate":"https:\/\/www.dmv.ca.gov\/portal\/?s={search_term_string}"},"query-input":{"@type":"PropertyValueSpecification","valueRequired":true,"valueName":"search_term_string"}}],"inLanguage":"es-MX"},{"@type":"Organization","@id":"https:\/\/www.dmv.ca.gov\/portal\/#organization","name":"State of California Department of Motor Vehicles","url":"https:\/\/www.dmv.ca.gov\/portal\/","logo":{"@type":"ImageObject","inLanguage":"es-MX","@id":"https:\/\/www.dmv.ca.gov\/portal\/#\/schema\/logo\/image\/","url":"https:\/\/www.dmv.ca.gov\/portal\/uploads\/2022\/06\/DMV_Logo.png","contentUrl":"https:\/\/www.dmv.ca.gov\/portal\/uploads\/2022\/06\/DMV_Logo.png","width":1920,"height":1080,"caption":"State of California Department of Motor Vehicles"},"image":{"@id":"https:\/\/www.dmv.ca.gov\/portal\/#\/schema\/logo\/image\/"},"sameAs":["https:\/\/www.facebook.com\/CADMV","https:\/\/x.com\/ca_dmv","https:\/\/www.instagram.com\/ca_dmv\/","https:\/\/www.linkedin.com\/company\/ca-department-of-motor-vehicles\/","https:\/\/www.youtube.com\/user\/CaliforniaDMV"]}]}},"_links":{"self":[{"href":"https:\/\/www.dmv.ca.gov\/portal\/es\/wp-json\/wp\/v2\/pages\/237143","targetHints":{"allow":["GET"]}}],"collection":[{"href":"https:\/\/www.dmv.ca.gov\/portal\/es\/wp-json\/wp\/v2\/pages"}],"about":[{"href":"https:\/\/www.dmv.ca.gov\/portal\/es\/wp-json\/wp\/v2\/types\/page"}],"author":[{"embeddable":true,"href":"https:\/\/www.dmv.ca.gov\/portal\/es\/wp-json\/wp\/v2\/users\/2582"}],"replies":[{"embeddable":true,"href":"https:\/\/www.dmv.ca.gov\/portal\/es\/wp-json\/wp\/v2\/comments?post=237143"}],"version-history":[{"count":2,"href":"https:\/\/www.dmv.ca.gov\/portal\/es\/wp-json\/wp\/v2\/pages\/237143\/revisions"}],"predecessor-version":[{"id":237149,"href":"https:\/\/www.dmv.ca.gov\/portal\/es\/wp-json\/wp\/v2\/pages\/237143\/revisions\/237149"}],"up":[{"embeddable":true,"href":"https:\/\/www.dmv.ca.gov\/portal\/es\/wp-json\/wp\/v2\/pages\/1542"}],"wp:attachment":[{"href":"https:\/\/www.dmv.ca.gov\/portal\/es\/wp-json\/wp\/v2\/media?parent=237143"}],"wp:term":[{"taxonomy":"category","embeddable":true,"href":"https:\/\/www.dmv.ca.gov\/portal\/es\/wp-json\/wp\/v2\/categories?post=237143"},{"taxonomy":"post_tag","embeddable":true,"href":"https:\/\/www.dmv.ca.gov\/portal\/es\/wp-json\/wp\/v2\/tags?post=237143"},{"taxonomy":"dmv_task","embeddable":true,"href":"https:\/\/www.dmv.ca.gov\/portal\/es\/wp-json\/wp\/v2\/dmv_task?post=237143"},{"taxonomy":"dmv_functional_page_type","embeddable":true,"href":"https:\/\/www.dmv.ca.gov\/portal\/es\/wp-json\/wp\/v2\/dmv_functional_page_type?post=237143"},{"taxonomy":"dmv_content_type","embeddable":true,"href":"https:\/\/www.dmv.ca.gov\/portal\/es\/wp-json\/wp\/v2\/dmv_content_type?post=237143"}],"curies":[{"name":"wp","href":"https:\/\/api.w.org\/{rel}","templated":true}]}}