{"id":237176,"date":"2024-05-07T10:45:26","date_gmt":"2024-05-07T17:45:26","guid":{"rendered":"https:\/\/www.dmv.ca.gov\/portal\/?page_id=237176"},"modified":"2024-05-07T10:45:39","modified_gmt":"2024-05-07T17:45:39","slug":"californians-have-one-year-to-secure-their-real-id-before-federal-enforcement-begins","status":"publish","type":"page","link":"https:\/\/www.dmv.ca.gov\/portal\/es\/news-and-media\/californians-have-one-year-to-secure-their-real-id-before-federal-enforcement-begins\/","title":{"rendered":"Californians Have One Year to Secure Their REAL ID Before Federal Enforcement Begins"},"content":{"rendered":"<p class=\"has-text-align-left\">Contact: \u00a0Office of Public Affairs<br>2415 First Avenue<br>Sacramento, CA 95818<br>(916) 657\u20136437 |\u00a0<a href=\"mailto:dmvpublicaffairs@dmv.ca.gov\">dmvpublicaffairs@dmv.ca.gov<\/a><\/p>\n\n\n\n<p><strong>PARA PUBLICACI\u00d3N INMEDIATA<\/strong><br><strong>May 7, 2024<\/strong><\/p>\n\n\n\n<p><strong>Sacramento<\/strong> \u2013 More than 17.4 million Californians now have a REAL ID \u2013 an increase of 139,605 from April 2024 according to the Department of Motor Vehicles.<\/p>\n\n\n\n<p>The DMV reminds Californians there is now just <strong>one year remaining<\/strong> before the U.S. Department of Homeland Security begins enforcing the REAL ID requirement. Starting May 7, 2025, a REAL ID, or other federally approved identification, will be necessary to board domestic flights and access certain federal facilities.<\/p>\n\n\n\n<figure class=\"wp-block-pullquote has-text-align-center\"><blockquote><p>\u201cWith just 12 months left before the REAL ID requirement, now is the time to act. We encourage everyone to avoid the rush and get their REAL ID now,\u201d said DMV Director Steve Gordon. \u201cYour travel in the U.S. will be easier, and you\u2019ll be glad you got yours ahead of time.\u201d<\/p><\/blockquote><\/figure>\n\n\n\n<p>The application process can be started online at <a href=\"\/portal\/es\/driver-licenses-identification-cards\/real-id\/\">REALID.dmv.ca.gov<\/a>, where documents can be uploaded before visiting a DMV office to complete the application. This streamlined process is quick and efficient while significantly reducing the amount of time for an office visit.<\/p>\n\n\n\n<p>The REAL ID does not replace a passport for international travel, but it does ensure that you can continue flying within the United States and accessing secure federal locations without additional documentation.<\/p>\n\n\n\n<p>Para obtener un REAL ID, los Californianos pueden visitar&nbsp;<a href=\"\/portal\/es\/driver-licenses-identification-cards\/real-id\/\">REALID.dmv.ca.gov<\/a>, fill out the online application and upload their documents. Customers must visit a DMV office and bring their uploaded documents to complete the application. By starting the process online, it should only take about 15 minutes in the office. Customers need to provide:<\/p>\n\n\n\n<ul class=\"wp-block-list\">\n<li>Prueba de identidad*: un documento original o certificado (ejemplo: pasaporte v\u00e1lido, certificado de nacimiento) *Documento(s) de cambio de nombre legal si el nombre en la prueba de identidad es diferente del nombre en los otros documentos (ejemplo: certificado de matrimonio, adopci\u00f3n documentos)<\/li>\n\n\n\n<li>Comprobantes de residencia en California: dos documentos, copias en papel (ejemplo: factura de servicios p\u00fablicos, extracto bancario)<\/li>\n\n\n\n<li>N\u00famero de Seguro Social (pueden aplicarse excepciones)<\/li>\n<\/ul>\n\n\n\n<p class=\"translation-block\">Visite <a href=\"https:\/\/www.dmv.ca.gov\/portal\/es\/driver-licenses-identification-cards\/real-id\/how-do-i-get-a-real-id\/real-id-checklist\/\" target=\"_self\">REALID.dmv.ca.gov<\/a> para obtener una lista completa de los documentos aceptables y un enlace a la solicitud en l\u00ednea.<\/p>\n\n\n\n<p><strong>Informaci\u00f3n hist\u00f3rica de REAL ID:<\/strong><\/p>\n\n\n\n<ul class=\"wp-block-list\">\n<li>Total REAL ID cardholders as of May 1, 2024: 17,424,852<\/li>\n\n\n\n<li>Total REAL ID cardholders as of April 1, 2024: 17,285,247<\/li>\n\n\n\n<li>Total REAL ID cardholders as May 1, 2023: 15,634,447<\/li>\n<\/ul>\n\n\n\n<p>Download REAL ID b-roll:<\/p>\n\n\n\n<p><a href=\"https:\/\/we.tl\/t-Ou9aav63m1\">https:\/\/we.tl\/t-Ou9aav63m1<\/a><br><a href=\"https:\/\/youtu.be\/qhu5gojNMXg\">https:\/\/youtu.be\/qhu5gojNMXg<\/a><\/p>\n\n\n\n<p><strong>Online Services<\/strong>&nbsp;&nbsp;&nbsp;&nbsp;&nbsp;&nbsp;&nbsp;&nbsp; <strong><\/strong><\/p>\n\n\n\n<p class=\"translation-block\">El DMV ha tomado muchas medidas para ofrecer m\u00e1s servicios digitales. La mayor\u00eda de las transacciones del DMV no requieren visitar una oficina. El DMV les recomienda a los clientes usar sus servicios <a href=\"https:\/\/www.dmv.ca.gov\/portal\/es\/dmv-online\/\" target=\"_self\">en l\u00ednea<\/a> y otros canales de servicio para completar transacciones, incluidas las renovaciones elegibles de licencias de conducir y registros de veh\u00edculos. Los clientes tambi\u00e9n pueden usar el <a href=\"https:\/\/www.dmv.ca.gov\/portal\/es\/make-an-appointment\/service-advisor\/\" target=\"_self\">Asesor de Servicio<\/a> en el sitio web del DMV para conocer sus opciones para completar transacciones del DMV.<\/p>\n\n\n\n<p class=\"translation-block\">Para recibir notificaciones el\u00e9ctronicas sobre renovaciones de registro de veh\u00edculos y licencias de manejo, los clientes pueden optar por este servicio al crear una cuenta segura en l\u00ednea y registr\u00e1ndose en <a href=\"https:\/\/www.dmv.ca.gov\/portal\/es\/dmv-online\/\" target=\"_self\">dmv.ca.gov<\/a> y luego inscribirse.<\/p>\n\n\n\n<p class=\"has-text-align-center\">###<\/p>\n\n\n\n<p class=\"has-text-align-center\">Reg\u00edstrate para recibir alertas de noticias del DMV: <a rel=\"noreferrer noopener\" href=\"https:\/\/www.dmv.ca.gov\/portal\/es\/dmv-news-alerts\/\" target=\"_blank\">DMV NEWS ALERTS - California DMV<\/a><\/p>","protected":false},"excerpt":{"rendered":"<p>FOR IMMEDIATE RELEASEMay 7, 2024 Sacramento \u2013 More than 17.4 million Californians now have a REAL ID \u2013 an increase of 139,605 from April 2024 according to the Department of Motor Vehicles. The DMV reminds Californians there is now just one year remaining before the U.S. Department of Homeland Security begins enforcing the REAL ID [&hellip;]<\/p>\n","protected":false},"author":2527,"featured_media":0,"parent":1542,"menu_order":0,"comment_status":"closed","ping_status":"closed","template":"","meta":{"ep_exclude_from_search":false,"dmv_page_popups":[],"dmv_ribbon_color":"","dmv_top_illustration":"","dmv_page_title":"","dmv_page_subtitle":"","dmv_exclude_from_search_results":false,"dmv_allowed_editors":[],"dmv_display_translate_button":false,"footnotes":""},"categories":[],"tags":[],"dmv_task":[10],"dmv_functional_page_type":[3],"dmv_content_type":[],"class_list":["post-237176","page","type-page","status-publish","hentry","dmv_task-licensing","dmv_functional_page_type-press-release"],"featured_image_src":null,"yoast_head":"<!-- This site is optimized with the Yoast SEO plugin v27.3 - https:\/\/yoast.com\/product\/yoast-seo-wordpress\/ -->\n<title>Californians Have One Year to Secure Their REAL ID Before Federal Enforcement Begins - California DMV<\/title>\n<meta name=\"robots\" content=\"index, follow, max-snippet:-1, max-image-preview:large, max-video-preview:-1\" \/>\n<link rel=\"canonical\" href=\"https:\/\/www.dmv.ca.gov\/portal\/es\/news-and-media\/californians-have-one-year-to-secure-their-real-id-before-federal-enforcement-begins\/\" \/>\n<meta property=\"og:locale\" content=\"es_MX\" \/>\n<meta property=\"og:type\" content=\"article\" \/>\n<meta property=\"og:title\" content=\"Californians Have One Year to Secure Their REAL ID Before Federal Enforcement Begins - California DMV\" \/>\n<meta property=\"og:description\" content=\"FOR IMMEDIATE RELEASEMay 7, 2024 Sacramento \u2013 More than 17.4 million Californians now have a REAL ID \u2013 an increase of 139,605 from April 2024 according to the Department of Motor Vehicles. The DMV reminds Californians there is now just one year remaining before the U.S. Department of Homeland Security begins enforcing the REAL ID [&hellip;]\" \/>\n<meta property=\"og:url\" content=\"https:\/\/www.dmv.ca.gov\/portal\/es\/news-and-media\/californians-have-one-year-to-secure-their-real-id-before-federal-enforcement-begins\/\" \/>\n<meta property=\"og:site_name\" content=\"California DMV\" \/>\n<meta property=\"article:publisher\" content=\"https:\/\/www.facebook.com\/CADMV\" \/>\n<meta property=\"article:modified_time\" content=\"2024-05-07T17:45:39+00:00\" \/>\n<meta property=\"og:image\" content=\"https:\/\/www.dmv.ca.gov\/portal\/uploads\/2022\/06\/DMV_Logo.png\" \/>\n\t<meta property=\"og:image:width\" content=\"1920\" \/>\n\t<meta property=\"og:image:height\" content=\"1080\" \/>\n\t<meta property=\"og:image:type\" content=\"image\/png\" \/>\n<meta name=\"twitter:card\" content=\"summary_large_image\" \/>\n<meta name=\"twitter:site\" content=\"@ca_dmv\" \/>\n<meta name=\"twitter:label1\" content=\"Est. reading time\" \/>\n\t<meta name=\"twitter:data1\" content=\"2 minutes\" \/>\n<script type=\"application\/ld+json\" class=\"yoast-schema-graph\">{\"@context\":\"https:\\\/\\\/schema.org\",\"@graph\":[{\"@type\":\"WebPage\",\"@id\":\"https:\\\/\\\/www.dmv.ca.gov\\\/portal\\\/news-and-media\\\/californians-have-one-year-to-secure-their-real-id-before-federal-enforcement-begins\\\/\",\"url\":\"https:\\\/\\\/www.dmv.ca.gov\\\/portal\\\/news-and-media\\\/californians-have-one-year-to-secure-their-real-id-before-federal-enforcement-begins\\\/\",\"name\":\"Californians Have One Year to Secure Their REAL ID Before Federal Enforcement Begins - California DMV\",\"isPartOf\":{\"@id\":\"https:\\\/\\\/www.dmv.ca.gov\\\/portal\\\/#website\"},\"datePublished\":\"2024-05-07T17:45:26+00:00\",\"dateModified\":\"2024-05-07T17:45:39+00:00\",\"breadcrumb\":{\"@id\":\"https:\\\/\\\/www.dmv.ca.gov\\\/portal\\\/news-and-media\\\/californians-have-one-year-to-secure-their-real-id-before-federal-enforcement-begins\\\/#breadcrumb\"},\"inLanguage\":\"es-MX\",\"potentialAction\":[{\"@type\":\"ReadAction\",\"target\":[\"https:\\\/\\\/www.dmv.ca.gov\\\/portal\\\/news-and-media\\\/californians-have-one-year-to-secure-their-real-id-before-federal-enforcement-begins\\\/\"]}]},{\"@type\":\"BreadcrumbList\",\"@id\":\"https:\\\/\\\/www.dmv.ca.gov\\\/portal\\\/news-and-media\\\/californians-have-one-year-to-secure-their-real-id-before-federal-enforcement-begins\\\/#breadcrumb\",\"itemListElement\":[{\"@type\":\"ListItem\",\"position\":1,\"name\":\"News And Media\",\"item\":\"https:\\\/\\\/www.dmv.ca.gov\\\/portal\\\/news-and-media\\\/\"},{\"@type\":\"ListItem\",\"position\":2,\"name\":\"Californians Have One Year to Secure Their REAL ID Before Federal Enforcement Begins\"}]},{\"@type\":\"WebSite\",\"@id\":\"https:\\\/\\\/www.dmv.ca.gov\\\/portal\\\/#website\",\"url\":\"https:\\\/\\\/www.dmv.ca.gov\\\/portal\\\/\",\"name\":\"California DMV\",\"description\":\"\",\"publisher\":{\"@id\":\"https:\\\/\\\/www.dmv.ca.gov\\\/portal\\\/#organization\"},\"potentialAction\":[{\"@type\":\"SearchAction\",\"target\":{\"@type\":\"EntryPoint\",\"urlTemplate\":\"https:\\\/\\\/www.dmv.ca.gov\\\/portal\\\/?s={search_term_string}\"},\"query-input\":{\"@type\":\"PropertyValueSpecification\",\"valueRequired\":true,\"valueName\":\"search_term_string\"}}],\"inLanguage\":\"es-MX\"},{\"@type\":\"Organization\",\"@id\":\"https:\\\/\\\/www.dmv.ca.gov\\\/portal\\\/#organization\",\"name\":\"State of California Department of Motor Vehicles\",\"url\":\"https:\\\/\\\/www.dmv.ca.gov\\\/portal\\\/\",\"logo\":{\"@type\":\"ImageObject\",\"inLanguage\":\"es-MX\",\"@id\":\"https:\\\/\\\/www.dmv.ca.gov\\\/portal\\\/#\\\/schema\\\/logo\\\/image\\\/\",\"url\":\"https:\\\/\\\/www.dmv.ca.gov\\\/portal\\\/uploads\\\/2022\\\/06\\\/DMV_Logo.png\",\"contentUrl\":\"https:\\\/\\\/www.dmv.ca.gov\\\/portal\\\/uploads\\\/2022\\\/06\\\/DMV_Logo.png\",\"width\":1920,\"height\":1080,\"caption\":\"State of California Department of Motor Vehicles\"},\"image\":{\"@id\":\"https:\\\/\\\/www.dmv.ca.gov\\\/portal\\\/#\\\/schema\\\/logo\\\/image\\\/\"},\"sameAs\":[\"https:\\\/\\\/www.facebook.com\\\/CADMV\",\"https:\\\/\\\/x.com\\\/ca_dmv\",\"https:\\\/\\\/www.instagram.com\\\/ca_dmv\\\/\",\"https:\\\/\\\/www.linkedin.com\\\/company\\\/ca-department-of-motor-vehicles\\\/\",\"https:\\\/\\\/www.youtube.com\\\/user\\\/CaliforniaDMV\"]}]}<\/script>\n<!-- \/ Yoast SEO plugin. -->","yoast_head_json":{"title":"Californians Have One Year to Secure Their REAL ID Before Federal Enforcement Begins - California DMV","robots":{"index":"index","follow":"follow","max-snippet":"max-snippet:-1","max-image-preview":"max-image-preview:large","max-video-preview":"max-video-preview:-1"},"canonical":"https:\/\/www.dmv.ca.gov\/portal\/es\/news-and-media\/californians-have-one-year-to-secure-their-real-id-before-federal-enforcement-begins\/","og_locale":"es_MX","og_type":"article","og_title":"Californians Have One Year to Secure Their REAL ID Before Federal Enforcement Begins - California DMV","og_description":"FOR IMMEDIATE RELEASEMay 7, 2024 Sacramento \u2013 More than 17.4 million Californians now have a REAL ID \u2013 an increase of 139,605 from April 2024 according to the Department of Motor Vehicles. The DMV reminds Californians there is now just one year remaining before the U.S. Department of Homeland Security begins enforcing the REAL ID [&hellip;]","og_url":"https:\/\/www.dmv.ca.gov\/portal\/es\/news-and-media\/californians-have-one-year-to-secure-their-real-id-before-federal-enforcement-begins\/","og_site_name":"California DMV","article_publisher":"https:\/\/www.facebook.com\/CADMV","article_modified_time":"2024-05-07T17:45:39+00:00","og_image":[{"width":1920,"height":1080,"url":"https:\/\/www.dmv.ca.gov\/portal\/uploads\/2022\/06\/DMV_Logo.png","type":"image\/png"}],"twitter_card":"summary_large_image","twitter_site":"@ca_dmv","twitter_misc":{"Est. reading time":"2 minutes"},"schema":{"@context":"https:\/\/schema.org","@graph":[{"@type":"WebPage","@id":"https:\/\/www.dmv.ca.gov\/portal\/news-and-media\/californians-have-one-year-to-secure-their-real-id-before-federal-enforcement-begins\/","url":"https:\/\/www.dmv.ca.gov\/portal\/news-and-media\/californians-have-one-year-to-secure-their-real-id-before-federal-enforcement-begins\/","name":"Californians Have One Year to Secure Their REAL ID Before Federal Enforcement Begins - California DMV","isPartOf":{"@id":"https:\/\/www.dmv.ca.gov\/portal\/#website"},"datePublished":"2024-05-07T17:45:26+00:00","dateModified":"2024-05-07T17:45:39+00:00","breadcrumb":{"@id":"https:\/\/www.dmv.ca.gov\/portal\/news-and-media\/californians-have-one-year-to-secure-their-real-id-before-federal-enforcement-begins\/#breadcrumb"},"inLanguage":"es-MX","potentialAction":[{"@type":"ReadAction","target":["https:\/\/www.dmv.ca.gov\/portal\/news-and-media\/californians-have-one-year-to-secure-their-real-id-before-federal-enforcement-begins\/"]}]},{"@type":"BreadcrumbList","@id":"https:\/\/www.dmv.ca.gov\/portal\/news-and-media\/californians-have-one-year-to-secure-their-real-id-before-federal-enforcement-begins\/#breadcrumb","itemListElement":[{"@type":"ListItem","position":1,"name":"News And Media","item":"https:\/\/www.dmv.ca.gov\/portal\/news-and-media\/"},{"@type":"ListItem","position":2,"name":"Californians Have One Year to Secure Their REAL ID Before Federal Enforcement Begins"}]},{"@type":"WebSite","@id":"https:\/\/www.dmv.ca.gov\/portal\/#website","url":"https:\/\/www.dmv.ca.gov\/portal\/","name":"California DMV","description":"","publisher":{"@id":"https:\/\/www.dmv.ca.gov\/portal\/#organization"},"potentialAction":[{"@type":"SearchAction","target":{"@type":"EntryPoint","urlTemplate":"https:\/\/www.dmv.ca.gov\/portal\/?s={search_term_string}"},"query-input":{"@type":"PropertyValueSpecification","valueRequired":true,"valueName":"search_term_string"}}],"inLanguage":"es-MX"},{"@type":"Organization","@id":"https:\/\/www.dmv.ca.gov\/portal\/#organization","name":"State of California Department of Motor Vehicles","url":"https:\/\/www.dmv.ca.gov\/portal\/","logo":{"@type":"ImageObject","inLanguage":"es-MX","@id":"https:\/\/www.dmv.ca.gov\/portal\/#\/schema\/logo\/image\/","url":"https:\/\/www.dmv.ca.gov\/portal\/uploads\/2022\/06\/DMV_Logo.png","contentUrl":"https:\/\/www.dmv.ca.gov\/portal\/uploads\/2022\/06\/DMV_Logo.png","width":1920,"height":1080,"caption":"State of California Department of Motor Vehicles"},"image":{"@id":"https:\/\/www.dmv.ca.gov\/portal\/#\/schema\/logo\/image\/"},"sameAs":["https:\/\/www.facebook.com\/CADMV","https:\/\/x.com\/ca_dmv","https:\/\/www.instagram.com\/ca_dmv\/","https:\/\/www.linkedin.com\/company\/ca-department-of-motor-vehicles\/","https:\/\/www.youtube.com\/user\/CaliforniaDMV"]}]}},"_links":{"self":[{"href":"https:\/\/www.dmv.ca.gov\/portal\/es\/wp-json\/wp\/v2\/pages\/237176","targetHints":{"allow":["GET"]}}],"collection":[{"href":"https:\/\/www.dmv.ca.gov\/portal\/es\/wp-json\/wp\/v2\/pages"}],"about":[{"href":"https:\/\/www.dmv.ca.gov\/portal\/es\/wp-json\/wp\/v2\/types\/page"}],"author":[{"embeddable":true,"href":"https:\/\/www.dmv.ca.gov\/portal\/es\/wp-json\/wp\/v2\/users\/2527"}],"replies":[{"embeddable":true,"href":"https:\/\/www.dmv.ca.gov\/portal\/es\/wp-json\/wp\/v2\/comments?post=237176"}],"version-history":[{"count":3,"href":"https:\/\/www.dmv.ca.gov\/portal\/es\/wp-json\/wp\/v2\/pages\/237176\/revisions"}],"predecessor-version":[{"id":237200,"href":"https:\/\/www.dmv.ca.gov\/portal\/es\/wp-json\/wp\/v2\/pages\/237176\/revisions\/237200"}],"up":[{"embeddable":true,"href":"https:\/\/www.dmv.ca.gov\/portal\/es\/wp-json\/wp\/v2\/pages\/1542"}],"wp:attachment":[{"href":"https:\/\/www.dmv.ca.gov\/portal\/es\/wp-json\/wp\/v2\/media?parent=237176"}],"wp:term":[{"taxonomy":"category","embeddable":true,"href":"https:\/\/www.dmv.ca.gov\/portal\/es\/wp-json\/wp\/v2\/categories?post=237176"},{"taxonomy":"post_tag","embeddable":true,"href":"https:\/\/www.dmv.ca.gov\/portal\/es\/wp-json\/wp\/v2\/tags?post=237176"},{"taxonomy":"dmv_task","embeddable":true,"href":"https:\/\/www.dmv.ca.gov\/portal\/es\/wp-json\/wp\/v2\/dmv_task?post=237176"},{"taxonomy":"dmv_functional_page_type","embeddable":true,"href":"https:\/\/www.dmv.ca.gov\/portal\/es\/wp-json\/wp\/v2\/dmv_functional_page_type?post=237176"},{"taxonomy":"dmv_content_type","embeddable":true,"href":"https:\/\/www.dmv.ca.gov\/portal\/es\/wp-json\/wp\/v2\/dmv_content_type?post=237176"}],"curies":[{"name":"wp","href":"https:\/\/api.w.org\/{rel}","templated":true}]}}