{"id":237932,"date":"2024-05-14T16:57:26","date_gmt":"2024-05-14T23:57:26","guid":{"rendered":"https:\/\/www.dmv.ca.gov\/portal\/?page_id=237932"},"modified":"2025-04-30T09:49:09","modified_gmt":"2025-04-30T16:49:09","slug":"elearning-survey-es","status":"publish","type":"page","link":"https:\/\/www.dmv.ca.gov\/portal\/es\/elearning-survey-es\/","title":{"rendered":"Centro de examinaci\u00f3n virtual"},"content":{"rendered":"<p><strong>\u00a1Enhorabuena! Ha completado el curso virtual de renovaci\u00f3n de la licencia de manejar no comercial.<\/strong><\/p>\n\n\n\n<div class=\"soft-cta\">\n\t<div class=\"soft-cta__info\">\n\t\t\t\t<p>Debe hacer una cita para ir a una oficina del DMV y completar su solicitud. Puede hacer una cita en l\u00ednea o llamar por tel\u00e9fono al 1-800-777-0133.<\/p>\n\t<\/div>\n\t\t\t<div class=\"soft-cta__ctas\">\n\n<div class=\"wp-block-button\"><a class=\"wp-block-button__link wp-element-button\" href=\"\/portal\/es\/appointments\/select-appointment-type\/?option=CID\">Hacer una cita<\/a><\/div>\n\n<\/div>\n\t<\/div>\n\n\n\n<div class=\"wp-block-dmv-spacer-block spacer-box\"><\/div>\n\n\n\n<p>Su opini\u00f3n es importante. Le pedimos que <a href=\"https:\/\/www.surveymonkey.com\/r\/virtual_de_la_licencia\">complete una breve encuesta<\/a> sobre su experiencia en el &#8220;Centro de examinaci\u00f3n virtual&#8221;.<\/p>","protected":false},"excerpt":{"rendered":"<p>\u00a1Enhorabuena! Ha completado el curso virtual de renovaci\u00f3n de la licencia de manejar no comercial. Su opini\u00f3n es importante. Le pedimos que complete una breve encuesta sobre su experiencia en el &#8220;Centro de examinaci\u00f3n virtual&#8221;.<\/p>","protected":false},"author":2527,"featured_media":0,"parent":0,"menu_order":0,"comment_status":"closed","ping_status":"closed","template":"","meta":{"ep_exclude_from_search":true,"dmv_page_popups":[],"dmv_ribbon_color":"","dmv_top_illustration":"https:\/\/www.dmv.ca.gov\/portal\/uploads\/2022\/12\/adult_desk.svg","dmv_page_title":"","dmv_page_subtitle":"","dmv_exclude_from_search_results":true,"dmv_allowed_editors":[],"dmv_display_translate_button":false,"footnotes":""},"categories":[],"tags":[],"dmv_task":[212],"dmv_functional_page_type":[213],"dmv_content_type":[],"class_list":["post-237932","page","type-page","status-publish","hentry","dmv_task-thank-you","dmv_functional_page_type-thank-you"],"featured_image_src":null,"yoast_head":"<!-- This site is optimized with the Yoast SEO plugin v27.3 - https:\/\/yoast.com\/product\/yoast-seo-wordpress\/ -->\n<title>Centro de examinaci\u00f3n virtual - California DMV<\/title>\n<meta name=\"robots\" content=\"index, follow, max-snippet:-1, max-image-preview:large, max-video-preview:-1\" \/>\n<link rel=\"canonical\" href=\"https:\/\/www.dmv.ca.gov\/portal\/es\/elearning-survey-es\/\" \/>\n<meta property=\"og:locale\" content=\"es_MX\" \/>\n<meta property=\"og:type\" content=\"article\" \/>\n<meta property=\"og:title\" content=\"Centro de examinaci\u00f3n virtual - California DMV\" \/>\n<meta property=\"og:description\" content=\"\u00a1Enhorabuena! Ha completado el curso virtual de renovaci\u00f3n de la licencia de manejar no comercial. Su opini\u00f3n es importante. Le pedimos que complete una breve encuesta sobre su experiencia en el &#8220;Centro de examinaci\u00f3n virtual&#8221;.\" \/>\n<meta property=\"og:url\" content=\"https:\/\/www.dmv.ca.gov\/portal\/es\/elearning-survey-es\/\" \/>\n<meta property=\"og:site_name\" content=\"California DMV\" \/>\n<meta property=\"article:publisher\" content=\"https:\/\/www.facebook.com\/CADMV\" \/>\n<meta property=\"article:modified_time\" content=\"2025-04-30T16:49:09+00:00\" \/>\n<meta property=\"og:image\" content=\"https:\/\/www.dmv.ca.gov\/portal\/uploads\/2022\/06\/DMV_Logo.png\" \/>\n\t<meta property=\"og:image:width\" content=\"1920\" \/>\n\t<meta property=\"og:image:height\" content=\"1080\" \/>\n\t<meta property=\"og:image:type\" content=\"image\/png\" \/>\n<meta name=\"twitter:card\" content=\"summary_large_image\" \/>\n<meta name=\"twitter:site\" content=\"@ca_dmv\" \/>\n<script type=\"application\/ld+json\" class=\"yoast-schema-graph\">{\"@context\":\"https:\\\/\\\/schema.org\",\"@graph\":[{\"@type\":\"WebPage\",\"@id\":\"https:\\\/\\\/www.dmv.ca.gov\\\/portal\\\/elearning-survey-es\\\/\",\"url\":\"https:\\\/\\\/www.dmv.ca.gov\\\/portal\\\/elearning-survey-es\\\/\",\"name\":\"Centro de examinaci\u00f3n virtual - California DMV\",\"isPartOf\":{\"@id\":\"https:\\\/\\\/www.dmv.ca.gov\\\/portal\\\/#website\"},\"datePublished\":\"2024-05-14T23:57:26+00:00\",\"dateModified\":\"2025-04-30T16:49:09+00:00\",\"inLanguage\":\"es-MX\",\"potentialAction\":[{\"@type\":\"ReadAction\",\"target\":[\"https:\\\/\\\/www.dmv.ca.gov\\\/portal\\\/elearning-survey-es\\\/\"]}]},{\"@type\":\"WebSite\",\"@id\":\"https:\\\/\\\/www.dmv.ca.gov\\\/portal\\\/#website\",\"url\":\"https:\\\/\\\/www.dmv.ca.gov\\\/portal\\\/\",\"name\":\"California DMV\",\"description\":\"\",\"publisher\":{\"@id\":\"https:\\\/\\\/www.dmv.ca.gov\\\/portal\\\/#organization\"},\"potentialAction\":[{\"@type\":\"SearchAction\",\"target\":{\"@type\":\"EntryPoint\",\"urlTemplate\":\"https:\\\/\\\/www.dmv.ca.gov\\\/portal\\\/?s={search_term_string}\"},\"query-input\":{\"@type\":\"PropertyValueSpecification\",\"valueRequired\":true,\"valueName\":\"search_term_string\"}}],\"inLanguage\":\"es-MX\"},{\"@type\":\"Organization\",\"@id\":\"https:\\\/\\\/www.dmv.ca.gov\\\/portal\\\/#organization\",\"name\":\"State of California Department of Motor Vehicles\",\"url\":\"https:\\\/\\\/www.dmv.ca.gov\\\/portal\\\/\",\"logo\":{\"@type\":\"ImageObject\",\"inLanguage\":\"es-MX\",\"@id\":\"https:\\\/\\\/www.dmv.ca.gov\\\/portal\\\/#\\\/schema\\\/logo\\\/image\\\/\",\"url\":\"https:\\\/\\\/www.dmv.ca.gov\\\/portal\\\/uploads\\\/2022\\\/06\\\/DMV_Logo.png\",\"contentUrl\":\"https:\\\/\\\/www.dmv.ca.gov\\\/portal\\\/uploads\\\/2022\\\/06\\\/DMV_Logo.png\",\"width\":1920,\"height\":1080,\"caption\":\"State of California Department of Motor Vehicles\"},\"image\":{\"@id\":\"https:\\\/\\\/www.dmv.ca.gov\\\/portal\\\/#\\\/schema\\\/logo\\\/image\\\/\"},\"sameAs\":[\"https:\\\/\\\/www.facebook.com\\\/CADMV\",\"https:\\\/\\\/x.com\\\/ca_dmv\",\"https:\\\/\\\/www.instagram.com\\\/ca_dmv\\\/\",\"https:\\\/\\\/www.linkedin.com\\\/company\\\/ca-department-of-motor-vehicles\\\/\",\"https:\\\/\\\/www.youtube.com\\\/user\\\/CaliforniaDMV\"]}]}<\/script>\n<!-- \/ Yoast SEO plugin. -->","yoast_head_json":{"title":"Centro de examinaci\u00f3n virtual - California DMV","robots":{"index":"index","follow":"follow","max-snippet":"max-snippet:-1","max-image-preview":"max-image-preview:large","max-video-preview":"max-video-preview:-1"},"canonical":"https:\/\/www.dmv.ca.gov\/portal\/es\/elearning-survey-es\/","og_locale":"es_MX","og_type":"article","og_title":"Centro de examinaci\u00f3n virtual - California DMV","og_description":"\u00a1Enhorabuena! Ha completado el curso virtual de renovaci\u00f3n de la licencia de manejar no comercial. Su opini\u00f3n es importante. Le pedimos que complete una breve encuesta sobre su experiencia en el &#8220;Centro de examinaci\u00f3n virtual&#8221;.","og_url":"https:\/\/www.dmv.ca.gov\/portal\/es\/elearning-survey-es\/","og_site_name":"California DMV","article_publisher":"https:\/\/www.facebook.com\/CADMV","article_modified_time":"2025-04-30T16:49:09+00:00","og_image":[{"width":1920,"height":1080,"url":"https:\/\/www.dmv.ca.gov\/portal\/uploads\/2022\/06\/DMV_Logo.png","type":"image\/png"}],"twitter_card":"summary_large_image","twitter_site":"@ca_dmv","schema":{"@context":"https:\/\/schema.org","@graph":[{"@type":"WebPage","@id":"https:\/\/www.dmv.ca.gov\/portal\/elearning-survey-es\/","url":"https:\/\/www.dmv.ca.gov\/portal\/elearning-survey-es\/","name":"Centro de examinaci\u00f3n virtual - California DMV","isPartOf":{"@id":"https:\/\/www.dmv.ca.gov\/portal\/#website"},"datePublished":"2024-05-14T23:57:26+00:00","dateModified":"2025-04-30T16:49:09+00:00","inLanguage":"es-MX","potentialAction":[{"@type":"ReadAction","target":["https:\/\/www.dmv.ca.gov\/portal\/elearning-survey-es\/"]}]},{"@type":"WebSite","@id":"https:\/\/www.dmv.ca.gov\/portal\/#website","url":"https:\/\/www.dmv.ca.gov\/portal\/","name":"California DMV","description":"","publisher":{"@id":"https:\/\/www.dmv.ca.gov\/portal\/#organization"},"potentialAction":[{"@type":"SearchAction","target":{"@type":"EntryPoint","urlTemplate":"https:\/\/www.dmv.ca.gov\/portal\/?s={search_term_string}"},"query-input":{"@type":"PropertyValueSpecification","valueRequired":true,"valueName":"search_term_string"}}],"inLanguage":"es-MX"},{"@type":"Organization","@id":"https:\/\/www.dmv.ca.gov\/portal\/#organization","name":"State of California Department of Motor Vehicles","url":"https:\/\/www.dmv.ca.gov\/portal\/","logo":{"@type":"ImageObject","inLanguage":"es-MX","@id":"https:\/\/www.dmv.ca.gov\/portal\/#\/schema\/logo\/image\/","url":"https:\/\/www.dmv.ca.gov\/portal\/uploads\/2022\/06\/DMV_Logo.png","contentUrl":"https:\/\/www.dmv.ca.gov\/portal\/uploads\/2022\/06\/DMV_Logo.png","width":1920,"height":1080,"caption":"State of California Department of Motor Vehicles"},"image":{"@id":"https:\/\/www.dmv.ca.gov\/portal\/#\/schema\/logo\/image\/"},"sameAs":["https:\/\/www.facebook.com\/CADMV","https:\/\/x.com\/ca_dmv","https:\/\/www.instagram.com\/ca_dmv\/","https:\/\/www.linkedin.com\/company\/ca-department-of-motor-vehicles\/","https:\/\/www.youtube.com\/user\/CaliforniaDMV"]}]}},"_links":{"self":[{"href":"https:\/\/www.dmv.ca.gov\/portal\/es\/wp-json\/wp\/v2\/pages\/237932","targetHints":{"allow":["GET"]}}],"collection":[{"href":"https:\/\/www.dmv.ca.gov\/portal\/es\/wp-json\/wp\/v2\/pages"}],"about":[{"href":"https:\/\/www.dmv.ca.gov\/portal\/es\/wp-json\/wp\/v2\/types\/page"}],"author":[{"embeddable":true,"href":"https:\/\/www.dmv.ca.gov\/portal\/es\/wp-json\/wp\/v2\/users\/2527"}],"replies":[{"embeddable":true,"href":"https:\/\/www.dmv.ca.gov\/portal\/es\/wp-json\/wp\/v2\/comments?post=237932"}],"version-history":[{"count":5,"href":"https:\/\/www.dmv.ca.gov\/portal\/es\/wp-json\/wp\/v2\/pages\/237932\/revisions"}],"predecessor-version":[{"id":278708,"href":"https:\/\/www.dmv.ca.gov\/portal\/es\/wp-json\/wp\/v2\/pages\/237932\/revisions\/278708"}],"wp:attachment":[{"href":"https:\/\/www.dmv.ca.gov\/portal\/es\/wp-json\/wp\/v2\/media?parent=237932"}],"wp:term":[{"taxonomy":"category","embeddable":true,"href":"https:\/\/www.dmv.ca.gov\/portal\/es\/wp-json\/wp\/v2\/categories?post=237932"},{"taxonomy":"post_tag","embeddable":true,"href":"https:\/\/www.dmv.ca.gov\/portal\/es\/wp-json\/wp\/v2\/tags?post=237932"},{"taxonomy":"dmv_task","embeddable":true,"href":"https:\/\/www.dmv.ca.gov\/portal\/es\/wp-json\/wp\/v2\/dmv_task?post=237932"},{"taxonomy":"dmv_functional_page_type","embeddable":true,"href":"https:\/\/www.dmv.ca.gov\/portal\/es\/wp-json\/wp\/v2\/dmv_functional_page_type?post=237932"},{"taxonomy":"dmv_content_type","embeddable":true,"href":"https:\/\/www.dmv.ca.gov\/portal\/es\/wp-json\/wp\/v2\/dmv_content_type?post=237932"}],"curies":[{"name":"wp","href":"https:\/\/api.w.org\/{rel}","templated":true}]}}