{"id":238781,"date":"2024-05-22T08:36:06","date_gmt":"2024-05-22T15:36:06","guid":{"rendered":"https:\/\/www.dmv.ca.gov\/portal\/?page_id=238781"},"modified":"2024-05-22T08:36:19","modified_gmt":"2024-05-22T15:36:19","slug":"dmvs-gilroy-office-temporarily-closing-for-renovations","status":"publish","type":"page","link":"https:\/\/www.dmv.ca.gov\/portal\/es\/news-and-media\/dmvs-gilroy-office-temporarily-closing-for-renovations\/","title":{"rendered":"DMV&#8217;s Gilroy Office Temporarily Closing for Renovations"},"content":{"rendered":"<p class=\"has-text-align-left\">Contact: \u00a0Office of Public Affairs<br>2415 First Avenue<br>Sacramento, CA 95818<br>(916) 657\u20136437 |\u00a0<a href=\"mailto:dmvpublicaffairs@dmv.ca.gov\">dmvpublicaffairs@dmv.ca.gov<\/a><\/p>\n\n\n\n<p><strong>PARA PUBLICACI\u00d3N INMEDIATA<br>May 22, 2024<\/strong><\/p>\n\n\n\n<p><strong>Sacramento<\/strong> \u2013 The California Department of Motor Vehicles is alerting customers that the Gilroy office at 6984 Automall Parkway will be temporarily closing for renovations beginning 5 p.m. Wednesday, June 5. The office is scheduled to reopen at 8 a.m. Tuesday, September 3.<\/p>\n\n\n\n<p>Renovations will include new flooring, furniture and other improvements.<\/p>\n\n\n\n<p>Until the renovation is complete, customers can visit the following area offices:<\/p>\n\n\n\n<ul class=\"wp-block-list\">\n<li>Hollister: 80 N. Sally St. (15 miles)<\/li>\n\n\n\n<li>Santa Teresa: 180 Martinvale Lane (22 miles)<\/li>\n\n\n\n<li>Salinas: 260 E. Laurel Drive (27 miles)<\/li>\n\n\n\n<li>San Jose: 111 W. Alma Ave. (31 miles)<\/li>\n<\/ul>\n\n\n\n<p><strong>Antes de ir a una oficina- Primero intente en l\u00ednea<\/strong><\/p>\n\n\n\n<p>El DMV ha tomado muchas medidas para ofrecer m\u00e1s servicios digitales. La mayor\u00eda de las transacciones del DMV no requieren visitar una oficina. El DMV les recomienda a los clientes usar sus servicios&nbsp;<a href=\"\/portal\/es\/dmv-online\/\"><a href=\"https:\/\/www.dmv.ca.gov\/portal\/es\/dmv-online\/\">servicios en l\u00ednea<\/a><\/a>&nbsp;y otros medios de servicio para completar transacciones, como pueden ser renovaciones elegibles de licencias de manejo y registro de veh\u00edculos. Los clientes tambi\u00e9n pueden usar el&nbsp;<a href=\"\/portal\/es\/?s=\"><a href=\"https:\/\/www.dmv.ca.gov\/portal\/es\/?s=\">Asesor de Servicios<\/a><\/a>&nbsp;en el&nbsp;<a href=\"\/portal\/es\/\"><a href=\"https:\/\/www.dmv.ca.gov\/portal\/es\/dmv-online\/\"> sitio web del DMV<\/a><\/a>&nbsp;para conocer sus opciones para completar transacciones del DMV.<\/p>\n\n\n\n<p>Para recibir notificaciones el\u00e9ctronicas sobre renovaciones de registro de veh\u00edculos y licencias de manejo, los clientes pueden optar por este servicio al crear una cuenta segura en l\u00ednea y registr\u00e1ndose en&nbsp;<a href=\"\/portal\/es\/\"><a href=\"https:\/\/www.dmv.ca.gov\/portal\/es\/\">dmv.ca.gov<\/a><\/a>&nbsp;y luego registrarse.<\/p>\n\n\n\n<p class=\"has-text-align-center\">###<\/p>\n\n\n\n<p class=\"has-text-align-center translation-block\">Sign up to receive the latest DMV News Alerts:&nbsp;<a href=\"https:\/\/www.dmv.ca.gov\/portal\/es\/dmv-news-alerts\/\" target=\"_blank\" rel=\"noreferrer noopener\">DMV NEWS ALERTS \u2013 California DMV<\/a><\/p>","protected":false},"excerpt":{"rendered":"<p>FOR IMMEDIATE RELEASEMay 22, 2024 Sacramento \u2013 The California Department of Motor Vehicles is alerting customers that the Gilroy office at 6984 Automall Parkway will be temporarily closing for renovations beginning 5 p.m. Wednesday, June 5. The office is scheduled to reopen at 8 a.m. Tuesday, September 3. Renovations will include new flooring, furniture and [&hellip;]<\/p>\n","protected":false},"author":2527,"featured_media":0,"parent":1542,"menu_order":0,"comment_status":"closed","ping_status":"closed","template":"","meta":{"ep_exclude_from_search":false,"dmv_page_popups":[],"dmv_ribbon_color":"","dmv_top_illustration":"","dmv_page_title":"","dmv_page_subtitle":"","dmv_exclude_from_search_results":false,"dmv_allowed_editors":[],"dmv_display_translate_button":false,"footnotes":""},"categories":[],"tags":[],"dmv_task":[358],"dmv_functional_page_type":[3],"dmv_content_type":[],"class_list":["post-238781","page","type-page","status-publish","hentry","dmv_task-n-a","dmv_functional_page_type-press-release"],"featured_image_src":null,"yoast_head":"<!-- This site is optimized with the Yoast SEO plugin v27.2 - https:\/\/yoast.com\/product\/yoast-seo-wordpress\/ -->\n<title>DMV&#039;s Gilroy Office Temporarily Closing for Renovations - California DMV<\/title>\n<meta name=\"robots\" content=\"index, follow, max-snippet:-1, max-image-preview:large, max-video-preview:-1\" \/>\n<link rel=\"canonical\" href=\"https:\/\/www.dmv.ca.gov\/portal\/es\/news-and-media\/dmvs-gilroy-office-temporarily-closing-for-renovations\/\" \/>\n<meta property=\"og:locale\" content=\"es_MX\" \/>\n<meta property=\"og:type\" content=\"article\" \/>\n<meta property=\"og:title\" content=\"DMV&#039;s Gilroy Office Temporarily Closing for Renovations - California DMV\" \/>\n<meta property=\"og:description\" content=\"FOR IMMEDIATE RELEASEMay 22, 2024 Sacramento \u2013 The California Department of Motor Vehicles is alerting customers that the Gilroy office at 6984 Automall Parkway will be temporarily closing for renovations beginning 5 p.m. Wednesday, June 5. The office is scheduled to reopen at 8 a.m. Tuesday, September 3. Renovations will include new flooring, furniture and [&hellip;]\" \/>\n<meta property=\"og:url\" content=\"https:\/\/www.dmv.ca.gov\/portal\/es\/news-and-media\/dmvs-gilroy-office-temporarily-closing-for-renovations\/\" \/>\n<meta property=\"og:site_name\" content=\"California DMV\" \/>\n<meta property=\"article:publisher\" content=\"https:\/\/www.facebook.com\/CADMV\" \/>\n<meta property=\"article:modified_time\" content=\"2024-05-22T15:36:19+00:00\" \/>\n<meta property=\"og:image\" content=\"https:\/\/www.dmv.ca.gov\/portal\/uploads\/2022\/06\/DMV_Logo.png\" \/>\n\t<meta property=\"og:image:width\" content=\"1920\" \/>\n\t<meta property=\"og:image:height\" content=\"1080\" \/>\n\t<meta property=\"og:image:type\" content=\"image\/png\" \/>\n<meta name=\"twitter:card\" content=\"summary_large_image\" \/>\n<meta name=\"twitter:site\" content=\"@ca_dmv\" \/>\n<meta name=\"twitter:label1\" content=\"Est. reading time\" \/>\n\t<meta name=\"twitter:data1\" content=\"1 minute\" \/>\n<script type=\"application\/ld+json\" class=\"yoast-schema-graph\">{\"@context\":\"https:\/\/schema.org\",\"@graph\":[{\"@type\":\"WebPage\",\"@id\":\"https:\/\/www.dmv.ca.gov\/portal\/news-and-media\/dmvs-gilroy-office-temporarily-closing-for-renovations\/\",\"url\":\"https:\/\/www.dmv.ca.gov\/portal\/news-and-media\/dmvs-gilroy-office-temporarily-closing-for-renovations\/\",\"name\":\"DMV's Gilroy Office Temporarily Closing for Renovations - California DMV\",\"isPartOf\":{\"@id\":\"https:\/\/www.dmv.ca.gov\/portal\/#website\"},\"datePublished\":\"2024-05-22T15:36:06+00:00\",\"dateModified\":\"2024-05-22T15:36:19+00:00\",\"breadcrumb\":{\"@id\":\"https:\/\/www.dmv.ca.gov\/portal\/news-and-media\/dmvs-gilroy-office-temporarily-closing-for-renovations\/#breadcrumb\"},\"inLanguage\":\"es-MX\",\"potentialAction\":[{\"@type\":\"ReadAction\",\"target\":[\"https:\/\/www.dmv.ca.gov\/portal\/news-and-media\/dmvs-gilroy-office-temporarily-closing-for-renovations\/\"]}]},{\"@type\":\"BreadcrumbList\",\"@id\":\"https:\/\/www.dmv.ca.gov\/portal\/news-and-media\/dmvs-gilroy-office-temporarily-closing-for-renovations\/#breadcrumb\",\"itemListElement\":[{\"@type\":\"ListItem\",\"position\":1,\"name\":\"News And Media\",\"item\":\"https:\/\/www.dmv.ca.gov\/portal\/news-and-media\/\"},{\"@type\":\"ListItem\",\"position\":2,\"name\":\"DMV&#8217;s Gilroy Office Temporarily Closing for Renovations\"}]},{\"@type\":\"WebSite\",\"@id\":\"https:\/\/www.dmv.ca.gov\/portal\/#website\",\"url\":\"https:\/\/www.dmv.ca.gov\/portal\/\",\"name\":\"California DMV\",\"description\":\"\",\"publisher\":{\"@id\":\"https:\/\/www.dmv.ca.gov\/portal\/#organization\"},\"potentialAction\":[{\"@type\":\"SearchAction\",\"target\":{\"@type\":\"EntryPoint\",\"urlTemplate\":\"https:\/\/www.dmv.ca.gov\/portal\/?s={search_term_string}\"},\"query-input\":{\"@type\":\"PropertyValueSpecification\",\"valueRequired\":true,\"valueName\":\"search_term_string\"}}],\"inLanguage\":\"es-MX\"},{\"@type\":\"Organization\",\"@id\":\"https:\/\/www.dmv.ca.gov\/portal\/#organization\",\"name\":\"State of California Department of Motor Vehicles\",\"url\":\"https:\/\/www.dmv.ca.gov\/portal\/\",\"logo\":{\"@type\":\"ImageObject\",\"inLanguage\":\"es-MX\",\"@id\":\"https:\/\/www.dmv.ca.gov\/portal\/#\/schema\/logo\/image\/\",\"url\":\"https:\/\/www.dmv.ca.gov\/portal\/uploads\/2022\/06\/DMV_Logo.png\",\"contentUrl\":\"https:\/\/www.dmv.ca.gov\/portal\/uploads\/2022\/06\/DMV_Logo.png\",\"width\":1920,\"height\":1080,\"caption\":\"State of California Department of Motor Vehicles\"},\"image\":{\"@id\":\"https:\/\/www.dmv.ca.gov\/portal\/#\/schema\/logo\/image\/\"},\"sameAs\":[\"https:\/\/www.facebook.com\/CADMV\",\"https:\/\/x.com\/ca_dmv\",\"https:\/\/www.instagram.com\/ca_dmv\/\",\"https:\/\/www.linkedin.com\/company\/ca-department-of-motor-vehicles\/\",\"https:\/\/www.youtube.com\/user\/CaliforniaDMV\"]}]}<\/script>\n<!-- \/ Yoast SEO plugin. -->","yoast_head_json":{"title":"DMV's Gilroy Office Temporarily Closing for Renovations - California DMV","robots":{"index":"index","follow":"follow","max-snippet":"max-snippet:-1","max-image-preview":"max-image-preview:large","max-video-preview":"max-video-preview:-1"},"canonical":"https:\/\/www.dmv.ca.gov\/portal\/es\/news-and-media\/dmvs-gilroy-office-temporarily-closing-for-renovations\/","og_locale":"es_MX","og_type":"article","og_title":"DMV's Gilroy Office Temporarily Closing for Renovations - California DMV","og_description":"FOR IMMEDIATE RELEASEMay 22, 2024 Sacramento \u2013 The California Department of Motor Vehicles is alerting customers that the Gilroy office at 6984 Automall Parkway will be temporarily closing for renovations beginning 5 p.m. Wednesday, June 5. The office is scheduled to reopen at 8 a.m. Tuesday, September 3. Renovations will include new flooring, furniture and [&hellip;]","og_url":"https:\/\/www.dmv.ca.gov\/portal\/es\/news-and-media\/dmvs-gilroy-office-temporarily-closing-for-renovations\/","og_site_name":"California DMV","article_publisher":"https:\/\/www.facebook.com\/CADMV","article_modified_time":"2024-05-22T15:36:19+00:00","og_image":[{"width":1920,"height":1080,"url":"https:\/\/www.dmv.ca.gov\/portal\/uploads\/2022\/06\/DMV_Logo.png","type":"image\/png"}],"twitter_card":"summary_large_image","twitter_site":"@ca_dmv","twitter_misc":{"Est. reading time":"1 minute"},"schema":{"@context":"https:\/\/schema.org","@graph":[{"@type":"WebPage","@id":"https:\/\/www.dmv.ca.gov\/portal\/news-and-media\/dmvs-gilroy-office-temporarily-closing-for-renovations\/","url":"https:\/\/www.dmv.ca.gov\/portal\/news-and-media\/dmvs-gilroy-office-temporarily-closing-for-renovations\/","name":"DMV's Gilroy Office Temporarily Closing for Renovations - California DMV","isPartOf":{"@id":"https:\/\/www.dmv.ca.gov\/portal\/#website"},"datePublished":"2024-05-22T15:36:06+00:00","dateModified":"2024-05-22T15:36:19+00:00","breadcrumb":{"@id":"https:\/\/www.dmv.ca.gov\/portal\/news-and-media\/dmvs-gilroy-office-temporarily-closing-for-renovations\/#breadcrumb"},"inLanguage":"es-MX","potentialAction":[{"@type":"ReadAction","target":["https:\/\/www.dmv.ca.gov\/portal\/news-and-media\/dmvs-gilroy-office-temporarily-closing-for-renovations\/"]}]},{"@type":"BreadcrumbList","@id":"https:\/\/www.dmv.ca.gov\/portal\/news-and-media\/dmvs-gilroy-office-temporarily-closing-for-renovations\/#breadcrumb","itemListElement":[{"@type":"ListItem","position":1,"name":"News And Media","item":"https:\/\/www.dmv.ca.gov\/portal\/news-and-media\/"},{"@type":"ListItem","position":2,"name":"DMV&#8217;s Gilroy Office Temporarily Closing for Renovations"}]},{"@type":"WebSite","@id":"https:\/\/www.dmv.ca.gov\/portal\/#website","url":"https:\/\/www.dmv.ca.gov\/portal\/","name":"California DMV","description":"","publisher":{"@id":"https:\/\/www.dmv.ca.gov\/portal\/#organization"},"potentialAction":[{"@type":"SearchAction","target":{"@type":"EntryPoint","urlTemplate":"https:\/\/www.dmv.ca.gov\/portal\/?s={search_term_string}"},"query-input":{"@type":"PropertyValueSpecification","valueRequired":true,"valueName":"search_term_string"}}],"inLanguage":"es-MX"},{"@type":"Organization","@id":"https:\/\/www.dmv.ca.gov\/portal\/#organization","name":"State of California Department of Motor Vehicles","url":"https:\/\/www.dmv.ca.gov\/portal\/","logo":{"@type":"ImageObject","inLanguage":"es-MX","@id":"https:\/\/www.dmv.ca.gov\/portal\/#\/schema\/logo\/image\/","url":"https:\/\/www.dmv.ca.gov\/portal\/uploads\/2022\/06\/DMV_Logo.png","contentUrl":"https:\/\/www.dmv.ca.gov\/portal\/uploads\/2022\/06\/DMV_Logo.png","width":1920,"height":1080,"caption":"State of California Department of Motor Vehicles"},"image":{"@id":"https:\/\/www.dmv.ca.gov\/portal\/#\/schema\/logo\/image\/"},"sameAs":["https:\/\/www.facebook.com\/CADMV","https:\/\/x.com\/ca_dmv","https:\/\/www.instagram.com\/ca_dmv\/","https:\/\/www.linkedin.com\/company\/ca-department-of-motor-vehicles\/","https:\/\/www.youtube.com\/user\/CaliforniaDMV"]}]}},"_links":{"self":[{"href":"https:\/\/www.dmv.ca.gov\/portal\/es\/wp-json\/wp\/v2\/pages\/238781","targetHints":{"allow":["GET"]}}],"collection":[{"href":"https:\/\/www.dmv.ca.gov\/portal\/es\/wp-json\/wp\/v2\/pages"}],"about":[{"href":"https:\/\/www.dmv.ca.gov\/portal\/es\/wp-json\/wp\/v2\/types\/page"}],"author":[{"embeddable":true,"href":"https:\/\/www.dmv.ca.gov\/portal\/es\/wp-json\/wp\/v2\/users\/2527"}],"replies":[{"embeddable":true,"href":"https:\/\/www.dmv.ca.gov\/portal\/es\/wp-json\/wp\/v2\/comments?post=238781"}],"version-history":[{"count":3,"href":"https:\/\/www.dmv.ca.gov\/portal\/es\/wp-json\/wp\/v2\/pages\/238781\/revisions"}],"predecessor-version":[{"id":247907,"href":"https:\/\/www.dmv.ca.gov\/portal\/es\/wp-json\/wp\/v2\/pages\/238781\/revisions\/247907"}],"up":[{"embeddable":true,"href":"https:\/\/www.dmv.ca.gov\/portal\/es\/wp-json\/wp\/v2\/pages\/1542"}],"wp:attachment":[{"href":"https:\/\/www.dmv.ca.gov\/portal\/es\/wp-json\/wp\/v2\/media?parent=238781"}],"wp:term":[{"taxonomy":"category","embeddable":true,"href":"https:\/\/www.dmv.ca.gov\/portal\/es\/wp-json\/wp\/v2\/categories?post=238781"},{"taxonomy":"post_tag","embeddable":true,"href":"https:\/\/www.dmv.ca.gov\/portal\/es\/wp-json\/wp\/v2\/tags?post=238781"},{"taxonomy":"dmv_task","embeddable":true,"href":"https:\/\/www.dmv.ca.gov\/portal\/es\/wp-json\/wp\/v2\/dmv_task?post=238781"},{"taxonomy":"dmv_functional_page_type","embeddable":true,"href":"https:\/\/www.dmv.ca.gov\/portal\/es\/wp-json\/wp\/v2\/dmv_functional_page_type?post=238781"},{"taxonomy":"dmv_content_type","embeddable":true,"href":"https:\/\/www.dmv.ca.gov\/portal\/es\/wp-json\/wp\/v2\/dmv_content_type?post=238781"}],"curies":[{"name":"wp","href":"https:\/\/api.w.org\/{rel}","templated":true}]}}