{"id":238811,"date":"2024-05-22T13:27:05","date_gmt":"2024-05-22T20:27:05","guid":{"rendered":"https:\/\/www.dmv.ca.gov\/portal\/?page_id=238811"},"modified":"2024-05-22T13:36:21","modified_gmt":"2024-05-22T20:36:21","slug":"dmv-innovations-making-it-easier-than-ever-to-skip-office-trip","status":"publish","type":"page","link":"https:\/\/www.dmv.ca.gov\/portal\/es\/news-and-media\/dmv-innovations-making-it-easier-than-ever-to-skip-office-trip\/","title":{"rendered":"Hoy m\u00e1s que nunca puede evitar ir a una oficina gracias a las innovaciones del DMV"},"content":{"rendered":"<p class=\"has-text-align-left\">Contact: \u00a0Office of Public Affairs<br>2415 First Avenue<br>Sacramento, CA 95818<br>(916) 657\u20136437 |\u00a0<a href=\"mailto:dmvpublicaffairs@dmv.ca.gov\">dmvpublicaffairs@dmv.ca.gov<\/a><\/p>\n\n\n\n<p><strong>PARA PUBLICACI\u00d3N INMEDIATA<br>May 22, 2024<\/strong><\/p>\n\n\n\n<h2 class=\"wp-block-heading has-text-align-center\"><em>La ampliaci\u00f3n de servicios digitales y alternativas pr\u00e1cticas eliminan la necesidad \nde<\/em> <em>completar transacciones simples en una oficina del DMV.<\/em><\/h2>\n\n\n\n<p><strong>Sacramento<\/strong> El Departamento de Veh\u00edculos Motorizados les est\u00e1 facilitando a los Californianos el tr\u00e1mite de servicios como parte de la transformaci\u00f3n digital enfocada en los clientes, por lo que el DMV ya no tramitar\u00e1 en las oficinas transacciones simples que f\u00e1cilmente puedan completarse por Internet o por medio de otras opciones.<\/p>\n\n\n\n<p>A partir del 3 de junio, el DMV solo procesar\u00e1 las siguientes transacciones por medio de opciones alternas y fuera de las oficinas:<\/p>\n\n\n\n<ul class=\"wp-block-list\">\n<li>Renovaciones sencillas de la matr\u00edcula vehicular que no est\u00e9 vencida.<\/li>\n\n\n\n<li>Renovaciones de la licencia de manejar que no requiera acudir en persona a una oficina.<\/li>\n\n\n\n<li>Solicitar copias de los expedientes de la matr\u00edcula vehicular que muestre el historial de propiedad del veh\u00edculo.<\/li>\n\n\n\n<li>Solicitar copias de los expedientes de conductor que muestre el historial del conductor.<\/li>\n\n\n\n<li>Reemplazar una licencia de manejar o tarjeta de identidad perdida o que fue robada.<\/li>\n<\/ul>\n\n\n\n<blockquote class=\"wp-block-quote is-layout-flow wp-block-quote-is-layout-flow\">\n<p>\u201cNo deseamos que nuestros clientes tengan que esperar a ser atendidos, y no es necesario\u201d, dijo Steve Gordon, director del DMV. \u201cEl DMV se est\u00e1 convirtiendo en una operaci\u00f3n central m\u00f3vil, y las renovaciones sencillas son transacciones autoguiadas f\u00e1ciles de seguir que no requieren una visita en persona. Solo necesita ir al sitio de Internet. Le ahorrar\u00e1 tiempo a usted y a los californianos que s\u00ed necesitan acudir a una oficina. Adem\u00e1s, hemos reducido el tiempo que tarda en recibir las calcoman\u00edas de la matr\u00edcula vehicular y la licencia de manejar. En la mayor\u00eda de los casos, recibir\u00e1 su documento en menos de dos semanas\u201d.<\/p>\n<\/blockquote>\n\n\n\n<p>Los clientes que est\u00e1n acostumbrados a realizar estos tr\u00e1mites en persona no deber\u00edan preocuparse porque en los \u00faltimos a\u00f1os, el DMV ha digitalizado servicios, mejorado su eficacia y ha puesto a su disponibilidad m\u00e1s del 90% de transacciones por tel\u00e9fono, tableta, laptop o computadora. Estas transacciones est\u00e1n disponibles por Internet o por correo y en algunos casos, en quioscos de autoservicio, por tel\u00e9fono o por medio de alguno de los socios comerciales del DMV, lo cual le ayuda a evitar acudir a una oficina. Conforme m\u00e1s clientes recurran al Internet y utilicen otros modos de servicio, las oficinas del DMV pueden enfocarse en atender a los californianos que necesiten una tarjeta REAL ID o a quienes s\u00ed tengan que acudir a una oficina.<\/p>\n\n\n\n<p>En definitiva, esto podr\u00eda causar una reducci\u00f3n 200,000 visitas a oficinas del DMV al mes \u2013 2.4 millones de visitas al a\u00f1o.<\/p>\n\n\n\n<p>\u201cLas visitas a oficinas del DMV aumentan en el verano. Sabemos que las condiciones en las oficinas solo empeorar\u00e1n debido a las largas filas y a un mayor tiempo de espera, a menos que los clientes contribuyan y acudan primero al sitio de Internet\u201d, dijo Gordon.  \u201cAy\u00fadenos a ayudarlo. Siempre vaya primero al sitio de Internet y use los medios que hemos puesto a su disposici\u00f3n para que pueda realizar con facilidad sus tr\u00e1mites del DMV\u201d.<\/p>\n\n\n\n<p>Hay transacciones que requieren que acuda en persona, como finalizar una solicitud para la tarjeta REAL ID. El DMV les pide a sus clientes que empiecen su solicitud por Internet para limitar el tiempo que tome completar el tr\u00e1mite en la oficina.<\/p>\n\n\n\n<p class=\"has-text-align-center\">###<\/p>\n\n\n\n<p class=\"has-text-align-center\">Reg\u00edstrate para recibir alertas de noticias del DMV: <a rel=\"noreferrer noopener\" href=\"https:\/\/www.dmv.ca.gov\/portal\/es\/dmv-news-alerts\/\" target=\"_blank\">DMV NEWS ALERTS - California DMV<\/a><\/p>","protected":false},"excerpt":{"rendered":"<p>FOR IMMEDIATE RELEASEMay 22, 2024 Expanded digital services, convenient alternatives eliminate need to complete simple transactions in a DMV office Sacramento \u2013 The Department of Motor Vehicles is making it so easy for Californians to take care of business as part of its customer-focused digital transformation that the DMV will no longer process simple transactions [&hellip;]<\/p>\n","protected":false},"author":2562,"featured_media":0,"parent":1542,"menu_order":0,"comment_status":"closed","ping_status":"closed","template":"","meta":{"ep_exclude_from_search":false,"dmv_page_popups":[],"dmv_ribbon_color":"","dmv_top_illustration":"","dmv_page_title":"","dmv_page_subtitle":"","dmv_exclude_from_search_results":false,"dmv_allowed_editors":[],"dmv_display_translate_button":true,"footnotes":""},"categories":[1627],"tags":[2277,4167,13712],"dmv_task":[11],"dmv_functional_page_type":[3],"dmv_content_type":[],"class_list":["post-238811","page","type-page","status-publish","hentry","category-news-media","tag-field-office","tag-online-transactions","tag-transactions","dmv_task-educational","dmv_functional_page_type-press-release"],"featured_image_src":null,"yoast_head":"<!-- This site is optimized with the Yoast SEO plugin v27.2 - https:\/\/yoast.com\/product\/yoast-seo-wordpress\/ -->\n<title>DMV Innovations Making it Easier than Ever to Skip Office Trip - California DMV<\/title>\n<meta name=\"robots\" content=\"index, follow, max-snippet:-1, max-image-preview:large, max-video-preview:-1\" \/>\n<link rel=\"canonical\" href=\"https:\/\/www.dmv.ca.gov\/portal\/es\/news-and-media\/dmv-innovations-making-it-easier-than-ever-to-skip-office-trip\/\" \/>\n<meta property=\"og:locale\" content=\"es_MX\" \/>\n<meta property=\"og:type\" content=\"article\" \/>\n<meta property=\"og:title\" content=\"DMV Innovations Making it Easier than Ever to Skip Office Trip - California DMV\" \/>\n<meta property=\"og:description\" content=\"FOR IMMEDIATE RELEASEMay 22, 2024 Expanded digital services, convenient alternatives eliminate need to complete simple transactions in a DMV office Sacramento \u2013 The Department of Motor Vehicles is making it so easy for Californians to take care of business as part of its customer-focused digital transformation that the DMV will no longer process simple transactions [&hellip;]\" \/>\n<meta property=\"og:url\" content=\"https:\/\/www.dmv.ca.gov\/portal\/es\/news-and-media\/dmv-innovations-making-it-easier-than-ever-to-skip-office-trip\/\" \/>\n<meta property=\"og:site_name\" content=\"California DMV\" \/>\n<meta property=\"article:publisher\" content=\"https:\/\/www.facebook.com\/CADMV\" \/>\n<meta property=\"article:modified_time\" content=\"2024-05-22T20:36:21+00:00\" \/>\n<meta property=\"og:image\" content=\"https:\/\/www.dmv.ca.gov\/portal\/uploads\/2022\/06\/DMV_Logo.png\" \/>\n\t<meta property=\"og:image:width\" content=\"1920\" \/>\n\t<meta property=\"og:image:height\" content=\"1080\" \/>\n\t<meta property=\"og:image:type\" content=\"image\/png\" \/>\n<meta name=\"twitter:card\" content=\"summary_large_image\" \/>\n<meta name=\"twitter:site\" content=\"@ca_dmv\" \/>\n<meta name=\"twitter:label1\" content=\"Est. reading time\" \/>\n\t<meta name=\"twitter:data1\" content=\"2 minutes\" \/>\n<script type=\"application\/ld+json\" class=\"yoast-schema-graph\">{\"@context\":\"https:\/\/schema.org\",\"@graph\":[{\"@type\":\"WebPage\",\"@id\":\"https:\/\/www.dmv.ca.gov\/portal\/news-and-media\/dmv-innovations-making-it-easier-than-ever-to-skip-office-trip\/\",\"url\":\"https:\/\/www.dmv.ca.gov\/portal\/news-and-media\/dmv-innovations-making-it-easier-than-ever-to-skip-office-trip\/\",\"name\":\"DMV Innovations Making it Easier than Ever to Skip Office Trip - California DMV\",\"isPartOf\":{\"@id\":\"https:\/\/www.dmv.ca.gov\/portal\/#website\"},\"datePublished\":\"2024-05-22T20:27:05+00:00\",\"dateModified\":\"2024-05-22T20:36:21+00:00\",\"breadcrumb\":{\"@id\":\"https:\/\/www.dmv.ca.gov\/portal\/news-and-media\/dmv-innovations-making-it-easier-than-ever-to-skip-office-trip\/#breadcrumb\"},\"inLanguage\":\"es-MX\",\"potentialAction\":[{\"@type\":\"ReadAction\",\"target\":[\"https:\/\/www.dmv.ca.gov\/portal\/news-and-media\/dmv-innovations-making-it-easier-than-ever-to-skip-office-trip\/\"]}]},{\"@type\":\"BreadcrumbList\",\"@id\":\"https:\/\/www.dmv.ca.gov\/portal\/news-and-media\/dmv-innovations-making-it-easier-than-ever-to-skip-office-trip\/#breadcrumb\",\"itemListElement\":[{\"@type\":\"ListItem\",\"position\":1,\"name\":\"News And Media\",\"item\":\"https:\/\/www.dmv.ca.gov\/portal\/news-and-media\/\"},{\"@type\":\"ListItem\",\"position\":2,\"name\":\"DMV Innovations Making it Easier than Ever to Skip Office Trip\"}]},{\"@type\":\"WebSite\",\"@id\":\"https:\/\/www.dmv.ca.gov\/portal\/#website\",\"url\":\"https:\/\/www.dmv.ca.gov\/portal\/\",\"name\":\"California DMV\",\"description\":\"\",\"publisher\":{\"@id\":\"https:\/\/www.dmv.ca.gov\/portal\/#organization\"},\"potentialAction\":[{\"@type\":\"SearchAction\",\"target\":{\"@type\":\"EntryPoint\",\"urlTemplate\":\"https:\/\/www.dmv.ca.gov\/portal\/?s={search_term_string}\"},\"query-input\":{\"@type\":\"PropertyValueSpecification\",\"valueRequired\":true,\"valueName\":\"search_term_string\"}}],\"inLanguage\":\"es-MX\"},{\"@type\":\"Organization\",\"@id\":\"https:\/\/www.dmv.ca.gov\/portal\/#organization\",\"name\":\"State of California Department of Motor Vehicles\",\"url\":\"https:\/\/www.dmv.ca.gov\/portal\/\",\"logo\":{\"@type\":\"ImageObject\",\"inLanguage\":\"es-MX\",\"@id\":\"https:\/\/www.dmv.ca.gov\/portal\/#\/schema\/logo\/image\/\",\"url\":\"https:\/\/www.dmv.ca.gov\/portal\/uploads\/2022\/06\/DMV_Logo.png\",\"contentUrl\":\"https:\/\/www.dmv.ca.gov\/portal\/uploads\/2022\/06\/DMV_Logo.png\",\"width\":1920,\"height\":1080,\"caption\":\"State of California Department of Motor Vehicles\"},\"image\":{\"@id\":\"https:\/\/www.dmv.ca.gov\/portal\/#\/schema\/logo\/image\/\"},\"sameAs\":[\"https:\/\/www.facebook.com\/CADMV\",\"https:\/\/x.com\/ca_dmv\",\"https:\/\/www.instagram.com\/ca_dmv\/\",\"https:\/\/www.linkedin.com\/company\/ca-department-of-motor-vehicles\/\",\"https:\/\/www.youtube.com\/user\/CaliforniaDMV\"]}]}<\/script>\n<!-- \/ Yoast SEO plugin. -->","yoast_head_json":{"title":"DMV Innovations Making it Easier than Ever to Skip Office Trip - California DMV","robots":{"index":"index","follow":"follow","max-snippet":"max-snippet:-1","max-image-preview":"max-image-preview:large","max-video-preview":"max-video-preview:-1"},"canonical":"https:\/\/www.dmv.ca.gov\/portal\/es\/news-and-media\/dmv-innovations-making-it-easier-than-ever-to-skip-office-trip\/","og_locale":"es_MX","og_type":"article","og_title":"DMV Innovations Making it Easier than Ever to Skip Office Trip - California DMV","og_description":"FOR IMMEDIATE RELEASEMay 22, 2024 Expanded digital services, convenient alternatives eliminate need to complete simple transactions in a DMV office Sacramento \u2013 The Department of Motor Vehicles is making it so easy for Californians to take care of business as part of its customer-focused digital transformation that the DMV will no longer process simple transactions [&hellip;]","og_url":"https:\/\/www.dmv.ca.gov\/portal\/es\/news-and-media\/dmv-innovations-making-it-easier-than-ever-to-skip-office-trip\/","og_site_name":"California DMV","article_publisher":"https:\/\/www.facebook.com\/CADMV","article_modified_time":"2024-05-22T20:36:21+00:00","og_image":[{"width":1920,"height":1080,"url":"https:\/\/www.dmv.ca.gov\/portal\/uploads\/2022\/06\/DMV_Logo.png","type":"image\/png"}],"twitter_card":"summary_large_image","twitter_site":"@ca_dmv","twitter_misc":{"Est. reading time":"2 minutes"},"schema":{"@context":"https:\/\/schema.org","@graph":[{"@type":"WebPage","@id":"https:\/\/www.dmv.ca.gov\/portal\/news-and-media\/dmv-innovations-making-it-easier-than-ever-to-skip-office-trip\/","url":"https:\/\/www.dmv.ca.gov\/portal\/news-and-media\/dmv-innovations-making-it-easier-than-ever-to-skip-office-trip\/","name":"DMV Innovations Making it Easier than Ever to Skip Office Trip - California DMV","isPartOf":{"@id":"https:\/\/www.dmv.ca.gov\/portal\/#website"},"datePublished":"2024-05-22T20:27:05+00:00","dateModified":"2024-05-22T20:36:21+00:00","breadcrumb":{"@id":"https:\/\/www.dmv.ca.gov\/portal\/news-and-media\/dmv-innovations-making-it-easier-than-ever-to-skip-office-trip\/#breadcrumb"},"inLanguage":"es-MX","potentialAction":[{"@type":"ReadAction","target":["https:\/\/www.dmv.ca.gov\/portal\/news-and-media\/dmv-innovations-making-it-easier-than-ever-to-skip-office-trip\/"]}]},{"@type":"BreadcrumbList","@id":"https:\/\/www.dmv.ca.gov\/portal\/news-and-media\/dmv-innovations-making-it-easier-than-ever-to-skip-office-trip\/#breadcrumb","itemListElement":[{"@type":"ListItem","position":1,"name":"News And Media","item":"https:\/\/www.dmv.ca.gov\/portal\/news-and-media\/"},{"@type":"ListItem","position":2,"name":"DMV Innovations Making it Easier than Ever to Skip Office Trip"}]},{"@type":"WebSite","@id":"https:\/\/www.dmv.ca.gov\/portal\/#website","url":"https:\/\/www.dmv.ca.gov\/portal\/","name":"California DMV","description":"","publisher":{"@id":"https:\/\/www.dmv.ca.gov\/portal\/#organization"},"potentialAction":[{"@type":"SearchAction","target":{"@type":"EntryPoint","urlTemplate":"https:\/\/www.dmv.ca.gov\/portal\/?s={search_term_string}"},"query-input":{"@type":"PropertyValueSpecification","valueRequired":true,"valueName":"search_term_string"}}],"inLanguage":"es-MX"},{"@type":"Organization","@id":"https:\/\/www.dmv.ca.gov\/portal\/#organization","name":"State of California Department of Motor Vehicles","url":"https:\/\/www.dmv.ca.gov\/portal\/","logo":{"@type":"ImageObject","inLanguage":"es-MX","@id":"https:\/\/www.dmv.ca.gov\/portal\/#\/schema\/logo\/image\/","url":"https:\/\/www.dmv.ca.gov\/portal\/uploads\/2022\/06\/DMV_Logo.png","contentUrl":"https:\/\/www.dmv.ca.gov\/portal\/uploads\/2022\/06\/DMV_Logo.png","width":1920,"height":1080,"caption":"State of California Department of Motor Vehicles"},"image":{"@id":"https:\/\/www.dmv.ca.gov\/portal\/#\/schema\/logo\/image\/"},"sameAs":["https:\/\/www.facebook.com\/CADMV","https:\/\/x.com\/ca_dmv","https:\/\/www.instagram.com\/ca_dmv\/","https:\/\/www.linkedin.com\/company\/ca-department-of-motor-vehicles\/","https:\/\/www.youtube.com\/user\/CaliforniaDMV"]}]}},"_links":{"self":[{"href":"https:\/\/www.dmv.ca.gov\/portal\/es\/wp-json\/wp\/v2\/pages\/238811","targetHints":{"allow":["GET"]}}],"collection":[{"href":"https:\/\/www.dmv.ca.gov\/portal\/es\/wp-json\/wp\/v2\/pages"}],"about":[{"href":"https:\/\/www.dmv.ca.gov\/portal\/es\/wp-json\/wp\/v2\/types\/page"}],"author":[{"embeddable":true,"href":"https:\/\/www.dmv.ca.gov\/portal\/es\/wp-json\/wp\/v2\/users\/2562"}],"replies":[{"embeddable":true,"href":"https:\/\/www.dmv.ca.gov\/portal\/es\/wp-json\/wp\/v2\/comments?post=238811"}],"version-history":[{"count":1,"href":"https:\/\/www.dmv.ca.gov\/portal\/es\/wp-json\/wp\/v2\/pages\/238811\/revisions"}],"predecessor-version":[{"id":238814,"href":"https:\/\/www.dmv.ca.gov\/portal\/es\/wp-json\/wp\/v2\/pages\/238811\/revisions\/238814"}],"up":[{"embeddable":true,"href":"https:\/\/www.dmv.ca.gov\/portal\/es\/wp-json\/wp\/v2\/pages\/1542"}],"wp:attachment":[{"href":"https:\/\/www.dmv.ca.gov\/portal\/es\/wp-json\/wp\/v2\/media?parent=238811"}],"wp:term":[{"taxonomy":"category","embeddable":true,"href":"https:\/\/www.dmv.ca.gov\/portal\/es\/wp-json\/wp\/v2\/categories?post=238811"},{"taxonomy":"post_tag","embeddable":true,"href":"https:\/\/www.dmv.ca.gov\/portal\/es\/wp-json\/wp\/v2\/tags?post=238811"},{"taxonomy":"dmv_task","embeddable":true,"href":"https:\/\/www.dmv.ca.gov\/portal\/es\/wp-json\/wp\/v2\/dmv_task?post=238811"},{"taxonomy":"dmv_functional_page_type","embeddable":true,"href":"https:\/\/www.dmv.ca.gov\/portal\/es\/wp-json\/wp\/v2\/dmv_functional_page_type?post=238811"},{"taxonomy":"dmv_content_type","embeddable":true,"href":"https:\/\/www.dmv.ca.gov\/portal\/es\/wp-json\/wp\/v2\/dmv_content_type?post=238811"}],"curies":[{"name":"wp","href":"https:\/\/api.w.org\/{rel}","templated":true}]}}