{"id":240464,"date":"2024-06-03T12:37:00","date_gmt":"2024-06-03T19:37:00","guid":{"rendered":"https:\/\/www.dmv.ca.gov\/portal\/?page_id=240464"},"modified":"2024-06-03T13:08:27","modified_gmt":"2024-06-03T20:08:27","slug":"dmv-announces-new-hours-for-select-offices","status":"publish","type":"page","link":"https:\/\/www.dmv.ca.gov\/portal\/es\/news-and-media\/dmv-announces-new-hours-for-select-offices\/","title":{"rendered":"DMV Announces New Hours for Select Offices"},"content":{"rendered":"<p class=\"has-text-align-left\">Contact: \u00a0Office of Public Affairs<br>2415 First Avenue<br>Sacramento, CA 95818<br>(916) 657\u20136437 |\u00a0<a href=\"mailto:dmvpublicaffairs@dmv.ca.gov\">dmvpublicaffairs@dmv.ca.gov<\/a><\/p>\n\n\n\n<p><strong>PARA PUBLICACI\u00d3N INMEDIATA<br>June 3, 2024<\/strong><\/p>\n\n\n\n<h2 class=\"wp-block-heading\"><em>Modified schedule will help offices improve efficiency while continuing to serve the community<\/em><\/h2>\n\n\n\n<p><strong>Sacramento<\/strong> \u2013 To improve efficiency and to better serve the evolving needs of customers as part of its digital transformation, the California Department of Motor Vehicles (DMV) will modify public hours at 20 offices throughout the state. The offices will remain open to the public two to three days a week beginning July 1.<\/p>\n\n\n\n<p>On weekdays when these offices are closed to the public, DMV team members will process transactions started online that require additional processing or virtual customer interaction. This will help improve efficiency and speed up processing times for all customers as more tasks are completed online. <a href=\"https:\/\/www.dmv.ca.gov\/portal\/es\/news-and-media\/dmv-innovations-making-it-easier-than-ever-to-skip-office-trip\/\">As previously announced<\/a>, starting today the DMV will no longer process simple transactions in offices that can easily be completed online or through other convenient options.<\/p>\n\n\n\n<p>The DMV\u2019s ongoing customer-focused digital transformation provides many opportunities online or through other convenient options to complete DMV tasks. Most DMV transactions do not require an office visit and can be conveniently started or completed online at <a href=\"https:\/\/www.dmv.ca.gov\/portal\/es\/dmv-online\/\"><a href=\"https:\/\/www.dmv.ca.gov\/portal\/es\/online\/\">dmv.ca.gov\/online<\/a><\/a>.&nbsp;<\/p>\n\n\n\n<p>\u201cWe are committed to providing services to customers when and where they want,\u201d said DMV Director Steve Gordon. \u201cAs a mobile-first organization, we are serving Californians through many channels on any device while at the same time still serving customers who must visit an office.\u201d<\/p>\n\n\n\n<p>Before making these decisions, the DMV closely reviewed transaction volumes, staffing, wait times and other criteria at its 170 offices statewide to determine which offices to move to a modified schedule while still being able to meet the in-office needs of the communities they serve. The DMV expects the change to have minimal impact on overall wait times.<\/p>\n\n\n\n<p>Staff at offices with modified service hours will work on <a href=\"https:\/\/www.dmv.ca.gov\/portal\/es\/dmv-virtual-office\/\">Virtual Office<\/a> items during the days the offices are closed to the public.<\/p>\n\n\n\n<p>Based on the busiest days in each community, the following offices will have modified service hours:<\/p>\n\n\n<body><figure class=\"wp-block-table\" tabindex=\"0\" role=\"region\"><table><thead><tr><th>DMV Office<\/th><th>Days Open to the Public<\/th><\/tr><\/thead><tbody><tr><td><span class=\"mobile-title\">DMV Office<\/span>Bishop (1115 W. Line St.)<\/td><td><span class=\"mobile-title\">Days Open to the Public<\/span>Monday, Wednesday and Friday<\/td><\/tr><tr><td><span class=\"mobile-title\">DMV Office<\/span>Blythe (430 S. Broadway)<\/td><td><span class=\"mobile-title\">Days Open to the Public<\/span>Tuesday and Thursday<\/td><\/tr><tr><td><span class=\"mobile-title\">DMV Office<\/span>Coalinga (406 E. Elm Ave.)<\/td><td><span class=\"mobile-title\">Days Open to the Public<\/span>Tuesday and Thursday<\/td><\/tr><tr><td><span class=\"mobile-title\">DMV Office<\/span>Colusa (1025 Bridge St., Suite B)<\/td><td><span class=\"mobile-title\">Days Open to the Public<\/span>Monday, Wednesday and Friday<\/td><\/tr><tr><td><span class=\"mobile-title\">DMV Office<\/span>Crescent City (1475 Parkway Drive)<\/td><td><span class=\"mobile-title\">Days Open to the Public<\/span>Monday, Wednesday and Friday<\/td><\/tr><tr><td><span class=\"mobile-title\">DMV Office<\/span>Fall River Mills (43467 Highway 299E)<\/td><td><span class=\"mobile-title\">Days Open to the Public<\/span>Tuesday and Thursday<\/td><\/tr><tr><td><span class=\"mobile-title\">DMV Office<\/span>Fort Bragg (410 S. Franklin St.)<\/td><td><span class=\"mobile-title\">Days Open to the Public<\/span>Monday, Wednesday and Friday<\/td><\/tr><tr><td><span class=\"mobile-title\">DMV Office<\/span>Garberville (1180 Evergreen Road)<\/td><td><span class=\"mobile-title\">Days Open to the Public<\/span>Tuesday and Thursday<\/td><\/tr><tr><td><span class=\"mobile-title\">DMV Office<\/span>Hollister (80 N. Sally St.)<\/td><td><span class=\"mobile-title\">Days Open to the Public<\/span>Tuesday and Thursday<\/td><\/tr><tr><td><span class=\"mobile-title\">DMV Office<\/span>Lake Isabella (5520 Lake Isabella Road G-1)<\/td><td><span class=\"mobile-title\">Days Open to the Public<\/span>Tuesday and Thursday<\/td><\/tr><tr><td><span class=\"mobile-title\">DMV Office<\/span>Lakeport (965 Parallel Drive)<\/td><td><span class=\"mobile-title\">Days Open to the Public<\/span>Tuesday and Thursday<\/td><\/tr><tr><td><span class=\"mobile-title\">DMV Office<\/span>Mariposa (5264 Highway 49)<\/td><td><span class=\"mobile-title\">Days Open to the Public<\/span>Tuesday and Thursday<\/td><\/tr><tr><td><span class=\"mobile-title\">DMV Office<\/span>Mount Shasta (154 Morgan Way)<\/td><td><span class=\"mobile-title\">Days Open to the Public<\/span>Tuesday and Thursday<\/td><\/tr><tr><td><span class=\"mobile-title\">DMV Office<\/span>Needles (1040 E. Broadway St.)<\/td><td><span class=\"mobile-title\">Days Open to the Public<\/span>Monday, Wednesday and Friday<\/td><\/tr><tr><td><span class=\"mobile-title\">DMV Office<\/span>San Andreas (745 Mountain Ranch Road)<\/td><td><span class=\"mobile-title\">Days Open to the Public<\/span>Tuesday and Thursday<\/td><\/tr><tr><td><span class=\"mobile-title\">DMV Office<\/span>Susanville (2615 Main St.)<\/td><td><span class=\"mobile-title\">Days Open to the Public<\/span>Monday, Wednesday and Friday<\/td><\/tr><tr><td><span class=\"mobile-title\">DMV Office<\/span>Taft (165 Center St.)<\/td><td><span class=\"mobile-title\">Days Open to the Public<\/span>Tuesday and Thursday<\/td><\/tr><tr><td><span class=\"mobile-title\">DMV Office<\/span>Weaverville (1511 Main St.)<\/td><td><span class=\"mobile-title\">Days Open to the Public<\/span>Tuesday and Thursday<\/td><\/tr><tr><td><span class=\"mobile-title\">DMV Office<\/span>Willows (815 N. Humboldt Ave.)<\/td><td><span class=\"mobile-title\">Days Open to the Public<\/span>Tuesday and Thursday<\/td><\/tr><tr><td><span class=\"mobile-title\">DMV Office<\/span>Yreka (1848 Fort Jones Road)<\/td><td><span class=\"mobile-title\">Days Open to the Public<\/span>Monday, Wednesday and Friday<\/td><\/tr><\/tbody><\/table><\/figure>\n<\/body>\n\n\n<p><\/p>\n\n\n\n<p>Customers should note that regular DMV office hours are from 8 a.m. to 5 p.m. on Mondays, Tuesdays, Thursdays and Fridays. On Wednesdays, offices open at 9 a.m.<\/p>\n\n\n\n<p><strong>Antes de ir a una oficina- Primero intente en l\u00ednea<\/strong><\/p>\n\n\n\n<p>El DMV ha tomado muchas medidas para ofrecer m\u00e1s servicios digitales. La mayor\u00eda de las transacciones del DMV no requieren visitar una oficina. El DMV les recomienda a los clientes usar sus servicios <a href=\"https:\/\/www.dmv.ca.gov\/portal\/es\/dmv-online\/\"><a href=\"https:\/\/www.dmv.ca.gov\/portal\/es\/dmv-online\/\">servicios en l\u00ednea<\/a><\/a> y otros medios de servicio para completar transacciones, como pueden ser renovaciones elegibles de licencias de manejo y registro de veh\u00edculos. Los clientes tambi\u00e9n pueden usar el <a href=\"https:\/\/www.dmv.ca.gov\/portal\/es\/?s=\"><a href=\"https:\/\/www.dmv.ca.gov\/portal\/es\/?s=\">Asesor de Servicios<\/a><\/a> en el <a href=\"https:\/\/www.dmv.ca.gov\/portal\/es\/\"><a href=\"https:\/\/www.dmv.ca.gov\/portal\/es\/dmv-online\/\"> sitio web del DMV<\/a><\/a> para conocer sus opciones para completar transacciones del DMV.<\/p>\n\n\n\n<p>Para recibir notificaciones el\u00e9ctronicas sobre renovaciones de registro de veh\u00edculos y licencias de manejo, los clientes pueden optar por este servicio al crear una cuenta segura en l\u00ednea y registr\u00e1ndose en&nbsp;<a href=\"https:\/\/www.dmv.ca.gov\/portal\/es\/\"><a href=\"https:\/\/www.dmv.ca.gov\/portal\/es\/\">dmv.ca.gov<\/a><\/a>&nbsp;y luego registrarse.<\/p>\n\n\n\n<p class=\"has-text-align-center\">###<\/p>\n\n\n\n<p class=\"has-text-align-center\">Reg\u00edstrate para recibir alertas de noticias del DMV:&nbsp;<a href=\"https:\/\/www.dmv.ca.gov\/portal\/es\/dmv-news-alerts\/\" target=\"_blank\" rel=\"noreferrer noopener\">DMV NEWS ALERTS \u2013 California DMV<\/a><\/p>","protected":false},"excerpt":{"rendered":"<p>FOR IMMEDIATE RELEASEJune 3, 2024 Modified schedule will help offices improve efficiency while continuing to serve the community Sacramento \u2013 To improve efficiency and to better serve the evolving needs of customers as part of its digital transformation, the California Department of Motor Vehicles (DMV) will modify public hours at 20 offices throughout the state. [&hellip;]<\/p>\n","protected":false},"author":2591,"featured_media":0,"parent":1542,"menu_order":0,"comment_status":"closed","ping_status":"closed","template":"","meta":{"ep_exclude_from_search":true,"dmv_page_popups":[],"dmv_ribbon_color":"","dmv_top_illustration":"","dmv_page_title":"","dmv_page_subtitle":"","dmv_exclude_from_search_results":false,"dmv_allowed_editors":[],"dmv_display_translate_button":false,"footnotes":""},"categories":[1627],"tags":[],"dmv_task":[86],"dmv_functional_page_type":[3],"dmv_content_type":[],"class_list":["post-240464","page","type-page","status-publish","hentry","category-news-media","dmv_task-location","dmv_functional_page_type-press-release"],"featured_image_src":null,"yoast_head":"<!-- This site is optimized with the Yoast SEO plugin v27.3 - https:\/\/yoast.com\/product\/yoast-seo-wordpress\/ -->\n<title>DMV Announces New Hours for Select Offices - California DMV<\/title>\n<meta name=\"robots\" content=\"index, follow, max-snippet:-1, max-image-preview:large, max-video-preview:-1\" \/>\n<link rel=\"canonical\" href=\"https:\/\/www.dmv.ca.gov\/portal\/es\/news-and-media\/dmv-announces-new-hours-for-select-offices\/\" \/>\n<meta property=\"og:locale\" content=\"es_MX\" \/>\n<meta property=\"og:type\" content=\"article\" \/>\n<meta property=\"og:title\" content=\"DMV Announces New Hours for Select Offices - California DMV\" \/>\n<meta property=\"og:description\" content=\"FOR IMMEDIATE RELEASEJune 3, 2024 Modified schedule will help offices improve efficiency while continuing to serve the community Sacramento \u2013 To improve efficiency and to better serve the evolving needs of customers as part of its digital transformation, the California Department of Motor Vehicles (DMV) will modify public hours at 20 offices throughout the state. [&hellip;]\" \/>\n<meta property=\"og:url\" content=\"https:\/\/www.dmv.ca.gov\/portal\/es\/news-and-media\/dmv-announces-new-hours-for-select-offices\/\" \/>\n<meta property=\"og:site_name\" content=\"California DMV\" \/>\n<meta property=\"article:publisher\" content=\"https:\/\/www.facebook.com\/CADMV\" \/>\n<meta property=\"article:modified_time\" content=\"2024-06-03T20:08:27+00:00\" \/>\n<meta property=\"og:image\" content=\"https:\/\/www.dmv.ca.gov\/portal\/uploads\/2022\/06\/DMV_Logo.png\" \/>\n\t<meta property=\"og:image:width\" content=\"1920\" \/>\n\t<meta property=\"og:image:height\" content=\"1080\" \/>\n\t<meta property=\"og:image:type\" content=\"image\/png\" \/>\n<meta name=\"twitter:card\" content=\"summary_large_image\" \/>\n<meta name=\"twitter:site\" content=\"@ca_dmv\" \/>\n<meta name=\"twitter:label1\" content=\"Est. reading time\" \/>\n\t<meta name=\"twitter:data1\" content=\"3 minutes\" \/>\n<script type=\"application\/ld+json\" class=\"yoast-schema-graph\">{\"@context\":\"https:\\\/\\\/schema.org\",\"@graph\":[{\"@type\":\"WebPage\",\"@id\":\"https:\\\/\\\/www.dmv.ca.gov\\\/portal\\\/news-and-media\\\/dmv-announces-new-hours-for-select-offices\\\/\",\"url\":\"https:\\\/\\\/www.dmv.ca.gov\\\/portal\\\/news-and-media\\\/dmv-announces-new-hours-for-select-offices\\\/\",\"name\":\"DMV Announces New Hours for Select Offices - California DMV\",\"isPartOf\":{\"@id\":\"https:\\\/\\\/www.dmv.ca.gov\\\/portal\\\/#website\"},\"datePublished\":\"2024-06-03T19:37:00+00:00\",\"dateModified\":\"2024-06-03T20:08:27+00:00\",\"breadcrumb\":{\"@id\":\"https:\\\/\\\/www.dmv.ca.gov\\\/portal\\\/news-and-media\\\/dmv-announces-new-hours-for-select-offices\\\/#breadcrumb\"},\"inLanguage\":\"es-MX\",\"potentialAction\":[{\"@type\":\"ReadAction\",\"target\":[\"https:\\\/\\\/www.dmv.ca.gov\\\/portal\\\/news-and-media\\\/dmv-announces-new-hours-for-select-offices\\\/\"]}]},{\"@type\":\"BreadcrumbList\",\"@id\":\"https:\\\/\\\/www.dmv.ca.gov\\\/portal\\\/news-and-media\\\/dmv-announces-new-hours-for-select-offices\\\/#breadcrumb\",\"itemListElement\":[{\"@type\":\"ListItem\",\"position\":1,\"name\":\"News And Media\",\"item\":\"https:\\\/\\\/www.dmv.ca.gov\\\/portal\\\/news-and-media\\\/\"},{\"@type\":\"ListItem\",\"position\":2,\"name\":\"DMV Announces New Hours for Select Offices\"}]},{\"@type\":\"WebSite\",\"@id\":\"https:\\\/\\\/www.dmv.ca.gov\\\/portal\\\/#website\",\"url\":\"https:\\\/\\\/www.dmv.ca.gov\\\/portal\\\/\",\"name\":\"California DMV\",\"description\":\"\",\"publisher\":{\"@id\":\"https:\\\/\\\/www.dmv.ca.gov\\\/portal\\\/#organization\"},\"potentialAction\":[{\"@type\":\"SearchAction\",\"target\":{\"@type\":\"EntryPoint\",\"urlTemplate\":\"https:\\\/\\\/www.dmv.ca.gov\\\/portal\\\/?s={search_term_string}\"},\"query-input\":{\"@type\":\"PropertyValueSpecification\",\"valueRequired\":true,\"valueName\":\"search_term_string\"}}],\"inLanguage\":\"es-MX\"},{\"@type\":\"Organization\",\"@id\":\"https:\\\/\\\/www.dmv.ca.gov\\\/portal\\\/#organization\",\"name\":\"State of California Department of Motor Vehicles\",\"url\":\"https:\\\/\\\/www.dmv.ca.gov\\\/portal\\\/\",\"logo\":{\"@type\":\"ImageObject\",\"inLanguage\":\"es-MX\",\"@id\":\"https:\\\/\\\/www.dmv.ca.gov\\\/portal\\\/#\\\/schema\\\/logo\\\/image\\\/\",\"url\":\"https:\\\/\\\/www.dmv.ca.gov\\\/portal\\\/uploads\\\/2022\\\/06\\\/DMV_Logo.png\",\"contentUrl\":\"https:\\\/\\\/www.dmv.ca.gov\\\/portal\\\/uploads\\\/2022\\\/06\\\/DMV_Logo.png\",\"width\":1920,\"height\":1080,\"caption\":\"State of California Department of Motor Vehicles\"},\"image\":{\"@id\":\"https:\\\/\\\/www.dmv.ca.gov\\\/portal\\\/#\\\/schema\\\/logo\\\/image\\\/\"},\"sameAs\":[\"https:\\\/\\\/www.facebook.com\\\/CADMV\",\"https:\\\/\\\/x.com\\\/ca_dmv\",\"https:\\\/\\\/www.instagram.com\\\/ca_dmv\\\/\",\"https:\\\/\\\/www.linkedin.com\\\/company\\\/ca-department-of-motor-vehicles\\\/\",\"https:\\\/\\\/www.youtube.com\\\/user\\\/CaliforniaDMV\"]}]}<\/script>\n<!-- \/ Yoast SEO plugin. -->","yoast_head_json":{"title":"DMV Announces New Hours for Select Offices - California DMV","robots":{"index":"index","follow":"follow","max-snippet":"max-snippet:-1","max-image-preview":"max-image-preview:large","max-video-preview":"max-video-preview:-1"},"canonical":"https:\/\/www.dmv.ca.gov\/portal\/es\/news-and-media\/dmv-announces-new-hours-for-select-offices\/","og_locale":"es_MX","og_type":"article","og_title":"DMV Announces New Hours for Select Offices - California DMV","og_description":"FOR IMMEDIATE RELEASEJune 3, 2024 Modified schedule will help offices improve efficiency while continuing to serve the community Sacramento \u2013 To improve efficiency and to better serve the evolving needs of customers as part of its digital transformation, the California Department of Motor Vehicles (DMV) will modify public hours at 20 offices throughout the state. [&hellip;]","og_url":"https:\/\/www.dmv.ca.gov\/portal\/es\/news-and-media\/dmv-announces-new-hours-for-select-offices\/","og_site_name":"California DMV","article_publisher":"https:\/\/www.facebook.com\/CADMV","article_modified_time":"2024-06-03T20:08:27+00:00","og_image":[{"width":1920,"height":1080,"url":"https:\/\/www.dmv.ca.gov\/portal\/uploads\/2022\/06\/DMV_Logo.png","type":"image\/png"}],"twitter_card":"summary_large_image","twitter_site":"@ca_dmv","twitter_misc":{"Est. reading time":"3 minutes"},"schema":{"@context":"https:\/\/schema.org","@graph":[{"@type":"WebPage","@id":"https:\/\/www.dmv.ca.gov\/portal\/news-and-media\/dmv-announces-new-hours-for-select-offices\/","url":"https:\/\/www.dmv.ca.gov\/portal\/news-and-media\/dmv-announces-new-hours-for-select-offices\/","name":"DMV Announces New Hours for Select Offices - California DMV","isPartOf":{"@id":"https:\/\/www.dmv.ca.gov\/portal\/#website"},"datePublished":"2024-06-03T19:37:00+00:00","dateModified":"2024-06-03T20:08:27+00:00","breadcrumb":{"@id":"https:\/\/www.dmv.ca.gov\/portal\/news-and-media\/dmv-announces-new-hours-for-select-offices\/#breadcrumb"},"inLanguage":"es-MX","potentialAction":[{"@type":"ReadAction","target":["https:\/\/www.dmv.ca.gov\/portal\/news-and-media\/dmv-announces-new-hours-for-select-offices\/"]}]},{"@type":"BreadcrumbList","@id":"https:\/\/www.dmv.ca.gov\/portal\/news-and-media\/dmv-announces-new-hours-for-select-offices\/#breadcrumb","itemListElement":[{"@type":"ListItem","position":1,"name":"News And Media","item":"https:\/\/www.dmv.ca.gov\/portal\/news-and-media\/"},{"@type":"ListItem","position":2,"name":"DMV Announces New Hours for Select Offices"}]},{"@type":"WebSite","@id":"https:\/\/www.dmv.ca.gov\/portal\/#website","url":"https:\/\/www.dmv.ca.gov\/portal\/","name":"California DMV","description":"","publisher":{"@id":"https:\/\/www.dmv.ca.gov\/portal\/#organization"},"potentialAction":[{"@type":"SearchAction","target":{"@type":"EntryPoint","urlTemplate":"https:\/\/www.dmv.ca.gov\/portal\/?s={search_term_string}"},"query-input":{"@type":"PropertyValueSpecification","valueRequired":true,"valueName":"search_term_string"}}],"inLanguage":"es-MX"},{"@type":"Organization","@id":"https:\/\/www.dmv.ca.gov\/portal\/#organization","name":"State of California Department of Motor Vehicles","url":"https:\/\/www.dmv.ca.gov\/portal\/","logo":{"@type":"ImageObject","inLanguage":"es-MX","@id":"https:\/\/www.dmv.ca.gov\/portal\/#\/schema\/logo\/image\/","url":"https:\/\/www.dmv.ca.gov\/portal\/uploads\/2022\/06\/DMV_Logo.png","contentUrl":"https:\/\/www.dmv.ca.gov\/portal\/uploads\/2022\/06\/DMV_Logo.png","width":1920,"height":1080,"caption":"State of California Department of Motor Vehicles"},"image":{"@id":"https:\/\/www.dmv.ca.gov\/portal\/#\/schema\/logo\/image\/"},"sameAs":["https:\/\/www.facebook.com\/CADMV","https:\/\/x.com\/ca_dmv","https:\/\/www.instagram.com\/ca_dmv\/","https:\/\/www.linkedin.com\/company\/ca-department-of-motor-vehicles\/","https:\/\/www.youtube.com\/user\/CaliforniaDMV"]}]}},"_links":{"self":[{"href":"https:\/\/www.dmv.ca.gov\/portal\/es\/wp-json\/wp\/v2\/pages\/240464","targetHints":{"allow":["GET"]}}],"collection":[{"href":"https:\/\/www.dmv.ca.gov\/portal\/es\/wp-json\/wp\/v2\/pages"}],"about":[{"href":"https:\/\/www.dmv.ca.gov\/portal\/es\/wp-json\/wp\/v2\/types\/page"}],"author":[{"embeddable":true,"href":"https:\/\/www.dmv.ca.gov\/portal\/es\/wp-json\/wp\/v2\/users\/2591"}],"replies":[{"embeddable":true,"href":"https:\/\/www.dmv.ca.gov\/portal\/es\/wp-json\/wp\/v2\/comments?post=240464"}],"version-history":[{"count":17,"href":"https:\/\/www.dmv.ca.gov\/portal\/es\/wp-json\/wp\/v2\/pages\/240464\/revisions"}],"predecessor-version":[{"id":258173,"href":"https:\/\/www.dmv.ca.gov\/portal\/es\/wp-json\/wp\/v2\/pages\/240464\/revisions\/258173"}],"up":[{"embeddable":true,"href":"https:\/\/www.dmv.ca.gov\/portal\/es\/wp-json\/wp\/v2\/pages\/1542"}],"wp:attachment":[{"href":"https:\/\/www.dmv.ca.gov\/portal\/es\/wp-json\/wp\/v2\/media?parent=240464"}],"wp:term":[{"taxonomy":"category","embeddable":true,"href":"https:\/\/www.dmv.ca.gov\/portal\/es\/wp-json\/wp\/v2\/categories?post=240464"},{"taxonomy":"post_tag","embeddable":true,"href":"https:\/\/www.dmv.ca.gov\/portal\/es\/wp-json\/wp\/v2\/tags?post=240464"},{"taxonomy":"dmv_task","embeddable":true,"href":"https:\/\/www.dmv.ca.gov\/portal\/es\/wp-json\/wp\/v2\/dmv_task?post=240464"},{"taxonomy":"dmv_functional_page_type","embeddable":true,"href":"https:\/\/www.dmv.ca.gov\/portal\/es\/wp-json\/wp\/v2\/dmv_functional_page_type?post=240464"},{"taxonomy":"dmv_content_type","embeddable":true,"href":"https:\/\/www.dmv.ca.gov\/portal\/es\/wp-json\/wp\/v2\/dmv_content_type?post=240464"}],"curies":[{"name":"wp","href":"https:\/\/api.w.org\/{rel}","templated":true}]}}