{"id":243566,"date":"2024-07-03T11:35:26","date_gmt":"2024-07-03T18:35:26","guid":{"rendered":"https:\/\/www.dmv.ca.gov\/portal\/?page_id=243566"},"modified":"2024-07-03T11:35:39","modified_gmt":"2024-07-03T18:35:39","slug":"start-summer-with-a-bang-when-you-upgrade-to-a-real-id","status":"publish","type":"page","link":"https:\/\/www.dmv.ca.gov\/portal\/es\/news-and-media\/start-summer-with-a-bang-when-you-upgrade-to-a-real-id\/","title":{"rendered":"Start Summer with a Bang When You Upgrade to a REAL ID"},"content":{"rendered":"<p class=\"has-text-align-left\">Contact: \u00a0Office of Public Affairs<br>2415 First Avenue<br>Sacramento, CA 95818<br>(916) 657\u20136437 |\u00a0<a href=\"mailto:dmvpublicaffairs@dmv.ca.gov\">dmvpublicaffairs@dmv.ca.gov<\/a><\/p>\n\n\n\n<h2 class=\"wp-block-heading has-text-align-center\"><em>Federal air travel requirements will be in place next Fourth of July<\/em><\/h2>\n\n\n\n<p><strong>PARA PUBLICACI\u00d3N INMEDIATA<br><strong>July 3, 2024<\/strong><\/strong><\/p>\n\n\n\n<p><strong>Sacramento<\/strong> \u2013 More than 17.7 million Californians now have a REAL ID \u2013 an increase of 137,929 from the previous month \u2013 according to California Department of Motor Vehicles (DMV) data.<\/p>\n\n\n\n<p>Just like fireworks light up the sky, Californians can put a spark in their domestic travel plans when they get a REAL ID.<\/p>\n\n\n\n<figure class=\"wp-block-pullquote has-text-align-center\"><blockquote><p>\u201cAs we celebrate our nation&#8217;s independence during one of the busiest travel weeks of the year, you can help improve your freedom to travel easily by getting a REAL ID,\u201d said DMV Director Steve Gordon. \u201cYou\u2019ll need one to travel by plane in the U.S. next year. No need to wait.\u201d<\/p><\/blockquote><\/figure>\n\n\n\n<p>Para obtener un REAL ID, los Californianos pueden visitar&nbsp;<a href=\"https:\/\/www.dmv.ca.gov\/portal\/es\/driver-licenses-identification-cards\/real-id\/\">REALID.dmv.ca.gov<\/a>, fill out the online application and upload their documents. Customers must visit a DMV office and bring their uploaded documents to complete the application. By starting the process online, it should only take about 15 minutes in the office. Customers need to provide:<\/p>\n\n\n\n<ul class=\"wp-block-list\">\n<li>Prueba de identidad*: un documento original o certificado (ejemplo: pasaporte v\u00e1lido, certificado de nacimiento)<br>*Legal name change document(s) is required if name on proof of identity is different from the name on the other documents (example: marriage certificate, adoption papers).<\/li>\n\n\n\n<li>Comprobantes de residencia en California: dos documentos, copias en papel (ejemplo: factura de servicios p\u00fablicos, extracto bancario)<\/li>\n\n\n\n<li>N\u00famero de Seguro Social (pueden aplicarse excepciones)<\/li>\n<\/ul>\n\n\n\n<p class=\"translation-block\">Visite <a href=\"https:\/\/www.dmv.ca.gov\/portal\/es\/driver-licenses-identification-cards\/real-id\/how-do-i-get-a-real-id\/real-id-checklist\/\" target=\"_self\">REALID.dmv.ca.gov<\/a> para obtener una lista completa de los documentos aceptables y un enlace a la solicitud en l\u00ednea.<\/p>\n\n\n\n<p>There is no need to wait for the federal enforcement date of May 7, 2025, that requires a REAL ID or other <a href=\"https:\/\/www.tsa.gov\/travel\/security-screening\/identification\"><a href=\"https:\/\/www.tsa.gov\/travel\/security-screening\/identification\" target=\"_self\"> otro documento aprobado por el gobierno federal<\/a><\/a> to board flights within the United States and access secure federal facilities. Doing it now means more time doing the things you want to do.<\/p>\n\n\n\n<p><strong>Informaci\u00f3n hist\u00f3rica de REAL ID:<\/strong><\/p>\n\n\n\n<ul class=\"wp-block-list\">\n<li>Total REAL ID cardholders as of July 1, 2024: 17,702,877<\/li>\n\n\n\n<li>Total REAL ID cardholders as of June 1, 2024: 17,564,948<\/li>\n\n\n\n<li>Total de personas con la REAL ID desde el 1 de julio de 2023: 15,987,502<\/li>\n<\/ul>\n\n\n\n<p><strong>Online Services<\/strong><\/p>\n\n\n\n<p>El DMV ha tomado varias medidas para ofrecer m\u00e1s servicios digitales. La mayor\u00eda de los tr\u00e1mites del DMV no requieren una visita a la oficina, incluidas algunas transacciones simples de autoservicio que ya no est\u00e1n disponibles en las oficinas. El DMV invita a los clientes a utilizar los&nbsp;<a href=\"\/portal\/es\/dmv-online\/\"><a href=\"https:\/\/www.dmv.ca.gov\/portal\/es\/dmv-online\/\">servicios en l\u00ednea<\/a><\/a>&nbsp;y otros medios de servicio para completar transacciones, como pueden ser renovaciones elegibles de licencias de manejo y registro de veh\u00edculos. Los clientes tambi\u00e9n pueden usar el&nbsp;<a href=\"\/portal\/es\/make-an-appointment\/service-advisor\/\"><a href=\"https:\/\/www.dmv.ca.gov\/portal\/es\/?s=\">Asesor de Servicios<\/a><\/a>&nbsp;en el sitio web del DMV para conocer sus opciones y completar tr\u00e1mites del DMV.<\/p>\n\n\n\n<p class=\"translation-block\">Para recibir notificaciones el\u00e9ctronicas sobre renovaciones de registro de veh\u00edculos y licencias de manejo, los clientes pueden optar por este servicio al crear una cuenta segura en l\u00ednea y registr\u00e1ndose en <a href=\"https:\/\/www.dmv.ca.gov\/portal\/es\/dmv-online\/\" target=\"_self\">dmv.ca.gov<\/a> y luego inscribirse.<\/p>\n\n\n\n<p class=\"has-text-align-center\">###<\/p>\n\n\n\n<p class=\"has-text-align-center\">Reg\u00edstrate para recibir alertas de noticias del DMV: <a rel=\"noreferrer noopener\" href=\"https:\/\/www.dmv.ca.gov\/portal\/es\/dmv-news-alerts\/\" target=\"_blank\">DMV NEWS ALERTS - California DMV<\/a><\/p>","protected":false},"excerpt":{"rendered":"<p>Federal air travel requirements will be in place next Fourth of July FOR IMMEDIATE RELEASEJuly 3, 2024 Sacramento \u2013 More than 17.7 million Californians now have a REAL ID \u2013 an increase of 137,929 from the previous month \u2013 according to California Department of Motor Vehicles (DMV) data. Just like fireworks light up the sky, [&hellip;]<\/p>\n","protected":false},"author":2527,"featured_media":0,"parent":1542,"menu_order":0,"comment_status":"closed","ping_status":"closed","template":"","meta":{"ep_exclude_from_search":false,"dmv_page_popups":[],"dmv_ribbon_color":"","dmv_top_illustration":"","dmv_page_title":"","dmv_page_subtitle":"","dmv_exclude_from_search_results":false,"dmv_allowed_editors":[],"dmv_display_translate_button":false,"footnotes":""},"categories":[],"tags":[],"dmv_task":[358],"dmv_functional_page_type":[3],"dmv_content_type":[],"class_list":["post-243566","page","type-page","status-publish","hentry","dmv_task-n-a","dmv_functional_page_type-press-release"],"featured_image_src":null,"yoast_head":"<!-- This site is optimized with the Yoast SEO plugin v27.3 - https:\/\/yoast.com\/product\/yoast-seo-wordpress\/ -->\n<title>Start Summer with a Bang When You Upgrade to a REAL ID - California DMV<\/title>\n<meta name=\"robots\" content=\"index, follow, max-snippet:-1, max-image-preview:large, max-video-preview:-1\" \/>\n<link rel=\"canonical\" href=\"https:\/\/www.dmv.ca.gov\/portal\/es\/news-and-media\/start-summer-with-a-bang-when-you-upgrade-to-a-real-id\/\" \/>\n<meta property=\"og:locale\" content=\"es_MX\" \/>\n<meta property=\"og:type\" content=\"article\" \/>\n<meta property=\"og:title\" content=\"Start Summer with a Bang When You Upgrade to a REAL ID - California DMV\" \/>\n<meta property=\"og:description\" content=\"Federal air travel requirements will be in place next Fourth of July FOR IMMEDIATE RELEASEJuly 3, 2024 Sacramento \u2013 More than 17.7 million Californians now have a REAL ID \u2013 an increase of 137,929 from the previous month \u2013 according to California Department of Motor Vehicles (DMV) data. Just like fireworks light up the sky, [&hellip;]\" \/>\n<meta property=\"og:url\" content=\"https:\/\/www.dmv.ca.gov\/portal\/es\/news-and-media\/start-summer-with-a-bang-when-you-upgrade-to-a-real-id\/\" \/>\n<meta property=\"og:site_name\" content=\"California DMV\" \/>\n<meta property=\"article:publisher\" content=\"https:\/\/www.facebook.com\/CADMV\" \/>\n<meta property=\"article:modified_time\" content=\"2024-07-03T18:35:39+00:00\" \/>\n<meta property=\"og:image\" content=\"https:\/\/www.dmv.ca.gov\/portal\/uploads\/2022\/06\/DMV_Logo.png\" \/>\n\t<meta property=\"og:image:width\" content=\"1920\" \/>\n\t<meta property=\"og:image:height\" content=\"1080\" \/>\n\t<meta property=\"og:image:type\" content=\"image\/png\" \/>\n<meta name=\"twitter:card\" content=\"summary_large_image\" \/>\n<meta name=\"twitter:site\" content=\"@ca_dmv\" \/>\n<meta name=\"twitter:label1\" content=\"Est. reading time\" \/>\n\t<meta name=\"twitter:data1\" content=\"2 minutes\" \/>\n<script type=\"application\/ld+json\" class=\"yoast-schema-graph\">{\"@context\":\"https:\\\/\\\/schema.org\",\"@graph\":[{\"@type\":\"WebPage\",\"@id\":\"https:\\\/\\\/www.dmv.ca.gov\\\/portal\\\/news-and-media\\\/start-summer-with-a-bang-when-you-upgrade-to-a-real-id\\\/\",\"url\":\"https:\\\/\\\/www.dmv.ca.gov\\\/portal\\\/news-and-media\\\/start-summer-with-a-bang-when-you-upgrade-to-a-real-id\\\/\",\"name\":\"Start Summer with a Bang When You Upgrade to a REAL ID - California DMV\",\"isPartOf\":{\"@id\":\"https:\\\/\\\/www.dmv.ca.gov\\\/portal\\\/#website\"},\"datePublished\":\"2024-07-03T18:35:26+00:00\",\"dateModified\":\"2024-07-03T18:35:39+00:00\",\"breadcrumb\":{\"@id\":\"https:\\\/\\\/www.dmv.ca.gov\\\/portal\\\/news-and-media\\\/start-summer-with-a-bang-when-you-upgrade-to-a-real-id\\\/#breadcrumb\"},\"inLanguage\":\"es-MX\",\"potentialAction\":[{\"@type\":\"ReadAction\",\"target\":[\"https:\\\/\\\/www.dmv.ca.gov\\\/portal\\\/news-and-media\\\/start-summer-with-a-bang-when-you-upgrade-to-a-real-id\\\/\"]}]},{\"@type\":\"BreadcrumbList\",\"@id\":\"https:\\\/\\\/www.dmv.ca.gov\\\/portal\\\/news-and-media\\\/start-summer-with-a-bang-when-you-upgrade-to-a-real-id\\\/#breadcrumb\",\"itemListElement\":[{\"@type\":\"ListItem\",\"position\":1,\"name\":\"News And Media\",\"item\":\"https:\\\/\\\/www.dmv.ca.gov\\\/portal\\\/news-and-media\\\/\"},{\"@type\":\"ListItem\",\"position\":2,\"name\":\"Start Summer with a Bang When You Upgrade to a REAL ID\"}]},{\"@type\":\"WebSite\",\"@id\":\"https:\\\/\\\/www.dmv.ca.gov\\\/portal\\\/#website\",\"url\":\"https:\\\/\\\/www.dmv.ca.gov\\\/portal\\\/\",\"name\":\"California DMV\",\"description\":\"\",\"publisher\":{\"@id\":\"https:\\\/\\\/www.dmv.ca.gov\\\/portal\\\/#organization\"},\"potentialAction\":[{\"@type\":\"SearchAction\",\"target\":{\"@type\":\"EntryPoint\",\"urlTemplate\":\"https:\\\/\\\/www.dmv.ca.gov\\\/portal\\\/?s={search_term_string}\"},\"query-input\":{\"@type\":\"PropertyValueSpecification\",\"valueRequired\":true,\"valueName\":\"search_term_string\"}}],\"inLanguage\":\"es-MX\"},{\"@type\":\"Organization\",\"@id\":\"https:\\\/\\\/www.dmv.ca.gov\\\/portal\\\/#organization\",\"name\":\"State of California Department of Motor Vehicles\",\"url\":\"https:\\\/\\\/www.dmv.ca.gov\\\/portal\\\/\",\"logo\":{\"@type\":\"ImageObject\",\"inLanguage\":\"es-MX\",\"@id\":\"https:\\\/\\\/www.dmv.ca.gov\\\/portal\\\/#\\\/schema\\\/logo\\\/image\\\/\",\"url\":\"https:\\\/\\\/www.dmv.ca.gov\\\/portal\\\/uploads\\\/2022\\\/06\\\/DMV_Logo.png\",\"contentUrl\":\"https:\\\/\\\/www.dmv.ca.gov\\\/portal\\\/uploads\\\/2022\\\/06\\\/DMV_Logo.png\",\"width\":1920,\"height\":1080,\"caption\":\"State of California Department of Motor Vehicles\"},\"image\":{\"@id\":\"https:\\\/\\\/www.dmv.ca.gov\\\/portal\\\/#\\\/schema\\\/logo\\\/image\\\/\"},\"sameAs\":[\"https:\\\/\\\/www.facebook.com\\\/CADMV\",\"https:\\\/\\\/x.com\\\/ca_dmv\",\"https:\\\/\\\/www.instagram.com\\\/ca_dmv\\\/\",\"https:\\\/\\\/www.linkedin.com\\\/company\\\/ca-department-of-motor-vehicles\\\/\",\"https:\\\/\\\/www.youtube.com\\\/user\\\/CaliforniaDMV\"]}]}<\/script>\n<!-- \/ Yoast SEO plugin. -->","yoast_head_json":{"title":"Start Summer with a Bang When You Upgrade to a REAL ID - California DMV","robots":{"index":"index","follow":"follow","max-snippet":"max-snippet:-1","max-image-preview":"max-image-preview:large","max-video-preview":"max-video-preview:-1"},"canonical":"https:\/\/www.dmv.ca.gov\/portal\/es\/news-and-media\/start-summer-with-a-bang-when-you-upgrade-to-a-real-id\/","og_locale":"es_MX","og_type":"article","og_title":"Start Summer with a Bang When You Upgrade to a REAL ID - California DMV","og_description":"Federal air travel requirements will be in place next Fourth of July FOR IMMEDIATE RELEASEJuly 3, 2024 Sacramento \u2013 More than 17.7 million Californians now have a REAL ID \u2013 an increase of 137,929 from the previous month \u2013 according to California Department of Motor Vehicles (DMV) data. Just like fireworks light up the sky, [&hellip;]","og_url":"https:\/\/www.dmv.ca.gov\/portal\/es\/news-and-media\/start-summer-with-a-bang-when-you-upgrade-to-a-real-id\/","og_site_name":"California DMV","article_publisher":"https:\/\/www.facebook.com\/CADMV","article_modified_time":"2024-07-03T18:35:39+00:00","og_image":[{"width":1920,"height":1080,"url":"https:\/\/www.dmv.ca.gov\/portal\/uploads\/2022\/06\/DMV_Logo.png","type":"image\/png"}],"twitter_card":"summary_large_image","twitter_site":"@ca_dmv","twitter_misc":{"Est. reading time":"2 minutes"},"schema":{"@context":"https:\/\/schema.org","@graph":[{"@type":"WebPage","@id":"https:\/\/www.dmv.ca.gov\/portal\/news-and-media\/start-summer-with-a-bang-when-you-upgrade-to-a-real-id\/","url":"https:\/\/www.dmv.ca.gov\/portal\/news-and-media\/start-summer-with-a-bang-when-you-upgrade-to-a-real-id\/","name":"Start Summer with a Bang When You Upgrade to a REAL ID - California DMV","isPartOf":{"@id":"https:\/\/www.dmv.ca.gov\/portal\/#website"},"datePublished":"2024-07-03T18:35:26+00:00","dateModified":"2024-07-03T18:35:39+00:00","breadcrumb":{"@id":"https:\/\/www.dmv.ca.gov\/portal\/news-and-media\/start-summer-with-a-bang-when-you-upgrade-to-a-real-id\/#breadcrumb"},"inLanguage":"es-MX","potentialAction":[{"@type":"ReadAction","target":["https:\/\/www.dmv.ca.gov\/portal\/news-and-media\/start-summer-with-a-bang-when-you-upgrade-to-a-real-id\/"]}]},{"@type":"BreadcrumbList","@id":"https:\/\/www.dmv.ca.gov\/portal\/news-and-media\/start-summer-with-a-bang-when-you-upgrade-to-a-real-id\/#breadcrumb","itemListElement":[{"@type":"ListItem","position":1,"name":"News And Media","item":"https:\/\/www.dmv.ca.gov\/portal\/news-and-media\/"},{"@type":"ListItem","position":2,"name":"Start Summer with a Bang When You Upgrade to a REAL ID"}]},{"@type":"WebSite","@id":"https:\/\/www.dmv.ca.gov\/portal\/#website","url":"https:\/\/www.dmv.ca.gov\/portal\/","name":"California DMV","description":"","publisher":{"@id":"https:\/\/www.dmv.ca.gov\/portal\/#organization"},"potentialAction":[{"@type":"SearchAction","target":{"@type":"EntryPoint","urlTemplate":"https:\/\/www.dmv.ca.gov\/portal\/?s={search_term_string}"},"query-input":{"@type":"PropertyValueSpecification","valueRequired":true,"valueName":"search_term_string"}}],"inLanguage":"es-MX"},{"@type":"Organization","@id":"https:\/\/www.dmv.ca.gov\/portal\/#organization","name":"State of California Department of Motor Vehicles","url":"https:\/\/www.dmv.ca.gov\/portal\/","logo":{"@type":"ImageObject","inLanguage":"es-MX","@id":"https:\/\/www.dmv.ca.gov\/portal\/#\/schema\/logo\/image\/","url":"https:\/\/www.dmv.ca.gov\/portal\/uploads\/2022\/06\/DMV_Logo.png","contentUrl":"https:\/\/www.dmv.ca.gov\/portal\/uploads\/2022\/06\/DMV_Logo.png","width":1920,"height":1080,"caption":"State of California Department of Motor Vehicles"},"image":{"@id":"https:\/\/www.dmv.ca.gov\/portal\/#\/schema\/logo\/image\/"},"sameAs":["https:\/\/www.facebook.com\/CADMV","https:\/\/x.com\/ca_dmv","https:\/\/www.instagram.com\/ca_dmv\/","https:\/\/www.linkedin.com\/company\/ca-department-of-motor-vehicles\/","https:\/\/www.youtube.com\/user\/CaliforniaDMV"]}]}},"_links":{"self":[{"href":"https:\/\/www.dmv.ca.gov\/portal\/es\/wp-json\/wp\/v2\/pages\/243566","targetHints":{"allow":["GET"]}}],"collection":[{"href":"https:\/\/www.dmv.ca.gov\/portal\/es\/wp-json\/wp\/v2\/pages"}],"about":[{"href":"https:\/\/www.dmv.ca.gov\/portal\/es\/wp-json\/wp\/v2\/types\/page"}],"author":[{"embeddable":true,"href":"https:\/\/www.dmv.ca.gov\/portal\/es\/wp-json\/wp\/v2\/users\/2527"}],"replies":[{"embeddable":true,"href":"https:\/\/www.dmv.ca.gov\/portal\/es\/wp-json\/wp\/v2\/comments?post=243566"}],"version-history":[{"count":2,"href":"https:\/\/www.dmv.ca.gov\/portal\/es\/wp-json\/wp\/v2\/pages\/243566\/revisions"}],"predecessor-version":[{"id":243572,"href":"https:\/\/www.dmv.ca.gov\/portal\/es\/wp-json\/wp\/v2\/pages\/243566\/revisions\/243572"}],"up":[{"embeddable":true,"href":"https:\/\/www.dmv.ca.gov\/portal\/es\/wp-json\/wp\/v2\/pages\/1542"}],"wp:attachment":[{"href":"https:\/\/www.dmv.ca.gov\/portal\/es\/wp-json\/wp\/v2\/media?parent=243566"}],"wp:term":[{"taxonomy":"category","embeddable":true,"href":"https:\/\/www.dmv.ca.gov\/portal\/es\/wp-json\/wp\/v2\/categories?post=243566"},{"taxonomy":"post_tag","embeddable":true,"href":"https:\/\/www.dmv.ca.gov\/portal\/es\/wp-json\/wp\/v2\/tags?post=243566"},{"taxonomy":"dmv_task","embeddable":true,"href":"https:\/\/www.dmv.ca.gov\/portal\/es\/wp-json\/wp\/v2\/dmv_task?post=243566"},{"taxonomy":"dmv_functional_page_type","embeddable":true,"href":"https:\/\/www.dmv.ca.gov\/portal\/es\/wp-json\/wp\/v2\/dmv_functional_page_type?post=243566"},{"taxonomy":"dmv_content_type","embeddable":true,"href":"https:\/\/www.dmv.ca.gov\/portal\/es\/wp-json\/wp\/v2\/dmv_content_type?post=243566"}],"curies":[{"name":"wp","href":"https:\/\/api.w.org\/{rel}","templated":true}]}}