{"id":278714,"date":"2025-04-30T11:14:57","date_gmt":"2025-04-30T18:14:57","guid":{"rendered":""},"modified":"2025-05-01T09:14:51","modified_gmt":"2025-05-01T16:14:51","slug":"dmv-warns-of-fraudulent-text-scam-asking-for-toll-payments","status":"publish","type":"page","link":"https:\/\/www.dmv.ca.gov\/portal\/es\/news-and-media\/dmv-warns-of-fraudulent-text-scam-asking-for-toll-payments\/","title":{"rendered":"DMV Warns of Fraudulent Text Scam Asking for Toll Payments"},"content":{"rendered":"<p>Contact: Office of Public Affairs<br>2415 First Avenue<br>Sacramento, CA 95818<br>(916) 657\u20136437 |&nbsp;<a href=\"mailto:dmvpublicaffairs@dmv.ca.gov\">dmvpublicaffairs@dmv.ca.gov<\/a><\/p>\n\n\n\n<p><strong>PARA PUBLICACI\u00d3N INMEDIATA<br>April 29, 2025<\/strong><\/p>\n\n\n\n<h2 class=\"wp-block-heading has-text-align-center\"><em>Customers should not respond to deceptive text messages<\/em><\/h2>\n\n\n\n<div class=\"wp-block-dmv-columns content-columns colums-1-2-1-2\">\n<div class=\"wp-block-dmv-column col\">\n<p><strong>Lo que necesita saber:<\/strong> californianos<strong> <\/strong>report receiving deceptive text messages that appear to come from the DMV warning that the customer has failed to pay a toll. The DMV will never send a text message to ask for personal or financial information. If you receive one, do not open or reply to it.<\/p>\n\n\n\n<p><strong>Sacramento<\/strong> <strong>\u2014<\/strong> The California Department of Motor Vehicles (DMV) is warning Californians not to respond to texts that appear to be from the DMV asking them to pay for outstanding tolls. The DMV wants customers to know that it will never reach out by text to ask for payment or personal information.<\/p>\n\n\n\n<p>The current scam makes the text look like a DMV notice that claims that the recipient has unpaid toll fees and threatens charges or penalties if they are not paid immediately through a provided link. The included link leads to fake payment pages designed to steal customers\u2019 financial information.<\/p>\n<\/div>\n\n\n\n<div class=\"wp-block-dmv-column col\"><div class=\"wp-block-image\">\n<figure class=\"aligncenter size-full is-resized\"><img loading=\"lazy\" decoding=\"async\" width=\"441\" height=\"582\" src=\"https:\/\/www.dmv.ca.gov\/portal\/uploads\/2025\/04\/nr1.png\" alt=\"SMS text message. Example of fraudulent toll payment collection.\" class=\"wp-image-278717\" style=\"width:352px;height:auto\" srcset=\"https:\/\/www.dmv.ca.gov\/portal\/uploads\/2025\/04\/nr1.png 441w, https:\/\/www.dmv.ca.gov\/portal\/uploads\/2025\/04\/nr1-227x300.png 227w, https:\/\/www.dmv.ca.gov\/portal\/uploads\/2025\/04\/nr1-9x12.png 9w, https:\/\/www.dmv.ca.gov\/portal\/uploads\/2025\/04\/nr1-214x283.png 214w\" sizes=\"auto, (max-width: 441px) 100vw, 441px\" \/><figcaption class=\"wp-element-caption\">Sample of a fraudulent text message customers have received on their cell phone.<\/figcaption><\/figure>\n<\/div><\/div>\n<\/div>\n\n\n\n<blockquote class=\"wp-block-quote is-layout-flow wp-block-quote-is-layout-flow\">\n<p>\u201cThe best way to protect yourself is to always use the DMV website or call our contact center to interact with us,\u201d said DMV Director Steve Gordon. \u201cRemember that legitimate government agencies will rarely contact you by text for sensitive matters.\u201d<\/p>\n<\/blockquote>\n\n\n\n<p>Take these steps to reduce the chances of falling victim to a text message scam:<\/p>\n\n\n\n<ul class=\"wp-block-list\">\n<li><strong>Never respond to unsolicited or suspicious texts<\/strong> \u2014 If you receive a message asking for personal or financial information, do not reply.<\/li>\n\n\n\n<li><strong>Verify the source<\/strong> \u2014 If you are unsure, always contact the DMV through official channels.<\/li>\n\n\n\n<li><strong>Si tiene alguna pregunta llame al DMV.<\/strong> \u2014 The DMV customer service team is available to help you at 800-777-0133.<\/li>\n<\/ul>\n\n\n\n<p><\/p>\n\n\n\n<p><strong>Antes de ir a una oficina- Primero intente en l\u00ednea<\/strong><\/p>\n\n\n\n<p>El DMV ha tomado varias medidas para ofrecer m\u00e1s servicios digitales. La mayor\u00eda de los tr\u00e1mites del DMV no requieren una visita a la oficina, incluidas algunas transacciones simples de autoservicio que ya no est\u00e1n disponibles en las oficinas. El DMV invita a los clientes a utilizar los&nbsp;<a href=\"https:\/\/www.dmv.ca.gov\/portal\/es\/dmv-online\/\"><a href=\"https:\/\/www.dmv.ca.gov\/portal\/es\/dmv-online\/\">servicios en l\u00ednea<\/a><\/a>&nbsp;y otros medios de servicio para completar transacciones, como pueden ser renovaciones elegibles de licencias de manejo y registro de veh\u00edculos. Los clientes tambi\u00e9n pueden usar el&nbsp;<a href=\"https:\/\/www.dmv.ca.gov\/portal\/es\/make-an-appointment\/service-advisor\/\"><a href=\"https:\/\/www.dmv.ca.gov\/portal\/es\/?s=\">Asesor de Servicios<\/a><\/a>&nbsp;en el sitio web del DMV para conocer sus opciones y completar tr\u00e1mites del DMV. <\/p>\n\n\n\n<p class=\"translation-block\">Para recibir notificaciones el\u00e9ctronicas sobre renovaciones de registro de veh\u00edculos y licencias de manejo, los clientes pueden optar por este servicio al crear una cuenta segura en l\u00ednea y registr\u00e1ndose en <a href=\"https:\/\/www.dmv.ca.gov\/portal\/es\/dmv-online\/\" target=\"_self\">dmv.ca.gov<\/a> y luego inscribirse.<\/p>\n\n\n\n<p class=\"has-text-align-center\">###<\/p>\n\n\n\n<p><\/p>","protected":false},"excerpt":{"rendered":"<p>Contact: Office of Public Affairs2415 First AvenueSacramento, CA 95818(916) 657\u20136437 |&nbsp;dmvpublicaffairs@dmv.ca.gov FOR IMMEDIATE RELEASEApril 29, 2025 Customers should not respond to deceptive text messages \u201cThe best way to protect yourself is to always use the DMV website or call our contact center to interact with us,\u201d said DMV Director Steve Gordon. \u201cRemember that legitimate government [&hellip;]<\/p>\n","protected":false},"author":2582,"featured_media":0,"parent":1542,"menu_order":0,"comment_status":"closed","ping_status":"closed","template":"","meta":{"ep_exclude_from_search":false,"dmv_page_popups":[],"dmv_ribbon_color":"","dmv_top_illustration":"","dmv_page_title":"","dmv_page_subtitle":"","dmv_exclude_from_search_results":false,"dmv_allowed_editors":[],"dmv_display_translate_button":false,"footnotes":""},"categories":[1627],"tags":[],"dmv_task":[68],"dmv_functional_page_type":[3],"dmv_content_type":[],"class_list":["post-278714","page","type-page","status-publish","hentry","category-news-media","dmv_task-disclosure","dmv_functional_page_type-press-release"],"featured_image_src":null,"yoast_head":"<!-- This site is optimized with the Yoast SEO plugin v27.3 - https:\/\/yoast.com\/product\/yoast-seo-wordpress\/ -->\n<title>DMV Warns of Fraudulent Text Scam Asking for Toll Payments - California DMV<\/title>\n<meta name=\"robots\" content=\"index, follow, max-snippet:-1, max-image-preview:large, max-video-preview:-1\" \/>\n<link rel=\"canonical\" href=\"https:\/\/www.dmv.ca.gov\/portal\/es\/news-and-media\/dmv-warns-of-fraudulent-text-scam-asking-for-toll-payments\/\" \/>\n<meta property=\"og:locale\" content=\"es_MX\" \/>\n<meta property=\"og:type\" content=\"article\" \/>\n<meta property=\"og:title\" content=\"DMV Warns of Fraudulent Text Scam Asking for Toll Payments - California DMV\" \/>\n<meta property=\"og:description\" content=\"Contact: Office of Public Affairs2415 First AvenueSacramento, CA 95818(916) 657\u20136437 |&nbsp;dmvpublicaffairs@dmv.ca.gov FOR IMMEDIATE RELEASEApril 29, 2025 Customers should not respond to deceptive text messages \u201cThe best way to protect yourself is to always use the DMV website or call our contact center to interact with us,\u201d said DMV Director Steve Gordon. \u201cRemember that legitimate government [&hellip;]\" \/>\n<meta property=\"og:url\" content=\"https:\/\/www.dmv.ca.gov\/portal\/es\/news-and-media\/dmv-warns-of-fraudulent-text-scam-asking-for-toll-payments\/\" \/>\n<meta property=\"og:site_name\" content=\"California DMV\" \/>\n<meta property=\"article:publisher\" content=\"https:\/\/www.facebook.com\/CADMV\" \/>\n<meta property=\"article:modified_time\" content=\"2025-05-01T16:14:51+00:00\" \/>\n<meta property=\"og:image\" content=\"https:\/\/www.dmv.ca.gov\/portal\/uploads\/2025\/04\/nr1.png\" \/>\n<meta name=\"twitter:card\" content=\"summary_large_image\" \/>\n<meta name=\"twitter:site\" content=\"@ca_dmv\" \/>\n<meta name=\"twitter:label1\" content=\"Est. reading time\" \/>\n\t<meta name=\"twitter:data1\" content=\"2 minutes\" \/>\n<script type=\"application\/ld+json\" class=\"yoast-schema-graph\">{\"@context\":\"https:\\\/\\\/schema.org\",\"@graph\":[{\"@type\":\"WebPage\",\"@id\":\"https:\\\/\\\/www.dmv.ca.gov\\\/portal\\\/es\\\/news-and-media\\\/dmv-warns-of-fraudulent-text-scam-asking-for-toll-payments\\\/\",\"url\":\"https:\\\/\\\/www.dmv.ca.gov\\\/portal\\\/es\\\/news-and-media\\\/dmv-warns-of-fraudulent-text-scam-asking-for-toll-payments\\\/\",\"name\":\"DMV Warns of Fraudulent Text Scam Asking for Toll Payments - California DMV\",\"isPartOf\":{\"@id\":\"https:\\\/\\\/www.dmv.ca.gov\\\/portal\\\/#website\"},\"primaryImageOfPage\":{\"@id\":\"https:\\\/\\\/www.dmv.ca.gov\\\/portal\\\/es\\\/news-and-media\\\/dmv-warns-of-fraudulent-text-scam-asking-for-toll-payments\\\/#primaryimage\"},\"image\":{\"@id\":\"https:\\\/\\\/www.dmv.ca.gov\\\/portal\\\/es\\\/news-and-media\\\/dmv-warns-of-fraudulent-text-scam-asking-for-toll-payments\\\/#primaryimage\"},\"thumbnailUrl\":\"https:\\\/\\\/www.dmv.ca.gov\\\/portal\\\/uploads\\\/2025\\\/04\\\/nr1.png\",\"datePublished\":\"2025-04-30T18:14:57+00:00\",\"dateModified\":\"2025-05-01T16:14:51+00:00\",\"inLanguage\":\"es-MX\",\"potentialAction\":[{\"@type\":\"ReadAction\",\"target\":[\"https:\\\/\\\/www.dmv.ca.gov\\\/portal\\\/es\\\/news-and-media\\\/dmv-warns-of-fraudulent-text-scam-asking-for-toll-payments\\\/\"]}]},{\"@type\":\"ImageObject\",\"inLanguage\":\"es-MX\",\"@id\":\"https:\\\/\\\/www.dmv.ca.gov\\\/portal\\\/es\\\/news-and-media\\\/dmv-warns-of-fraudulent-text-scam-asking-for-toll-payments\\\/#primaryimage\",\"url\":\"https:\\\/\\\/www.dmv.ca.gov\\\/portal\\\/uploads\\\/2025\\\/04\\\/nr1.png\",\"contentUrl\":\"https:\\\/\\\/www.dmv.ca.gov\\\/portal\\\/uploads\\\/2025\\\/04\\\/nr1.png\"},{\"@type\":\"WebSite\",\"@id\":\"https:\\\/\\\/www.dmv.ca.gov\\\/portal\\\/#website\",\"url\":\"https:\\\/\\\/www.dmv.ca.gov\\\/portal\\\/\",\"name\":\"California DMV\",\"description\":\"\",\"publisher\":{\"@id\":\"https:\\\/\\\/www.dmv.ca.gov\\\/portal\\\/#organization\"},\"potentialAction\":[{\"@type\":\"SearchAction\",\"target\":{\"@type\":\"EntryPoint\",\"urlTemplate\":\"https:\\\/\\\/www.dmv.ca.gov\\\/portal\\\/?s={search_term_string}\"},\"query-input\":{\"@type\":\"PropertyValueSpecification\",\"valueRequired\":true,\"valueName\":\"search_term_string\"}}],\"inLanguage\":\"es-MX\"},{\"@type\":\"Organization\",\"@id\":\"https:\\\/\\\/www.dmv.ca.gov\\\/portal\\\/#organization\",\"name\":\"State of California Department of Motor Vehicles\",\"url\":\"https:\\\/\\\/www.dmv.ca.gov\\\/portal\\\/\",\"logo\":{\"@type\":\"ImageObject\",\"inLanguage\":\"es-MX\",\"@id\":\"https:\\\/\\\/www.dmv.ca.gov\\\/portal\\\/#\\\/schema\\\/logo\\\/image\\\/\",\"url\":\"https:\\\/\\\/www.dmv.ca.gov\\\/portal\\\/uploads\\\/2022\\\/06\\\/DMV_Logo.png\",\"contentUrl\":\"https:\\\/\\\/www.dmv.ca.gov\\\/portal\\\/uploads\\\/2022\\\/06\\\/DMV_Logo.png\",\"width\":1920,\"height\":1080,\"caption\":\"State of California Department of Motor Vehicles\"},\"image\":{\"@id\":\"https:\\\/\\\/www.dmv.ca.gov\\\/portal\\\/#\\\/schema\\\/logo\\\/image\\\/\"},\"sameAs\":[\"https:\\\/\\\/www.facebook.com\\\/CADMV\",\"https:\\\/\\\/x.com\\\/ca_dmv\",\"https:\\\/\\\/www.instagram.com\\\/ca_dmv\\\/\",\"https:\\\/\\\/www.linkedin.com\\\/company\\\/ca-department-of-motor-vehicles\\\/\",\"https:\\\/\\\/www.youtube.com\\\/user\\\/CaliforniaDMV\"]}]}<\/script>\n<!-- \/ Yoast SEO plugin. -->","yoast_head_json":{"title":"DMV Warns of Fraudulent Text Scam Asking for Toll Payments - California DMV","robots":{"index":"index","follow":"follow","max-snippet":"max-snippet:-1","max-image-preview":"max-image-preview:large","max-video-preview":"max-video-preview:-1"},"canonical":"https:\/\/www.dmv.ca.gov\/portal\/es\/news-and-media\/dmv-warns-of-fraudulent-text-scam-asking-for-toll-payments\/","og_locale":"es_MX","og_type":"article","og_title":"DMV Warns of Fraudulent Text Scam Asking for Toll Payments - California DMV","og_description":"Contact: Office of Public Affairs2415 First AvenueSacramento, CA 95818(916) 657\u20136437 |&nbsp;dmvpublicaffairs@dmv.ca.gov FOR IMMEDIATE RELEASEApril 29, 2025 Customers should not respond to deceptive text messages \u201cThe best way to protect yourself is to always use the DMV website or call our contact center to interact with us,\u201d said DMV Director Steve Gordon. \u201cRemember that legitimate government [&hellip;]","og_url":"https:\/\/www.dmv.ca.gov\/portal\/es\/news-and-media\/dmv-warns-of-fraudulent-text-scam-asking-for-toll-payments\/","og_site_name":"California DMV","article_publisher":"https:\/\/www.facebook.com\/CADMV","article_modified_time":"2025-05-01T16:14:51+00:00","og_image":[{"url":"https:\/\/www.dmv.ca.gov\/portal\/uploads\/2025\/04\/nr1.png","type":"","width":"","height":""}],"twitter_card":"summary_large_image","twitter_site":"@ca_dmv","twitter_misc":{"Est. reading time":"2 minutes"},"schema":{"@context":"https:\/\/schema.org","@graph":[{"@type":"WebPage","@id":"https:\/\/www.dmv.ca.gov\/portal\/es\/news-and-media\/dmv-warns-of-fraudulent-text-scam-asking-for-toll-payments\/","url":"https:\/\/www.dmv.ca.gov\/portal\/es\/news-and-media\/dmv-warns-of-fraudulent-text-scam-asking-for-toll-payments\/","name":"DMV Warns of Fraudulent Text Scam Asking for Toll Payments - California DMV","isPartOf":{"@id":"https:\/\/www.dmv.ca.gov\/portal\/#website"},"primaryImageOfPage":{"@id":"https:\/\/www.dmv.ca.gov\/portal\/es\/news-and-media\/dmv-warns-of-fraudulent-text-scam-asking-for-toll-payments\/#primaryimage"},"image":{"@id":"https:\/\/www.dmv.ca.gov\/portal\/es\/news-and-media\/dmv-warns-of-fraudulent-text-scam-asking-for-toll-payments\/#primaryimage"},"thumbnailUrl":"https:\/\/www.dmv.ca.gov\/portal\/uploads\/2025\/04\/nr1.png","datePublished":"2025-04-30T18:14:57+00:00","dateModified":"2025-05-01T16:14:51+00:00","inLanguage":"es-MX","potentialAction":[{"@type":"ReadAction","target":["https:\/\/www.dmv.ca.gov\/portal\/es\/news-and-media\/dmv-warns-of-fraudulent-text-scam-asking-for-toll-payments\/"]}]},{"@type":"ImageObject","inLanguage":"es-MX","@id":"https:\/\/www.dmv.ca.gov\/portal\/es\/news-and-media\/dmv-warns-of-fraudulent-text-scam-asking-for-toll-payments\/#primaryimage","url":"https:\/\/www.dmv.ca.gov\/portal\/uploads\/2025\/04\/nr1.png","contentUrl":"https:\/\/www.dmv.ca.gov\/portal\/uploads\/2025\/04\/nr1.png"},{"@type":"WebSite","@id":"https:\/\/www.dmv.ca.gov\/portal\/#website","url":"https:\/\/www.dmv.ca.gov\/portal\/","name":"California DMV","description":"","publisher":{"@id":"https:\/\/www.dmv.ca.gov\/portal\/#organization"},"potentialAction":[{"@type":"SearchAction","target":{"@type":"EntryPoint","urlTemplate":"https:\/\/www.dmv.ca.gov\/portal\/?s={search_term_string}"},"query-input":{"@type":"PropertyValueSpecification","valueRequired":true,"valueName":"search_term_string"}}],"inLanguage":"es-MX"},{"@type":"Organization","@id":"https:\/\/www.dmv.ca.gov\/portal\/#organization","name":"State of California Department of Motor Vehicles","url":"https:\/\/www.dmv.ca.gov\/portal\/","logo":{"@type":"ImageObject","inLanguage":"es-MX","@id":"https:\/\/www.dmv.ca.gov\/portal\/#\/schema\/logo\/image\/","url":"https:\/\/www.dmv.ca.gov\/portal\/uploads\/2022\/06\/DMV_Logo.png","contentUrl":"https:\/\/www.dmv.ca.gov\/portal\/uploads\/2022\/06\/DMV_Logo.png","width":1920,"height":1080,"caption":"State of California Department of Motor Vehicles"},"image":{"@id":"https:\/\/www.dmv.ca.gov\/portal\/#\/schema\/logo\/image\/"},"sameAs":["https:\/\/www.facebook.com\/CADMV","https:\/\/x.com\/ca_dmv","https:\/\/www.instagram.com\/ca_dmv\/","https:\/\/www.linkedin.com\/company\/ca-department-of-motor-vehicles\/","https:\/\/www.youtube.com\/user\/CaliforniaDMV"]}]}},"_links":{"self":[{"href":"https:\/\/www.dmv.ca.gov\/portal\/es\/wp-json\/wp\/v2\/pages\/278714","targetHints":{"allow":["GET"]}}],"collection":[{"href":"https:\/\/www.dmv.ca.gov\/portal\/es\/wp-json\/wp\/v2\/pages"}],"about":[{"href":"https:\/\/www.dmv.ca.gov\/portal\/es\/wp-json\/wp\/v2\/types\/page"}],"author":[{"embeddable":true,"href":"https:\/\/www.dmv.ca.gov\/portal\/es\/wp-json\/wp\/v2\/users\/2582"}],"replies":[{"embeddable":true,"href":"https:\/\/www.dmv.ca.gov\/portal\/es\/wp-json\/wp\/v2\/comments?post=278714"}],"version-history":[{"count":16,"href":"https:\/\/www.dmv.ca.gov\/portal\/es\/wp-json\/wp\/v2\/pages\/278714\/revisions"}],"predecessor-version":[{"id":278930,"href":"https:\/\/www.dmv.ca.gov\/portal\/es\/wp-json\/wp\/v2\/pages\/278714\/revisions\/278930"}],"up":[{"embeddable":true,"href":"https:\/\/www.dmv.ca.gov\/portal\/es\/wp-json\/wp\/v2\/pages\/1542"}],"wp:attachment":[{"href":"https:\/\/www.dmv.ca.gov\/portal\/es\/wp-json\/wp\/v2\/media?parent=278714"}],"wp:term":[{"taxonomy":"category","embeddable":true,"href":"https:\/\/www.dmv.ca.gov\/portal\/es\/wp-json\/wp\/v2\/categories?post=278714"},{"taxonomy":"post_tag","embeddable":true,"href":"https:\/\/www.dmv.ca.gov\/portal\/es\/wp-json\/wp\/v2\/tags?post=278714"},{"taxonomy":"dmv_task","embeddable":true,"href":"https:\/\/www.dmv.ca.gov\/portal\/es\/wp-json\/wp\/v2\/dmv_task?post=278714"},{"taxonomy":"dmv_functional_page_type","embeddable":true,"href":"https:\/\/www.dmv.ca.gov\/portal\/es\/wp-json\/wp\/v2\/dmv_functional_page_type?post=278714"},{"taxonomy":"dmv_content_type","embeddable":true,"href":"https:\/\/www.dmv.ca.gov\/portal\/es\/wp-json\/wp\/v2\/dmv_content_type?post=278714"}],"curies":[{"name":"wp","href":"https:\/\/api.w.org\/{rel}","templated":true}]}}