{"id":283154,"date":"2025-06-04T13:03:35","date_gmt":"2025-06-04T20:03:35","guid":{"rendered":"https:\/\/www.dmv.ca.gov\/portal\/?page_id=283154"},"modified":"2025-06-04T13:19:07","modified_gmt":"2025-06-04T20:19:07","slug":"dmv-warns-of-fraudulent-advertisements-on-discounted-vehicle-registration","status":"publish","type":"page","link":"https:\/\/www.dmv.ca.gov\/portal\/es\/news-and-media\/news-releases\/dmv-warns-of-fraudulent-advertisements-on-discounted-vehicle-registration\/","title":{"rendered":"El DMV Advierte de Publicidad Falsa sobre Descuento en Registro de Veh\u00edculos"},"content":{"rendered":"<p>Contact: Office of Public Affairs<br>2415 First Avenue<br>Sacramento, CA 95818<br>(916) 657\u20136437 |\u00a0<a href=\"mailto:dmvpublicaffairs@dmv.ca.gov\">dmvpublicaffairs@dmv.ca.gov<\/a><\/p>\n\n\n\n<p><strong>PARA PUBLICACI\u00d3N INMEDIATA<br>4 de Junio de 2025<\/strong><\/p>\n\n\n\n<h2 class=\"wp-block-heading has-text-align-center\"><em>Clientes no deber\u00edan responder a publicidad enga\u00f1osa<\/em><\/h2>\n\n\n\n<p><strong>Lo que necesita saber: <\/strong>californianos<strong> <\/strong>reportan haber visto publicidad enga\u00f1osa en medios sociales ofreciendo asistencia para renovar el registro de veh\u00edculo con precios de descuento. Las leyes del estado proh\u00edben al DMV ofrecer descuentos en las renovaciones de registro vehicular. Si ve alguna de estas publicaciones ofreciendo descuentos en tarifas del DMV, no los contacte.<\/p>\n\n\n<div class=\"wp-block-image\">\n<figure class=\"alignright size-full is-resized\"><img loading=\"lazy\" decoding=\"async\" width=\"442\" height=\"583\" src=\"https:\/\/www.dmv.ca.gov\/portal\/uploads\/2025\/06\/Fraudulent_Social_Media.png\" alt=\"\" class=\"wp-image-283157\" style=\"width:251px;height:auto\" srcset=\"https:\/\/www.dmv.ca.gov\/portal\/uploads\/2025\/06\/Fraudulent_Social_Media.png 442w, https:\/\/www.dmv.ca.gov\/portal\/uploads\/2025\/06\/Fraudulent_Social_Media-227x300.png 227w, https:\/\/www.dmv.ca.gov\/portal\/uploads\/2025\/06\/Fraudulent_Social_Media-9x12.png 9w, https:\/\/www.dmv.ca.gov\/portal\/uploads\/2025\/06\/Fraudulent_Social_Media-215x283.png 215w\" sizes=\"auto, (max-width: 442px) 100vw, 442px\" \/><figcaption class=\"wp-element-caption\">Ejemplo de mensaje fraudulento en medios sociales publicitando descuento en renovaci\u00f3n de registro de veh\u00edculos.<\/figcaption><\/figure>\n<\/div>\n\n\n<p><strong>Sacramento<\/strong> <strong>\u2014<\/strong>El Departamento de Veh\u00edculos Motorizados de California (DMV) alerta a los californianos ha evitar publicidad que asegura ofrecer descuentos en servicios del DMV. El DMV no ofrece descuentos en renovaciones de registro de veh\u00edculos y nunca pedir\u00e1 un pago o informaci\u00f3n personal a trav\u00e9s de medios no oficiales.<\/p>\n\n\n\n<p>El m\u00e1s reciente fraude usa publicaciones en medios sociales que ofrecen 50% de descuento en tarifas de renovaci\u00f3n de registro de veh\u00edculos. En la publicaci\u00f3n requieren que se haga un pago a trav\u00e9s de una aplicaci\u00f3n en l\u00ednea y solicita el n\u00famero de placa, n\u00famero de identificaci\u00f3n del veh\u00edculo y el nombre completo del cliente.<\/p>\n\n\n\n<p>El DMV le recuerda a nuestros clientes de realizar sus transacciones en l\u00ednea en nuestro sitio web oficial o con los negocios autorizados por el DMV que puede encontrar una lista de ellos en el programa <a href=\"https:\/\/www.dmv.ca.gov\/portal\/es\/vehicle-industry-services\/business-partner-automation-program\/\"><a href=\"https:\/\/www.dmv.ca.gov\/portal\/es\/vehicle-industry-services\/business-partner-automation-program\/\">Socios Comerciales de Automatizaci\u00f3n <\/a><\/a> (BPA, por sus siglas en ingl\u00e9s) para registro y t\u00edtulo de veh\u00edculos. Para evitar ser v\u00edctima de un fraude, verifique el estatus del permiso de un negocio en el sitio de internet del DMV antes de completar cualquier tr\u00e1mite del DMV.<\/p>\n\n\n\n<blockquote class=\"wp-block-quote is-layout-flow wp-block-quote-is-layout-flow\">\n<p>\u201cLa forma m\u00e1s segura de renovar el registro de su veh\u00edculo es directamente en el sitio de internet oficial del DMV\u201d, dijo el director del DMV Steve Gordon. \u201cNosotros no ofrecemos descuentos, y nunca realizamos transacciones oficiales en medios sociales u otros medios no oficiales.\u201d<\/p>\n<\/blockquote>\n\n\n\n<p>Ponga en pr\u00e1ctica los siguientes pasos para evitar las posibilidades de ser una v\u00edctima de fraude en l\u00ednea:<\/p>\n\n\n\n<ul class=\"wp-block-list\">\n<li><strong>Evite promociones de descuento en servicios del DMV<\/strong>El DMV no ofrece promociones especiales a traves de negocios no autorizados o medios sociales.<\/li>\n\n\n\n<li><strong>Nunca responda a mensajes no solicitados o sospechosos.<\/strong> Si recibe un mensaje solicitando su informaci\u00f3n personal o financiera, no responda.<\/li>\n\n\n\n<li><strong>Si no est\u00e1 seguro, puede contactar al DMV en sus medios oficiales. <\/strong>\u2022 Verifique la fuente.<\/li>\n\n\n\n<li><strong>Si tiene alguna pregunta llame al DMV.<\/strong>La l\u00ednea telef\u00f3nica del DMV de servicio al cliente est\u00e1 disponible para ayudarle en el 800-777-0133.<\/li>\n<\/ul>\n\n\n\n<p><\/p>\n\n\n\n<p><strong>Antes de ir a una oficina- Primero intente en l\u00ednea<\/strong><\/p>\n\n\n\n<p>El DMV anima a los clientes a utilizar los\u00a0<a href=\"https:\/\/www.dmv.ca.gov\/portal\/es\/dmv-online\/\"><a href=\"https:\/\/www.dmv.ca.gov\/portal\/es\/dmv-online\/\">servicios en l\u00ednea<\/a><\/a>\u00a0y otros medios de servicio para completar transacciones, como pueden ser renovaciones elegibles de licencias de manejo y registro de veh\u00edculos, las cuales ya no son procesadas en las oficinas del DMV.  Los clientes tambi\u00e9n pueden usar el\u00a0<a href=\"https:\/\/www.dmv.ca.gov\/portal\/es\/make-an-appointment\/service-advisor\/\"><a href=\"https:\/\/www.dmv.ca.gov\/portal\/es\/?s=\">Asesor de Servicios<\/a><\/a>\u00a0en el sitio web del DMV para conocer sus opciones y completar tr\u00e1mites del DMV.<\/p>\n\n\n\n<p>Para recibir notificaciones el\u00e9ctronicas sobre renovaciones de registro de veh\u00edculos y licencias de manejo, los clientes pueden optar por este servicio al crear una cuenta segura en l\u00ednea y registr\u00e1ndose en&nbsp;<a href=\"https:\/\/www.dmv.ca.gov\/portal\/es\/\"><a href=\"https:\/\/www.dmv.ca.gov\/portal\/es\/\">dmv.ca.gov<\/a><\/a>.<\/p>\n\n\n\n<p class=\"has-text-align-center\">###<\/p>\n\n\n\n<p class=\"has-text-align-center translation-block\">Sign up to receive the latest DMV News Alerts:&nbsp;<a href=\"https:\/\/www.dmv.ca.gov\/portal\/es\/dmv-news-alerts\/\" target=\"_blank\" rel=\"noreferrer noopener\">DMV NEWS ALERTS \u2013 California DMV<\/a><\/p>","protected":false},"excerpt":{"rendered":"<p>Contact: Office of Public Affairs2415 First AvenueSacramento, CA 95818(916) 657\u20136437 |\u00a0dmvpublicaffairs@dmv.ca.gov FOR IMMEDIATE RELEASEJune 4, 2025 Customers should not respond to deceptive advertisements What you need to know: Californians report seeing deceptive social media advertisements offering assistance to renew vehicle registration at discounted rates. State law prohibits the DMV from offering discounted vehicle registration renewals. [&hellip;]<\/p>\n","protected":false},"author":2562,"featured_media":0,"parent":44932,"menu_order":0,"comment_status":"closed","ping_status":"closed","template":"","meta":{"ep_exclude_from_search":false,"dmv_page_popups":[],"dmv_ribbon_color":"","dmv_top_illustration":"","dmv_page_title":"","dmv_page_subtitle":"","dmv_exclude_from_search_results":false,"dmv_allowed_editors":[],"dmv_display_translate_button":true,"footnotes":""},"categories":[],"tags":[4263,13967,7473],"dmv_task":[358],"dmv_functional_page_type":[3],"dmv_content_type":[],"class_list":["post-283154","page","type-page","status-publish","hentry","tag-fraud","tag-social-media","tag-vehicle-registration","dmv_task-n-a","dmv_functional_page_type-press-release"],"featured_image_src":null,"yoast_head":"<!-- This site is optimized with the Yoast SEO plugin v27.3 - https:\/\/yoast.com\/product\/yoast-seo-wordpress\/ -->\n<title>DMV Warns of Fraudulent Advertisements on Discounted Vehicle Registration - California DMV<\/title>\n<meta name=\"robots\" content=\"index, follow, max-snippet:-1, max-image-preview:large, max-video-preview:-1\" \/>\n<link rel=\"canonical\" href=\"https:\/\/www.dmv.ca.gov\/portal\/es\/news-and-media\/news-releases\/dmv-warns-of-fraudulent-advertisements-on-discounted-vehicle-registration\/\" \/>\n<meta property=\"og:locale\" content=\"es_MX\" \/>\n<meta property=\"og:type\" content=\"article\" \/>\n<meta property=\"og:title\" content=\"DMV Warns of Fraudulent Advertisements on Discounted Vehicle Registration - California DMV\" \/>\n<meta property=\"og:description\" content=\"Contact: Office of Public Affairs2415 First AvenueSacramento, CA 95818(916) 657\u20136437 |\u00a0dmvpublicaffairs@dmv.ca.gov FOR IMMEDIATE RELEASEJune 4, 2025 Customers should not respond to deceptive advertisements What you need to know: Californians report seeing deceptive social media advertisements offering assistance to renew vehicle registration at discounted rates. State law prohibits the DMV from offering discounted vehicle registration renewals. [&hellip;]\" \/>\n<meta property=\"og:url\" content=\"https:\/\/www.dmv.ca.gov\/portal\/es\/news-and-media\/news-releases\/dmv-warns-of-fraudulent-advertisements-on-discounted-vehicle-registration\/\" \/>\n<meta property=\"og:site_name\" content=\"California DMV\" \/>\n<meta property=\"article:publisher\" content=\"https:\/\/www.facebook.com\/CADMV\" \/>\n<meta property=\"article:modified_time\" content=\"2025-06-04T20:19:07+00:00\" \/>\n<meta property=\"og:image\" content=\"https:\/\/www.dmv.ca.gov\/portal\/uploads\/2025\/06\/Fraudulent_Social_Media.png\" \/>\n<meta name=\"twitter:card\" content=\"summary_large_image\" \/>\n<meta name=\"twitter:site\" content=\"@ca_dmv\" \/>\n<meta name=\"twitter:label1\" content=\"Est. reading time\" \/>\n\t<meta name=\"twitter:data1\" content=\"2 minutes\" \/>\n<script type=\"application\/ld+json\" class=\"yoast-schema-graph\">{\"@context\":\"https:\\\/\\\/schema.org\",\"@graph\":[{\"@type\":\"WebPage\",\"@id\":\"https:\\\/\\\/www.dmv.ca.gov\\\/portal\\\/es\\\/news-and-media\\\/news-releases\\\/dmv-warns-of-fraudulent-advertisements-on-discounted-vehicle-registration\\\/\",\"url\":\"https:\\\/\\\/www.dmv.ca.gov\\\/portal\\\/es\\\/news-and-media\\\/news-releases\\\/dmv-warns-of-fraudulent-advertisements-on-discounted-vehicle-registration\\\/\",\"name\":\"DMV Warns of Fraudulent Advertisements on Discounted Vehicle Registration - California DMV\",\"isPartOf\":{\"@id\":\"https:\\\/\\\/www.dmv.ca.gov\\\/portal\\\/#website\"},\"primaryImageOfPage\":{\"@id\":\"https:\\\/\\\/www.dmv.ca.gov\\\/portal\\\/es\\\/news-and-media\\\/news-releases\\\/dmv-warns-of-fraudulent-advertisements-on-discounted-vehicle-registration\\\/#primaryimage\"},\"image\":{\"@id\":\"https:\\\/\\\/www.dmv.ca.gov\\\/portal\\\/es\\\/news-and-media\\\/news-releases\\\/dmv-warns-of-fraudulent-advertisements-on-discounted-vehicle-registration\\\/#primaryimage\"},\"thumbnailUrl\":\"https:\\\/\\\/www.dmv.ca.gov\\\/portal\\\/uploads\\\/2025\\\/06\\\/Fraudulent_Social_Media.png\",\"datePublished\":\"2025-06-04T20:03:35+00:00\",\"dateModified\":\"2025-06-04T20:19:07+00:00\",\"inLanguage\":\"es-MX\",\"potentialAction\":[{\"@type\":\"ReadAction\",\"target\":[\"https:\\\/\\\/www.dmv.ca.gov\\\/portal\\\/es\\\/news-and-media\\\/news-releases\\\/dmv-warns-of-fraudulent-advertisements-on-discounted-vehicle-registration\\\/\"]}]},{\"@type\":\"ImageObject\",\"inLanguage\":\"es-MX\",\"@id\":\"https:\\\/\\\/www.dmv.ca.gov\\\/portal\\\/es\\\/news-and-media\\\/news-releases\\\/dmv-warns-of-fraudulent-advertisements-on-discounted-vehicle-registration\\\/#primaryimage\",\"url\":\"https:\\\/\\\/www.dmv.ca.gov\\\/portal\\\/uploads\\\/2025\\\/06\\\/Fraudulent_Social_Media.png\",\"contentUrl\":\"https:\\\/\\\/www.dmv.ca.gov\\\/portal\\\/uploads\\\/2025\\\/06\\\/Fraudulent_Social_Media.png\"},{\"@type\":\"WebSite\",\"@id\":\"https:\\\/\\\/www.dmv.ca.gov\\\/portal\\\/#website\",\"url\":\"https:\\\/\\\/www.dmv.ca.gov\\\/portal\\\/\",\"name\":\"California DMV\",\"description\":\"\",\"publisher\":{\"@id\":\"https:\\\/\\\/www.dmv.ca.gov\\\/portal\\\/#organization\"},\"potentialAction\":[{\"@type\":\"SearchAction\",\"target\":{\"@type\":\"EntryPoint\",\"urlTemplate\":\"https:\\\/\\\/www.dmv.ca.gov\\\/portal\\\/?s={search_term_string}\"},\"query-input\":{\"@type\":\"PropertyValueSpecification\",\"valueRequired\":true,\"valueName\":\"search_term_string\"}}],\"inLanguage\":\"es-MX\"},{\"@type\":\"Organization\",\"@id\":\"https:\\\/\\\/www.dmv.ca.gov\\\/portal\\\/#organization\",\"name\":\"State of California Department of Motor Vehicles\",\"url\":\"https:\\\/\\\/www.dmv.ca.gov\\\/portal\\\/\",\"logo\":{\"@type\":\"ImageObject\",\"inLanguage\":\"es-MX\",\"@id\":\"https:\\\/\\\/www.dmv.ca.gov\\\/portal\\\/#\\\/schema\\\/logo\\\/image\\\/\",\"url\":\"https:\\\/\\\/www.dmv.ca.gov\\\/portal\\\/uploads\\\/2022\\\/06\\\/DMV_Logo.png\",\"contentUrl\":\"https:\\\/\\\/www.dmv.ca.gov\\\/portal\\\/uploads\\\/2022\\\/06\\\/DMV_Logo.png\",\"width\":1920,\"height\":1080,\"caption\":\"State of California Department of Motor Vehicles\"},\"image\":{\"@id\":\"https:\\\/\\\/www.dmv.ca.gov\\\/portal\\\/#\\\/schema\\\/logo\\\/image\\\/\"},\"sameAs\":[\"https:\\\/\\\/www.facebook.com\\\/CADMV\",\"https:\\\/\\\/x.com\\\/ca_dmv\",\"https:\\\/\\\/www.instagram.com\\\/ca_dmv\\\/\",\"https:\\\/\\\/www.linkedin.com\\\/company\\\/ca-department-of-motor-vehicles\\\/\",\"https:\\\/\\\/www.youtube.com\\\/user\\\/CaliforniaDMV\"]}]}<\/script>\n<!-- \/ Yoast SEO plugin. -->","yoast_head_json":{"title":"DMV Warns of Fraudulent Advertisements on Discounted Vehicle Registration - California DMV","robots":{"index":"index","follow":"follow","max-snippet":"max-snippet:-1","max-image-preview":"max-image-preview:large","max-video-preview":"max-video-preview:-1"},"canonical":"https:\/\/www.dmv.ca.gov\/portal\/es\/news-and-media\/news-releases\/dmv-warns-of-fraudulent-advertisements-on-discounted-vehicle-registration\/","og_locale":"es_MX","og_type":"article","og_title":"DMV Warns of Fraudulent Advertisements on Discounted Vehicle Registration - California DMV","og_description":"Contact: Office of Public Affairs2415 First AvenueSacramento, CA 95818(916) 657\u20136437 |\u00a0dmvpublicaffairs@dmv.ca.gov FOR IMMEDIATE RELEASEJune 4, 2025 Customers should not respond to deceptive advertisements What you need to know: Californians report seeing deceptive social media advertisements offering assistance to renew vehicle registration at discounted rates. State law prohibits the DMV from offering discounted vehicle registration renewals. [&hellip;]","og_url":"https:\/\/www.dmv.ca.gov\/portal\/es\/news-and-media\/news-releases\/dmv-warns-of-fraudulent-advertisements-on-discounted-vehicle-registration\/","og_site_name":"California DMV","article_publisher":"https:\/\/www.facebook.com\/CADMV","article_modified_time":"2025-06-04T20:19:07+00:00","og_image":[{"url":"https:\/\/www.dmv.ca.gov\/portal\/uploads\/2025\/06\/Fraudulent_Social_Media.png","type":"","width":"","height":""}],"twitter_card":"summary_large_image","twitter_site":"@ca_dmv","twitter_misc":{"Est. reading time":"2 minutes"},"schema":{"@context":"https:\/\/schema.org","@graph":[{"@type":"WebPage","@id":"https:\/\/www.dmv.ca.gov\/portal\/es\/news-and-media\/news-releases\/dmv-warns-of-fraudulent-advertisements-on-discounted-vehicle-registration\/","url":"https:\/\/www.dmv.ca.gov\/portal\/es\/news-and-media\/news-releases\/dmv-warns-of-fraudulent-advertisements-on-discounted-vehicle-registration\/","name":"DMV Warns of Fraudulent Advertisements on Discounted Vehicle Registration - California DMV","isPartOf":{"@id":"https:\/\/www.dmv.ca.gov\/portal\/#website"},"primaryImageOfPage":{"@id":"https:\/\/www.dmv.ca.gov\/portal\/es\/news-and-media\/news-releases\/dmv-warns-of-fraudulent-advertisements-on-discounted-vehicle-registration\/#primaryimage"},"image":{"@id":"https:\/\/www.dmv.ca.gov\/portal\/es\/news-and-media\/news-releases\/dmv-warns-of-fraudulent-advertisements-on-discounted-vehicle-registration\/#primaryimage"},"thumbnailUrl":"https:\/\/www.dmv.ca.gov\/portal\/uploads\/2025\/06\/Fraudulent_Social_Media.png","datePublished":"2025-06-04T20:03:35+00:00","dateModified":"2025-06-04T20:19:07+00:00","inLanguage":"es-MX","potentialAction":[{"@type":"ReadAction","target":["https:\/\/www.dmv.ca.gov\/portal\/es\/news-and-media\/news-releases\/dmv-warns-of-fraudulent-advertisements-on-discounted-vehicle-registration\/"]}]},{"@type":"ImageObject","inLanguage":"es-MX","@id":"https:\/\/www.dmv.ca.gov\/portal\/es\/news-and-media\/news-releases\/dmv-warns-of-fraudulent-advertisements-on-discounted-vehicle-registration\/#primaryimage","url":"https:\/\/www.dmv.ca.gov\/portal\/uploads\/2025\/06\/Fraudulent_Social_Media.png","contentUrl":"https:\/\/www.dmv.ca.gov\/portal\/uploads\/2025\/06\/Fraudulent_Social_Media.png"},{"@type":"WebSite","@id":"https:\/\/www.dmv.ca.gov\/portal\/#website","url":"https:\/\/www.dmv.ca.gov\/portal\/","name":"California DMV","description":"","publisher":{"@id":"https:\/\/www.dmv.ca.gov\/portal\/#organization"},"potentialAction":[{"@type":"SearchAction","target":{"@type":"EntryPoint","urlTemplate":"https:\/\/www.dmv.ca.gov\/portal\/?s={search_term_string}"},"query-input":{"@type":"PropertyValueSpecification","valueRequired":true,"valueName":"search_term_string"}}],"inLanguage":"es-MX"},{"@type":"Organization","@id":"https:\/\/www.dmv.ca.gov\/portal\/#organization","name":"State of California Department of Motor Vehicles","url":"https:\/\/www.dmv.ca.gov\/portal\/","logo":{"@type":"ImageObject","inLanguage":"es-MX","@id":"https:\/\/www.dmv.ca.gov\/portal\/#\/schema\/logo\/image\/","url":"https:\/\/www.dmv.ca.gov\/portal\/uploads\/2022\/06\/DMV_Logo.png","contentUrl":"https:\/\/www.dmv.ca.gov\/portal\/uploads\/2022\/06\/DMV_Logo.png","width":1920,"height":1080,"caption":"State of California Department of Motor Vehicles"},"image":{"@id":"https:\/\/www.dmv.ca.gov\/portal\/#\/schema\/logo\/image\/"},"sameAs":["https:\/\/www.facebook.com\/CADMV","https:\/\/x.com\/ca_dmv","https:\/\/www.instagram.com\/ca_dmv\/","https:\/\/www.linkedin.com\/company\/ca-department-of-motor-vehicles\/","https:\/\/www.youtube.com\/user\/CaliforniaDMV"]}]}},"_links":{"self":[{"href":"https:\/\/www.dmv.ca.gov\/portal\/es\/wp-json\/wp\/v2\/pages\/283154","targetHints":{"allow":["GET"]}}],"collection":[{"href":"https:\/\/www.dmv.ca.gov\/portal\/es\/wp-json\/wp\/v2\/pages"}],"about":[{"href":"https:\/\/www.dmv.ca.gov\/portal\/es\/wp-json\/wp\/v2\/types\/page"}],"author":[{"embeddable":true,"href":"https:\/\/www.dmv.ca.gov\/portal\/es\/wp-json\/wp\/v2\/users\/2562"}],"replies":[{"embeddable":true,"href":"https:\/\/www.dmv.ca.gov\/portal\/es\/wp-json\/wp\/v2\/comments?post=283154"}],"version-history":[{"count":1,"href":"https:\/\/www.dmv.ca.gov\/portal\/es\/wp-json\/wp\/v2\/pages\/283154\/revisions"}],"predecessor-version":[{"id":283160,"href":"https:\/\/www.dmv.ca.gov\/portal\/es\/wp-json\/wp\/v2\/pages\/283154\/revisions\/283160"}],"up":[{"embeddable":true,"href":"https:\/\/www.dmv.ca.gov\/portal\/es\/wp-json\/wp\/v2\/pages\/44932"}],"wp:attachment":[{"href":"https:\/\/www.dmv.ca.gov\/portal\/es\/wp-json\/wp\/v2\/media?parent=283154"}],"wp:term":[{"taxonomy":"category","embeddable":true,"href":"https:\/\/www.dmv.ca.gov\/portal\/es\/wp-json\/wp\/v2\/categories?post=283154"},{"taxonomy":"post_tag","embeddable":true,"href":"https:\/\/www.dmv.ca.gov\/portal\/es\/wp-json\/wp\/v2\/tags?post=283154"},{"taxonomy":"dmv_task","embeddable":true,"href":"https:\/\/www.dmv.ca.gov\/portal\/es\/wp-json\/wp\/v2\/dmv_task?post=283154"},{"taxonomy":"dmv_functional_page_type","embeddable":true,"href":"https:\/\/www.dmv.ca.gov\/portal\/es\/wp-json\/wp\/v2\/dmv_functional_page_type?post=283154"},{"taxonomy":"dmv_content_type","embeddable":true,"href":"https:\/\/www.dmv.ca.gov\/portal\/es\/wp-json\/wp\/v2\/dmv_content_type?post=283154"}],"curies":[{"name":"wp","href":"https:\/\/api.w.org\/{rel}","templated":true}]}}