{"id":292451,"date":"2025-08-26T09:32:58","date_gmt":"2025-08-26T16:32:58","guid":{"rendered":"https:\/\/www.dmv.ca.gov\/portal\/?page_id=292451"},"modified":"2025-08-26T09:33:04","modified_gmt":"2025-08-26T16:33:04","slug":"dmvs-new-oxnard-express-office-in-port-hueneme-opens-september-2","status":"publish","type":"page","link":"https:\/\/www.dmv.ca.gov\/portal\/es\/news-and-media\/news-releases\/dmvs-new-oxnard-express-office-in-port-hueneme-opens-september-2\/","title":{"rendered":"Nuevo DMV \u201cOxnard Expr\u00e9s\u201d en Port Hueneme Abre el 2 de Septiembre"},"content":{"rendered":"<p class=\"has-text-align-left\">Contact: \u00a0Office of Public Affairs<br>2415 First Avenue<br>Sacramento, CA 95818<br>(916) 657\u20136437 |\u00a0<a href=\"mailto:dmvpublicaffairs@dmv.ca.gov\">dmvpublicaffairs@dmv.ca.gov<\/a><\/p>\n\n\n\n<p><strong>PARA PUBLICACI\u00d3N INMEDIATA<br>26 de agosto de 2025<\/strong><\/p>\n\n\n\n<p><strong>Lo que necesita saber:<\/strong> El DMV abre una nueva oficina de servicio r\u00e1pido denominada \u201cOxnard Expr\u00e9s\u201d al p\u00fablico el 2 de septiembre en la ciudad de Port Hueneme. La mayor\u00eda de los clientes pueden ahorrarse el viaje a la oficina y realizar sus transacciones con el DMV en <a href=\"https:\/\/www.dmv.ca.gov\/portal\/es\/\"><a href=\"https:\/\/www.dmv.ca.gov\/portal\/es\/\">dmv.ca.gov<\/a><\/a>.<\/p>\n\n\n\n<p><strong>Sacramento&nbsp;<\/strong>Para servir mejor a los clientes en el condado Ventura, el Departamento de Veh\u00edculos Motorizados de California (DMV, por sus siglas en ingl\u00e9s) abrir\u00e1 su oficina \u201cOxnard Expr\u00e9s\u201d en el 137 Ventura Road, Port Hueneme, a las 8 a.m. el martes, 2 de septiembre. La oficina esta localizada en la ciudad de Port Hueneme pero su nombre oficial es \u201cOxnard Expr\u00e9s\u201d para indicar su proximidad con la ciudad, m\u00e1s grande, de Oxnard.<\/p>\n\n\n\n<p>La oficina ofrecer\u00e1 servicios limitados del DMV, incluidos solicitudes para tarjetas de identidad original, pero servicios como solicitud para un licencia de manejo original y ex\u00e1menes de manejo deben realizarse en una <a href=\"https:\/\/www.dmv.ca.gov\/portal\/es\/locations\/\">oficina con todos los servicios<\/a>La oficina no ofrecer\u00e1 citas. Los clientes ser\u00e1n atendidos de acuerdo al orden de llegada. La oficina no aceptar\u00e1 pagos en efectivo, y solo aceptar\u00e1 pagos con tarjeta de cr\u00e9dito y d\u00e9bito.<\/p>\n\n\n\n<p>La oficina estar\u00e1 abierta de 8 a.m. a 5 p.m. los lunes, martes, jueves y viernes. Los mi\u00e9rcoles la oficina abrir\u00e1 de 9 a.m. a 5 p.m.<\/p>\n\n\n\n<p>Los tr\u00e1mites que se pueden realizar en la oficina incluyen:<\/p>\n\n\n\n<ul class=\"wp-block-list\">\n<li>Tarjetas de identidad original y reemplazo<\/li>\n\n\n\n<li>Reemplazo de licencia de manejo con cambios (direcci\u00f3n\/nombre)<\/li>\n\n\n\n<li>Repetici\u00f3n de examen de conocimientos (examen escrito) para obtener una licencia de manejo<\/li>\n\n\n\n<li>Actualizaciones\/entrega de reporte m\u00e9dico de licencia de manejo comercial<\/li>\n\n\n\n<li>Duplicado de registro de veh\u00edculos<\/li>\n\n\n\n<li>Registro anual parcial de veh\u00edculo comercial (PYR)<\/li>\n\n\n\n<li>Cartel de estacionamiento para personas discapacitadas<\/li>\n<\/ul>\n\n\n\n<p><strong>Antes de ir a una oficina- Primero intente en l\u00ednea<\/strong><\/p>\n\n\n\n<p>El DMV ha tomado varias medidas para ofrecer m\u00e1s servicios digitales. La mayor\u00eda de los tr\u00e1mites del DMV no requieren una visita a la oficina, incluidas algunas transacciones simples de autoservicio que ya no est\u00e1n disponibles en las oficinas. El DMV invita a los clientes a utilizar los&nbsp;<a href=\"https:\/\/www.dmv.ca.gov\/portal\/es\/dmv-online\/\"><a href=\"https:\/\/www.dmv.ca.gov\/portal\/es\/dmv-online\/\">servicios en l\u00ednea<\/a><\/a>&nbsp;y otros medios de servicio para completar transacciones, como pueden ser renovaciones elegibles de licencias de manejo y registro de veh\u00edculos. Los clientes tambi\u00e9n pueden usar el&nbsp;<a href=\"https:\/\/www.dmv.ca.gov\/portal\/es\/make-an-appointment\/service-advisor\/\"><a href=\"https:\/\/www.dmv.ca.gov\/portal\/es\/?s=\">Asesor de Servicios<\/a><\/a>&nbsp;en el sitio web del DMV para conocer sus opciones y completar tr\u00e1mites del DMV.<\/p>\n\n\n\n<p>Para recibir notificaciones el\u00e9ctronicas sobre renovaciones de registro de veh\u00edculos y licencias de manejo, los clientes pueden optar por este servicio al crear una cuenta segura en l\u00ednea y registr\u00e1ndose en&nbsp;<a href=\"https:\/\/www.dmv.ca.gov\/portal\/es\/\"><a href=\"https:\/\/www.dmv.ca.gov\/portal\/es\/\">dmv.ca.gov<\/a><\/a> y luego registrarse.<\/p>\n\n\n\n<p class=\"has-text-align-center\">###<\/p>\n\n\n\n<p class=\"has-text-align-center translation-block\">Sign up to receive the latest DMV News Alerts:&nbsp;<a href=\"https:\/\/www.dmv.ca.gov\/portal\/es\/dmv-news-alerts\/\" target=\"_blank\" rel=\"noreferrer noopener\">DMV NEWS ALERTS \u2013 California DMV<\/a><\/p>","protected":false},"excerpt":{"rendered":"<p>FOR IMMEDIATE RELEASEAugust 26, 2025 What you need to know: The DMV is opening a new quick service office called \u201cOxnard Express\u201d to the public on September 2 in the City of Port Hueneme. Most customers can save a trip to the office and do their DMV business online at dmv.ca.gov. Sacramento&nbsp;\u2014 To better serve [&hellip;]<\/p>\n","protected":false},"author":2591,"featured_media":0,"parent":44932,"menu_order":0,"comment_status":"closed","ping_status":"closed","template":"","meta":{"ep_exclude_from_search":false,"dmv_page_popups":[],"dmv_ribbon_color":"","dmv_top_illustration":"","dmv_page_title":"","dmv_page_subtitle":"","dmv_exclude_from_search_results":false,"dmv_allowed_editors":[],"dmv_display_translate_button":true,"footnotes":""},"categories":[1627],"tags":[2277],"dmv_task":[86],"dmv_functional_page_type":[3],"dmv_content_type":[],"class_list":["post-292451","page","type-page","status-publish","hentry","category-news-media","tag-field-office","dmv_task-location","dmv_functional_page_type-press-release"],"featured_image_src":null,"yoast_head":"<!-- This site is optimized with the Yoast SEO plugin v27.3 - https:\/\/yoast.com\/product\/yoast-seo-wordpress\/ -->\n<title>DMV\u2019s New \u201cOxnard Express\u201d Office in Port Hueneme Opens September 2 - California DMV<\/title>\n<meta name=\"robots\" content=\"index, follow, max-snippet:-1, max-image-preview:large, max-video-preview:-1\" \/>\n<link rel=\"canonical\" href=\"https:\/\/www.dmv.ca.gov\/portal\/es\/news-and-media\/news-releases\/dmvs-new-oxnard-express-office-in-port-hueneme-opens-september-2\/\" \/>\n<meta property=\"og:locale\" content=\"es_MX\" \/>\n<meta property=\"og:type\" content=\"article\" \/>\n<meta property=\"og:title\" content=\"DMV\u2019s New \u201cOxnard Express\u201d Office in Port Hueneme Opens September 2 - California DMV\" \/>\n<meta property=\"og:description\" content=\"FOR IMMEDIATE RELEASEAugust 26, 2025 What you need to know: The DMV is opening a new quick service office called \u201cOxnard Express\u201d to the public on September 2 in the City of Port Hueneme. Most customers can save a trip to the office and do their DMV business online at dmv.ca.gov. Sacramento&nbsp;\u2014 To better serve [&hellip;]\" \/>\n<meta property=\"og:url\" content=\"https:\/\/www.dmv.ca.gov\/portal\/es\/news-and-media\/news-releases\/dmvs-new-oxnard-express-office-in-port-hueneme-opens-september-2\/\" \/>\n<meta property=\"og:site_name\" content=\"California DMV\" \/>\n<meta property=\"article:publisher\" content=\"https:\/\/www.facebook.com\/CADMV\" \/>\n<meta property=\"article:modified_time\" content=\"2025-08-26T16:33:04+00:00\" \/>\n<meta property=\"og:image\" content=\"https:\/\/www.dmv.ca.gov\/portal\/uploads\/2022\/06\/DMV_Logo.png\" \/>\n\t<meta property=\"og:image:width\" content=\"1920\" \/>\n\t<meta property=\"og:image:height\" content=\"1080\" \/>\n\t<meta property=\"og:image:type\" content=\"image\/png\" \/>\n<meta name=\"twitter:card\" content=\"summary_large_image\" \/>\n<meta name=\"twitter:site\" content=\"@ca_dmv\" \/>\n<meta name=\"twitter:label1\" content=\"Est. reading time\" \/>\n\t<meta name=\"twitter:data1\" content=\"2 minutes\" \/>\n<script type=\"application\/ld+json\" class=\"yoast-schema-graph\">{\"@context\":\"https:\\\/\\\/schema.org\",\"@graph\":[{\"@type\":\"WebPage\",\"@id\":\"https:\\\/\\\/www.dmv.ca.gov\\\/portal\\\/es\\\/news-and-media\\\/news-releases\\\/dmvs-new-oxnard-express-office-in-port-hueneme-opens-september-2\\\/\",\"url\":\"https:\\\/\\\/www.dmv.ca.gov\\\/portal\\\/es\\\/news-and-media\\\/news-releases\\\/dmvs-new-oxnard-express-office-in-port-hueneme-opens-september-2\\\/\",\"name\":\"DMV\u2019s New \u201cOxnard Express\u201d Office in Port Hueneme Opens September 2 - California DMV\",\"isPartOf\":{\"@id\":\"https:\\\/\\\/www.dmv.ca.gov\\\/portal\\\/#website\"},\"datePublished\":\"2025-08-26T16:32:58+00:00\",\"dateModified\":\"2025-08-26T16:33:04+00:00\",\"inLanguage\":\"es-MX\",\"potentialAction\":[{\"@type\":\"ReadAction\",\"target\":[\"https:\\\/\\\/www.dmv.ca.gov\\\/portal\\\/es\\\/news-and-media\\\/news-releases\\\/dmvs-new-oxnard-express-office-in-port-hueneme-opens-september-2\\\/\"]}]},{\"@type\":\"WebSite\",\"@id\":\"https:\\\/\\\/www.dmv.ca.gov\\\/portal\\\/#website\",\"url\":\"https:\\\/\\\/www.dmv.ca.gov\\\/portal\\\/\",\"name\":\"California DMV\",\"description\":\"\",\"publisher\":{\"@id\":\"https:\\\/\\\/www.dmv.ca.gov\\\/portal\\\/#organization\"},\"potentialAction\":[{\"@type\":\"SearchAction\",\"target\":{\"@type\":\"EntryPoint\",\"urlTemplate\":\"https:\\\/\\\/www.dmv.ca.gov\\\/portal\\\/?s={search_term_string}\"},\"query-input\":{\"@type\":\"PropertyValueSpecification\",\"valueRequired\":true,\"valueName\":\"search_term_string\"}}],\"inLanguage\":\"es-MX\"},{\"@type\":\"Organization\",\"@id\":\"https:\\\/\\\/www.dmv.ca.gov\\\/portal\\\/#organization\",\"name\":\"State of California Department of Motor Vehicles\",\"url\":\"https:\\\/\\\/www.dmv.ca.gov\\\/portal\\\/\",\"logo\":{\"@type\":\"ImageObject\",\"inLanguage\":\"es-MX\",\"@id\":\"https:\\\/\\\/www.dmv.ca.gov\\\/portal\\\/#\\\/schema\\\/logo\\\/image\\\/\",\"url\":\"https:\\\/\\\/www.dmv.ca.gov\\\/portal\\\/uploads\\\/2022\\\/06\\\/DMV_Logo.png\",\"contentUrl\":\"https:\\\/\\\/www.dmv.ca.gov\\\/portal\\\/uploads\\\/2022\\\/06\\\/DMV_Logo.png\",\"width\":1920,\"height\":1080,\"caption\":\"State of California Department of Motor Vehicles\"},\"image\":{\"@id\":\"https:\\\/\\\/www.dmv.ca.gov\\\/portal\\\/#\\\/schema\\\/logo\\\/image\\\/\"},\"sameAs\":[\"https:\\\/\\\/www.facebook.com\\\/CADMV\",\"https:\\\/\\\/x.com\\\/ca_dmv\",\"https:\\\/\\\/www.instagram.com\\\/ca_dmv\\\/\",\"https:\\\/\\\/www.linkedin.com\\\/company\\\/ca-department-of-motor-vehicles\\\/\",\"https:\\\/\\\/www.youtube.com\\\/user\\\/CaliforniaDMV\"]}]}<\/script>\n<!-- \/ Yoast SEO plugin. -->","yoast_head_json":{"title":"DMV\u2019s New \u201cOxnard Express\u201d Office in Port Hueneme Opens September 2 - California DMV","robots":{"index":"index","follow":"follow","max-snippet":"max-snippet:-1","max-image-preview":"max-image-preview:large","max-video-preview":"max-video-preview:-1"},"canonical":"https:\/\/www.dmv.ca.gov\/portal\/es\/news-and-media\/news-releases\/dmvs-new-oxnard-express-office-in-port-hueneme-opens-september-2\/","og_locale":"es_MX","og_type":"article","og_title":"DMV\u2019s New \u201cOxnard Express\u201d Office in Port Hueneme Opens September 2 - California DMV","og_description":"FOR IMMEDIATE RELEASEAugust 26, 2025 What you need to know: The DMV is opening a new quick service office called \u201cOxnard Express\u201d to the public on September 2 in the City of Port Hueneme. Most customers can save a trip to the office and do their DMV business online at dmv.ca.gov. Sacramento&nbsp;\u2014 To better serve [&hellip;]","og_url":"https:\/\/www.dmv.ca.gov\/portal\/es\/news-and-media\/news-releases\/dmvs-new-oxnard-express-office-in-port-hueneme-opens-september-2\/","og_site_name":"California DMV","article_publisher":"https:\/\/www.facebook.com\/CADMV","article_modified_time":"2025-08-26T16:33:04+00:00","og_image":[{"width":1920,"height":1080,"url":"https:\/\/www.dmv.ca.gov\/portal\/uploads\/2022\/06\/DMV_Logo.png","type":"image\/png"}],"twitter_card":"summary_large_image","twitter_site":"@ca_dmv","twitter_misc":{"Est. reading time":"2 minutes"},"schema":{"@context":"https:\/\/schema.org","@graph":[{"@type":"WebPage","@id":"https:\/\/www.dmv.ca.gov\/portal\/es\/news-and-media\/news-releases\/dmvs-new-oxnard-express-office-in-port-hueneme-opens-september-2\/","url":"https:\/\/www.dmv.ca.gov\/portal\/es\/news-and-media\/news-releases\/dmvs-new-oxnard-express-office-in-port-hueneme-opens-september-2\/","name":"DMV\u2019s New \u201cOxnard Express\u201d Office in Port Hueneme Opens September 2 - California DMV","isPartOf":{"@id":"https:\/\/www.dmv.ca.gov\/portal\/#website"},"datePublished":"2025-08-26T16:32:58+00:00","dateModified":"2025-08-26T16:33:04+00:00","inLanguage":"es-MX","potentialAction":[{"@type":"ReadAction","target":["https:\/\/www.dmv.ca.gov\/portal\/es\/news-and-media\/news-releases\/dmvs-new-oxnard-express-office-in-port-hueneme-opens-september-2\/"]}]},{"@type":"WebSite","@id":"https:\/\/www.dmv.ca.gov\/portal\/#website","url":"https:\/\/www.dmv.ca.gov\/portal\/","name":"California DMV","description":"","publisher":{"@id":"https:\/\/www.dmv.ca.gov\/portal\/#organization"},"potentialAction":[{"@type":"SearchAction","target":{"@type":"EntryPoint","urlTemplate":"https:\/\/www.dmv.ca.gov\/portal\/?s={search_term_string}"},"query-input":{"@type":"PropertyValueSpecification","valueRequired":true,"valueName":"search_term_string"}}],"inLanguage":"es-MX"},{"@type":"Organization","@id":"https:\/\/www.dmv.ca.gov\/portal\/#organization","name":"State of California Department of Motor Vehicles","url":"https:\/\/www.dmv.ca.gov\/portal\/","logo":{"@type":"ImageObject","inLanguage":"es-MX","@id":"https:\/\/www.dmv.ca.gov\/portal\/#\/schema\/logo\/image\/","url":"https:\/\/www.dmv.ca.gov\/portal\/uploads\/2022\/06\/DMV_Logo.png","contentUrl":"https:\/\/www.dmv.ca.gov\/portal\/uploads\/2022\/06\/DMV_Logo.png","width":1920,"height":1080,"caption":"State of California Department of Motor Vehicles"},"image":{"@id":"https:\/\/www.dmv.ca.gov\/portal\/#\/schema\/logo\/image\/"},"sameAs":["https:\/\/www.facebook.com\/CADMV","https:\/\/x.com\/ca_dmv","https:\/\/www.instagram.com\/ca_dmv\/","https:\/\/www.linkedin.com\/company\/ca-department-of-motor-vehicles\/","https:\/\/www.youtube.com\/user\/CaliforniaDMV"]}]}},"_links":{"self":[{"href":"https:\/\/www.dmv.ca.gov\/portal\/es\/wp-json\/wp\/v2\/pages\/292451","targetHints":{"allow":["GET"]}}],"collection":[{"href":"https:\/\/www.dmv.ca.gov\/portal\/es\/wp-json\/wp\/v2\/pages"}],"about":[{"href":"https:\/\/www.dmv.ca.gov\/portal\/es\/wp-json\/wp\/v2\/types\/page"}],"author":[{"embeddable":true,"href":"https:\/\/www.dmv.ca.gov\/portal\/es\/wp-json\/wp\/v2\/users\/2591"}],"replies":[{"embeddable":true,"href":"https:\/\/www.dmv.ca.gov\/portal\/es\/wp-json\/wp\/v2\/comments?post=292451"}],"version-history":[{"count":1,"href":"https:\/\/www.dmv.ca.gov\/portal\/es\/wp-json\/wp\/v2\/pages\/292451\/revisions"}],"predecessor-version":[{"id":292454,"href":"https:\/\/www.dmv.ca.gov\/portal\/es\/wp-json\/wp\/v2\/pages\/292451\/revisions\/292454"}],"up":[{"embeddable":true,"href":"https:\/\/www.dmv.ca.gov\/portal\/es\/wp-json\/wp\/v2\/pages\/44932"}],"wp:attachment":[{"href":"https:\/\/www.dmv.ca.gov\/portal\/es\/wp-json\/wp\/v2\/media?parent=292451"}],"wp:term":[{"taxonomy":"category","embeddable":true,"href":"https:\/\/www.dmv.ca.gov\/portal\/es\/wp-json\/wp\/v2\/categories?post=292451"},{"taxonomy":"post_tag","embeddable":true,"href":"https:\/\/www.dmv.ca.gov\/portal\/es\/wp-json\/wp\/v2\/tags?post=292451"},{"taxonomy":"dmv_task","embeddable":true,"href":"https:\/\/www.dmv.ca.gov\/portal\/es\/wp-json\/wp\/v2\/dmv_task?post=292451"},{"taxonomy":"dmv_functional_page_type","embeddable":true,"href":"https:\/\/www.dmv.ca.gov\/portal\/es\/wp-json\/wp\/v2\/dmv_functional_page_type?post=292451"},{"taxonomy":"dmv_content_type","embeddable":true,"href":"https:\/\/www.dmv.ca.gov\/portal\/es\/wp-json\/wp\/v2\/dmv_content_type?post=292451"}],"curies":[{"name":"wp","href":"https:\/\/api.w.org\/{rel}","templated":true}]}}