{"id":293822,"date":"2025-09-09T10:24:53","date_gmt":"2025-09-09T17:24:53","guid":{"rendered":"https:\/\/www.dmv.ca.gov\/portal\/?page_id=293822"},"modified":"2025-09-09T10:24:58","modified_gmt":"2025-09-09T17:24:58","slug":"federal-government-ends-clean-air-vehicle-cav-decal-program","status":"publish","type":"page","link":"https:\/\/www.dmv.ca.gov\/portal\/es\/news-and-media\/federal-government-ends-clean-air-vehicle-cav-decal-program\/","title":{"rendered":"Gobierno Federal termina Programa de Etiqueta para Veh\u00edculos de Baja Emisi\u00f3n Contaminante (CAV)"},"content":{"rendered":"<p class=\"has-text-align-left\">Contact: \u00a0Office of Public Affairs<br>2415 First Avenue<br>Sacramento, CA 95818<br>(916) 657\u20136437 |\u00a0<a href=\"mailto:dmvpublicaffairs@dmv.ca.gov\">dmvpublicaffairs@dmv.ca.gov<\/a><\/p>\n\n\n\n<p><strong>PARA PUBLICACI\u00d3N INMEDIATA<br>9 de septiembre de 2025<\/strong><\/p>\n\n\n\n<h2 class=\"wp-block-heading has-text-align-center\"><em>Las etiquetas CAV ya no ser\u00e1n v\u00e1lidas a partir del 1 de octubre<\/em><\/h2>\n\n\n\n<p><strong>Lo que necesita saber: <\/strong>El gobierno federal ya no permitir\u00e1 a los estados otorgar etiquetas para veh\u00edculos de baja emisi\u00f3n contaminante (CAV, por sus siglas en ingl\u00e9s). Lo que significa que a partir del 1 de octubre, los veh\u00edculos con una etiqueta CAV no podr\u00e1n utilizar los carriles designados para autom\u00f3viles con min\u00edmo de dos o tres pasajeros (HOV, por sus siglas en ingl\u00e9s), cuando solo va el conductor, o recibir tarifas reducidas de peaje en ciertas \u00e1reas. Todos los veh\u00edculos deben seguir los requerimientos de ocupaci\u00f3n. Los conductores que violen la ley pueden recibir una multa. Desde el 29 de agosto el DMV ya no acept\u00f3 m\u00e1s aplicaciones para etiquetas CAV.\u00a0<\/p>\n\n\n\n<p><strong>Sacramento\u00a0<\/strong>\u2013 El Departamento de Veh\u00edculos Motorizados de California (DMV) anuncia que las regulaciones federales que permit\u00edan a los estados emitir <a href=\"https:\/\/www.dmv.ca.gov\/portal\/es\/vehicle-registration\/license-plates-decals-and-placards\/clean-air-vehicle-decals-for-using-carpool-lanes\/\">etiquetas para Veh\u00edculos de Baja Emisi\u00f3n Contaminante (CAV)<\/a> terminar\u00e1 el 30 de septiembre de 2025. Al frenar el programa, significa que a partir del 1 de octubre de 2025 las etiquetas CAV no ser\u00e1n v\u00e1lidas en California, o alg\u00fan otro sitio de Estados Unidos. Todos los veh\u00edculos deber\u00e1n cumplir los se\u00f1alamientos de ocupaci\u00f3n para utilizar los carriles para dos o m\u00e1s pasajeros y deber\u00e1n pagar las cuotas de peaje correspondientes o corren el riesgo de recibir una multa.<\/p>\n\n\n\n<p>Mientras las etiquetas CAV eran vigentes hasta por cuatro a\u00f1os, la decisi\u00f3n del gobierno federal de no extender el programa hace que TODAS las etiquetas queden inv\u00e1lidas a partir del 1 de octubre, sin importar la fecha en que fueron emitidas.<\/p>\n\n\n\n<p>Con el fin del programa federal, el DMV no puede emitir m\u00e1s etiquetas CAV que permitan a los veh\u00edculos transitar en los carriles para dos o m\u00e1s pasajeros cuando solo va el conductor. El DMV ya no procesa nuevas etiquetas CAV a partir del 29 de agosto de 2025.<\/p>\n\n\n\n<p>\u201cEste es un gran programa para los californianos conscientes del impacto ambiental,\u201d dijo el director Steve Gordon. \u201cHemos otorgado m\u00e1s de un mill\u00f3n de etiquetas desde que este programa fue aprobado, lo que ha ayudado a promover un cambio en como manejamos. Los californianos est\u00e1n comprometidos en reducir la huella de carbono y estas etiquetas ayudaban a los conductores a ser guardianes de nuestras carreteras y el medio ambiente. Es una p\u00e9rdida completa y urgimos al gobierno federal a mantener este programa.\u201d<\/p>\n\n\n\n<p>Las oficinas del DMV est\u00e1n mostrando informaci\u00f3n sobre el fin del programa federal de etiquetas CAV y una notificaci\u00f3n ha sido incluida en el sitio web del DMV. El DMV notificar\u00e1 directamente a los clientes que cuenten con una cuenta de correo electr\u00f3nico en su archivo con el departamento. Adem\u00e1s, se har\u00e1n publicaciones en los medios sociales del DMV para recordarles a los clientes sobre el t\u00e9rmino del programa.<\/p>\n\n\n\n<p>Para informarles a los conductores sobre el cambio, Caltrans publicar\u00e1 el siguiente mensaje en sus se\u00f1alamientos electr\u00f3nicos:<\/p>\n\n\n\n<p class=\"has-text-align-center\">ETIQUETAS CAV<\/p>\n\n\n\n<p class=\"has-text-align-center\">NO SON V\u00c1LIDAS <\/p>\n\n\n\n<p class=\"has-text-align-center\">A PARTIR DEL 1 DE OCTUBRE<\/p>\n\n\n\n<p><strong>Contexto:<\/strong><\/p>\n\n\n\n<p>El acceso a autom\u00f3viles de baja emisi\u00f3n contaminante con un solo ocupante a los carriles designados para autom\u00f3viles con m\u00ednimo de dos o tres pasajeros (HOV, por sus siglas en ingl\u00e9s) fue autorizado por primera vez en 1999, la m\u00e1s reciente reautorizaci\u00f3n del programa fue en el 2017. El DMV de California comenz\u00f3 a expedir etiquetas CAV bajo el programa actual a veh\u00edculos que calificaran el 1 de enero de 2019. Dichas etiquetas expiraban el 1 de enero al cuarto a\u00f1o de haber sido emitidas. Lo que significaba que eran v\u00e1lidas por tres a\u00f1os completos, adem\u00e1s de algunos meses adiciones del a\u00f1o en el que se emitieron. Por ejemplo, si una etiqueta CAV fue emitida durante el 2021, expirar\u00eda el 1 de enero de 2025. En este momento, todas las etiquetas CAV dejar\u00e1n de ser v\u00e1lidas a partir del 1 de octubre de 2025.<\/p>\n\n\n\n<p><strong>Antes de ir a una oficina- Primero intente en l\u00ednea<\/strong><\/p>\n\n\n\n<p>La mayor\u00eda de los tr\u00e1mites del DMV no requieren visitar una oficina. El DMV anima a los clientes a utilizar los\u00a0<a href=\"https:\/\/www.dmv.ca.gov\/portal\/es\/dmv-online\/\"><a href=\"https:\/\/www.dmv.ca.gov\/portal\/es\/dmv-online\/\">servicios en l\u00ednea<\/a><\/a>\u00a0y otros medios de servicio para completar transacciones, como pueden ser renovaciones elegibles de licencias de manejo y registro de veh\u00edculos. Los clientes tambi\u00e9n pueden usar el\u00a0<a href=\"https:\/\/www.dmv.ca.gov\/portal\/es\/make-an-appointment\/service-advisor\/\"><a href=\"https:\/\/www.dmv.ca.gov\/portal\/es\/?s=\">Asesor de Servicios<\/a><\/a>\u00a0en el sitio web del DMV para conocer sus opciones y completar tr\u00e1mites del DMV.<\/p>\n\n\n\n<p>Elige lo digital \u2014 Para recibir notificaciones el\u00e9ctronicas sobre renovaciones de registro de veh\u00edculos y licencias de manejo, acceda o crea una cuenta segura en l\u00ednea en\u00a0<a href=\"https:\/\/www.dmv.ca.gov\/portal\/es\/\"><a href=\"https:\/\/www.dmv.ca.gov\/portal\/es\/\">dmv.ca.gov<\/a><\/a> y suscr\u00edbase.<\/p>\n\n\n\n<p class=\"has-text-align-center\">###<\/p>\n\n\n\n<p class=\"has-text-align-center translation-block\">Sign up to receive the latest DMV News Alerts:&nbsp;<a href=\"https:\/\/www.dmv.ca.gov\/portal\/es\/dmv-news-alerts\/\" target=\"_blank\" rel=\"noreferrer noopener\">DMV NEWS ALERTS \u2013 California DMV<\/a><\/p>","protected":false},"excerpt":{"rendered":"<p>FOR IMMEDIATE RELEASESeptember 9, 2025 CAV decals will no longer be valid starting October 1 What you need to know: The federal government will no longer allow states to issue Clean Air Vehicle decals. This means that starting October 1, vehicles displaying a Clean Air Vehicle (CAV) decal will no longer be allowed to travel [&hellip;]<\/p>\n","protected":false},"author":2582,"featured_media":0,"parent":1542,"menu_order":0,"comment_status":"closed","ping_status":"closed","template":"","meta":{"ep_exclude_from_search":false,"dmv_page_popups":[],"dmv_ribbon_color":"","dmv_top_illustration":"","dmv_page_title":"","dmv_page_subtitle":"","dmv_exclude_from_search_results":false,"dmv_allowed_editors":[],"dmv_display_translate_button":true,"footnotes":""},"categories":[1627],"tags":[],"dmv_task":[164],"dmv_functional_page_type":[3],"dmv_content_type":[],"class_list":["post-293822","page","type-page","status-publish","hentry","category-news-media","dmv_task-program-partner","dmv_functional_page_type-press-release"],"featured_image_src":null,"yoast_head":"<!-- This site is optimized with the Yoast SEO plugin v27.2 - https:\/\/yoast.com\/product\/yoast-seo-wordpress\/ -->\n<title>Federal Government Ends Clean Air Vehicle (CAV) Decal Program - California DMV<\/title>\n<meta name=\"robots\" content=\"index, follow, max-snippet:-1, max-image-preview:large, max-video-preview:-1\" \/>\n<link rel=\"canonical\" href=\"https:\/\/www.dmv.ca.gov\/portal\/es\/news-and-media\/federal-government-ends-clean-air-vehicle-cav-decal-program\/\" \/>\n<meta property=\"og:locale\" content=\"es_MX\" \/>\n<meta property=\"og:type\" content=\"article\" \/>\n<meta property=\"og:title\" content=\"Federal Government Ends Clean Air Vehicle (CAV) Decal Program - California DMV\" \/>\n<meta property=\"og:description\" content=\"FOR IMMEDIATE RELEASESeptember 9, 2025 CAV decals will no longer be valid starting October 1 What you need to know: The federal government will no longer allow states to issue Clean Air Vehicle decals. This means that starting October 1, vehicles displaying a Clean Air Vehicle (CAV) decal will no longer be allowed to travel [&hellip;]\" \/>\n<meta property=\"og:url\" content=\"https:\/\/www.dmv.ca.gov\/portal\/es\/news-and-media\/federal-government-ends-clean-air-vehicle-cav-decal-program\/\" \/>\n<meta property=\"og:site_name\" content=\"California DMV\" \/>\n<meta property=\"article:publisher\" content=\"https:\/\/www.facebook.com\/CADMV\" \/>\n<meta property=\"article:modified_time\" content=\"2025-09-09T17:24:58+00:00\" \/>\n<meta property=\"og:image\" content=\"https:\/\/www.dmv.ca.gov\/portal\/uploads\/2022\/06\/DMV_Logo.png\" \/>\n\t<meta property=\"og:image:width\" content=\"1920\" \/>\n\t<meta property=\"og:image:height\" content=\"1080\" \/>\n\t<meta property=\"og:image:type\" content=\"image\/png\" \/>\n<meta name=\"twitter:card\" content=\"summary_large_image\" \/>\n<meta name=\"twitter:site\" content=\"@ca_dmv\" \/>\n<meta name=\"twitter:label1\" content=\"Est. reading time\" \/>\n\t<meta name=\"twitter:data1\" content=\"3 minutes\" \/>\n<script type=\"application\/ld+json\" class=\"yoast-schema-graph\">{\"@context\":\"https:\/\/schema.org\",\"@graph\":[{\"@type\":\"WebPage\",\"@id\":\"https:\/\/www.dmv.ca.gov\/portal\/es\/news-and-media\/federal-government-ends-clean-air-vehicle-cav-decal-program\/\",\"url\":\"https:\/\/www.dmv.ca.gov\/portal\/es\/news-and-media\/federal-government-ends-clean-air-vehicle-cav-decal-program\/\",\"name\":\"Federal Government Ends Clean Air Vehicle (CAV) Decal Program - California DMV\",\"isPartOf\":{\"@id\":\"https:\/\/www.dmv.ca.gov\/portal\/#website\"},\"datePublished\":\"2025-09-09T17:24:53+00:00\",\"dateModified\":\"2025-09-09T17:24:58+00:00\",\"inLanguage\":\"es-MX\",\"potentialAction\":[{\"@type\":\"ReadAction\",\"target\":[\"https:\/\/www.dmv.ca.gov\/portal\/es\/news-and-media\/federal-government-ends-clean-air-vehicle-cav-decal-program\/\"]}]},{\"@type\":\"WebSite\",\"@id\":\"https:\/\/www.dmv.ca.gov\/portal\/#website\",\"url\":\"https:\/\/www.dmv.ca.gov\/portal\/\",\"name\":\"California DMV\",\"description\":\"\",\"publisher\":{\"@id\":\"https:\/\/www.dmv.ca.gov\/portal\/#organization\"},\"potentialAction\":[{\"@type\":\"SearchAction\",\"target\":{\"@type\":\"EntryPoint\",\"urlTemplate\":\"https:\/\/www.dmv.ca.gov\/portal\/?s={search_term_string}\"},\"query-input\":{\"@type\":\"PropertyValueSpecification\",\"valueRequired\":true,\"valueName\":\"search_term_string\"}}],\"inLanguage\":\"es-MX\"},{\"@type\":\"Organization\",\"@id\":\"https:\/\/www.dmv.ca.gov\/portal\/#organization\",\"name\":\"State of California Department of Motor Vehicles\",\"url\":\"https:\/\/www.dmv.ca.gov\/portal\/\",\"logo\":{\"@type\":\"ImageObject\",\"inLanguage\":\"es-MX\",\"@id\":\"https:\/\/www.dmv.ca.gov\/portal\/#\/schema\/logo\/image\/\",\"url\":\"https:\/\/www.dmv.ca.gov\/portal\/uploads\/2022\/06\/DMV_Logo.png\",\"contentUrl\":\"https:\/\/www.dmv.ca.gov\/portal\/uploads\/2022\/06\/DMV_Logo.png\",\"width\":1920,\"height\":1080,\"caption\":\"State of California Department of Motor Vehicles\"},\"image\":{\"@id\":\"https:\/\/www.dmv.ca.gov\/portal\/#\/schema\/logo\/image\/\"},\"sameAs\":[\"https:\/\/www.facebook.com\/CADMV\",\"https:\/\/x.com\/ca_dmv\",\"https:\/\/www.instagram.com\/ca_dmv\/\",\"https:\/\/www.linkedin.com\/company\/ca-department-of-motor-vehicles\/\",\"https:\/\/www.youtube.com\/user\/CaliforniaDMV\"]}]}<\/script>\n<!-- \/ Yoast SEO plugin. -->","yoast_head_json":{"title":"Federal Government Ends Clean Air Vehicle (CAV) Decal Program - California DMV","robots":{"index":"index","follow":"follow","max-snippet":"max-snippet:-1","max-image-preview":"max-image-preview:large","max-video-preview":"max-video-preview:-1"},"canonical":"https:\/\/www.dmv.ca.gov\/portal\/es\/news-and-media\/federal-government-ends-clean-air-vehicle-cav-decal-program\/","og_locale":"es_MX","og_type":"article","og_title":"Federal Government Ends Clean Air Vehicle (CAV) Decal Program - California DMV","og_description":"FOR IMMEDIATE RELEASESeptember 9, 2025 CAV decals will no longer be valid starting October 1 What you need to know: The federal government will no longer allow states to issue Clean Air Vehicle decals. This means that starting October 1, vehicles displaying a Clean Air Vehicle (CAV) decal will no longer be allowed to travel [&hellip;]","og_url":"https:\/\/www.dmv.ca.gov\/portal\/es\/news-and-media\/federal-government-ends-clean-air-vehicle-cav-decal-program\/","og_site_name":"California DMV","article_publisher":"https:\/\/www.facebook.com\/CADMV","article_modified_time":"2025-09-09T17:24:58+00:00","og_image":[{"width":1920,"height":1080,"url":"https:\/\/www.dmv.ca.gov\/portal\/uploads\/2022\/06\/DMV_Logo.png","type":"image\/png"}],"twitter_card":"summary_large_image","twitter_site":"@ca_dmv","twitter_misc":{"Est. reading time":"3 minutes"},"schema":{"@context":"https:\/\/schema.org","@graph":[{"@type":"WebPage","@id":"https:\/\/www.dmv.ca.gov\/portal\/es\/news-and-media\/federal-government-ends-clean-air-vehicle-cav-decal-program\/","url":"https:\/\/www.dmv.ca.gov\/portal\/es\/news-and-media\/federal-government-ends-clean-air-vehicle-cav-decal-program\/","name":"Federal Government Ends Clean Air Vehicle (CAV) Decal Program - California DMV","isPartOf":{"@id":"https:\/\/www.dmv.ca.gov\/portal\/#website"},"datePublished":"2025-09-09T17:24:53+00:00","dateModified":"2025-09-09T17:24:58+00:00","inLanguage":"es-MX","potentialAction":[{"@type":"ReadAction","target":["https:\/\/www.dmv.ca.gov\/portal\/es\/news-and-media\/federal-government-ends-clean-air-vehicle-cav-decal-program\/"]}]},{"@type":"WebSite","@id":"https:\/\/www.dmv.ca.gov\/portal\/#website","url":"https:\/\/www.dmv.ca.gov\/portal\/","name":"California DMV","description":"","publisher":{"@id":"https:\/\/www.dmv.ca.gov\/portal\/#organization"},"potentialAction":[{"@type":"SearchAction","target":{"@type":"EntryPoint","urlTemplate":"https:\/\/www.dmv.ca.gov\/portal\/?s={search_term_string}"},"query-input":{"@type":"PropertyValueSpecification","valueRequired":true,"valueName":"search_term_string"}}],"inLanguage":"es-MX"},{"@type":"Organization","@id":"https:\/\/www.dmv.ca.gov\/portal\/#organization","name":"State of California Department of Motor Vehicles","url":"https:\/\/www.dmv.ca.gov\/portal\/","logo":{"@type":"ImageObject","inLanguage":"es-MX","@id":"https:\/\/www.dmv.ca.gov\/portal\/#\/schema\/logo\/image\/","url":"https:\/\/www.dmv.ca.gov\/portal\/uploads\/2022\/06\/DMV_Logo.png","contentUrl":"https:\/\/www.dmv.ca.gov\/portal\/uploads\/2022\/06\/DMV_Logo.png","width":1920,"height":1080,"caption":"State of California Department of Motor Vehicles"},"image":{"@id":"https:\/\/www.dmv.ca.gov\/portal\/#\/schema\/logo\/image\/"},"sameAs":["https:\/\/www.facebook.com\/CADMV","https:\/\/x.com\/ca_dmv","https:\/\/www.instagram.com\/ca_dmv\/","https:\/\/www.linkedin.com\/company\/ca-department-of-motor-vehicles\/","https:\/\/www.youtube.com\/user\/CaliforniaDMV"]}]}},"_links":{"self":[{"href":"https:\/\/www.dmv.ca.gov\/portal\/es\/wp-json\/wp\/v2\/pages\/293822","targetHints":{"allow":["GET"]}}],"collection":[{"href":"https:\/\/www.dmv.ca.gov\/portal\/es\/wp-json\/wp\/v2\/pages"}],"about":[{"href":"https:\/\/www.dmv.ca.gov\/portal\/es\/wp-json\/wp\/v2\/types\/page"}],"author":[{"embeddable":true,"href":"https:\/\/www.dmv.ca.gov\/portal\/es\/wp-json\/wp\/v2\/users\/2582"}],"replies":[{"embeddable":true,"href":"https:\/\/www.dmv.ca.gov\/portal\/es\/wp-json\/wp\/v2\/comments?post=293822"}],"version-history":[{"count":1,"href":"https:\/\/www.dmv.ca.gov\/portal\/es\/wp-json\/wp\/v2\/pages\/293822\/revisions"}],"predecessor-version":[{"id":293825,"href":"https:\/\/www.dmv.ca.gov\/portal\/es\/wp-json\/wp\/v2\/pages\/293822\/revisions\/293825"}],"up":[{"embeddable":true,"href":"https:\/\/www.dmv.ca.gov\/portal\/es\/wp-json\/wp\/v2\/pages\/1542"}],"wp:attachment":[{"href":"https:\/\/www.dmv.ca.gov\/portal\/es\/wp-json\/wp\/v2\/media?parent=293822"}],"wp:term":[{"taxonomy":"category","embeddable":true,"href":"https:\/\/www.dmv.ca.gov\/portal\/es\/wp-json\/wp\/v2\/categories?post=293822"},{"taxonomy":"post_tag","embeddable":true,"href":"https:\/\/www.dmv.ca.gov\/portal\/es\/wp-json\/wp\/v2\/tags?post=293822"},{"taxonomy":"dmv_task","embeddable":true,"href":"https:\/\/www.dmv.ca.gov\/portal\/es\/wp-json\/wp\/v2\/dmv_task?post=293822"},{"taxonomy":"dmv_functional_page_type","embeddable":true,"href":"https:\/\/www.dmv.ca.gov\/portal\/es\/wp-json\/wp\/v2\/dmv_functional_page_type?post=293822"},{"taxonomy":"dmv_content_type","embeddable":true,"href":"https:\/\/www.dmv.ca.gov\/portal\/es\/wp-json\/wp\/v2\/dmv_content_type?post=293822"}],"curies":[{"name":"wp","href":"https:\/\/api.w.org\/{rel}","templated":true}]}}