{"id":296443,"date":"2025-10-01T10:25:39","date_gmt":"2025-10-01T17:25:39","guid":{"rendered":"https:\/\/www.dmv.ca.gov\/portal\/?page_id=296443"},"modified":"2025-10-01T10:27:06","modified_gmt":"2025-10-01T17:27:06","slug":"dmv-to-release-new-california-drivers-license-and-identification-card-design-with-advanced-security-features","status":"publish","type":"page","link":"https:\/\/www.dmv.ca.gov\/portal\/es\/news-and-media\/dmv-to-release-new-california-drivers-license-and-identification-card-design-with-advanced-security-features\/","title":{"rendered":"El DMV Lanzar\u00e1 Nuevo Dise\u00f1o en Licencia de Manejo y Tarjeta de Identidad de California con Avanzadas Medidas de Seguridad"},"content":{"rendered":"<p class=\"has-text-align-left\">Contact: \u00a0Office of Public Affairs<br>2415 First Avenue<br>Sacramento, CA 95818<br>(916) 657\u20136437 |\u00a0<a href=\"mailto:dmvpublicaffairs@dmv.ca.gov\">dmvpublicaffairs@dmv.ca.gov<\/a><\/p>\n\n\n\n<p><strong>PARA PUBLICACI\u00d3N INMEDIATA<br>1 de octubre de 2025<\/strong><\/p>\n\n\n\n<p><strong>Lo que necesita saber: <\/strong>A partir de hoy, las nuevas licencias de manejo y tarjetas de identidad que se otorguen tendr\u00e1n un nuevo dise\u00f1o que cuenta con avanzadas medidas de seguridad. Las licencias de manejo y tarjetas de identidad actuales ser\u00e1n v\u00e1lidas hasta su fecha de expiraci\u00f3n.\u00a0<\/p>\n\n\n\n<p><strong>Sacramento\u00a0<\/strong>\u2014 El Departamento de Veh\u00edculos Motorizados anuncia una nueva imagen en las licencias de manejo y tarjetas de identidad de California que incluye la belleza \u00fanica del paisaje del estado, avanzadas medidas de seguridad y tecnolog\u00eda actualizada. A partir de hoy el nuevo dise\u00f1o est\u00e1 disponible. Las licencias de manejo y tarjetas de identidad actuales ser\u00e1n v\u00e1lidas hasta su fecha de expiraci\u00f3n.<\/p>\n\n\n\n<p>Las licencias de manejo y tarjetas de identidad de California son actualizadas peri\u00f3dicamente para mejorar su seguridad. La \u00faltima vez que un nuevo dise\u00f1o y nuevas medidas de seguridad estuvieron disponibles fue en el 2010. El estilo de las tarjetas cambio en el 2018 con la implementaci\u00f3n del REAL ID.<\/p>\n\n\n\n<blockquote class=\"wp-block-quote is-layout-flow wp-block-quote-is-layout-flow\">\n<p>\u201cLas nuevas tarjetas usan una nueva generaci\u00f3n de tecnolog\u00eda para mejorar la seguridad y con un dise\u00f1o que muestra las ic\u00f3nicas secuoyas costeras, las amapolas y el litoral californiano,\u201d asegura el director del DMV Steve Gordon. \u201cS\u00e9 que algunos de nuestros clientes querr\u00e1n una nueva versi\u00f3n de su licencia de manejo, sin embargo, no hay necesidad de reemplazar una licencia o tarjeta de identidad hasta que expire.\u201d<\/p>\n<\/blockquote>\n\n\n\n<p>El DMV est\u00e1 incorporando im\u00e1genes que presentan la belleza natural de California al dise\u00f1o, as\u00ed como caracter\u00edsticas que hacen dif\u00edcil su falsificaci\u00f3n y otros elementos. El DMV a\u00f1adir\u00e1 una firma digital de seguridad a uno de los dos c\u00f3digos de barra en el reverso de las tarjetas. California ser\u00e1 uno de los primeros estados en contar con este tipo de firma digital. Adem\u00e1s, las nuevas tarjetas ya no tendr\u00e1n una barra magn\u00e9tica en el reverso.<\/p>\n\n\n\n<p>El costo de la nueva licencia seguir\u00e1 siendo de $45. Las tarjetas de identidad costar\u00e1n $39.<\/p>\n\n\n\n<p>Imagen de muestra del nuevo dise\u00f1o de la licencia:<\/p>\n\n\n\n<figure class=\"wp-block-image size-full is-resized\"><img loading=\"lazy\" decoding=\"async\" width=\"785\" height=\"502\" src=\"https:\/\/www.dmv.ca.gov\/portal\/uploads\/2025\/10\/New-Card-design.jpg\" alt=\"\" class=\"wp-image-296455\" style=\"width:603px;height:auto\" srcset=\"https:\/\/www.dmv.ca.gov\/portal\/uploads\/2025\/10\/New-Card-design.jpg 785w, https:\/\/www.dmv.ca.gov\/portal\/uploads\/2025\/10\/New-Card-design-300x192.jpg 300w, https:\/\/www.dmv.ca.gov\/portal\/uploads\/2025\/10\/New-Card-design-768x491.jpg 768w, https:\/\/www.dmv.ca.gov\/portal\/uploads\/2025\/10\/New-Card-design-18x12.jpg 18w, https:\/\/www.dmv.ca.gov\/portal\/uploads\/2025\/10\/New-Card-design-443x283.jpg 443w\" sizes=\"auto, (max-width: 785px) 100vw, 785px\" \/><\/figure>\n\n\n\n<p><strong>Antes de ir a una oficina- Primero intente en l\u00ednea<\/strong><\/p>\n\n\n\n<p>La mayor\u00eda de los tr\u00e1mites del DMV no requieren visitar una oficina. El DMV anima a los clientes a utilizar los&nbsp;<a href=\"https:\/\/www.dmv.ca.gov\/portal\/es\/dmv-online\/\"><a href=\"https:\/\/www.dmv.ca.gov\/portal\/es\/dmv-online\/\">servicios en l\u00ednea<\/a><\/a>&nbsp;y otros medios de servicio para completar transacciones, como pueden ser renovaciones elegibles de licencias de manejo y registro de veh\u00edculos. Los clientes tambi\u00e9n pueden usar el&nbsp;<a href=\"https:\/\/www.dmv.ca.gov\/portal\/es\/make-an-appointment\/service-advisor\/\"><a href=\"https:\/\/www.dmv.ca.gov\/portal\/es\/?s=\">Asesor de Servicios<\/a><\/a>&nbsp;en el sitio web del DMV para conocer sus opciones y completar tr\u00e1mites del DMV.<\/p>\n\n\n\n<p>Elige lo digital \u2014 Para recibir notificaciones el\u00e9ctronicas sobre renovaciones de registro de veh\u00edculos y licencias de manejo, acceda o crea una cuenta segura en l\u00ednea en&nbsp;<a href=\"https:\/\/www.dmv.ca.gov\/portal\/es\/\"><a href=\"https:\/\/www.dmv.ca.gov\/portal\/es\/\">dmv.ca.gov<\/a><\/a> y suscr\u00edbase.<\/p>\n\n\n\n<p class=\"has-text-align-center\">###<\/p>\n\n\n\n<p class=\"has-text-align-center translation-block\">Sign up to receive the latest DMV News Alerts:&nbsp;<a href=\"https:\/\/www.dmv.ca.gov\/portal\/es\/dmv-news-alerts\/\" target=\"_blank\" rel=\"noreferrer noopener\">DMV NEWS ALERTS \u2013 California DMV<\/a><\/p>","protected":false},"excerpt":{"rendered":"<p>FOR IMMEDIATE RELEASEOctober 1, 2025 What you need to know: Starting today, newly issued California driver\u2019s licenses and identification cards will have an updated design with advanced security features. Current driver\u2019s licenses and identification cards will remain valid until they expire.\u00a0 Sacramento\u00a0\u2014 The Department of Motor Vehicles today announced a new look for California driver\u2019s [&hellip;]<\/p>\n","protected":false},"author":2582,"featured_media":0,"parent":1542,"menu_order":0,"comment_status":"closed","ping_status":"closed","template":"","meta":{"ep_exclude_from_search":false,"dmv_page_popups":[],"dmv_ribbon_color":"","dmv_top_illustration":"","dmv_page_title":"","dmv_page_subtitle":"","dmv_exclude_from_search_results":false,"dmv_allowed_editors":[],"dmv_display_translate_button":true,"footnotes":""},"categories":[1627],"tags":[],"dmv_task":[10],"dmv_functional_page_type":[3],"dmv_content_type":[],"class_list":["post-296443","page","type-page","status-publish","hentry","category-news-media","dmv_task-licensing","dmv_functional_page_type-press-release"],"featured_image_src":null,"yoast_head":"<!-- This site is optimized with the Yoast SEO plugin v27.2 - https:\/\/yoast.com\/product\/yoast-seo-wordpress\/ -->\n<title>DMV to Release New California Driver\u2019s License and Identification Card Design with Advanced Security Features - California DMV<\/title>\n<meta name=\"robots\" content=\"index, follow, max-snippet:-1, max-image-preview:large, max-video-preview:-1\" \/>\n<link rel=\"canonical\" href=\"https:\/\/www.dmv.ca.gov\/portal\/es\/news-and-media\/dmv-to-release-new-california-drivers-license-and-identification-card-design-with-advanced-security-features\/\" \/>\n<meta property=\"og:locale\" content=\"es_MX\" \/>\n<meta property=\"og:type\" content=\"article\" \/>\n<meta property=\"og:title\" content=\"DMV to Release New California Driver\u2019s License and Identification Card Design with Advanced Security Features - California DMV\" \/>\n<meta property=\"og:description\" content=\"FOR IMMEDIATE RELEASEOctober 1, 2025 What you need to know: Starting today, newly issued California driver\u2019s licenses and identification cards will have an updated design with advanced security features. Current driver\u2019s licenses and identification cards will remain valid until they expire.\u00a0 Sacramento\u00a0\u2014 The Department of Motor Vehicles today announced a new look for California driver\u2019s [&hellip;]\" \/>\n<meta property=\"og:url\" content=\"https:\/\/www.dmv.ca.gov\/portal\/es\/news-and-media\/dmv-to-release-new-california-drivers-license-and-identification-card-design-with-advanced-security-features\/\" \/>\n<meta property=\"og:site_name\" content=\"California DMV\" \/>\n<meta property=\"article:publisher\" content=\"https:\/\/www.facebook.com\/CADMV\" \/>\n<meta property=\"article:modified_time\" content=\"2025-10-01T17:27:06+00:00\" \/>\n<meta property=\"og:image\" content=\"https:\/\/www.dmv.ca.gov\/portal\/uploads\/2025\/10\/New-Card-design.jpg\" \/>\n<meta name=\"twitter:card\" content=\"summary_large_image\" \/>\n<meta name=\"twitter:site\" content=\"@ca_dmv\" \/>\n<meta name=\"twitter:label1\" content=\"Est. reading time\" \/>\n\t<meta name=\"twitter:data1\" content=\"2 minutes\" \/>\n<script type=\"application\/ld+json\" class=\"yoast-schema-graph\">{\"@context\":\"https:\/\/schema.org\",\"@graph\":[{\"@type\":\"WebPage\",\"@id\":\"https:\/\/www.dmv.ca.gov\/portal\/es\/news-and-media\/dmv-to-release-new-california-drivers-license-and-identification-card-design-with-advanced-security-features\/\",\"url\":\"https:\/\/www.dmv.ca.gov\/portal\/es\/news-and-media\/dmv-to-release-new-california-drivers-license-and-identification-card-design-with-advanced-security-features\/\",\"name\":\"DMV to Release New California Driver\u2019s License and Identification Card Design with Advanced Security Features - California DMV\",\"isPartOf\":{\"@id\":\"https:\/\/www.dmv.ca.gov\/portal\/#website\"},\"primaryImageOfPage\":{\"@id\":\"https:\/\/www.dmv.ca.gov\/portal\/es\/news-and-media\/dmv-to-release-new-california-drivers-license-and-identification-card-design-with-advanced-security-features\/#primaryimage\"},\"image\":{\"@id\":\"https:\/\/www.dmv.ca.gov\/portal\/es\/news-and-media\/dmv-to-release-new-california-drivers-license-and-identification-card-design-with-advanced-security-features\/#primaryimage\"},\"thumbnailUrl\":\"https:\/\/www.dmv.ca.gov\/portal\/uploads\/2025\/10\/New-Card-design.jpg\",\"datePublished\":\"2025-10-01T17:25:39+00:00\",\"dateModified\":\"2025-10-01T17:27:06+00:00\",\"inLanguage\":\"es-MX\",\"potentialAction\":[{\"@type\":\"ReadAction\",\"target\":[\"https:\/\/www.dmv.ca.gov\/portal\/es\/news-and-media\/dmv-to-release-new-california-drivers-license-and-identification-card-design-with-advanced-security-features\/\"]}]},{\"@type\":\"ImageObject\",\"inLanguage\":\"es-MX\",\"@id\":\"https:\/\/www.dmv.ca.gov\/portal\/es\/news-and-media\/dmv-to-release-new-california-drivers-license-and-identification-card-design-with-advanced-security-features\/#primaryimage\",\"url\":\"https:\/\/www.dmv.ca.gov\/portal\/uploads\/2025\/10\/New-Card-design.jpg\",\"contentUrl\":\"https:\/\/www.dmv.ca.gov\/portal\/uploads\/2025\/10\/New-Card-design.jpg\"},{\"@type\":\"WebSite\",\"@id\":\"https:\/\/www.dmv.ca.gov\/portal\/#website\",\"url\":\"https:\/\/www.dmv.ca.gov\/portal\/\",\"name\":\"California DMV\",\"description\":\"\",\"publisher\":{\"@id\":\"https:\/\/www.dmv.ca.gov\/portal\/#organization\"},\"potentialAction\":[{\"@type\":\"SearchAction\",\"target\":{\"@type\":\"EntryPoint\",\"urlTemplate\":\"https:\/\/www.dmv.ca.gov\/portal\/?s={search_term_string}\"},\"query-input\":{\"@type\":\"PropertyValueSpecification\",\"valueRequired\":true,\"valueName\":\"search_term_string\"}}],\"inLanguage\":\"es-MX\"},{\"@type\":\"Organization\",\"@id\":\"https:\/\/www.dmv.ca.gov\/portal\/#organization\",\"name\":\"State of California Department of Motor Vehicles\",\"url\":\"https:\/\/www.dmv.ca.gov\/portal\/\",\"logo\":{\"@type\":\"ImageObject\",\"inLanguage\":\"es-MX\",\"@id\":\"https:\/\/www.dmv.ca.gov\/portal\/#\/schema\/logo\/image\/\",\"url\":\"https:\/\/www.dmv.ca.gov\/portal\/uploads\/2022\/06\/DMV_Logo.png\",\"contentUrl\":\"https:\/\/www.dmv.ca.gov\/portal\/uploads\/2022\/06\/DMV_Logo.png\",\"width\":1920,\"height\":1080,\"caption\":\"State of California Department of Motor Vehicles\"},\"image\":{\"@id\":\"https:\/\/www.dmv.ca.gov\/portal\/#\/schema\/logo\/image\/\"},\"sameAs\":[\"https:\/\/www.facebook.com\/CADMV\",\"https:\/\/x.com\/ca_dmv\",\"https:\/\/www.instagram.com\/ca_dmv\/\",\"https:\/\/www.linkedin.com\/company\/ca-department-of-motor-vehicles\/\",\"https:\/\/www.youtube.com\/user\/CaliforniaDMV\"]}]}<\/script>\n<!-- \/ Yoast SEO plugin. -->","yoast_head_json":{"title":"DMV to Release New California Driver\u2019s License and Identification Card Design with Advanced Security Features - California DMV","robots":{"index":"index","follow":"follow","max-snippet":"max-snippet:-1","max-image-preview":"max-image-preview:large","max-video-preview":"max-video-preview:-1"},"canonical":"https:\/\/www.dmv.ca.gov\/portal\/es\/news-and-media\/dmv-to-release-new-california-drivers-license-and-identification-card-design-with-advanced-security-features\/","og_locale":"es_MX","og_type":"article","og_title":"DMV to Release New California Driver\u2019s License and Identification Card Design with Advanced Security Features - California DMV","og_description":"FOR IMMEDIATE RELEASEOctober 1, 2025 What you need to know: Starting today, newly issued California driver\u2019s licenses and identification cards will have an updated design with advanced security features. Current driver\u2019s licenses and identification cards will remain valid until they expire.\u00a0 Sacramento\u00a0\u2014 The Department of Motor Vehicles today announced a new look for California driver\u2019s [&hellip;]","og_url":"https:\/\/www.dmv.ca.gov\/portal\/es\/news-and-media\/dmv-to-release-new-california-drivers-license-and-identification-card-design-with-advanced-security-features\/","og_site_name":"California DMV","article_publisher":"https:\/\/www.facebook.com\/CADMV","article_modified_time":"2025-10-01T17:27:06+00:00","og_image":[{"url":"https:\/\/www.dmv.ca.gov\/portal\/uploads\/2025\/10\/New-Card-design.jpg","type":"","width":"","height":""}],"twitter_card":"summary_large_image","twitter_site":"@ca_dmv","twitter_misc":{"Est. reading time":"2 minutes"},"schema":{"@context":"https:\/\/schema.org","@graph":[{"@type":"WebPage","@id":"https:\/\/www.dmv.ca.gov\/portal\/es\/news-and-media\/dmv-to-release-new-california-drivers-license-and-identification-card-design-with-advanced-security-features\/","url":"https:\/\/www.dmv.ca.gov\/portal\/es\/news-and-media\/dmv-to-release-new-california-drivers-license-and-identification-card-design-with-advanced-security-features\/","name":"DMV to Release New California Driver\u2019s License and Identification Card Design with Advanced Security Features - California DMV","isPartOf":{"@id":"https:\/\/www.dmv.ca.gov\/portal\/#website"},"primaryImageOfPage":{"@id":"https:\/\/www.dmv.ca.gov\/portal\/es\/news-and-media\/dmv-to-release-new-california-drivers-license-and-identification-card-design-with-advanced-security-features\/#primaryimage"},"image":{"@id":"https:\/\/www.dmv.ca.gov\/portal\/es\/news-and-media\/dmv-to-release-new-california-drivers-license-and-identification-card-design-with-advanced-security-features\/#primaryimage"},"thumbnailUrl":"https:\/\/www.dmv.ca.gov\/portal\/uploads\/2025\/10\/New-Card-design.jpg","datePublished":"2025-10-01T17:25:39+00:00","dateModified":"2025-10-01T17:27:06+00:00","inLanguage":"es-MX","potentialAction":[{"@type":"ReadAction","target":["https:\/\/www.dmv.ca.gov\/portal\/es\/news-and-media\/dmv-to-release-new-california-drivers-license-and-identification-card-design-with-advanced-security-features\/"]}]},{"@type":"ImageObject","inLanguage":"es-MX","@id":"https:\/\/www.dmv.ca.gov\/portal\/es\/news-and-media\/dmv-to-release-new-california-drivers-license-and-identification-card-design-with-advanced-security-features\/#primaryimage","url":"https:\/\/www.dmv.ca.gov\/portal\/uploads\/2025\/10\/New-Card-design.jpg","contentUrl":"https:\/\/www.dmv.ca.gov\/portal\/uploads\/2025\/10\/New-Card-design.jpg"},{"@type":"WebSite","@id":"https:\/\/www.dmv.ca.gov\/portal\/#website","url":"https:\/\/www.dmv.ca.gov\/portal\/","name":"California DMV","description":"","publisher":{"@id":"https:\/\/www.dmv.ca.gov\/portal\/#organization"},"potentialAction":[{"@type":"SearchAction","target":{"@type":"EntryPoint","urlTemplate":"https:\/\/www.dmv.ca.gov\/portal\/?s={search_term_string}"},"query-input":{"@type":"PropertyValueSpecification","valueRequired":true,"valueName":"search_term_string"}}],"inLanguage":"es-MX"},{"@type":"Organization","@id":"https:\/\/www.dmv.ca.gov\/portal\/#organization","name":"State of California Department of Motor Vehicles","url":"https:\/\/www.dmv.ca.gov\/portal\/","logo":{"@type":"ImageObject","inLanguage":"es-MX","@id":"https:\/\/www.dmv.ca.gov\/portal\/#\/schema\/logo\/image\/","url":"https:\/\/www.dmv.ca.gov\/portal\/uploads\/2022\/06\/DMV_Logo.png","contentUrl":"https:\/\/www.dmv.ca.gov\/portal\/uploads\/2022\/06\/DMV_Logo.png","width":1920,"height":1080,"caption":"State of California Department of Motor Vehicles"},"image":{"@id":"https:\/\/www.dmv.ca.gov\/portal\/#\/schema\/logo\/image\/"},"sameAs":["https:\/\/www.facebook.com\/CADMV","https:\/\/x.com\/ca_dmv","https:\/\/www.instagram.com\/ca_dmv\/","https:\/\/www.linkedin.com\/company\/ca-department-of-motor-vehicles\/","https:\/\/www.youtube.com\/user\/CaliforniaDMV"]}]}},"_links":{"self":[{"href":"https:\/\/www.dmv.ca.gov\/portal\/es\/wp-json\/wp\/v2\/pages\/296443","targetHints":{"allow":["GET"]}}],"collection":[{"href":"https:\/\/www.dmv.ca.gov\/portal\/es\/wp-json\/wp\/v2\/pages"}],"about":[{"href":"https:\/\/www.dmv.ca.gov\/portal\/es\/wp-json\/wp\/v2\/types\/page"}],"author":[{"embeddable":true,"href":"https:\/\/www.dmv.ca.gov\/portal\/es\/wp-json\/wp\/v2\/users\/2582"}],"replies":[{"embeddable":true,"href":"https:\/\/www.dmv.ca.gov\/portal\/es\/wp-json\/wp\/v2\/comments?post=296443"}],"version-history":[{"count":1,"href":"https:\/\/www.dmv.ca.gov\/portal\/es\/wp-json\/wp\/v2\/pages\/296443\/revisions"}],"predecessor-version":[{"id":296458,"href":"https:\/\/www.dmv.ca.gov\/portal\/es\/wp-json\/wp\/v2\/pages\/296443\/revisions\/296458"}],"up":[{"embeddable":true,"href":"https:\/\/www.dmv.ca.gov\/portal\/es\/wp-json\/wp\/v2\/pages\/1542"}],"wp:attachment":[{"href":"https:\/\/www.dmv.ca.gov\/portal\/es\/wp-json\/wp\/v2\/media?parent=296443"}],"wp:term":[{"taxonomy":"category","embeddable":true,"href":"https:\/\/www.dmv.ca.gov\/portal\/es\/wp-json\/wp\/v2\/categories?post=296443"},{"taxonomy":"post_tag","embeddable":true,"href":"https:\/\/www.dmv.ca.gov\/portal\/es\/wp-json\/wp\/v2\/tags?post=296443"},{"taxonomy":"dmv_task","embeddable":true,"href":"https:\/\/www.dmv.ca.gov\/portal\/es\/wp-json\/wp\/v2\/dmv_task?post=296443"},{"taxonomy":"dmv_functional_page_type","embeddable":true,"href":"https:\/\/www.dmv.ca.gov\/portal\/es\/wp-json\/wp\/v2\/dmv_functional_page_type?post=296443"},{"taxonomy":"dmv_content_type","embeddable":true,"href":"https:\/\/www.dmv.ca.gov\/portal\/es\/wp-json\/wp\/v2\/dmv_content_type?post=296443"}],"curies":[{"name":"wp","href":"https:\/\/api.w.org\/{rel}","templated":true}]}}