{"id":299953,"date":"2025-10-31T13:50:43","date_gmt":"2025-10-31T20:50:43","guid":{"rendered":"https:\/\/www.dmv.ca.gov\/portal\/?page_id=299953"},"modified":"2025-10-31T13:52:45","modified_gmt":"2025-10-31T20:52:45","slug":"san-pedro-dmv-office-reopens-november-3","status":"publish","type":"page","link":"https:\/\/www.dmv.ca.gov\/portal\/es\/news-and-media\/san-pedro-dmv-office-reopens-november-3\/","title":{"rendered":"Oficina del DMV en San Pedro Reabre el 3 de Noviembre"},"content":{"rendered":"<p class=\"has-text-align-left\">Contact: \u00a0Office of Public Affairs<br>2415 First Avenue<br>Sacramento, CA 95818<br>(916) 657\u20136437 |\u00a0<a href=\"mailto:dmvpublicaffairs@dmv.ca.gov\">dmvpublicaffairs@dmv.ca.gov<\/a><\/p>\n\n\n\n<p><strong>PARA PUBLICACI\u00d3N INMEDIATA<br>31 de octubre de 2025<\/strong><\/p>\n\n\n\n<p><strong>Lo que necesita saber: <\/strong>La oficina del DMV en San Pedro reabrir\u00e1 al p\u00fablico el lunes, 3 de noviembre. La mayor\u00eda de los clientes no tienen que visitar una oficina y pueden realizar sus tr\u00e1mites del DMV en <a href=\"\/portal\/es\/\"><a href=\"https:\/\/www.dmv.ca.gov\/portal\/es\/\">dmv.ca.gov<\/a><\/a>.<\/p>\n\n\n\n<hr class=\"wp-block-separator has-alpha-channel-opacity\"\/>\n\n\n\n<p><strong>Sacramento\u00a0<\/strong>\u2014 El Departamento de Veh\u00edculos Motorizados de California (DMV) anuncia que la oficina en San Pedro ubicada en el 1511 N. Gaffey St. reanudar\u00e1 sus servicios a las 8 a.m. del lunes, 3 de noviembre. La oficina cerr\u00f3 el 28 de octubre por fumigaci\u00f3n contra termitas.<\/p>\n\n\n\n<p><strong>Antes de ir a una oficina- Primero intente en l\u00ednea<\/strong><\/p>\n\n\n\n<p>La mayor\u00eda de los tr\u00e1mites del DMV no requieren visitar una oficina. El DMV anima a los clientes a utilizar los&nbsp;<a href=\"https:\/\/www.dmv.ca.gov\/portal\/es\/dmv-online\/\"><a href=\"https:\/\/www.dmv.ca.gov\/portal\/es\/dmv-online\/\">servicios en l\u00ednea<\/a><\/a>&nbsp;y otros medios de servicio para completar transacciones, como pueden ser renovaciones elegibles de licencias de manejo y registro de veh\u00edculos. Los clientes tambi\u00e9n pueden usar el&nbsp;<a href=\"\/portal\/es\/?s=\"><a href=\"https:\/\/www.dmv.ca.gov\/portal\/es\/?s=\">Asesor de Servicios<\/a><\/a>&nbsp;en el sitio web del DMV para conocer sus opciones y completar tr\u00e1mites del DMV.<\/p>\n\n\n\n<p>Elige lo digital \u2014 Para recibir notificaciones el\u00e9ctronicas sobre renovaciones de registro de veh\u00edculos y licencias de manejo, acceda o crea una cuenta segura en l\u00ednea en&nbsp;<a href=\"https:\/\/www.dmv.ca.gov\/portal\/es\/\"><a href=\"https:\/\/www.dmv.ca.gov\/portal\/es\/\">dmv.ca.gov<\/a><\/a> y suscr\u00edbase.<\/p>\n\n\n\n<p class=\"has-text-align-center\">###<\/p>\n\n\n\n<p class=\"has-text-align-center translation-block\">Sign up to receive the latest DMV News Alerts:&nbsp;<a href=\"https:\/\/www.dmv.ca.gov\/portal\/es\/dmv-news-alerts\/\" target=\"_blank\" rel=\"noreferrer noopener\">DMV NEWS ALERTS \u2013 California DMV<\/a><\/p>","protected":false},"excerpt":{"rendered":"<p>FOR IMMEDIATE RELEASEOctober 31, 2025 What you need to know: The San Pedro office will reopen to the public on Monday, November 3. Most customers can save a trip to the office and do their DMV business online at dmv.ca.gov. Sacramento\u00a0\u2014 The California Department of Motor Vehicles (DMV) today announced that the San Pedro office [&hellip;]<\/p>\n","protected":false},"author":2527,"featured_media":0,"parent":1542,"menu_order":0,"comment_status":"closed","ping_status":"closed","template":"","meta":{"ep_exclude_from_search":false,"dmv_page_popups":[],"dmv_ribbon_color":"","dmv_top_illustration":"","dmv_page_title":"","dmv_page_subtitle":"","dmv_exclude_from_search_results":false,"dmv_allowed_editors":[],"dmv_display_translate_button":true,"footnotes":""},"categories":[],"tags":[],"dmv_task":[86],"dmv_functional_page_type":[3],"dmv_content_type":[],"class_list":["post-299953","page","type-page","status-publish","hentry","dmv_task-location","dmv_functional_page_type-press-release"],"featured_image_src":null,"yoast_head":"<!-- This site is optimized with the Yoast SEO plugin v27.2 - https:\/\/yoast.com\/product\/yoast-seo-wordpress\/ -->\n<title>San Pedro DMV Office Reopens November 3 - California DMV<\/title>\n<meta name=\"robots\" content=\"index, follow, max-snippet:-1, max-image-preview:large, max-video-preview:-1\" \/>\n<link rel=\"canonical\" href=\"https:\/\/www.dmv.ca.gov\/portal\/es\/news-and-media\/san-pedro-dmv-office-reopens-november-3\/\" \/>\n<meta property=\"og:locale\" content=\"es_MX\" \/>\n<meta property=\"og:type\" content=\"article\" \/>\n<meta property=\"og:title\" content=\"San Pedro DMV Office Reopens November 3 - California DMV\" \/>\n<meta property=\"og:description\" content=\"FOR IMMEDIATE RELEASEOctober 31, 2025 What you need to know: The San Pedro office will reopen to the public on Monday, November 3. Most customers can save a trip to the office and do their DMV business online at dmv.ca.gov. Sacramento\u00a0\u2014 The California Department of Motor Vehicles (DMV) today announced that the San Pedro office [&hellip;]\" \/>\n<meta property=\"og:url\" content=\"https:\/\/www.dmv.ca.gov\/portal\/es\/news-and-media\/san-pedro-dmv-office-reopens-november-3\/\" \/>\n<meta property=\"og:site_name\" content=\"California DMV\" \/>\n<meta property=\"article:publisher\" content=\"https:\/\/www.facebook.com\/CADMV\" \/>\n<meta property=\"article:modified_time\" content=\"2025-10-31T20:52:45+00:00\" \/>\n<meta property=\"og:image\" content=\"https:\/\/www.dmv.ca.gov\/portal\/uploads\/2022\/06\/DMV_Logo.png\" \/>\n\t<meta property=\"og:image:width\" content=\"1920\" \/>\n\t<meta property=\"og:image:height\" content=\"1080\" \/>\n\t<meta property=\"og:image:type\" content=\"image\/png\" \/>\n<meta name=\"twitter:card\" content=\"summary_large_image\" \/>\n<meta name=\"twitter:site\" content=\"@ca_dmv\" \/>\n<meta name=\"twitter:label1\" content=\"Est. reading time\" \/>\n\t<meta name=\"twitter:data1\" content=\"1 minute\" \/>\n<script type=\"application\/ld+json\" class=\"yoast-schema-graph\">{\"@context\":\"https:\/\/schema.org\",\"@graph\":[{\"@type\":\"WebPage\",\"@id\":\"https:\/\/www.dmv.ca.gov\/portal\/es\/news-and-media\/san-pedro-dmv-office-reopens-november-3\/\",\"url\":\"https:\/\/www.dmv.ca.gov\/portal\/es\/news-and-media\/san-pedro-dmv-office-reopens-november-3\/\",\"name\":\"San Pedro DMV Office Reopens November 3 - California DMV\",\"isPartOf\":{\"@id\":\"https:\/\/www.dmv.ca.gov\/portal\/#website\"},\"datePublished\":\"2025-10-31T20:50:43+00:00\",\"dateModified\":\"2025-10-31T20:52:45+00:00\",\"inLanguage\":\"es-MX\",\"potentialAction\":[{\"@type\":\"ReadAction\",\"target\":[\"https:\/\/www.dmv.ca.gov\/portal\/es\/news-and-media\/san-pedro-dmv-office-reopens-november-3\/\"]}]},{\"@type\":\"WebSite\",\"@id\":\"https:\/\/www.dmv.ca.gov\/portal\/#website\",\"url\":\"https:\/\/www.dmv.ca.gov\/portal\/\",\"name\":\"California DMV\",\"description\":\"\",\"publisher\":{\"@id\":\"https:\/\/www.dmv.ca.gov\/portal\/#organization\"},\"potentialAction\":[{\"@type\":\"SearchAction\",\"target\":{\"@type\":\"EntryPoint\",\"urlTemplate\":\"https:\/\/www.dmv.ca.gov\/portal\/?s={search_term_string}\"},\"query-input\":{\"@type\":\"PropertyValueSpecification\",\"valueRequired\":true,\"valueName\":\"search_term_string\"}}],\"inLanguage\":\"es-MX\"},{\"@type\":\"Organization\",\"@id\":\"https:\/\/www.dmv.ca.gov\/portal\/#organization\",\"name\":\"State of California Department of Motor Vehicles\",\"url\":\"https:\/\/www.dmv.ca.gov\/portal\/\",\"logo\":{\"@type\":\"ImageObject\",\"inLanguage\":\"es-MX\",\"@id\":\"https:\/\/www.dmv.ca.gov\/portal\/#\/schema\/logo\/image\/\",\"url\":\"https:\/\/www.dmv.ca.gov\/portal\/uploads\/2022\/06\/DMV_Logo.png\",\"contentUrl\":\"https:\/\/www.dmv.ca.gov\/portal\/uploads\/2022\/06\/DMV_Logo.png\",\"width\":1920,\"height\":1080,\"caption\":\"State of California Department of Motor Vehicles\"},\"image\":{\"@id\":\"https:\/\/www.dmv.ca.gov\/portal\/#\/schema\/logo\/image\/\"},\"sameAs\":[\"https:\/\/www.facebook.com\/CADMV\",\"https:\/\/x.com\/ca_dmv\",\"https:\/\/www.instagram.com\/ca_dmv\/\",\"https:\/\/www.linkedin.com\/company\/ca-department-of-motor-vehicles\/\",\"https:\/\/www.youtube.com\/user\/CaliforniaDMV\"]}]}<\/script>\n<!-- \/ Yoast SEO plugin. -->","yoast_head_json":{"title":"San Pedro DMV Office Reopens November 3 - California DMV","robots":{"index":"index","follow":"follow","max-snippet":"max-snippet:-1","max-image-preview":"max-image-preview:large","max-video-preview":"max-video-preview:-1"},"canonical":"https:\/\/www.dmv.ca.gov\/portal\/es\/news-and-media\/san-pedro-dmv-office-reopens-november-3\/","og_locale":"es_MX","og_type":"article","og_title":"San Pedro DMV Office Reopens November 3 - California DMV","og_description":"FOR IMMEDIATE RELEASEOctober 31, 2025 What you need to know: The San Pedro office will reopen to the public on Monday, November 3. Most customers can save a trip to the office and do their DMV business online at dmv.ca.gov. Sacramento\u00a0\u2014 The California Department of Motor Vehicles (DMV) today announced that the San Pedro office [&hellip;]","og_url":"https:\/\/www.dmv.ca.gov\/portal\/es\/news-and-media\/san-pedro-dmv-office-reopens-november-3\/","og_site_name":"California DMV","article_publisher":"https:\/\/www.facebook.com\/CADMV","article_modified_time":"2025-10-31T20:52:45+00:00","og_image":[{"width":1920,"height":1080,"url":"https:\/\/www.dmv.ca.gov\/portal\/uploads\/2022\/06\/DMV_Logo.png","type":"image\/png"}],"twitter_card":"summary_large_image","twitter_site":"@ca_dmv","twitter_misc":{"Est. reading time":"1 minute"},"schema":{"@context":"https:\/\/schema.org","@graph":[{"@type":"WebPage","@id":"https:\/\/www.dmv.ca.gov\/portal\/es\/news-and-media\/san-pedro-dmv-office-reopens-november-3\/","url":"https:\/\/www.dmv.ca.gov\/portal\/es\/news-and-media\/san-pedro-dmv-office-reopens-november-3\/","name":"San Pedro DMV Office Reopens November 3 - California DMV","isPartOf":{"@id":"https:\/\/www.dmv.ca.gov\/portal\/#website"},"datePublished":"2025-10-31T20:50:43+00:00","dateModified":"2025-10-31T20:52:45+00:00","inLanguage":"es-MX","potentialAction":[{"@type":"ReadAction","target":["https:\/\/www.dmv.ca.gov\/portal\/es\/news-and-media\/san-pedro-dmv-office-reopens-november-3\/"]}]},{"@type":"WebSite","@id":"https:\/\/www.dmv.ca.gov\/portal\/#website","url":"https:\/\/www.dmv.ca.gov\/portal\/","name":"California DMV","description":"","publisher":{"@id":"https:\/\/www.dmv.ca.gov\/portal\/#organization"},"potentialAction":[{"@type":"SearchAction","target":{"@type":"EntryPoint","urlTemplate":"https:\/\/www.dmv.ca.gov\/portal\/?s={search_term_string}"},"query-input":{"@type":"PropertyValueSpecification","valueRequired":true,"valueName":"search_term_string"}}],"inLanguage":"es-MX"},{"@type":"Organization","@id":"https:\/\/www.dmv.ca.gov\/portal\/#organization","name":"State of California Department of Motor Vehicles","url":"https:\/\/www.dmv.ca.gov\/portal\/","logo":{"@type":"ImageObject","inLanguage":"es-MX","@id":"https:\/\/www.dmv.ca.gov\/portal\/#\/schema\/logo\/image\/","url":"https:\/\/www.dmv.ca.gov\/portal\/uploads\/2022\/06\/DMV_Logo.png","contentUrl":"https:\/\/www.dmv.ca.gov\/portal\/uploads\/2022\/06\/DMV_Logo.png","width":1920,"height":1080,"caption":"State of California Department of Motor Vehicles"},"image":{"@id":"https:\/\/www.dmv.ca.gov\/portal\/#\/schema\/logo\/image\/"},"sameAs":["https:\/\/www.facebook.com\/CADMV","https:\/\/x.com\/ca_dmv","https:\/\/www.instagram.com\/ca_dmv\/","https:\/\/www.linkedin.com\/company\/ca-department-of-motor-vehicles\/","https:\/\/www.youtube.com\/user\/CaliforniaDMV"]}]}},"_links":{"self":[{"href":"https:\/\/www.dmv.ca.gov\/portal\/es\/wp-json\/wp\/v2\/pages\/299953","targetHints":{"allow":["GET"]}}],"collection":[{"href":"https:\/\/www.dmv.ca.gov\/portal\/es\/wp-json\/wp\/v2\/pages"}],"about":[{"href":"https:\/\/www.dmv.ca.gov\/portal\/es\/wp-json\/wp\/v2\/types\/page"}],"author":[{"embeddable":true,"href":"https:\/\/www.dmv.ca.gov\/portal\/es\/wp-json\/wp\/v2\/users\/2527"}],"replies":[{"embeddable":true,"href":"https:\/\/www.dmv.ca.gov\/portal\/es\/wp-json\/wp\/v2\/comments?post=299953"}],"version-history":[{"count":1,"href":"https:\/\/www.dmv.ca.gov\/portal\/es\/wp-json\/wp\/v2\/pages\/299953\/revisions"}],"predecessor-version":[{"id":299956,"href":"https:\/\/www.dmv.ca.gov\/portal\/es\/wp-json\/wp\/v2\/pages\/299953\/revisions\/299956"}],"up":[{"embeddable":true,"href":"https:\/\/www.dmv.ca.gov\/portal\/es\/wp-json\/wp\/v2\/pages\/1542"}],"wp:attachment":[{"href":"https:\/\/www.dmv.ca.gov\/portal\/es\/wp-json\/wp\/v2\/media?parent=299953"}],"wp:term":[{"taxonomy":"category","embeddable":true,"href":"https:\/\/www.dmv.ca.gov\/portal\/es\/wp-json\/wp\/v2\/categories?post=299953"},{"taxonomy":"post_tag","embeddable":true,"href":"https:\/\/www.dmv.ca.gov\/portal\/es\/wp-json\/wp\/v2\/tags?post=299953"},{"taxonomy":"dmv_task","embeddable":true,"href":"https:\/\/www.dmv.ca.gov\/portal\/es\/wp-json\/wp\/v2\/dmv_task?post=299953"},{"taxonomy":"dmv_functional_page_type","embeddable":true,"href":"https:\/\/www.dmv.ca.gov\/portal\/es\/wp-json\/wp\/v2\/dmv_functional_page_type?post=299953"},{"taxonomy":"dmv_content_type","embeddable":true,"href":"https:\/\/www.dmv.ca.gov\/portal\/es\/wp-json\/wp\/v2\/dmv_content_type?post=299953"}],"curies":[{"name":"wp","href":"https:\/\/api.w.org\/{rel}","templated":true}]}}