{"id":303602,"date":"2025-12-03T08:37:05","date_gmt":"2025-12-03T16:37:05","guid":{"rendered":"https:\/\/www.dmv.ca.gov\/portal\/?page_id=303602"},"modified":"2025-12-03T11:20:48","modified_gmt":"2025-12-03T19:20:48","slug":"dmv-opens-15-day-public-comment-period-on-autonomous-heavy-and-light-duty-vehicles","status":"publish","type":"page","link":"https:\/\/www.dmv.ca.gov\/portal\/es\/news-and-media\/dmv-opens-15-day-public-comment-period-on-autonomous-heavy-and-light-duty-vehicles\/","title":{"rendered":"DMV Opens 15-Day Public Comment Period on Autonomous Heavy- and Light-Duty Vehicles"},"content":{"rendered":"<p class=\"has-text-align-left\">Contact: \u00a0Office of Public Affairs<br>2415 First Avenue<br>Sacramento, CA 95818<br>(916) 657\u20136437 |\u00a0<a href=\"mailto:dmvpublicaffairs@dmv.ca.gov\">dmvpublicaffairs@dmv.ca.gov<\/a><\/p>\n\n\n\n<p><strong>PARA PUBLICACI\u00d3N INMEDIATA<br>December 3, 2025<\/strong><\/p>\n\n\n\n<h2 class=\"wp-block-heading has-text-align-center\"><em>December 18, 2025 is the deadline to submit public comment<\/em><\/h2>\n\n\n\n<p><strong>Lo que necesita saber: <\/strong>The California DMV has released revised proposed regulations that would allow truck manufacturers to apply for permits to test and deploy heavy-duty autonomous vehicle technology on California roadways and new requirements for light-duty autonomous vehicles. The 15-day public comment period begins today and ends Thursday, December 18, 2025. The revisions reflect feedback received during the initial public comment period this spring.<\/p>\n\n\n\n<p><strong>Sacramento&nbsp;<\/strong>\u2014 The California Department of Motor Vehicles (DMV) announces the release of revised proposed regulations that would allow autonomous vehicle companies to apply for permits to test and deploy heavy-duty technology on California roads and new requirements for light-duty autonomous vehicles. A 15-day public comment period begins today and runs through Thursday, December 18, 2025.<\/p>\n\n\n\n<blockquote class=\"wp-block-quote is-layout-flow wp-block-quote-is-layout-flow\">\n<p>\u201cCalifornia continues to lead in innovation with public engagement as we shape the future of autonomous vehicle use \u2014 from passenger services to goods movement,\u201d said California Transportation Secretary Toks Omishakin. \u201cThese updated draft regulations put safety first at every step, and I want to thank our DMV team and Governor Newsom for the steadfast leadership in advancing a thoughtful, inclusive approach to emerging transportation technologies.\u201d<\/p>\n<\/blockquote>\n\n\n\n<p>The DMV first released draft regulations in April 2025 for a 45-day public comment period. During that time, the Department received extensive input from a wide range of stakeholders, including industry representatives, local governments, labor organizations, advocacy groups, and members of the public. That feedback informed the revised proposed regulations released today.<\/p>\n\n\n\n<p>The revised proposed regulations for driverless testing and deployment are available on <a href=\"\/portal\/es\/about-the-california-department-of-motor-vehicles\/california-dmv-rulemaking-actions\/\">DMV\u2019s Autonomous Vehicles webpage<\/a>. Stakeholders are encouraged to review the updated regulations and submit written comments by the deadline.<\/p>\n\n\n\n<p>Comments may be submitted via email to: <a href=\"mailto:LADRegulations@dmv.ca.gov\">LADRegulations@dmv.ca.gov<\/a>.<\/p>\n\n\n\n<div class=\"wp-block-dmv-spacer-block spacer-box\"><\/div>\n\n\n\n<p>Key changes include:<\/p>\n\n\n\n<ul class=\"wp-block-list\">\n<li>Review of safety cases submitted to the Department may involve consultation with third-party experts.<\/li>\n\n\n\n<li>The requirement to submit disengagement reports has been removed and replaced with reporting on Dynamic Driving Task system failures. Manufacturers operating under a testing permit must submit data to the Department monthly, while deployment data must be reported quarterly.<\/li>\n\n\n\n<li>Revised language clarifies the placement of an AV Noncompliance Notice within the vehicle, permits law enforcement to mail the form to the manufacturer, and requires the manufacturer to submit the form\u2019s contents to the Department within 72 hours of receipt.<\/li>\n\n\n\n<li>Approval is granted for medium-duty autonomous commercial motor vehicles \u2014 with a Gross Vehicle Weight Rating of less than 14,001 pounds, that meet the definition of a bus and are designed to carry no more than 15 passengers \u2014 to operate on public roads when providing passenger service in partnership with public entities or private universities.<\/li>\n\n\n\n<li>Regulatory language related to autonomous vehicle indicators and emergency geofence responses has been aligned with the statutory provisions in Vehicle Code Sections 38750 and 38751.<\/li>\n<\/ul>\n\n\n\n<p><strong>Antes de ir a una oficina- Primero intente en l\u00ednea<\/strong><\/p>\n\n\n\n<p>La mayor\u00eda de los tr\u00e1mites del DMV no requieren visitar una oficina. El DMV anima a los clientes a utilizar los&nbsp;<a href=\"https:\/\/www.dmv.ca.gov\/portal\/es\/dmv-online\/\"><a href=\"https:\/\/www.dmv.ca.gov\/portal\/es\/dmv-online\/\">servicios en l\u00ednea<\/a><\/a>&nbsp;y otros medios de servicio para completar transacciones, como pueden ser renovaciones elegibles de licencias de manejo y registro de veh\u00edculos. Los clientes tambi\u00e9n pueden usar el&nbsp;<a href=\"\/portal\/es\/?s=\"><a href=\"https:\/\/www.dmv.ca.gov\/portal\/es\/?s=\">Asesor de Servicios<\/a><\/a>&nbsp;en el sitio web del DMV para conocer sus opciones y completar tr\u00e1mites del DMV.<\/p>\n\n\n\n<p class=\"translation-block\">Elige lo digital \u2014 Para recibir notificaciones electr\u00f3nicas sobre renovaciones de registro de veh\u00edculos y licencias de manejo, acceda o crea una cuenta segura en l\u00ednea en <a href=\"http:\/\/www.dmv.ca.gov\/portal\/es\/mydmv\/\" target=\"_self\">dmv.ca.gov<\/a> y suscr\u00edbase.<\/p>\n\n\n\n<p class=\"has-text-align-center\">###<\/p>\n\n\n\n<p class=\"has-text-align-center translation-block\">Sign up to receive the latest DMV News Alerts:&nbsp;<a href=\"https:\/\/www.dmv.ca.gov\/portal\/es\/dmv-news-alerts\/\" target=\"_blank\" rel=\"noreferrer noopener\">DMV NEWS ALERTS \u2013 California DMV<\/a><\/p>","protected":false},"excerpt":{"rendered":"<p>FOR IMMEDIATE RELEASEDecember 3, 2025 December 18, 2025 is the deadline to submit public comment What you need to know: The California DMV has released revised proposed regulations that would allow truck manufacturers to apply for permits to test and deploy heavy-duty autonomous vehicle technology on California roadways and new requirements for light-duty autonomous vehicles. [&hellip;]<\/p>\n","protected":false},"author":2527,"featured_media":0,"parent":1542,"menu_order":0,"comment_status":"closed","ping_status":"closed","template":"","meta":{"ep_exclude_from_search":false,"dmv_page_popups":[],"dmv_ribbon_color":"","dmv_top_illustration":"","dmv_page_title":"","dmv_page_subtitle":"","dmv_exclude_from_search_results":false,"dmv_allowed_editors":[],"dmv_display_translate_button":false,"footnotes":""},"categories":[],"tags":[],"dmv_task":[65],"dmv_functional_page_type":[3],"dmv_content_type":[],"class_list":["post-303602","page","type-page","status-publish","hentry","dmv_task-regulations","dmv_functional_page_type-press-release"],"featured_image_src":null,"yoast_head":"<!-- This site is optimized with the Yoast SEO plugin v27.3 - https:\/\/yoast.com\/product\/yoast-seo-wordpress\/ -->\n<title>DMV Opens 15-Day Public Comment Period on Autonomous Heavy- and Light-Duty Vehicles - California DMV<\/title>\n<meta name=\"robots\" content=\"index, follow, max-snippet:-1, max-image-preview:large, max-video-preview:-1\" \/>\n<link rel=\"canonical\" href=\"https:\/\/www.dmv.ca.gov\/portal\/es\/news-and-media\/dmv-opens-15-day-public-comment-period-on-autonomous-heavy-and-light-duty-vehicles\/\" \/>\n<meta property=\"og:locale\" content=\"es_MX\" \/>\n<meta property=\"og:type\" content=\"article\" \/>\n<meta property=\"og:title\" content=\"DMV Opens 15-Day Public Comment Period on Autonomous Heavy- and Light-Duty Vehicles - California DMV\" \/>\n<meta property=\"og:description\" content=\"FOR IMMEDIATE RELEASEDecember 3, 2025 December 18, 2025 is the deadline to submit public comment What you need to know: The California DMV has released revised proposed regulations that would allow truck manufacturers to apply for permits to test and deploy heavy-duty autonomous vehicle technology on California roadways and new requirements for light-duty autonomous vehicles. [&hellip;]\" \/>\n<meta property=\"og:url\" content=\"https:\/\/www.dmv.ca.gov\/portal\/es\/news-and-media\/dmv-opens-15-day-public-comment-period-on-autonomous-heavy-and-light-duty-vehicles\/\" \/>\n<meta property=\"og:site_name\" content=\"California DMV\" \/>\n<meta property=\"article:publisher\" content=\"https:\/\/www.facebook.com\/CADMV\" \/>\n<meta property=\"article:modified_time\" content=\"2025-12-03T19:20:48+00:00\" \/>\n<meta property=\"og:image\" content=\"https:\/\/www.dmv.ca.gov\/portal\/uploads\/2022\/06\/DMV_Logo.png\" \/>\n\t<meta property=\"og:image:width\" content=\"1920\" \/>\n\t<meta property=\"og:image:height\" content=\"1080\" \/>\n\t<meta property=\"og:image:type\" content=\"image\/png\" \/>\n<meta name=\"twitter:card\" content=\"summary_large_image\" \/>\n<meta name=\"twitter:site\" content=\"@ca_dmv\" \/>\n<meta name=\"twitter:label1\" content=\"Est. reading time\" \/>\n\t<meta name=\"twitter:data1\" content=\"3 minutes\" \/>\n<script type=\"application\/ld+json\" class=\"yoast-schema-graph\">{\"@context\":\"https:\\\/\\\/schema.org\",\"@graph\":[{\"@type\":\"WebPage\",\"@id\":\"https:\\\/\\\/www.dmv.ca.gov\\\/portal\\\/es\\\/news-and-media\\\/dmv-opens-15-day-public-comment-period-on-autonomous-heavy-and-light-duty-vehicles\\\/\",\"url\":\"https:\\\/\\\/www.dmv.ca.gov\\\/portal\\\/es\\\/news-and-media\\\/dmv-opens-15-day-public-comment-period-on-autonomous-heavy-and-light-duty-vehicles\\\/\",\"name\":\"DMV Opens 15-Day Public Comment Period on Autonomous Heavy- and Light-Duty Vehicles - California DMV\",\"isPartOf\":{\"@id\":\"https:\\\/\\\/www.dmv.ca.gov\\\/portal\\\/#website\"},\"datePublished\":\"2025-12-03T16:37:05+00:00\",\"dateModified\":\"2025-12-03T19:20:48+00:00\",\"inLanguage\":\"es-MX\",\"potentialAction\":[{\"@type\":\"ReadAction\",\"target\":[\"https:\\\/\\\/www.dmv.ca.gov\\\/portal\\\/es\\\/news-and-media\\\/dmv-opens-15-day-public-comment-period-on-autonomous-heavy-and-light-duty-vehicles\\\/\"]}]},{\"@type\":\"WebSite\",\"@id\":\"https:\\\/\\\/www.dmv.ca.gov\\\/portal\\\/#website\",\"url\":\"https:\\\/\\\/www.dmv.ca.gov\\\/portal\\\/\",\"name\":\"California DMV\",\"description\":\"\",\"publisher\":{\"@id\":\"https:\\\/\\\/www.dmv.ca.gov\\\/portal\\\/#organization\"},\"potentialAction\":[{\"@type\":\"SearchAction\",\"target\":{\"@type\":\"EntryPoint\",\"urlTemplate\":\"https:\\\/\\\/www.dmv.ca.gov\\\/portal\\\/?s={search_term_string}\"},\"query-input\":{\"@type\":\"PropertyValueSpecification\",\"valueRequired\":true,\"valueName\":\"search_term_string\"}}],\"inLanguage\":\"es-MX\"},{\"@type\":\"Organization\",\"@id\":\"https:\\\/\\\/www.dmv.ca.gov\\\/portal\\\/#organization\",\"name\":\"State of California Department of Motor Vehicles\",\"url\":\"https:\\\/\\\/www.dmv.ca.gov\\\/portal\\\/\",\"logo\":{\"@type\":\"ImageObject\",\"inLanguage\":\"es-MX\",\"@id\":\"https:\\\/\\\/www.dmv.ca.gov\\\/portal\\\/#\\\/schema\\\/logo\\\/image\\\/\",\"url\":\"https:\\\/\\\/www.dmv.ca.gov\\\/portal\\\/uploads\\\/2022\\\/06\\\/DMV_Logo.png\",\"contentUrl\":\"https:\\\/\\\/www.dmv.ca.gov\\\/portal\\\/uploads\\\/2022\\\/06\\\/DMV_Logo.png\",\"width\":1920,\"height\":1080,\"caption\":\"State of California Department of Motor Vehicles\"},\"image\":{\"@id\":\"https:\\\/\\\/www.dmv.ca.gov\\\/portal\\\/#\\\/schema\\\/logo\\\/image\\\/\"},\"sameAs\":[\"https:\\\/\\\/www.facebook.com\\\/CADMV\",\"https:\\\/\\\/x.com\\\/ca_dmv\",\"https:\\\/\\\/www.instagram.com\\\/ca_dmv\\\/\",\"https:\\\/\\\/www.linkedin.com\\\/company\\\/ca-department-of-motor-vehicles\\\/\",\"https:\\\/\\\/www.youtube.com\\\/user\\\/CaliforniaDMV\"]}]}<\/script>\n<!-- \/ Yoast SEO plugin. -->","yoast_head_json":{"title":"DMV Opens 15-Day Public Comment Period on Autonomous Heavy- and Light-Duty Vehicles - California DMV","robots":{"index":"index","follow":"follow","max-snippet":"max-snippet:-1","max-image-preview":"max-image-preview:large","max-video-preview":"max-video-preview:-1"},"canonical":"https:\/\/www.dmv.ca.gov\/portal\/es\/news-and-media\/dmv-opens-15-day-public-comment-period-on-autonomous-heavy-and-light-duty-vehicles\/","og_locale":"es_MX","og_type":"article","og_title":"DMV Opens 15-Day Public Comment Period on Autonomous Heavy- and Light-Duty Vehicles - California DMV","og_description":"FOR IMMEDIATE RELEASEDecember 3, 2025 December 18, 2025 is the deadline to submit public comment What you need to know: The California DMV has released revised proposed regulations that would allow truck manufacturers to apply for permits to test and deploy heavy-duty autonomous vehicle technology on California roadways and new requirements for light-duty autonomous vehicles. [&hellip;]","og_url":"https:\/\/www.dmv.ca.gov\/portal\/es\/news-and-media\/dmv-opens-15-day-public-comment-period-on-autonomous-heavy-and-light-duty-vehicles\/","og_site_name":"California DMV","article_publisher":"https:\/\/www.facebook.com\/CADMV","article_modified_time":"2025-12-03T19:20:48+00:00","og_image":[{"width":1920,"height":1080,"url":"https:\/\/www.dmv.ca.gov\/portal\/uploads\/2022\/06\/DMV_Logo.png","type":"image\/png"}],"twitter_card":"summary_large_image","twitter_site":"@ca_dmv","twitter_misc":{"Est. reading time":"3 minutes"},"schema":{"@context":"https:\/\/schema.org","@graph":[{"@type":"WebPage","@id":"https:\/\/www.dmv.ca.gov\/portal\/es\/news-and-media\/dmv-opens-15-day-public-comment-period-on-autonomous-heavy-and-light-duty-vehicles\/","url":"https:\/\/www.dmv.ca.gov\/portal\/es\/news-and-media\/dmv-opens-15-day-public-comment-period-on-autonomous-heavy-and-light-duty-vehicles\/","name":"DMV Opens 15-Day Public Comment Period on Autonomous Heavy- and Light-Duty Vehicles - California DMV","isPartOf":{"@id":"https:\/\/www.dmv.ca.gov\/portal\/#website"},"datePublished":"2025-12-03T16:37:05+00:00","dateModified":"2025-12-03T19:20:48+00:00","inLanguage":"es-MX","potentialAction":[{"@type":"ReadAction","target":["https:\/\/www.dmv.ca.gov\/portal\/es\/news-and-media\/dmv-opens-15-day-public-comment-period-on-autonomous-heavy-and-light-duty-vehicles\/"]}]},{"@type":"WebSite","@id":"https:\/\/www.dmv.ca.gov\/portal\/#website","url":"https:\/\/www.dmv.ca.gov\/portal\/","name":"California DMV","description":"","publisher":{"@id":"https:\/\/www.dmv.ca.gov\/portal\/#organization"},"potentialAction":[{"@type":"SearchAction","target":{"@type":"EntryPoint","urlTemplate":"https:\/\/www.dmv.ca.gov\/portal\/?s={search_term_string}"},"query-input":{"@type":"PropertyValueSpecification","valueRequired":true,"valueName":"search_term_string"}}],"inLanguage":"es-MX"},{"@type":"Organization","@id":"https:\/\/www.dmv.ca.gov\/portal\/#organization","name":"State of California Department of Motor Vehicles","url":"https:\/\/www.dmv.ca.gov\/portal\/","logo":{"@type":"ImageObject","inLanguage":"es-MX","@id":"https:\/\/www.dmv.ca.gov\/portal\/#\/schema\/logo\/image\/","url":"https:\/\/www.dmv.ca.gov\/portal\/uploads\/2022\/06\/DMV_Logo.png","contentUrl":"https:\/\/www.dmv.ca.gov\/portal\/uploads\/2022\/06\/DMV_Logo.png","width":1920,"height":1080,"caption":"State of California Department of Motor Vehicles"},"image":{"@id":"https:\/\/www.dmv.ca.gov\/portal\/#\/schema\/logo\/image\/"},"sameAs":["https:\/\/www.facebook.com\/CADMV","https:\/\/x.com\/ca_dmv","https:\/\/www.instagram.com\/ca_dmv\/","https:\/\/www.linkedin.com\/company\/ca-department-of-motor-vehicles\/","https:\/\/www.youtube.com\/user\/CaliforniaDMV"]}]}},"_links":{"self":[{"href":"https:\/\/www.dmv.ca.gov\/portal\/es\/wp-json\/wp\/v2\/pages\/303602","targetHints":{"allow":["GET"]}}],"collection":[{"href":"https:\/\/www.dmv.ca.gov\/portal\/es\/wp-json\/wp\/v2\/pages"}],"about":[{"href":"https:\/\/www.dmv.ca.gov\/portal\/es\/wp-json\/wp\/v2\/types\/page"}],"author":[{"embeddable":true,"href":"https:\/\/www.dmv.ca.gov\/portal\/es\/wp-json\/wp\/v2\/users\/2527"}],"replies":[{"embeddable":true,"href":"https:\/\/www.dmv.ca.gov\/portal\/es\/wp-json\/wp\/v2\/comments?post=303602"}],"version-history":[{"count":2,"href":"https:\/\/www.dmv.ca.gov\/portal\/es\/wp-json\/wp\/v2\/pages\/303602\/revisions"}],"predecessor-version":[{"id":303626,"href":"https:\/\/www.dmv.ca.gov\/portal\/es\/wp-json\/wp\/v2\/pages\/303602\/revisions\/303626"}],"up":[{"embeddable":true,"href":"https:\/\/www.dmv.ca.gov\/portal\/es\/wp-json\/wp\/v2\/pages\/1542"}],"wp:attachment":[{"href":"https:\/\/www.dmv.ca.gov\/portal\/es\/wp-json\/wp\/v2\/media?parent=303602"}],"wp:term":[{"taxonomy":"category","embeddable":true,"href":"https:\/\/www.dmv.ca.gov\/portal\/es\/wp-json\/wp\/v2\/categories?post=303602"},{"taxonomy":"post_tag","embeddable":true,"href":"https:\/\/www.dmv.ca.gov\/portal\/es\/wp-json\/wp\/v2\/tags?post=303602"},{"taxonomy":"dmv_task","embeddable":true,"href":"https:\/\/www.dmv.ca.gov\/portal\/es\/wp-json\/wp\/v2\/dmv_task?post=303602"},{"taxonomy":"dmv_functional_page_type","embeddable":true,"href":"https:\/\/www.dmv.ca.gov\/portal\/es\/wp-json\/wp\/v2\/dmv_functional_page_type?post=303602"},{"taxonomy":"dmv_content_type","embeddable":true,"href":"https:\/\/www.dmv.ca.gov\/portal\/es\/wp-json\/wp\/v2\/dmv_content_type?post=303602"}],"curies":[{"name":"wp","href":"https:\/\/api.w.org\/{rel}","templated":true}]}}