{"id":303665,"date":"2025-12-04T13:17:11","date_gmt":"2025-12-04T21:17:11","guid":{"rendered":""},"modified":"2025-12-08T09:59:43","modified_gmt":"2025-12-08T17:59:43","slug":"dmv-team-members-recognized-for-organ-donation","status":"publish","type":"page","link":"https:\/\/www.dmv.ca.gov\/portal\/es\/news-and-media\/dmv-team-members-recognized-for-organ-donation\/","title":{"rendered":"Reconocimiento a Integrantes del Equipo del DMV por Donaci\u00f3n de \u00d3rganos"},"content":{"rendered":"<p class=\"has-text-align-left\">Contact: \u00a0Office of Public Affairs<br>2415 First Avenue<br>Sacramento, CA 95818<br>(916) 657\u20136437 |\u00a0<a href=\"mailto:dmvpublicaffairs@dmv.ca.gov\">dmvpublicaffairs@dmv.ca.gov<\/a><\/p>\n\n\n\n<p><strong>PARA PUBLICACI\u00d3N INMEDIATA<br>4 de diciembre de 2025<\/strong><\/p>\n\n\n\n<p><strong>Lo que necesita saber: <\/strong>El DMV y Donate Life California en conferencia de prensa distingue a integrantes del equipo del DMV que ser\u00e1n honrados en el Desfile del Torneo de las Rosas 2026 por su extraordinaria contribuci\u00f3n a trav\u00e9s de la donaci\u00f3n de \u00f3rganos.<\/p>\n\n\n\n<p><strong>Sacramento&nbsp;<\/strong>\u2014 El Departamento de Veh\u00edculos Motorizados de California (DMV) reconoci\u00f3 a dos de sus integrantes por su extraordinaria contribuci\u00f3n a trav\u00e9s de la donaci\u00f3n de \u00f3rganos. Ellos ser\u00e1n homenajeados durante el Desfile del Torneo de las Rosas 2026 en Pasadena el 1 de enero. El DMV realiz\u00f3 el evento en conjunto con <a href=\"https:\/\/donatelifecalifornia.org\/\">Donate Life California<\/a>.<\/p>\n\n\n\n<p><strong>Honrar a Seres Queridos y Dar el Regalo de la Vida<\/strong><\/p>\n\n\n\n<p>Raquel Armstrong comparti\u00f3 su historia de como don\u00f3 el 60% de su h\u00edgado para extender la expectativa de vida de su madre. Rena Aguirre fue diagnosticada con cirrosis hep\u00e1tica en el 2016. \u201cLa donaci\u00f3n de \u00f3rganos le dio a mi madre una segunda oportunidad de vida\u201d, asegur\u00f3 la se\u00f1ora Armstrong. \u201cAnimo a todos aquellos que puedan a inscribirse como donadores de \u00f3rganos. Es algo sencillo, pero que tiene el poder de salvar vidas.\u201d<\/p>\n\n\n\n<p>Raquel caminar\u00e1 junto al carro aleg\u00f3rico de Donate Life durante el desfile representando a donadores en vida.<\/p>\n\n\n\n<p>Zeida Woods honr\u00f3 la memoria de su hermano, Carlos Woods, quien don\u00f3 su coraz\u00f3n luego de morir repentinamente a la edad de 18 a\u00f1os. Al comienzo del a\u00f1o en que muri\u00f3, el Sr. Woods obtuvo su licencia de manejo y opt\u00f3 por la donaci\u00f3n de \u00f3rganos. \u201cCarlos no tuvo la oportunidad de vivir m\u00e1s de 18 a\u00f1os, pero su legado si,\u201d asegur\u00f3 la Sra. Woods. \u201cSu generosidad me inspira todos los d\u00edas.\u201d<\/p>\n\n\n\n<p>La memoria de su hermano es conmemorada con un retrato floral, que se devel\u00f3 durante el evento en las oficinas centrales del DMV en Sacramento. El retrato floral del Sr. Woods formar\u00e1 parte del carro aleg\u00f3rico de Donate Life, titulado \u201c<a href=\"https:\/\/onelegacyfloat.org\/docs\/2026_OneSheet.pdf\">Treasure Every Moment Together (PDF)<\/a>.\u201d<\/p>\n\n\n\n<p><strong>Carro Aleg\u00f3rico \u201cTreasure Every Moment Together\u201d<\/strong><\/p>\n\n\n\n<p>Este a\u00f1o el carro aleg\u00f3rico de Donate Life contar\u00e1 con flores exuberantes, aves c\u00e1laos y mariposas monarcas, que simbolizan la vida que puede florecer de la donaci\u00f3n de \u00f3rganos, ojos y tejido. Los retratos florales de donares decorar\u00e1n el carro aleg\u00f3rico, y honran a aquellos que dieron el regalo de la vida, la vista y la salud.<\/p>\n\n\n\n<p><strong>DMV y Donate Life California<\/strong><\/p>\n\n\n\n<p>Since partnering with Donate Life California in 2006, the DMV has helped register over 19 million organ, eye and tissue donors. The need for more organ donors remains great. Every day, 150 people are added to the national organ transplant waiting list.<\/p>\n\n\n\n<p>Conoce m\u00e1s en <a href=\"https:\/\/donatelifecalifornia.org\/education\/faqs\/\">Donate Life California FAQ<\/a>. Para registrarse como donador de \u00f3rganos, ojos y tejido, visita <a href=\"https:\/\/donatelifecalifornia.org\/\">donatelifecalifornia.org<\/a>.<\/p>\n\n\n\n<p><strong>Conferencia de prensa:<\/strong><\/p>\n\n\n\n<ul class=\"wp-block-list\">\n<li class=\"translation-block\">Video destacado: DMV <a href=\"https:\/\/www.facebook.com\/events\/1533701977980007\/?acontext=event_action_history\" target=\"_self\">Facebook Live<\/a> y <a href=\"https:\/\/www.youtube.com\/watch?v=IqwL7ZWmhdU\" target=\"_self\">YouTube<\/a><\/li>\n\n\n\n<li><a href=\"https:\/\/we.tl\/t-p4yXVl78sD\">B-roll y entrevistas<\/a>: Entrevista con Raquel Armstrong<\/li>\n<\/ul>\n\n\n\n<p class=\"has-text-align-center\">###<\/p>\n\n\n\n<p class=\"has-text-align-center translation-block\">Sign up to receive the latest DMV News Alerts:&nbsp;<a href=\"https:\/\/www.dmv.ca.gov\/portal\/es\/dmv-news-alerts\/\" target=\"_blank\" rel=\"noreferrer noopener\">DMV NEWS ALERTS \u2013 California DMV<\/a><\/p>","protected":false},"excerpt":{"rendered":"<p>FOR IMMEDIATE RELEASEDecember 4, 2025 What you need to know: The DMV held a media event with Donate Life California today to recognize DMV team members who will be honored at the 2026 Tournament of Roses Parade for their extraordinary contributions through organ donation. Sacramento&nbsp;\u2014 The California Department of Motor Vehicles (DMV) today honored two [&hellip;]<\/p>\n","protected":false},"author":2527,"featured_media":0,"parent":1542,"menu_order":0,"comment_status":"closed","ping_status":"closed","template":"","meta":{"ep_exclude_from_search":false,"dmv_page_popups":[],"dmv_ribbon_color":"","dmv_top_illustration":"","dmv_page_title":"","dmv_page_subtitle":"","dmv_exclude_from_search_results":false,"dmv_allowed_editors":[],"dmv_display_translate_button":true,"footnotes":""},"categories":[],"tags":[],"dmv_task":[11],"dmv_functional_page_type":[3],"dmv_content_type":[],"class_list":["post-303665","page","type-page","status-publish","hentry","dmv_task-educational","dmv_functional_page_type-press-release"],"featured_image_src":null,"yoast_head":"<!-- This site is optimized with the Yoast SEO plugin v27.2 - https:\/\/yoast.com\/product\/yoast-seo-wordpress\/ -->\n<title>DMV Team Members Recognized for Organ Donation - California DMV<\/title>\n<meta name=\"robots\" content=\"index, follow, max-snippet:-1, max-image-preview:large, max-video-preview:-1\" \/>\n<link rel=\"canonical\" href=\"https:\/\/www.dmv.ca.gov\/portal\/es\/news-and-media\/dmv-team-members-recognized-for-organ-donation\/\" \/>\n<meta property=\"og:locale\" content=\"es_MX\" \/>\n<meta property=\"og:type\" content=\"article\" \/>\n<meta property=\"og:title\" content=\"DMV Team Members Recognized for Organ Donation - California DMV\" \/>\n<meta property=\"og:description\" content=\"FOR IMMEDIATE RELEASEDecember 4, 2025 What you need to know: The DMV held a media event with Donate Life California today to recognize DMV team members who will be honored at the 2026 Tournament of Roses Parade for their extraordinary contributions through organ donation. Sacramento&nbsp;\u2014 The California Department of Motor Vehicles (DMV) today honored two [&hellip;]\" \/>\n<meta property=\"og:url\" content=\"https:\/\/www.dmv.ca.gov\/portal\/es\/news-and-media\/dmv-team-members-recognized-for-organ-donation\/\" \/>\n<meta property=\"og:site_name\" content=\"California DMV\" \/>\n<meta property=\"article:publisher\" content=\"https:\/\/www.facebook.com\/CADMV\" \/>\n<meta property=\"article:modified_time\" content=\"2025-12-08T17:59:43+00:00\" \/>\n<meta property=\"og:image\" content=\"https:\/\/www.dmv.ca.gov\/portal\/uploads\/2022\/06\/DMV_Logo.png\" \/>\n\t<meta property=\"og:image:width\" content=\"1920\" \/>\n\t<meta property=\"og:image:height\" content=\"1080\" \/>\n\t<meta property=\"og:image:type\" content=\"image\/png\" \/>\n<meta name=\"twitter:card\" content=\"summary_large_image\" \/>\n<meta name=\"twitter:site\" content=\"@ca_dmv\" \/>\n<meta name=\"twitter:label1\" content=\"Est. reading time\" \/>\n\t<meta name=\"twitter:data1\" content=\"2 minutes\" \/>\n<script type=\"application\/ld+json\" class=\"yoast-schema-graph\">{\"@context\":\"https:\/\/schema.org\",\"@graph\":[{\"@type\":\"WebPage\",\"@id\":\"https:\/\/www.dmv.ca.gov\/portal\/es\/news-and-media\/dmv-team-members-recognized-for-organ-donation\/\",\"url\":\"https:\/\/www.dmv.ca.gov\/portal\/es\/news-and-media\/dmv-team-members-recognized-for-organ-donation\/\",\"name\":\"DMV Team Members Recognized for Organ Donation - California DMV\",\"isPartOf\":{\"@id\":\"https:\/\/www.dmv.ca.gov\/portal\/#website\"},\"datePublished\":\"2025-12-04T21:17:11+00:00\",\"dateModified\":\"2025-12-08T17:59:43+00:00\",\"inLanguage\":\"es-MX\",\"potentialAction\":[{\"@type\":\"ReadAction\",\"target\":[\"https:\/\/www.dmv.ca.gov\/portal\/es\/news-and-media\/dmv-team-members-recognized-for-organ-donation\/\"]}]},{\"@type\":\"WebSite\",\"@id\":\"https:\/\/www.dmv.ca.gov\/portal\/#website\",\"url\":\"https:\/\/www.dmv.ca.gov\/portal\/\",\"name\":\"California DMV\",\"description\":\"\",\"publisher\":{\"@id\":\"https:\/\/www.dmv.ca.gov\/portal\/#organization\"},\"potentialAction\":[{\"@type\":\"SearchAction\",\"target\":{\"@type\":\"EntryPoint\",\"urlTemplate\":\"https:\/\/www.dmv.ca.gov\/portal\/?s={search_term_string}\"},\"query-input\":{\"@type\":\"PropertyValueSpecification\",\"valueRequired\":true,\"valueName\":\"search_term_string\"}}],\"inLanguage\":\"es-MX\"},{\"@type\":\"Organization\",\"@id\":\"https:\/\/www.dmv.ca.gov\/portal\/#organization\",\"name\":\"State of California Department of Motor Vehicles\",\"url\":\"https:\/\/www.dmv.ca.gov\/portal\/\",\"logo\":{\"@type\":\"ImageObject\",\"inLanguage\":\"es-MX\",\"@id\":\"https:\/\/www.dmv.ca.gov\/portal\/#\/schema\/logo\/image\/\",\"url\":\"https:\/\/www.dmv.ca.gov\/portal\/uploads\/2022\/06\/DMV_Logo.png\",\"contentUrl\":\"https:\/\/www.dmv.ca.gov\/portal\/uploads\/2022\/06\/DMV_Logo.png\",\"width\":1920,\"height\":1080,\"caption\":\"State of California Department of Motor Vehicles\"},\"image\":{\"@id\":\"https:\/\/www.dmv.ca.gov\/portal\/#\/schema\/logo\/image\/\"},\"sameAs\":[\"https:\/\/www.facebook.com\/CADMV\",\"https:\/\/x.com\/ca_dmv\",\"https:\/\/www.instagram.com\/ca_dmv\/\",\"https:\/\/www.linkedin.com\/company\/ca-department-of-motor-vehicles\/\",\"https:\/\/www.youtube.com\/user\/CaliforniaDMV\"]}]}<\/script>\n<!-- \/ Yoast SEO plugin. -->","yoast_head_json":{"title":"DMV Team Members Recognized for Organ Donation - California DMV","robots":{"index":"index","follow":"follow","max-snippet":"max-snippet:-1","max-image-preview":"max-image-preview:large","max-video-preview":"max-video-preview:-1"},"canonical":"https:\/\/www.dmv.ca.gov\/portal\/es\/news-and-media\/dmv-team-members-recognized-for-organ-donation\/","og_locale":"es_MX","og_type":"article","og_title":"DMV Team Members Recognized for Organ Donation - California DMV","og_description":"FOR IMMEDIATE RELEASEDecember 4, 2025 What you need to know: The DMV held a media event with Donate Life California today to recognize DMV team members who will be honored at the 2026 Tournament of Roses Parade for their extraordinary contributions through organ donation. Sacramento&nbsp;\u2014 The California Department of Motor Vehicles (DMV) today honored two [&hellip;]","og_url":"https:\/\/www.dmv.ca.gov\/portal\/es\/news-and-media\/dmv-team-members-recognized-for-organ-donation\/","og_site_name":"California DMV","article_publisher":"https:\/\/www.facebook.com\/CADMV","article_modified_time":"2025-12-08T17:59:43+00:00","og_image":[{"width":1920,"height":1080,"url":"https:\/\/www.dmv.ca.gov\/portal\/uploads\/2022\/06\/DMV_Logo.png","type":"image\/png"}],"twitter_card":"summary_large_image","twitter_site":"@ca_dmv","twitter_misc":{"Est. reading time":"2 minutes"},"schema":{"@context":"https:\/\/schema.org","@graph":[{"@type":"WebPage","@id":"https:\/\/www.dmv.ca.gov\/portal\/es\/news-and-media\/dmv-team-members-recognized-for-organ-donation\/","url":"https:\/\/www.dmv.ca.gov\/portal\/es\/news-and-media\/dmv-team-members-recognized-for-organ-donation\/","name":"DMV Team Members Recognized for Organ Donation - California DMV","isPartOf":{"@id":"https:\/\/www.dmv.ca.gov\/portal\/#website"},"datePublished":"2025-12-04T21:17:11+00:00","dateModified":"2025-12-08T17:59:43+00:00","inLanguage":"es-MX","potentialAction":[{"@type":"ReadAction","target":["https:\/\/www.dmv.ca.gov\/portal\/es\/news-and-media\/dmv-team-members-recognized-for-organ-donation\/"]}]},{"@type":"WebSite","@id":"https:\/\/www.dmv.ca.gov\/portal\/#website","url":"https:\/\/www.dmv.ca.gov\/portal\/","name":"California DMV","description":"","publisher":{"@id":"https:\/\/www.dmv.ca.gov\/portal\/#organization"},"potentialAction":[{"@type":"SearchAction","target":{"@type":"EntryPoint","urlTemplate":"https:\/\/www.dmv.ca.gov\/portal\/?s={search_term_string}"},"query-input":{"@type":"PropertyValueSpecification","valueRequired":true,"valueName":"search_term_string"}}],"inLanguage":"es-MX"},{"@type":"Organization","@id":"https:\/\/www.dmv.ca.gov\/portal\/#organization","name":"State of California Department of Motor Vehicles","url":"https:\/\/www.dmv.ca.gov\/portal\/","logo":{"@type":"ImageObject","inLanguage":"es-MX","@id":"https:\/\/www.dmv.ca.gov\/portal\/#\/schema\/logo\/image\/","url":"https:\/\/www.dmv.ca.gov\/portal\/uploads\/2022\/06\/DMV_Logo.png","contentUrl":"https:\/\/www.dmv.ca.gov\/portal\/uploads\/2022\/06\/DMV_Logo.png","width":1920,"height":1080,"caption":"State of California Department of Motor Vehicles"},"image":{"@id":"https:\/\/www.dmv.ca.gov\/portal\/#\/schema\/logo\/image\/"},"sameAs":["https:\/\/www.facebook.com\/CADMV","https:\/\/x.com\/ca_dmv","https:\/\/www.instagram.com\/ca_dmv\/","https:\/\/www.linkedin.com\/company\/ca-department-of-motor-vehicles\/","https:\/\/www.youtube.com\/user\/CaliforniaDMV"]}]}},"_links":{"self":[{"href":"https:\/\/www.dmv.ca.gov\/portal\/es\/wp-json\/wp\/v2\/pages\/303665","targetHints":{"allow":["GET"]}}],"collection":[{"href":"https:\/\/www.dmv.ca.gov\/portal\/es\/wp-json\/wp\/v2\/pages"}],"about":[{"href":"https:\/\/www.dmv.ca.gov\/portal\/es\/wp-json\/wp\/v2\/types\/page"}],"author":[{"embeddable":true,"href":"https:\/\/www.dmv.ca.gov\/portal\/es\/wp-json\/wp\/v2\/users\/2527"}],"replies":[{"embeddable":true,"href":"https:\/\/www.dmv.ca.gov\/portal\/es\/wp-json\/wp\/v2\/comments?post=303665"}],"version-history":[{"count":2,"href":"https:\/\/www.dmv.ca.gov\/portal\/es\/wp-json\/wp\/v2\/pages\/303665\/revisions"}],"predecessor-version":[{"id":304280,"href":"https:\/\/www.dmv.ca.gov\/portal\/es\/wp-json\/wp\/v2\/pages\/303665\/revisions\/304280"}],"up":[{"embeddable":true,"href":"https:\/\/www.dmv.ca.gov\/portal\/es\/wp-json\/wp\/v2\/pages\/1542"}],"wp:attachment":[{"href":"https:\/\/www.dmv.ca.gov\/portal\/es\/wp-json\/wp\/v2\/media?parent=303665"}],"wp:term":[{"taxonomy":"category","embeddable":true,"href":"https:\/\/www.dmv.ca.gov\/portal\/es\/wp-json\/wp\/v2\/categories?post=303665"},{"taxonomy":"post_tag","embeddable":true,"href":"https:\/\/www.dmv.ca.gov\/portal\/es\/wp-json\/wp\/v2\/tags?post=303665"},{"taxonomy":"dmv_task","embeddable":true,"href":"https:\/\/www.dmv.ca.gov\/portal\/es\/wp-json\/wp\/v2\/dmv_task?post=303665"},{"taxonomy":"dmv_functional_page_type","embeddable":true,"href":"https:\/\/www.dmv.ca.gov\/portal\/es\/wp-json\/wp\/v2\/dmv_functional_page_type?post=303665"},{"taxonomy":"dmv_content_type","embeddable":true,"href":"https:\/\/www.dmv.ca.gov\/portal\/es\/wp-json\/wp\/v2\/dmv_content_type?post=303665"}],"curies":[{"name":"wp","href":"https:\/\/api.w.org\/{rel}","templated":true}]}}