{"id":305738,"date":"2025-12-26T10:02:28","date_gmt":"2025-12-26T18:02:28","guid":{"rendered":"https:\/\/www.dmv.ca.gov\/portal\/?page_id=305738"},"modified":"2025-12-26T10:02:30","modified_gmt":"2025-12-26T18:02:30","slug":"dmv-highlights-new-laws-in-2026","status":"publish","type":"page","link":"https:\/\/www.dmv.ca.gov\/portal\/es\/news-and-media\/dmv-highlights-new-laws-in-2026\/","title":{"rendered":"DMV Destaca Nuevas Leyes en 2026"},"content":{"rendered":"<p>Contact:&nbsp;Office of Public Affairs<br>2415 First Avenue<br>Sacramento, CA 95818<br>(916) 657\u20136437 |&nbsp;<a href=\"mailto:dmvpublicaffairs@dmv.ca.gov\">dmvpublicaffairs@dmv.ca.gov<\/a><\/p>\n\n\n\n<p><strong>PARA PUBLICACI\u00d3N INMEDIATA<br>December 26, 2025<\/strong><\/p>\n\n\n\n<p><strong>Sacramento<\/strong> \u2014 El Departamento de Veh\u00edculos Motorizados de California (DMV) anuncia que varias nuevas leyes firmadas por el gobernador Gavin Newsom este a\u00f1o tomar\u00e1n efecto el 1 de enero de 2026.<\/p>\n\n\n\n<h2 class=\"wp-block-heading\">Haciendo Nuestros Caminos y Comunidades M\u00e1s Seguras<\/h2>\n\n\n\n<p><strong>Alcohol\u00edmetro Conectado al Encendido \u2014 <\/strong><a href=\"https:\/\/leginfo.legislature.ca.gov\/faces\/billNavClient.xhtml?bill_id=202520260AB366\"><strong>AB 366 (Petrie-Norris)<\/strong><\/a><strong><\/strong><\/p>\n\n\n\n<p>Extiende el programa piloto estatal de Dispositivos de Bloqueo de Encendido (IID, por sus siglas en ingl\u00e9s) espec\u00edficamente para ofensores de manejar bajo la influencia de alcohol o drogas (DUI) hasta enero 1, 2033.<\/p>\n\n\n\n<p><strong>Homicidio culposo al manejar intoxicado \u2014 <\/strong><a href=\"https:\/\/leginfo.legislature.ca.gov\/faces\/billNavClient.xhtml?bill_id=202520260AB1087\"><strong>AB 1087 (Patterson)<\/strong><\/a><strong><\/strong><\/p>\n\n\n\n<p>Incrementa el t\u00e9rmino de libertad condicional de dos a\u00f1os a entre tres a cinco a\u00f1os para una persona acusada de homicidio culposo u homicidio culposo agravado mientras estaba intoxicado.<\/p>\n\n\n\n<p><strong>L\u00edmite de Velocidad en Zonas Escolares \u2014 <\/strong><a href=\"https:\/\/leginfo.legislature.ca.gov\/faces\/billNavClient.xhtml?bill_id=202520260AB382\"><strong>AB 382 (Berman)<\/strong><\/a><strong><\/strong><\/p>\n\n\n\n<p>Baja el l\u00edmite de velocidad en zonas escolares de 25 millas por hora a 20 millas por hora a partir del 1 de enero, 2031, para ayudar a reducir que manejen a alta velocidad y salvar vidas.<\/p>\n\n\n\n<p><strong>\u201cBaja la Velocidad, Cambie de Carril\u201d \u2014 <\/strong><a href=\"https:\/\/leginfo.legislature.ca.gov\/faces\/billNavClient.xhtml?bill_id=202520260AB390\"><strong>AB 390 (Wilson)<\/strong><\/a><strong><\/strong><\/p>\n\n\n\n<p>Ampl\u00eda los requisitos de que un conductor acerc\u00e1ndose a un veh\u00edculo no en movimiento, a reducir la velocidad y cambiar de carril para incluir cualquier veh\u00edculo detenido, como los veh\u00edculos de mantenimiento de carreteras, y aquellos que muestran luces intermitentes de advertencia o alg\u00fan otro dispositivo de alerta.<\/p>\n\n\n\n<p><strong>Programas de Sistemas Automatizados de Control de Tr\u00e1fico \u2014 <\/strong><a href=\"https:\/\/leginfo.legislature.ca.gov\/faces\/billTextClient.xhtml?bill_id=202520260SB720\"><strong>SB 720 (Ashby)<\/strong><\/a><strong><\/strong><\/p>\n\n\n\n<p>Permite a los gobiernos locales a utilizar alternativas de programas de c\u00e1maras automatizadas que detecten las violaciones a luces rojas. Espec\u00edfica que las violaciones grabadas por un sistema automatizado de control de tr\u00e1fico est\u00e9n sujetas solo a penalidades civiles.<\/p>\n\n\n\n<p><strong>Obstrucci\u00f3n de Placa o Alteraci\u00f3n \u2014 <\/strong><a href=\"https:\/\/leginfo.legislature.ca.gov\/faces\/billNavClient.xhtml?bill_id=202520260AB1085\"><strong>AB 1085 (Stefani)<\/strong><\/a><strong><\/strong><\/p>\n\n\n\n<p>Hace merecedor de una multa de $1,000 el producir en California un producto o dispositivo que oscurezca, o intente oscurecer o interferir con la lectura o reconocimiento visual o electr\u00f3nico de una placa, atendiendo el uso de cubiertas ilegales de placas que facilita evadir el pago de cuotas de peaje y otras actividades criminales.<\/p>\n\n\n\n<p><strong>Veh\u00edculos Recreacionales Abandonados \u2014 <\/strong><a href=\"https:\/\/leginfo.legislature.ca.gov\/faces\/billNavClient.xhtml?bill_id=202520260AB630\"><strong>AB 630 (Mark Gonz\u00e1lez)<\/strong><\/a><strong><\/strong><\/p>\n\n\n\n<p>Autoriza a los condados de Alameda y Los \u00c1ngeles, hasta el 1 de enero de 2030, a remover o desechar veh\u00edculos recreacionales (RV, por sus siglas en ingl\u00e9s) si tiene un valor estimado de $4,000 o menos y una agencia p\u00fablica ha verificado que no funciona antes de removerlo.<\/p>\n\n\n\n<p><strong>Luces Demarcadoras de Conducci\u00f3n Aut\u00f3noma Activada \u2014 <\/strong><a href=\"https:\/\/leginfo.legislature.ca.gov\/faces\/billNavClient.xhtml?bill_id=202520260SB480\"><strong>SB 480 (Archuleta)<\/strong><\/a><strong><\/strong><\/p>\n\n\n\n<p>Permite que veh\u00edculos aut\u00f3nomos (AV, por sus siglas en ingl\u00e9s) est\u00e9n equipados con luces demarcadoras de sistema de conducci\u00f3n aut\u00f3noma (ADS, por sus siglas en ingl\u00e9s). Las luces notificar\u00e1n a otros conductores, peatones y agencias del orden cuando el ADS est\u00e1 activado.<\/p>\n\n\n\n<p><strong>Motocicletas el\u00e9ctricas no aptas para autopistas \u2014 <\/strong><a href=\"https:\/\/leginfo.legislature.ca.gov\/faces\/billNavClient.xhtml?bill_id=202520260SB586\"><strong>SB 586 (Jones)<\/strong><\/a><strong><\/strong><\/p>\n\n\n\n<p>Clasifica una \u201cmotocicleta el\u00e9ctrica no apta para autopista\u201d o \u201ceMoto\u201d como un veh\u00edculo de uso exclusivo fuera de la carretera (OHV, por sus siglas en ingl\u00e9s), por lo cual debe seguir las reglas de los OHV, incluido portar una placa o letrero expedido por el DMV.<\/p>\n\n\n\n<h2 class=\"wp-block-heading\">Fortaleciendo las Leyes de Protecci\u00f3n al Consumidor<\/h2>\n\n\n\n<p><strong>Ley de California para Combatir las Estafas en la Venta de Autom\u00f3viles (CARS) \u2014 <\/strong><a href=\"https:\/\/leginfo.legislature.ca.gov\/faces\/billNavClient.xhtml?bill_id=202520260SB766\"><strong>SB 766 (Allen)<\/strong><\/a><\/p>\n\n\n\n<p>Promulga la ley CARS a partir del 1 de octubre, 2026, la cual proh\u00edbe que el concesionario presente de manera enga\u00f1osa u oculte datos de un veh\u00edculo para su venta, tales como su costo total y los t\u00e9rminos del financiamiento. Adem\u00e1s, requerir\u00e1 que el concesionario otorgue un per\u00edodo de tres d\u00edas para cancelar la compra o el arrendamiento de un veh\u00edculo con un valor menor de $50,000.<\/p>\n\n\n\n<p><strong>\u201cDMV\u201d en Sitios de Internet \u2014 <\/strong><a href=\"https:\/\/leginfo.legislature.ca.gov\/faces\/billNavClient.xhtml?bill_id=202520260AB1272\"><strong>AB 1272 (Dixon)<\/strong><\/a><strong><\/strong><\/p>\n\n\n\n<p>Proh\u00edbe a negocios con licencia de oficio otorgada por el DMV a utilizar \u201cDepartamento de Veh\u00edculos Motorizados\u201d o \u201cDMV\u201d en el nombre de su sitio de internet. El objetivo es asegurar que los clientes no sean enga\u00f1ados cuando buscan realizar tr\u00e1mites con el verdadero DMV.<\/p>\n\n\n\n<h2 class=\"wp-block-heading\">Avanzando en la Modernizaci\u00f3n del DMV<\/h2>\n\n\n\n<p class=\"translation-block\"><strong>Duplicado de Licencia de Manejo por Cambio de Domicilio \u2014 <\/strong><a href=\"https:\/\/leginfo.legislature.ca.gov\/faces\/billNavClient.xhtml?bill_id=202520260SB506\" target=\"_self\"><strong>SB 506 (Commite on Transportation)<\/strong><\/a><strong><\/strong><\/p>\n\n\n\n<p>Permite a la persona que solicita un duplicado de su licencia de manejo en el DMV al momento de realizar un cambio en su direcci\u00f3n. La ley actual limita solicitar una copia de su licencia de manejo solo si la ha perdido, destruido, da\u00f1ado o si un cambio de nombre es requerido.<\/p>\n\n\n\n<h2 class=\"wp-block-heading\">Promoviendo Igualdad<\/h2>\n\n\n\n<p><strong>Multas de estacionamiento \u2014 <\/strong><a href=\"https:\/\/leginfo.legislature.ca.gov\/faces\/billTextClient.xhtml?bill_id=202520260AB1299\"><strong>AB 1299 (Bryan)<\/strong><\/a><strong><\/strong><\/p>\n\n\n\n<p>Autoriza a los gobiernos locales a eximir o reducir las multas por estacionamiento si una persona no puede pagar y solicita un plan de pago, esto ayuda a prevenir la acumulaci\u00f3n de deuda, el remolque y subasta del veh\u00edculo embargado que puede afectar desproporcionadamente a personas de bajos ingresos.<\/p>\n\n\n\n<p class=\"has-text-align-center\">###<\/p>\n\n\n\n<p class=\"has-text-align-center\">Reg\u00edstrate para recibir alertas de noticias del DMV: <a href=\"\/portal\/es\/dmv-news-alerts\/\">DMV NEWS ALERTS - California DMV<\/a><\/p>","protected":false},"excerpt":{"rendered":"<p>Contact:&nbsp;Office of Public Affairs2415 First AvenueSacramento, CA 95818(916) 657\u20136437 |&nbsp;dmvpublicaffairs@dmv.ca.gov FOR IMMEDIATE RELEASEDecember 26, 2025 Sacramento \u2013 The California Department of Motor Vehicles (DMV) today announced several new laws signed by Governor Gavin Newsom this year will take effect on January 1, 2026. Making Our Roads and Communities Safer Ignition Interlock Devices \u2014 AB 366 [&hellip;]<\/p>\n","protected":false},"author":2600,"featured_media":0,"parent":1542,"menu_order":0,"comment_status":"closed","ping_status":"closed","template":"","meta":{"ep_exclude_from_search":false,"dmv_page_popups":[],"dmv_ribbon_color":"","dmv_top_illustration":"","dmv_page_title":"","dmv_page_subtitle":"","dmv_exclude_from_search_results":false,"dmv_allowed_editors":[],"dmv_display_translate_button":true,"footnotes":""},"categories":[],"tags":[],"dmv_task":[65],"dmv_functional_page_type":[3],"dmv_content_type":[],"class_list":["post-305738","page","type-page","status-publish","hentry","dmv_task-regulations","dmv_functional_page_type-press-release"],"featured_image_src":null,"yoast_head":"<!-- This site is optimized with the Yoast SEO plugin v27.2 - https:\/\/yoast.com\/product\/yoast-seo-wordpress\/ -->\n<title>DMV Highlights New Laws in 2026 - California DMV<\/title>\n<meta name=\"robots\" content=\"index, follow, max-snippet:-1, max-image-preview:large, max-video-preview:-1\" \/>\n<link rel=\"canonical\" href=\"https:\/\/www.dmv.ca.gov\/portal\/es\/news-and-media\/dmv-highlights-new-laws-in-2026\/\" \/>\n<meta property=\"og:locale\" content=\"es_MX\" \/>\n<meta property=\"og:type\" content=\"article\" \/>\n<meta property=\"og:title\" content=\"DMV Highlights New Laws in 2026 - California DMV\" \/>\n<meta property=\"og:description\" content=\"Contact:&nbsp;Office of Public Affairs2415 First AvenueSacramento, CA 95818(916) 657\u20136437 |&nbsp;dmvpublicaffairs@dmv.ca.gov FOR IMMEDIATE RELEASEDecember 26, 2025 Sacramento \u2013 The California Department of Motor Vehicles (DMV) today announced several new laws signed by Governor Gavin Newsom this year will take effect on January 1, 2026. Making Our Roads and Communities Safer Ignition Interlock Devices \u2014 AB 366 [&hellip;]\" \/>\n<meta property=\"og:url\" content=\"https:\/\/www.dmv.ca.gov\/portal\/es\/news-and-media\/dmv-highlights-new-laws-in-2026\/\" \/>\n<meta property=\"og:site_name\" content=\"California DMV\" \/>\n<meta property=\"article:publisher\" content=\"https:\/\/www.facebook.com\/CADMV\" \/>\n<meta property=\"article:modified_time\" content=\"2025-12-26T18:02:30+00:00\" \/>\n<meta property=\"og:image\" content=\"https:\/\/www.dmv.ca.gov\/portal\/uploads\/2022\/06\/DMV_Logo.png\" \/>\n\t<meta property=\"og:image:width\" content=\"1920\" \/>\n\t<meta property=\"og:image:height\" content=\"1080\" \/>\n\t<meta property=\"og:image:type\" content=\"image\/png\" \/>\n<meta name=\"twitter:card\" content=\"summary_large_image\" \/>\n<meta name=\"twitter:site\" content=\"@ca_dmv\" \/>\n<meta name=\"twitter:label1\" content=\"Est. reading time\" \/>\n\t<meta name=\"twitter:data1\" content=\"3 minutes\" \/>\n<script type=\"application\/ld+json\" class=\"yoast-schema-graph\">{\"@context\":\"https:\/\/schema.org\",\"@graph\":[{\"@type\":\"WebPage\",\"@id\":\"https:\/\/www.dmv.ca.gov\/portal\/es\/news-and-media\/dmv-highlights-new-laws-in-2026\/\",\"url\":\"https:\/\/www.dmv.ca.gov\/portal\/es\/news-and-media\/dmv-highlights-new-laws-in-2026\/\",\"name\":\"DMV Highlights New Laws in 2026 - California DMV\",\"isPartOf\":{\"@id\":\"https:\/\/www.dmv.ca.gov\/portal\/#website\"},\"datePublished\":\"2025-12-26T18:02:28+00:00\",\"dateModified\":\"2025-12-26T18:02:30+00:00\",\"inLanguage\":\"es-MX\",\"potentialAction\":[{\"@type\":\"ReadAction\",\"target\":[\"https:\/\/www.dmv.ca.gov\/portal\/es\/news-and-media\/dmv-highlights-new-laws-in-2026\/\"]}]},{\"@type\":\"WebSite\",\"@id\":\"https:\/\/www.dmv.ca.gov\/portal\/#website\",\"url\":\"https:\/\/www.dmv.ca.gov\/portal\/\",\"name\":\"California DMV\",\"description\":\"\",\"publisher\":{\"@id\":\"https:\/\/www.dmv.ca.gov\/portal\/#organization\"},\"potentialAction\":[{\"@type\":\"SearchAction\",\"target\":{\"@type\":\"EntryPoint\",\"urlTemplate\":\"https:\/\/www.dmv.ca.gov\/portal\/?s={search_term_string}\"},\"query-input\":{\"@type\":\"PropertyValueSpecification\",\"valueRequired\":true,\"valueName\":\"search_term_string\"}}],\"inLanguage\":\"es-MX\"},{\"@type\":\"Organization\",\"@id\":\"https:\/\/www.dmv.ca.gov\/portal\/#organization\",\"name\":\"State of California Department of Motor Vehicles\",\"url\":\"https:\/\/www.dmv.ca.gov\/portal\/\",\"logo\":{\"@type\":\"ImageObject\",\"inLanguage\":\"es-MX\",\"@id\":\"https:\/\/www.dmv.ca.gov\/portal\/#\/schema\/logo\/image\/\",\"url\":\"https:\/\/www.dmv.ca.gov\/portal\/uploads\/2022\/06\/DMV_Logo.png\",\"contentUrl\":\"https:\/\/www.dmv.ca.gov\/portal\/uploads\/2022\/06\/DMV_Logo.png\",\"width\":1920,\"height\":1080,\"caption\":\"State of California Department of Motor Vehicles\"},\"image\":{\"@id\":\"https:\/\/www.dmv.ca.gov\/portal\/#\/schema\/logo\/image\/\"},\"sameAs\":[\"https:\/\/www.facebook.com\/CADMV\",\"https:\/\/x.com\/ca_dmv\",\"https:\/\/www.instagram.com\/ca_dmv\/\",\"https:\/\/www.linkedin.com\/company\/ca-department-of-motor-vehicles\/\",\"https:\/\/www.youtube.com\/user\/CaliforniaDMV\"]}]}<\/script>\n<!-- \/ Yoast SEO plugin. -->","yoast_head_json":{"title":"DMV Highlights New Laws in 2026 - California DMV","robots":{"index":"index","follow":"follow","max-snippet":"max-snippet:-1","max-image-preview":"max-image-preview:large","max-video-preview":"max-video-preview:-1"},"canonical":"https:\/\/www.dmv.ca.gov\/portal\/es\/news-and-media\/dmv-highlights-new-laws-in-2026\/","og_locale":"es_MX","og_type":"article","og_title":"DMV Highlights New Laws in 2026 - California DMV","og_description":"Contact:&nbsp;Office of Public Affairs2415 First AvenueSacramento, CA 95818(916) 657\u20136437 |&nbsp;dmvpublicaffairs@dmv.ca.gov FOR IMMEDIATE RELEASEDecember 26, 2025 Sacramento \u2013 The California Department of Motor Vehicles (DMV) today announced several new laws signed by Governor Gavin Newsom this year will take effect on January 1, 2026. Making Our Roads and Communities Safer Ignition Interlock Devices \u2014 AB 366 [&hellip;]","og_url":"https:\/\/www.dmv.ca.gov\/portal\/es\/news-and-media\/dmv-highlights-new-laws-in-2026\/","og_site_name":"California DMV","article_publisher":"https:\/\/www.facebook.com\/CADMV","article_modified_time":"2025-12-26T18:02:30+00:00","og_image":[{"width":1920,"height":1080,"url":"https:\/\/www.dmv.ca.gov\/portal\/uploads\/2022\/06\/DMV_Logo.png","type":"image\/png"}],"twitter_card":"summary_large_image","twitter_site":"@ca_dmv","twitter_misc":{"Est. reading time":"3 minutes"},"schema":{"@context":"https:\/\/schema.org","@graph":[{"@type":"WebPage","@id":"https:\/\/www.dmv.ca.gov\/portal\/es\/news-and-media\/dmv-highlights-new-laws-in-2026\/","url":"https:\/\/www.dmv.ca.gov\/portal\/es\/news-and-media\/dmv-highlights-new-laws-in-2026\/","name":"DMV Highlights New Laws in 2026 - California DMV","isPartOf":{"@id":"https:\/\/www.dmv.ca.gov\/portal\/#website"},"datePublished":"2025-12-26T18:02:28+00:00","dateModified":"2025-12-26T18:02:30+00:00","inLanguage":"es-MX","potentialAction":[{"@type":"ReadAction","target":["https:\/\/www.dmv.ca.gov\/portal\/es\/news-and-media\/dmv-highlights-new-laws-in-2026\/"]}]},{"@type":"WebSite","@id":"https:\/\/www.dmv.ca.gov\/portal\/#website","url":"https:\/\/www.dmv.ca.gov\/portal\/","name":"California DMV","description":"","publisher":{"@id":"https:\/\/www.dmv.ca.gov\/portal\/#organization"},"potentialAction":[{"@type":"SearchAction","target":{"@type":"EntryPoint","urlTemplate":"https:\/\/www.dmv.ca.gov\/portal\/?s={search_term_string}"},"query-input":{"@type":"PropertyValueSpecification","valueRequired":true,"valueName":"search_term_string"}}],"inLanguage":"es-MX"},{"@type":"Organization","@id":"https:\/\/www.dmv.ca.gov\/portal\/#organization","name":"State of California Department of Motor Vehicles","url":"https:\/\/www.dmv.ca.gov\/portal\/","logo":{"@type":"ImageObject","inLanguage":"es-MX","@id":"https:\/\/www.dmv.ca.gov\/portal\/#\/schema\/logo\/image\/","url":"https:\/\/www.dmv.ca.gov\/portal\/uploads\/2022\/06\/DMV_Logo.png","contentUrl":"https:\/\/www.dmv.ca.gov\/portal\/uploads\/2022\/06\/DMV_Logo.png","width":1920,"height":1080,"caption":"State of California Department of Motor Vehicles"},"image":{"@id":"https:\/\/www.dmv.ca.gov\/portal\/#\/schema\/logo\/image\/"},"sameAs":["https:\/\/www.facebook.com\/CADMV","https:\/\/x.com\/ca_dmv","https:\/\/www.instagram.com\/ca_dmv\/","https:\/\/www.linkedin.com\/company\/ca-department-of-motor-vehicles\/","https:\/\/www.youtube.com\/user\/CaliforniaDMV"]}]}},"_links":{"self":[{"href":"https:\/\/www.dmv.ca.gov\/portal\/es\/wp-json\/wp\/v2\/pages\/305738","targetHints":{"allow":["GET"]}}],"collection":[{"href":"https:\/\/www.dmv.ca.gov\/portal\/es\/wp-json\/wp\/v2\/pages"}],"about":[{"href":"https:\/\/www.dmv.ca.gov\/portal\/es\/wp-json\/wp\/v2\/types\/page"}],"author":[{"embeddable":true,"href":"https:\/\/www.dmv.ca.gov\/portal\/es\/wp-json\/wp\/v2\/users\/2600"}],"replies":[{"embeddable":true,"href":"https:\/\/www.dmv.ca.gov\/portal\/es\/wp-json\/wp\/v2\/comments?post=305738"}],"version-history":[{"count":4,"href":"https:\/\/www.dmv.ca.gov\/portal\/es\/wp-json\/wp\/v2\/pages\/305738\/revisions"}],"predecessor-version":[{"id":305753,"href":"https:\/\/www.dmv.ca.gov\/portal\/es\/wp-json\/wp\/v2\/pages\/305738\/revisions\/305753"}],"up":[{"embeddable":true,"href":"https:\/\/www.dmv.ca.gov\/portal\/es\/wp-json\/wp\/v2\/pages\/1542"}],"wp:attachment":[{"href":"https:\/\/www.dmv.ca.gov\/portal\/es\/wp-json\/wp\/v2\/media?parent=305738"}],"wp:term":[{"taxonomy":"category","embeddable":true,"href":"https:\/\/www.dmv.ca.gov\/portal\/es\/wp-json\/wp\/v2\/categories?post=305738"},{"taxonomy":"post_tag","embeddable":true,"href":"https:\/\/www.dmv.ca.gov\/portal\/es\/wp-json\/wp\/v2\/tags?post=305738"},{"taxonomy":"dmv_task","embeddable":true,"href":"https:\/\/www.dmv.ca.gov\/portal\/es\/wp-json\/wp\/v2\/dmv_task?post=305738"},{"taxonomy":"dmv_functional_page_type","embeddable":true,"href":"https:\/\/www.dmv.ca.gov\/portal\/es\/wp-json\/wp\/v2\/dmv_functional_page_type?post=305738"},{"taxonomy":"dmv_content_type","embeddable":true,"href":"https:\/\/www.dmv.ca.gov\/portal\/es\/wp-json\/wp\/v2\/dmv_content_type?post=305738"}],"curies":[{"name":"wp","href":"https:\/\/api.w.org\/{rel}","templated":true}]}}