{"id":312590,"date":"2026-02-20T16:19:53","date_gmt":"2026-02-21T00:19:53","guid":{"rendered":"https:\/\/www.dmv.ca.gov\/portal\/?page_id=312590"},"modified":"2026-02-20T16:36:04","modified_gmt":"2026-02-21T00:36:04","slug":"autonomous-vehicle-permit-holders-in-california-logged-more-than-9-million-test-miles-between-december-1-2024-and-november-30-2025","status":"publish","type":"page","link":"https:\/\/www.dmv.ca.gov\/portal\/es\/news-and-media\/autonomous-vehicle-permit-holders-in-california-logged-more-than-9-million-test-miles-between-december-1-2024-and-november-30-2025\/","title":{"rendered":"Autonomous Vehicle Permit Holders in California Logged More Than 9 Million Test Miles Between December 1, 2024 and November 30, 2025"},"content":{"rendered":"<p class=\"has-text-align-left\">Contact: \u00a0Office of Public Affairs<br>2415 First Avenue<br>Sacramento, CA 95818<br>(916) 657\u20136437 |\u00a0<a href=\"mailto:dmvpublicaffairs@dmv.ca.gov\">dmvpublicaffairs@dmv.ca.gov<\/a><\/p>\n\n\n\n<p><strong>PARA PUBLICACI\u00d3N INMEDIATA<br><strong><strong>February 20, 2026<\/strong><\/strong><\/strong><\/p>\n\n\n\n<p><strong>Lo que necesita saber:<\/strong> The DMV released its annual report that details how many miles autonomous vehicle permit holders logged in a 12-month period along with information on incidents when a safety driver took control of the vehicle due to technical failure or other concerns.<\/p>\n\n\n\n<hr class=\"wp-block-separator has-alpha-channel-opacity\"\/>\n\n\n\n<p><strong>Sacramento<\/strong> \u2014 The California Department of Motor Vehicles (DMV) announced today that autonomous vehicles with testing permits collectively covered more than 9 million miles on California&#8217;s public roads from December 1, 2024, to November 30, 2025. <\/p>\n\n\n\n<div class=\"wp-block-dmv-columns content-columns colums-1-2-1-2\">\n<div class=\"wp-block-dmv-column col\">\n<figure class=\"wp-block-image alignwide size-full\"><img loading=\"lazy\" decoding=\"async\" width=\"372\" height=\"528\" src=\"https:\/\/www.dmv.ca.gov\/portal\/uploads\/2026\/02\/image.png\" alt=\"\" class=\"wp-image-312602\" srcset=\"https:\/\/www.dmv.ca.gov\/portal\/uploads\/2026\/02\/image.png 372w, https:\/\/www.dmv.ca.gov\/portal\/uploads\/2026\/02\/image-211x300.png 211w, https:\/\/www.dmv.ca.gov\/portal\/uploads\/2026\/02\/image-8x12.png 8w, https:\/\/www.dmv.ca.gov\/portal\/uploads\/2026\/02\/image-199x283.png 199w\" sizes=\"auto, (max-width: 372px) 100vw, 372px\" \/><\/figure>\n<\/div>\n\n\n\n<div class=\"wp-block-dmv-column col\">\n<p>This information is contained in the <a href=\"https:\/\/www.dmv.ca.gov\/portal\/es\/vehicle-industry-services\/autonomous-vehicles\/disengagement-reports\/\">Autonomous Vehicle Disengagement Reports<\/a> that the DMV publishes annually. These reports detail autonomous vehicle mileage and incidents when these vehicles \u201cdisengage,\u201d which means the safety driver took control due to a technology failure or other concern.<\/p>\n\n\n\n<p>Since 2014, California regulations have required manufacturers operating AVs under drivered and driverless testing permits to report annually instances where safety drivers took control due to technology failures or other concerns.<\/p>\n\n\n\n<p>These reports also describe the testing circumstances, locations, and specific conditions under which disengagements occurred. They are intended to provide insight into the operational activities of each permit holder and are not designed for comparative analysis across companies.<\/p>\n\n\n\n<p>Companies are required to report public road testing; activities on private roads, out-of-state testing, or any testing of vehicle automation systems below Society of Automotive Engineers (SAE) Level 3, as well as simulation testing, are not included in these reports. Disengagement reporting is not required for AV operations conducted under deployment permits.<\/p>\n\n\n\n<p>In 2026, the Department expects to finalize updates to its AV regulations, including enhancements to application and data reporting requirements designed to promote innovation while prioritizing the protection of all road users.<\/p>\n<\/div>\n<\/div>\n\n\n\n<p>The new regulations propose to replace disengagement reporting requirements previously set forth in 13CCR \u00a7 227.56 with updated metrics offering a more precise picture of safety-relevant events arising during AV operation. The proposed reporting requirements include:<\/p>\n\n\n\n<ul class=\"wp-block-list\">\n<li>Notices of Autonomous Vehicle Noncompliance issued by law enforcement officers for traffic violations by AVs.<\/li>\n\n\n\n<li>Dynamic driving task performance relevant system failures that occur during drivered testing and deployment, in alignment with SAE International\u2019s standard J3016 (APR2021).<\/li>\n\n\n\n<li>Vehicle immobilizations that occur during driverless testing and deployment.<\/li>\n\n\n\n<li>Braking events that occur during drivered and driverless testing that produce a speed decrease of 3 meters per second (m\/s) or more from braking at a deceleration rate that exceeds 5 meters per second squared (m\/s\/s) for at least 0.5 seconds on a public road with a speed limit of 35 miles per hour or higher.<\/li>\n\n\n\n<li>Vehicle Miles Traveled during testing and deployment.<\/li>\n\n\n\n<li>Crash reporting in alignment with the National Highway Traffic Safety Administration\u2019s Standing General Order (SGO) June 2025 version.<\/li>\n\n\n\n<li>Notices of Autonomous Vehicle Noncompliance issued by law enforcement officers for traffic violations by AVs.<\/li>\n<\/ul>\n\n\n\n<div class=\"wp-block-dmv-spacer-block spacer-box\"><\/div>\n\n\n\n<p><strong>Antes de ir a una oficina- Primero intente en l\u00ednea<\/strong><\/p>\n\n\n\n<p class=\"translation-block\">La mayor\u00eda de los tr\u00e1mites del DMV no requieren visitar una oficina. El DMV anima a los clientes a utilizar los <a href=\"https:\/\/www.dmv.ca.gov\/portal\/es\/dmv-online\/\" target=\"_self\">servicios en l\u00ednea<\/a> y otros medios de servicio para completar transacciones, como pueden ser renovaciones elegibles de licencias de manejo y registro de veh\u00edculos. Los clientes tambi\u00e9n pueden usar el <a href=\"https:\/\/www.dmv.ca.gov\/portal\/es\/make-an-appointment\/service-advisor\/\" target=\"_self\">Asesor de Servicios<\/a> en el sitio web del DMV para conocer sus opciones y completar tr\u00e1mites del DMV.<\/p>\n\n\n\n<p class=\"translation-block\">Elige lo digital \u2014 Para recibir notificaciones electr\u00f3nicas sobre renovaciones de registro de veh\u00edculos y licencias de manejo, acceda o crea una cuenta segura en l\u00ednea en <a href=\"http:\/\/www.dmv.ca.gov\/portal\/es\/mydmv\/\" target=\"_self\">dmv.ca.gov<\/a> y suscr\u00edbase.<\/p>\n\n\n\n<p class=\"has-text-align-center\">###<\/p>\n\n\n\n<p class=\"has-text-align-center translation-block\">Sign up to receive the latest DMV News Alerts:&nbsp;<a href=\"https:\/\/www.dmv.ca.gov\/portal\/es\/dmv-news-alerts\/\" target=\"_blank\" rel=\"noreferrer noopener\">DMV NEWS ALERTS \u2013 California DMV<\/a><\/p>","protected":false},"excerpt":{"rendered":"<p>FOR IMMEDIATE RELEASEFebruary 20, 2026 What you need to know: The DMV released its annual report that details how many miles autonomous vehicle permit holders logged in a 12-month period along with information on incidents when a safety driver took control of the vehicle due to technical failure or other concerns. Sacramento \u2014 The California [&hellip;]<\/p>\n","protected":false},"author":2600,"featured_media":0,"parent":1542,"menu_order":0,"comment_status":"closed","ping_status":"closed","template":"","meta":{"ep_exclude_from_search":false,"dmv_page_popups":[],"dmv_ribbon_color":"","dmv_top_illustration":"","dmv_page_title":"","dmv_page_subtitle":"","dmv_exclude_from_search_results":false,"dmv_allowed_editors":[],"dmv_display_translate_button":false,"footnotes":""},"categories":[1627],"tags":[],"dmv_task":[68,66],"dmv_functional_page_type":[3],"dmv_content_type":[],"class_list":["post-312590","page","type-page","status-publish","hentry","category-news-media","dmv_task-disclosure","dmv_task-driver-safety","dmv_functional_page_type-press-release"],"featured_image_src":null,"yoast_head":"<!-- This site is optimized with the Yoast SEO plugin v27.3 - https:\/\/yoast.com\/product\/yoast-seo-wordpress\/ -->\n<title>Autonomous Vehicle Permit Holders in California Logged More Than 9 Million Test Miles Between December 1, 2024 and November 30, 2025 - California DMV<\/title>\n<meta name=\"robots\" content=\"index, follow, max-snippet:-1, max-image-preview:large, max-video-preview:-1\" \/>\n<link rel=\"canonical\" href=\"https:\/\/www.dmv.ca.gov\/portal\/es\/news-and-media\/autonomous-vehicle-permit-holders-in-california-logged-more-than-9-million-test-miles-between-december-1-2024-and-november-30-2025\/\" \/>\n<meta property=\"og:locale\" content=\"es_MX\" \/>\n<meta property=\"og:type\" content=\"article\" \/>\n<meta property=\"og:title\" content=\"Autonomous Vehicle Permit Holders in California Logged More Than 9 Million Test Miles Between December 1, 2024 and November 30, 2025 - California DMV\" \/>\n<meta property=\"og:description\" content=\"FOR IMMEDIATE RELEASEFebruary 20, 2026 What you need to know: The DMV released its annual report that details how many miles autonomous vehicle permit holders logged in a 12-month period along with information on incidents when a safety driver took control of the vehicle due to technical failure or other concerns. Sacramento \u2014 The California [&hellip;]\" \/>\n<meta property=\"og:url\" content=\"https:\/\/www.dmv.ca.gov\/portal\/es\/news-and-media\/autonomous-vehicle-permit-holders-in-california-logged-more-than-9-million-test-miles-between-december-1-2024-and-november-30-2025\/\" \/>\n<meta property=\"og:site_name\" content=\"California DMV\" \/>\n<meta property=\"article:publisher\" content=\"https:\/\/www.facebook.com\/CADMV\" \/>\n<meta property=\"article:modified_time\" content=\"2026-02-21T00:36:04+00:00\" \/>\n<meta property=\"og:image\" content=\"https:\/\/www.dmv.ca.gov\/portal\/uploads\/2026\/02\/image.png\" \/>\n<meta name=\"twitter:card\" content=\"summary_large_image\" \/>\n<meta name=\"twitter:site\" content=\"@ca_dmv\" \/>\n<meta name=\"twitter:label1\" content=\"Est. reading time\" \/>\n\t<meta name=\"twitter:data1\" content=\"3 minutes\" \/>\n<script type=\"application\/ld+json\" class=\"yoast-schema-graph\">{\"@context\":\"https:\\\/\\\/schema.org\",\"@graph\":[{\"@type\":\"WebPage\",\"@id\":\"https:\\\/\\\/www.dmv.ca.gov\\\/portal\\\/es\\\/news-and-media\\\/autonomous-vehicle-permit-holders-in-california-logged-more-than-9-million-test-miles-between-december-1-2024-and-november-30-2025\\\/\",\"url\":\"https:\\\/\\\/www.dmv.ca.gov\\\/portal\\\/es\\\/news-and-media\\\/autonomous-vehicle-permit-holders-in-california-logged-more-than-9-million-test-miles-between-december-1-2024-and-november-30-2025\\\/\",\"name\":\"Autonomous Vehicle Permit Holders in California Logged More Than 9 Million Test Miles Between December 1, 2024 and November 30, 2025 - California DMV\",\"isPartOf\":{\"@id\":\"https:\\\/\\\/www.dmv.ca.gov\\\/portal\\\/#website\"},\"primaryImageOfPage\":{\"@id\":\"https:\\\/\\\/www.dmv.ca.gov\\\/portal\\\/es\\\/news-and-media\\\/autonomous-vehicle-permit-holders-in-california-logged-more-than-9-million-test-miles-between-december-1-2024-and-november-30-2025\\\/#primaryimage\"},\"image\":{\"@id\":\"https:\\\/\\\/www.dmv.ca.gov\\\/portal\\\/es\\\/news-and-media\\\/autonomous-vehicle-permit-holders-in-california-logged-more-than-9-million-test-miles-between-december-1-2024-and-november-30-2025\\\/#primaryimage\"},\"thumbnailUrl\":\"https:\\\/\\\/www.dmv.ca.gov\\\/portal\\\/uploads\\\/2026\\\/02\\\/image.png\",\"datePublished\":\"2026-02-21T00:19:53+00:00\",\"dateModified\":\"2026-02-21T00:36:04+00:00\",\"inLanguage\":\"es-MX\",\"potentialAction\":[{\"@type\":\"ReadAction\",\"target\":[\"https:\\\/\\\/www.dmv.ca.gov\\\/portal\\\/es\\\/news-and-media\\\/autonomous-vehicle-permit-holders-in-california-logged-more-than-9-million-test-miles-between-december-1-2024-and-november-30-2025\\\/\"]}]},{\"@type\":\"ImageObject\",\"inLanguage\":\"es-MX\",\"@id\":\"https:\\\/\\\/www.dmv.ca.gov\\\/portal\\\/es\\\/news-and-media\\\/autonomous-vehicle-permit-holders-in-california-logged-more-than-9-million-test-miles-between-december-1-2024-and-november-30-2025\\\/#primaryimage\",\"url\":\"https:\\\/\\\/www.dmv.ca.gov\\\/portal\\\/uploads\\\/2026\\\/02\\\/image.png\",\"contentUrl\":\"https:\\\/\\\/www.dmv.ca.gov\\\/portal\\\/uploads\\\/2026\\\/02\\\/image.png\"},{\"@type\":\"WebSite\",\"@id\":\"https:\\\/\\\/www.dmv.ca.gov\\\/portal\\\/#website\",\"url\":\"https:\\\/\\\/www.dmv.ca.gov\\\/portal\\\/\",\"name\":\"California DMV\",\"description\":\"\",\"publisher\":{\"@id\":\"https:\\\/\\\/www.dmv.ca.gov\\\/portal\\\/#organization\"},\"potentialAction\":[{\"@type\":\"SearchAction\",\"target\":{\"@type\":\"EntryPoint\",\"urlTemplate\":\"https:\\\/\\\/www.dmv.ca.gov\\\/portal\\\/?s={search_term_string}\"},\"query-input\":{\"@type\":\"PropertyValueSpecification\",\"valueRequired\":true,\"valueName\":\"search_term_string\"}}],\"inLanguage\":\"es-MX\"},{\"@type\":\"Organization\",\"@id\":\"https:\\\/\\\/www.dmv.ca.gov\\\/portal\\\/#organization\",\"name\":\"State of California Department of Motor Vehicles\",\"url\":\"https:\\\/\\\/www.dmv.ca.gov\\\/portal\\\/\",\"logo\":{\"@type\":\"ImageObject\",\"inLanguage\":\"es-MX\",\"@id\":\"https:\\\/\\\/www.dmv.ca.gov\\\/portal\\\/#\\\/schema\\\/logo\\\/image\\\/\",\"url\":\"https:\\\/\\\/www.dmv.ca.gov\\\/portal\\\/uploads\\\/2022\\\/06\\\/DMV_Logo.png\",\"contentUrl\":\"https:\\\/\\\/www.dmv.ca.gov\\\/portal\\\/uploads\\\/2022\\\/06\\\/DMV_Logo.png\",\"width\":1920,\"height\":1080,\"caption\":\"State of California Department of Motor Vehicles\"},\"image\":{\"@id\":\"https:\\\/\\\/www.dmv.ca.gov\\\/portal\\\/#\\\/schema\\\/logo\\\/image\\\/\"},\"sameAs\":[\"https:\\\/\\\/www.facebook.com\\\/CADMV\",\"https:\\\/\\\/x.com\\\/ca_dmv\",\"https:\\\/\\\/www.instagram.com\\\/ca_dmv\\\/\",\"https:\\\/\\\/www.linkedin.com\\\/company\\\/ca-department-of-motor-vehicles\\\/\",\"https:\\\/\\\/www.youtube.com\\\/user\\\/CaliforniaDMV\"]}]}<\/script>\n<!-- \/ Yoast SEO plugin. -->","yoast_head_json":{"title":"Autonomous Vehicle Permit Holders in California Logged More Than 9 Million Test Miles Between December 1, 2024 and November 30, 2025 - California DMV","robots":{"index":"index","follow":"follow","max-snippet":"max-snippet:-1","max-image-preview":"max-image-preview:large","max-video-preview":"max-video-preview:-1"},"canonical":"https:\/\/www.dmv.ca.gov\/portal\/es\/news-and-media\/autonomous-vehicle-permit-holders-in-california-logged-more-than-9-million-test-miles-between-december-1-2024-and-november-30-2025\/","og_locale":"es_MX","og_type":"article","og_title":"Autonomous Vehicle Permit Holders in California Logged More Than 9 Million Test Miles Between December 1, 2024 and November 30, 2025 - California DMV","og_description":"FOR IMMEDIATE RELEASEFebruary 20, 2026 What you need to know: The DMV released its annual report that details how many miles autonomous vehicle permit holders logged in a 12-month period along with information on incidents when a safety driver took control of the vehicle due to technical failure or other concerns. Sacramento \u2014 The California [&hellip;]","og_url":"https:\/\/www.dmv.ca.gov\/portal\/es\/news-and-media\/autonomous-vehicle-permit-holders-in-california-logged-more-than-9-million-test-miles-between-december-1-2024-and-november-30-2025\/","og_site_name":"California DMV","article_publisher":"https:\/\/www.facebook.com\/CADMV","article_modified_time":"2026-02-21T00:36:04+00:00","og_image":[{"url":"https:\/\/www.dmv.ca.gov\/portal\/uploads\/2026\/02\/image.png","type":"","width":"","height":""}],"twitter_card":"summary_large_image","twitter_site":"@ca_dmv","twitter_misc":{"Est. reading time":"3 minutes"},"schema":{"@context":"https:\/\/schema.org","@graph":[{"@type":"WebPage","@id":"https:\/\/www.dmv.ca.gov\/portal\/es\/news-and-media\/autonomous-vehicle-permit-holders-in-california-logged-more-than-9-million-test-miles-between-december-1-2024-and-november-30-2025\/","url":"https:\/\/www.dmv.ca.gov\/portal\/es\/news-and-media\/autonomous-vehicle-permit-holders-in-california-logged-more-than-9-million-test-miles-between-december-1-2024-and-november-30-2025\/","name":"Autonomous Vehicle Permit Holders in California Logged More Than 9 Million Test Miles Between December 1, 2024 and November 30, 2025 - California DMV","isPartOf":{"@id":"https:\/\/www.dmv.ca.gov\/portal\/#website"},"primaryImageOfPage":{"@id":"https:\/\/www.dmv.ca.gov\/portal\/es\/news-and-media\/autonomous-vehicle-permit-holders-in-california-logged-more-than-9-million-test-miles-between-december-1-2024-and-november-30-2025\/#primaryimage"},"image":{"@id":"https:\/\/www.dmv.ca.gov\/portal\/es\/news-and-media\/autonomous-vehicle-permit-holders-in-california-logged-more-than-9-million-test-miles-between-december-1-2024-and-november-30-2025\/#primaryimage"},"thumbnailUrl":"https:\/\/www.dmv.ca.gov\/portal\/uploads\/2026\/02\/image.png","datePublished":"2026-02-21T00:19:53+00:00","dateModified":"2026-02-21T00:36:04+00:00","inLanguage":"es-MX","potentialAction":[{"@type":"ReadAction","target":["https:\/\/www.dmv.ca.gov\/portal\/es\/news-and-media\/autonomous-vehicle-permit-holders-in-california-logged-more-than-9-million-test-miles-between-december-1-2024-and-november-30-2025\/"]}]},{"@type":"ImageObject","inLanguage":"es-MX","@id":"https:\/\/www.dmv.ca.gov\/portal\/es\/news-and-media\/autonomous-vehicle-permit-holders-in-california-logged-more-than-9-million-test-miles-between-december-1-2024-and-november-30-2025\/#primaryimage","url":"https:\/\/www.dmv.ca.gov\/portal\/uploads\/2026\/02\/image.png","contentUrl":"https:\/\/www.dmv.ca.gov\/portal\/uploads\/2026\/02\/image.png"},{"@type":"WebSite","@id":"https:\/\/www.dmv.ca.gov\/portal\/#website","url":"https:\/\/www.dmv.ca.gov\/portal\/","name":"California DMV","description":"","publisher":{"@id":"https:\/\/www.dmv.ca.gov\/portal\/#organization"},"potentialAction":[{"@type":"SearchAction","target":{"@type":"EntryPoint","urlTemplate":"https:\/\/www.dmv.ca.gov\/portal\/?s={search_term_string}"},"query-input":{"@type":"PropertyValueSpecification","valueRequired":true,"valueName":"search_term_string"}}],"inLanguage":"es-MX"},{"@type":"Organization","@id":"https:\/\/www.dmv.ca.gov\/portal\/#organization","name":"State of California Department of Motor Vehicles","url":"https:\/\/www.dmv.ca.gov\/portal\/","logo":{"@type":"ImageObject","inLanguage":"es-MX","@id":"https:\/\/www.dmv.ca.gov\/portal\/#\/schema\/logo\/image\/","url":"https:\/\/www.dmv.ca.gov\/portal\/uploads\/2022\/06\/DMV_Logo.png","contentUrl":"https:\/\/www.dmv.ca.gov\/portal\/uploads\/2022\/06\/DMV_Logo.png","width":1920,"height":1080,"caption":"State of California Department of Motor Vehicles"},"image":{"@id":"https:\/\/www.dmv.ca.gov\/portal\/#\/schema\/logo\/image\/"},"sameAs":["https:\/\/www.facebook.com\/CADMV","https:\/\/x.com\/ca_dmv","https:\/\/www.instagram.com\/ca_dmv\/","https:\/\/www.linkedin.com\/company\/ca-department-of-motor-vehicles\/","https:\/\/www.youtube.com\/user\/CaliforniaDMV"]}]}},"_links":{"self":[{"href":"https:\/\/www.dmv.ca.gov\/portal\/es\/wp-json\/wp\/v2\/pages\/312590","targetHints":{"allow":["GET"]}}],"collection":[{"href":"https:\/\/www.dmv.ca.gov\/portal\/es\/wp-json\/wp\/v2\/pages"}],"about":[{"href":"https:\/\/www.dmv.ca.gov\/portal\/es\/wp-json\/wp\/v2\/types\/page"}],"author":[{"embeddable":true,"href":"https:\/\/www.dmv.ca.gov\/portal\/es\/wp-json\/wp\/v2\/users\/2600"}],"replies":[{"embeddable":true,"href":"https:\/\/www.dmv.ca.gov\/portal\/es\/wp-json\/wp\/v2\/comments?post=312590"}],"version-history":[{"count":5,"href":"https:\/\/www.dmv.ca.gov\/portal\/es\/wp-json\/wp\/v2\/pages\/312590\/revisions"}],"predecessor-version":[{"id":312635,"href":"https:\/\/www.dmv.ca.gov\/portal\/es\/wp-json\/wp\/v2\/pages\/312590\/revisions\/312635"}],"up":[{"embeddable":true,"href":"https:\/\/www.dmv.ca.gov\/portal\/es\/wp-json\/wp\/v2\/pages\/1542"}],"wp:attachment":[{"href":"https:\/\/www.dmv.ca.gov\/portal\/es\/wp-json\/wp\/v2\/media?parent=312590"}],"wp:term":[{"taxonomy":"category","embeddable":true,"href":"https:\/\/www.dmv.ca.gov\/portal\/es\/wp-json\/wp\/v2\/categories?post=312590"},{"taxonomy":"post_tag","embeddable":true,"href":"https:\/\/www.dmv.ca.gov\/portal\/es\/wp-json\/wp\/v2\/tags?post=312590"},{"taxonomy":"dmv_task","embeddable":true,"href":"https:\/\/www.dmv.ca.gov\/portal\/es\/wp-json\/wp\/v2\/dmv_task?post=312590"},{"taxonomy":"dmv_functional_page_type","embeddable":true,"href":"https:\/\/www.dmv.ca.gov\/portal\/es\/wp-json\/wp\/v2\/dmv_functional_page_type?post=312590"},{"taxonomy":"dmv_content_type","embeddable":true,"href":"https:\/\/www.dmv.ca.gov\/portal\/es\/wp-json\/wp\/v2\/dmv_content_type?post=312590"}],"curies":[{"name":"wp","href":"https:\/\/api.w.org\/{rel}","templated":true}]}}