{"id":314531,"date":"2026-03-06T17:05:18","date_gmt":"2026-03-07T01:05:18","guid":{"rendered":"https:\/\/www.dmv.ca.gov\/portal\/?page_id=314531"},"modified":"2026-03-10T08:46:18","modified_gmt":"2026-03-10T15:46:18","slug":"federal-government-requires-california-dmv-to-cancel-certain-nondomiciled-drivers-licenses","status":"publish","type":"page","link":"https:\/\/www.dmv.ca.gov\/portal\/es\/news-and-media\/federal-government-requires-california-dmv-to-cancel-certain-nondomiciled-drivers-licenses\/","title":{"rendered":"Gobierno Federal Ordena al DMV de California a Cancelar Ciertas Licencias de Manejo No Domiciliadas"},"content":{"rendered":"<p>Contact: &nbsp;Office of Public Affairs<br>2415 First Avenue<br>Sacramento, CA 95818<br>(916) 657\u20136437 |&nbsp;<a href=\"mailto:dmvpublicaffairs@dmv.ca.gov\">dmvpublicaffairs@dmv.ca.gov<\/a><\/p>\n\n\n\n<p><strong>PARA PUBLICACI\u00d3N INMEDIATA<\/strong><br><strong>6 de marzo de 2026<\/strong><\/p>\n\n\n\n<p><strong>Sacramento<\/strong> A partir del viernes, 6 de marzo de 2026, el gobierno federal est\u00e1 ordenando al Departamento de Veh\u00edculos Motorizados de California (DMV, por sus siglas en ingl\u00e9s) a cancelar aproximadamente 13,000 licencias de manejo comercial (CDL, por sus siglas en ingl\u00e9s) no domiciliadas. No todos aquellos que cuenten con una CDL no domiciliada ser\u00e1n afectados por esta acci\u00f3n y todos aquellos afectados ya recibieron una notificaci\u00f3n por parte del DMV que sus licencias est\u00e1n sujetas a ser canceladas.<\/p>\n\n\n\n<p>Las personas no domiciliadas son aquellas que no cuentan con un estatus de ciudadan\u00eda o residencia legal permanente, e incluye a portadores de diferentes tipos de visas, refugiados y asilados. La ley federal permite a dichos individuos a obtener una CDL. Contrario a los argumentos enga\u00f1osos de la administraci\u00f3n Trump, todos aquellos a los que el DMV expidi\u00f3 una CDL no domiciliada contaban con un permiso de trabajo, otorgado por el gobierno federal, y su presencia en Estados Unidos era legal al momento que se les otorg\u00f3 su licencia.<\/p>\n\n\n\n<p>Mientras la decisi\u00f3n reciente de una corte les permite a estas personas a solicitar una CDL, el gobierno federal est\u00e1 bloqueando al DMV para expedir esas nuevas licencias. Ya que el DMV cumple con la ley estatal y federal, le corresponde al gobierno federal permitir que el DMV procese esas solicitudes y emita las licencias a los conductores que sean elegibles.<\/p>\n\n\n\n<p>Para continuar manejando veh\u00edculos para pasajeros y camiones ligeros de manera legal, los conductores afectados deben obtener una nueva <a href=\"https:\/\/www.dmv.ca.gov\/portal\/es\/driver-licenses-identification-cards\/driver-licenses-dl\/\"><a href=\"https:\/\/www.dmv.ca.gov\/portal\/es\/driver-licenses-identification-cards\/driver-licenses-dl\/\">licencia de manejo de California clase C.<\/a><\/a>.<\/p>\n\n\n\n<p>\u201cEsta administraci\u00f3n federal est\u00e1 usando su guerra en inmigraci\u00f3n para expulsar de nuestra fuerza laboral a calificados y trabajadores conductores comerciales que cumplen con los requisitos de idioma y nuestras reglas de seguridad\u201d, dijo el director del DMV Steve Gordon. \u201cNo hay garant\u00edas que soluciones adicionales surjan para ayudar a estos conductores y sus empleadores, pero por el momento, hay acciones inmediatas que deben tomar para obtener una licencia clase C y poder manejar veh\u00edculos particulares\u201d.<\/p>\n\n\n\n<p><strong>Corte Federal Rechaza Solicitud de Suspensi\u00f3n de Emergencia del DMV de California<\/strong><\/p>\n\n\n\n<p>El DMV hab\u00eda buscado expedir CDLs corregidas a los conductores afectados, de acuerdo con la ley de California y federal, pero el intento fue bloqueado por la Administraci\u00f3n Federal de Seguridad de Autotransportes (FMCSA, por sus siglas en ingl\u00e9s). A principios de esta semana, la Corte de Apelaciones de los Estados Unidos del Circuito de Columbia neg\u00f3 la suspensi\u00f3n de emergencia solicitada por el DMV que habr\u00eda permitido reexpedir las CDLs no domiciliadas corregidas a las personas elegibles sin el riesgo de represalias por parte de la FMCSA<\/p>\n\n\n\n<p>Las licencias CDL de conductores no domiciliados que no se vean afectados seguir\u00e1n siendo v\u00e1lidas hasta su fecha de expiraci\u00f3n. Sin embargo, dichas personas no podr\u00e1n renovar, obtener un reemplazo, o hacer alg\u00fan cambio a su licencia de manejo.<\/p>\n\n\n\n<p><strong><em>Doe contra Departamento de Veh\u00edculos Motorizados<\/em><\/strong><\/p>\n\n\n\n<p>En una resoluci\u00f3n a parte, tambi\u00e9n dada a conocer el 2 de marzo de 2026, la corte superior del condado de Alameda emiti\u00f3 su fallo en <em>el caso Doe contra Departamento de Veh\u00edculos Motorizados. <\/em>La decisi\u00f3n le exige al DMV a permitir a aquellos que cuenten con una CDL no domiciliada y recibieron una carta de cancelaci\u00f3n, a reaplicar por una CDL despu\u00e9s de la cancelaci\u00f3n de su licencia. A pesar de que el fallo de la corte significa que el DMV debe aceptar las aplicaciones para obtener una CDL <strong>applications<\/strong>el departamento <strong>no puede expedir licencias de manejo comercial no domiciliadas<\/strong> <strong>hasta que la FMCSA cancele la \u201cpausa\u201d obligatoria existente.<\/strong>Todas las aplicaciones <strong>permanecer\u00e1n pendientes por un per\u00edodo m\u00e1ximo de un a\u00f1o<\/strong> hasta que el DMV determine si puede hacer algo.<\/p>\n\n\n\n<p>Las personas afectadas que deseen aplicar por una CDL necesitar\u00e1n pagar una cuota de solicitud no reembolsable. Aquellos que decidan presentar una solicitud para una CDL obtendr\u00e1n una licencia de manejo no comercial temporal, clase C.<\/p>\n\n\n\n<p><strong>Portadores de CDL Afectados Deben Solicitar una Nueva Licencia de Manejo de California para Poder Manejar sus Veh\u00edculos Particulares<\/strong><\/p>\n\n\n\n<p>Aquellos portadores de CDL afectados que elijan no solicitar una nueva CDL deben pedir una licencia de manejo regular, clase C, para continuar manejando sus veh\u00edculos particulares. Pueden comenzar el proceso de solicitud <a href=\"https:\/\/www.dmv.ca.gov\/portal\/es\/driver-licenses-identification-cards\/dl-id-online-app-edl-44\/\"><\/a><a href=\"https:\/\/www.dmv.ca.gov\/portal\/es\/driver-licenses-identification-cards\/dl-id-online-app-edl-44\/\"><a href=\"https:\/\/www.dmv.ca.gov\/portal\/es\/driver-licenses-identification-cards\/dl-id-online-app-edl-44\/\">en l\u00ednea<\/a><\/a> y agendar su cita para ir a una oficina.<\/p>\n\n\n\n<p>El DMV dar\u00e1 prioridad a las citas de conductores afectados llamando al (916) 306-5153. Necesitan pagar la cuota de solicitud no reembolsable, pasar el examen de la vista y tomarse una nueva foto en su cita. Los clientes que quieren solicitar una licencia de manejo pueden ir al <a href=\"https:\/\/www.dmv.ca.gov\/portal\/es\/driver-licenses-identification-cards\/dl-id-online-app-edl-44\/\"><\/a><a href=\"https:\/\/www.dmv.ca.gov\/portal\/es\/driver-licenses-identification-cards\/dl-id-online-app-edl-44\/\"><a href=\"https:\/\/www.dmv.ca.gov\/portal\/es\/driver-licenses-identification-cards\/dl-id-online-app-edl-44\/\">sitio de internet del DMV para ver la lista de documentos requeridos.<\/a><\/a>.<\/p>\n\n\n\n<p><strong>Antes de ir a una oficina- Primero intente en l\u00ednea<\/strong><\/p>\n\n\n\n<p>La mayor\u00eda de los tr\u00e1mites del DMV no requieren visitar una oficina. El DMV anima a los clientes a utilizar los&nbsp;<a href=\"https:\/\/www.dmv.ca.gov\/portal\/es\/dmv-online\/\"><a href=\"https:\/\/www.dmv.ca.gov\/portal\/es\/dmv-online\/\">servicios en l\u00ednea<\/a><\/a>&nbsp;y otros medios de servicio para completar transacciones, como pueden ser renovaciones elegibles de licencias de manejo y registro de veh\u00edculos. Los clientes tambi\u00e9n pueden usar el&nbsp;<a href=\"https:\/\/www.dmv.ca.gov\/portal\/es\/make-an-appointment\/service-advisor\/\"><a href=\"https:\/\/www.dmv.ca.gov\/portal\/es\/?s=\">Asesor de Servicios<\/a><\/a>&nbsp;en el sitio web del DMV para conocer sus opciones y completar tr\u00e1mites del DMV.<\/p>\n\n\n\n<p class=\"has-text-align-left\">Elige lo digital \u2014 Para recibir notificaciones el\u00e9ctronicas sobre renovaciones de registro de veh\u00edculos y licencias de manejo, acceda o crea una cuenta segura en l\u00ednea en&nbsp;<a href=\"https:\/\/www.dmv.ca.gov\/portal\/es\/\"><a href=\"https:\/\/www.dmv.ca.gov\/portal\/es\/\">dmv.ca.gov<\/a><\/a> y suscr\u00edbase.<\/p>\n\n\n\n<p class=\"has-text-align-center\">###<\/p>\n\n\n\n<p><\/p>","protected":false},"excerpt":{"rendered":"<p>Contact: &nbsp;Office of Public Affairs2415 First AvenueSacramento, CA 95818(916) 657\u20136437 |&nbsp;dmvpublicaffairs@dmv.ca.gov FOR IMMEDIATE RELEASEMarch 6, 2026 Sacramento \u2014 Effective Friday, March 6, 2026, the federal government is requiring the California Department of Motor Vehicles (DMV) to cancel approximately 13,000 non-domiciled commercial driver\u2019s licenses (CDL). Not all non-domiciled CDL holders are affected by this action and [&hellip;]<\/p>\n","protected":false},"author":20,"featured_media":0,"parent":1542,"menu_order":0,"comment_status":"closed","ping_status":"closed","template":"","meta":{"ep_exclude_from_search":false,"dmv_page_popups":[],"dmv_ribbon_color":"","dmv_top_illustration":"","dmv_page_title":"","dmv_page_subtitle":"","dmv_exclude_from_search_results":false,"dmv_allowed_editors":[],"dmv_display_translate_button":true,"footnotes":""},"categories":[1627],"tags":[],"dmv_task":[10,65],"dmv_functional_page_type":[64,3],"dmv_content_type":[],"class_list":["post-314531","page","type-page","status-publish","hentry","category-news-media","dmv_task-licensing","dmv_task-regulations","dmv_functional_page_type-informational","dmv_functional_page_type-press-release"],"featured_image_src":null,"yoast_head":"<!-- This site is optimized with the Yoast SEO plugin v27.3 - https:\/\/yoast.com\/product\/yoast-seo-wordpress\/ -->\n<title>Federal Government Requires California DMV to Cancel Certain Non-Domiciled Driver\u2019s Licenses - California DMV<\/title>\n<meta name=\"robots\" content=\"index, follow, max-snippet:-1, max-image-preview:large, max-video-preview:-1\" \/>\n<link rel=\"canonical\" href=\"https:\/\/www.dmv.ca.gov\/portal\/es\/news-and-media\/federal-government-requires-california-dmv-to-cancel-certain-nondomiciled-drivers-licenses\/\" \/>\n<meta property=\"og:locale\" content=\"es_MX\" \/>\n<meta property=\"og:type\" content=\"article\" \/>\n<meta property=\"og:title\" content=\"Federal Government Requires California DMV to Cancel Certain Non-Domiciled Driver\u2019s Licenses - California DMV\" \/>\n<meta property=\"og:description\" content=\"Contact: &nbsp;Office of Public Affairs2415 First AvenueSacramento, CA 95818(916) 657\u20136437 |&nbsp;dmvpublicaffairs@dmv.ca.gov FOR IMMEDIATE RELEASEMarch 6, 2026 Sacramento \u2014 Effective Friday, March 6, 2026, the federal government is requiring the California Department of Motor Vehicles (DMV) to cancel approximately 13,000 non-domiciled commercial driver\u2019s licenses (CDL). Not all non-domiciled CDL holders are affected by this action and [&hellip;]\" \/>\n<meta property=\"og:url\" content=\"https:\/\/www.dmv.ca.gov\/portal\/es\/news-and-media\/federal-government-requires-california-dmv-to-cancel-certain-nondomiciled-drivers-licenses\/\" \/>\n<meta property=\"og:site_name\" content=\"California DMV\" \/>\n<meta property=\"article:publisher\" content=\"https:\/\/www.facebook.com\/CADMV\" \/>\n<meta property=\"article:modified_time\" content=\"2026-03-10T15:46:18+00:00\" \/>\n<meta property=\"og:image\" content=\"https:\/\/www.dmv.ca.gov\/portal\/uploads\/2022\/06\/DMV_Logo.png\" \/>\n\t<meta property=\"og:image:width\" content=\"1920\" \/>\n\t<meta property=\"og:image:height\" content=\"1080\" \/>\n\t<meta property=\"og:image:type\" content=\"image\/png\" \/>\n<meta name=\"twitter:card\" content=\"summary_large_image\" \/>\n<meta name=\"twitter:site\" content=\"@ca_dmv\" \/>\n<meta name=\"twitter:label1\" content=\"Est. reading time\" \/>\n\t<meta name=\"twitter:data1\" content=\"4 minutes\" \/>\n<script type=\"application\/ld+json\" class=\"yoast-schema-graph\">{\"@context\":\"https:\\\/\\\/schema.org\",\"@graph\":[{\"@type\":\"WebPage\",\"@id\":\"https:\\\/\\\/www.dmv.ca.gov\\\/portal\\\/es\\\/news-and-media\\\/federal-government-requires-california-dmv-to-cancel-certain-nondomiciled-drivers-licenses\\\/\",\"url\":\"https:\\\/\\\/www.dmv.ca.gov\\\/portal\\\/es\\\/news-and-media\\\/federal-government-requires-california-dmv-to-cancel-certain-nondomiciled-drivers-licenses\\\/\",\"name\":\"Federal Government Requires California DMV to Cancel Certain Non-Domiciled Driver\u2019s Licenses - California DMV\",\"isPartOf\":{\"@id\":\"https:\\\/\\\/www.dmv.ca.gov\\\/portal\\\/#website\"},\"datePublished\":\"2026-03-07T01:05:18+00:00\",\"dateModified\":\"2026-03-10T15:46:18+00:00\",\"inLanguage\":\"es-MX\",\"potentialAction\":[{\"@type\":\"ReadAction\",\"target\":[\"https:\\\/\\\/www.dmv.ca.gov\\\/portal\\\/es\\\/news-and-media\\\/federal-government-requires-california-dmv-to-cancel-certain-nondomiciled-drivers-licenses\\\/\"]}]},{\"@type\":\"WebSite\",\"@id\":\"https:\\\/\\\/www.dmv.ca.gov\\\/portal\\\/#website\",\"url\":\"https:\\\/\\\/www.dmv.ca.gov\\\/portal\\\/\",\"name\":\"California DMV\",\"description\":\"\",\"publisher\":{\"@id\":\"https:\\\/\\\/www.dmv.ca.gov\\\/portal\\\/#organization\"},\"potentialAction\":[{\"@type\":\"SearchAction\",\"target\":{\"@type\":\"EntryPoint\",\"urlTemplate\":\"https:\\\/\\\/www.dmv.ca.gov\\\/portal\\\/?s={search_term_string}\"},\"query-input\":{\"@type\":\"PropertyValueSpecification\",\"valueRequired\":true,\"valueName\":\"search_term_string\"}}],\"inLanguage\":\"es-MX\"},{\"@type\":\"Organization\",\"@id\":\"https:\\\/\\\/www.dmv.ca.gov\\\/portal\\\/#organization\",\"name\":\"State of California Department of Motor Vehicles\",\"url\":\"https:\\\/\\\/www.dmv.ca.gov\\\/portal\\\/\",\"logo\":{\"@type\":\"ImageObject\",\"inLanguage\":\"es-MX\",\"@id\":\"https:\\\/\\\/www.dmv.ca.gov\\\/portal\\\/#\\\/schema\\\/logo\\\/image\\\/\",\"url\":\"https:\\\/\\\/www.dmv.ca.gov\\\/portal\\\/uploads\\\/2022\\\/06\\\/DMV_Logo.png\",\"contentUrl\":\"https:\\\/\\\/www.dmv.ca.gov\\\/portal\\\/uploads\\\/2022\\\/06\\\/DMV_Logo.png\",\"width\":1920,\"height\":1080,\"caption\":\"State of California Department of Motor Vehicles\"},\"image\":{\"@id\":\"https:\\\/\\\/www.dmv.ca.gov\\\/portal\\\/#\\\/schema\\\/logo\\\/image\\\/\"},\"sameAs\":[\"https:\\\/\\\/www.facebook.com\\\/CADMV\",\"https:\\\/\\\/x.com\\\/ca_dmv\",\"https:\\\/\\\/www.instagram.com\\\/ca_dmv\\\/\",\"https:\\\/\\\/www.linkedin.com\\\/company\\\/ca-department-of-motor-vehicles\\\/\",\"https:\\\/\\\/www.youtube.com\\\/user\\\/CaliforniaDMV\"]}]}<\/script>\n<!-- \/ Yoast SEO plugin. -->","yoast_head_json":{"title":"Federal Government Requires California DMV to Cancel Certain Non-Domiciled Driver\u2019s Licenses - California DMV","robots":{"index":"index","follow":"follow","max-snippet":"max-snippet:-1","max-image-preview":"max-image-preview:large","max-video-preview":"max-video-preview:-1"},"canonical":"https:\/\/www.dmv.ca.gov\/portal\/es\/news-and-media\/federal-government-requires-california-dmv-to-cancel-certain-nondomiciled-drivers-licenses\/","og_locale":"es_MX","og_type":"article","og_title":"Federal Government Requires California DMV to Cancel Certain Non-Domiciled Driver\u2019s Licenses - California DMV","og_description":"Contact: &nbsp;Office of Public Affairs2415 First AvenueSacramento, CA 95818(916) 657\u20136437 |&nbsp;dmvpublicaffairs@dmv.ca.gov FOR IMMEDIATE RELEASEMarch 6, 2026 Sacramento \u2014 Effective Friday, March 6, 2026, the federal government is requiring the California Department of Motor Vehicles (DMV) to cancel approximately 13,000 non-domiciled commercial driver\u2019s licenses (CDL). Not all non-domiciled CDL holders are affected by this action and [&hellip;]","og_url":"https:\/\/www.dmv.ca.gov\/portal\/es\/news-and-media\/federal-government-requires-california-dmv-to-cancel-certain-nondomiciled-drivers-licenses\/","og_site_name":"California DMV","article_publisher":"https:\/\/www.facebook.com\/CADMV","article_modified_time":"2026-03-10T15:46:18+00:00","og_image":[{"width":1920,"height":1080,"url":"https:\/\/www.dmv.ca.gov\/portal\/uploads\/2022\/06\/DMV_Logo.png","type":"image\/png"}],"twitter_card":"summary_large_image","twitter_site":"@ca_dmv","twitter_misc":{"Est. reading time":"4 minutes"},"schema":{"@context":"https:\/\/schema.org","@graph":[{"@type":"WebPage","@id":"https:\/\/www.dmv.ca.gov\/portal\/es\/news-and-media\/federal-government-requires-california-dmv-to-cancel-certain-nondomiciled-drivers-licenses\/","url":"https:\/\/www.dmv.ca.gov\/portal\/es\/news-and-media\/federal-government-requires-california-dmv-to-cancel-certain-nondomiciled-drivers-licenses\/","name":"Federal Government Requires California DMV to Cancel Certain Non-Domiciled Driver\u2019s Licenses - California DMV","isPartOf":{"@id":"https:\/\/www.dmv.ca.gov\/portal\/#website"},"datePublished":"2026-03-07T01:05:18+00:00","dateModified":"2026-03-10T15:46:18+00:00","inLanguage":"es-MX","potentialAction":[{"@type":"ReadAction","target":["https:\/\/www.dmv.ca.gov\/portal\/es\/news-and-media\/federal-government-requires-california-dmv-to-cancel-certain-nondomiciled-drivers-licenses\/"]}]},{"@type":"WebSite","@id":"https:\/\/www.dmv.ca.gov\/portal\/#website","url":"https:\/\/www.dmv.ca.gov\/portal\/","name":"California DMV","description":"","publisher":{"@id":"https:\/\/www.dmv.ca.gov\/portal\/#organization"},"potentialAction":[{"@type":"SearchAction","target":{"@type":"EntryPoint","urlTemplate":"https:\/\/www.dmv.ca.gov\/portal\/?s={search_term_string}"},"query-input":{"@type":"PropertyValueSpecification","valueRequired":true,"valueName":"search_term_string"}}],"inLanguage":"es-MX"},{"@type":"Organization","@id":"https:\/\/www.dmv.ca.gov\/portal\/#organization","name":"State of California Department of Motor Vehicles","url":"https:\/\/www.dmv.ca.gov\/portal\/","logo":{"@type":"ImageObject","inLanguage":"es-MX","@id":"https:\/\/www.dmv.ca.gov\/portal\/#\/schema\/logo\/image\/","url":"https:\/\/www.dmv.ca.gov\/portal\/uploads\/2022\/06\/DMV_Logo.png","contentUrl":"https:\/\/www.dmv.ca.gov\/portal\/uploads\/2022\/06\/DMV_Logo.png","width":1920,"height":1080,"caption":"State of California Department of Motor Vehicles"},"image":{"@id":"https:\/\/www.dmv.ca.gov\/portal\/#\/schema\/logo\/image\/"},"sameAs":["https:\/\/www.facebook.com\/CADMV","https:\/\/x.com\/ca_dmv","https:\/\/www.instagram.com\/ca_dmv\/","https:\/\/www.linkedin.com\/company\/ca-department-of-motor-vehicles\/","https:\/\/www.youtube.com\/user\/CaliforniaDMV"]}]}},"_links":{"self":[{"href":"https:\/\/www.dmv.ca.gov\/portal\/es\/wp-json\/wp\/v2\/pages\/314531","targetHints":{"allow":["GET"]}}],"collection":[{"href":"https:\/\/www.dmv.ca.gov\/portal\/es\/wp-json\/wp\/v2\/pages"}],"about":[{"href":"https:\/\/www.dmv.ca.gov\/portal\/es\/wp-json\/wp\/v2\/types\/page"}],"author":[{"embeddable":true,"href":"https:\/\/www.dmv.ca.gov\/portal\/es\/wp-json\/wp\/v2\/users\/20"}],"replies":[{"embeddable":true,"href":"https:\/\/www.dmv.ca.gov\/portal\/es\/wp-json\/wp\/v2\/comments?post=314531"}],"version-history":[{"count":6,"href":"https:\/\/www.dmv.ca.gov\/portal\/es\/wp-json\/wp\/v2\/pages\/314531\/revisions"}],"predecessor-version":[{"id":314564,"href":"https:\/\/www.dmv.ca.gov\/portal\/es\/wp-json\/wp\/v2\/pages\/314531\/revisions\/314564"}],"up":[{"embeddable":true,"href":"https:\/\/www.dmv.ca.gov\/portal\/es\/wp-json\/wp\/v2\/pages\/1542"}],"wp:attachment":[{"href":"https:\/\/www.dmv.ca.gov\/portal\/es\/wp-json\/wp\/v2\/media?parent=314531"}],"wp:term":[{"taxonomy":"category","embeddable":true,"href":"https:\/\/www.dmv.ca.gov\/portal\/es\/wp-json\/wp\/v2\/categories?post=314531"},{"taxonomy":"post_tag","embeddable":true,"href":"https:\/\/www.dmv.ca.gov\/portal\/es\/wp-json\/wp\/v2\/tags?post=314531"},{"taxonomy":"dmv_task","embeddable":true,"href":"https:\/\/www.dmv.ca.gov\/portal\/es\/wp-json\/wp\/v2\/dmv_task?post=314531"},{"taxonomy":"dmv_functional_page_type","embeddable":true,"href":"https:\/\/www.dmv.ca.gov\/portal\/es\/wp-json\/wp\/v2\/dmv_functional_page_type?post=314531"},{"taxonomy":"dmv_content_type","embeddable":true,"href":"https:\/\/www.dmv.ca.gov\/portal\/es\/wp-json\/wp\/v2\/dmv_content_type?post=314531"}],"curies":[{"name":"wp","href":"https:\/\/api.w.org\/{rel}","templated":true}]}}