{"id":318863,"date":"2026-04-08T10:05:23","date_gmt":"2026-04-08T17:05:23","guid":{"rendered":"https:\/\/www.dmv.ca.gov\/portal\/?page_id=318863"},"modified":"2026-04-08T10:05:24","modified_gmt":"2026-04-08T17:05:24","slug":"visalia-dmv-office-reopens-april-14","status":"publish","type":"page","link":"https:\/\/www.dmv.ca.gov\/portal\/es\/news-and-media\/visalia-dmv-office-reopens-april-14\/","title":{"rendered":"Visalia DMV Office Reopens April 14"},"content":{"rendered":"<p>Contact: \u00a0Office of Public Affairs<br>2415 First Avenue<br>Sacramento, CA 95818<br>(916) 657\u20136437 |\u00a0<a href=\"mailto:dmvpublicaffairs@dmv.ca.gov\">dmvpublicaffairs@dmv.ca.gov<\/a><\/p>\n\n\n\n<p><strong>PARA PUBLICACI\u00d3N INMEDIATA<br>April 8, 2026<\/strong><\/p>\n\n\n\n<p><strong>Visalia DMV Office Reopens April 14<\/strong><\/p>\n\n\n\n<p><strong>Lo que necesita saber: <\/strong>The Visalia office will reopen to the public on April 14. Most customers can save a trip to the office and do their DMV business online at <a href=\"https:\/\/www.dmv.ca.gov\/portal\/es\/\"><a href=\"https:\/\/www.dmv.ca.gov\/portal\/es\/\">dmv.ca.gov<\/a><\/a>.<\/p>\n\n\n\n<p><strong>Sacramento&nbsp;<\/strong>\u2014 The California Department of Motor Vehicles (DMV) today announced that the Visalia office at 1711 E. Main St. will reopen at 8 a.m. on Tuesday, April 14.<\/p>\n\n\n\n<p>The office closed on December 26 to complete several upgrades, including the installation of new restroom fixtures and resurfacing part of the parking lot.<\/p>\n\n\n\n<p><strong>Antes de ir a una oficina- Primero intente en l\u00ednea<\/strong><\/p>\n\n\n\n<p>La mayor\u00eda de los tr\u00e1mites del DMV no requieren visitar una oficina. El DMV anima a los clientes a utilizar los&nbsp;<a href=\"https:\/\/www.dmv.ca.gov\/portal\/es\/dmv-online\/\"><a href=\"https:\/\/www.dmv.ca.gov\/portal\/es\/dmv-online\/\">servicios en l\u00ednea<\/a><\/a>&nbsp;y otros medios de servicio para completar transacciones, como pueden ser renovaciones elegibles de licencias de manejo y registro de veh\u00edculos. Los clientes tambi\u00e9n pueden usar el&nbsp;<a href=\"https:\/\/www.dmv.ca.gov\/portal\/es\/make-an-appointment\/service-advisor\/\"><a href=\"https:\/\/www.dmv.ca.gov\/portal\/es\/?s=\">Asesor de Servicios<\/a><\/a>&nbsp;en el sitio web del DMV para conocer sus opciones y completar tr\u00e1mites del DMV.<\/p>\n\n\n\n<p>Elige lo digital \u2014 Para recibir notificaciones el\u00e9ctronicas sobre renovaciones de registro de veh\u00edculos y licencias de manejo, acceda o crea una cuenta segura en l\u00ednea en&nbsp;<a href=\"https:\/\/www.dmv.ca.gov\/portal\/es\/\"><a href=\"https:\/\/www.dmv.ca.gov\/portal\/es\/\">dmv.ca.gov<\/a><\/a> y suscr\u00edbase.<\/p>\n\n\n\n<p class=\"has-text-align-center\">###<\/p>","protected":false},"excerpt":{"rendered":"<p>Contact: \u00a0Office of Public Affairs2415 First AvenueSacramento, CA 95818(916) 657\u20136437 |\u00a0dmvpublicaffairs@dmv.ca.gov FOR IMMEDIATE RELEASEApril 8, 2026 Visalia DMV Office Reopens April 14 What you need to know: The Visalia office will reopen to the public on April 14. Most customers can save a trip to the office and do their DMV business online at dmv.ca.gov. [&hellip;]<\/p>\n","protected":false},"author":2562,"featured_media":0,"parent":1542,"menu_order":0,"comment_status":"closed","ping_status":"closed","template":"","meta":{"ep_exclude_from_search":false,"dmv_page_popups":[],"dmv_ribbon_color":"","dmv_top_illustration":"","dmv_page_title":"","dmv_page_subtitle":"","dmv_exclude_from_search_results":false,"dmv_allowed_editors":[],"dmv_display_translate_button":false,"footnotes":""},"categories":[1627],"tags":[2277],"dmv_task":[86],"dmv_functional_page_type":[3],"dmv_content_type":[],"class_list":["post-318863","page","type-page","status-publish","hentry","category-news-media","tag-field-office","dmv_task-location","dmv_functional_page_type-press-release"],"featured_image_src":null,"yoast_head":"<!-- This site is optimized with the Yoast SEO plugin v27.2 - https:\/\/yoast.com\/product\/yoast-seo-wordpress\/ -->\n<title>Visalia DMV Office Reopens April 14 - California DMV<\/title>\n<meta name=\"robots\" content=\"index, follow, max-snippet:-1, max-image-preview:large, max-video-preview:-1\" \/>\n<link rel=\"canonical\" href=\"https:\/\/www.dmv.ca.gov\/portal\/es\/news-and-media\/visalia-dmv-office-reopens-april-14\/\" \/>\n<meta property=\"og:locale\" content=\"es_MX\" \/>\n<meta property=\"og:type\" content=\"article\" \/>\n<meta property=\"og:title\" content=\"Visalia DMV Office Reopens April 14 - California DMV\" \/>\n<meta property=\"og:description\" content=\"Contact: \u00a0Office of Public Affairs2415 First AvenueSacramento, CA 95818(916) 657\u20136437 |\u00a0dmvpublicaffairs@dmv.ca.gov FOR IMMEDIATE RELEASEApril 8, 2026 Visalia DMV Office Reopens April 14 What you need to know: The Visalia office will reopen to the public on April 14. Most customers can save a trip to the office and do their DMV business online at dmv.ca.gov. [&hellip;]\" \/>\n<meta property=\"og:url\" content=\"https:\/\/www.dmv.ca.gov\/portal\/es\/news-and-media\/visalia-dmv-office-reopens-april-14\/\" \/>\n<meta property=\"og:site_name\" content=\"California DMV\" \/>\n<meta property=\"article:publisher\" content=\"https:\/\/www.facebook.com\/CADMV\" \/>\n<meta property=\"article:modified_time\" content=\"2026-04-08T17:05:24+00:00\" \/>\n<meta property=\"og:image\" content=\"https:\/\/www.dmv.ca.gov\/portal\/uploads\/2022\/06\/DMV_Logo.png\" \/>\n\t<meta property=\"og:image:width\" content=\"1920\" \/>\n\t<meta property=\"og:image:height\" content=\"1080\" \/>\n\t<meta property=\"og:image:type\" content=\"image\/png\" \/>\n<meta name=\"twitter:card\" content=\"summary_large_image\" \/>\n<meta name=\"twitter:site\" content=\"@ca_dmv\" \/>\n<meta name=\"twitter:label1\" content=\"Est. reading time\" \/>\n\t<meta name=\"twitter:data1\" content=\"1 minute\" \/>\n<script type=\"application\/ld+json\" class=\"yoast-schema-graph\">{\"@context\":\"https:\/\/schema.org\",\"@graph\":[{\"@type\":\"WebPage\",\"@id\":\"https:\/\/www.dmv.ca.gov\/portal\/es\/news-and-media\/visalia-dmv-office-reopens-april-14\/\",\"url\":\"https:\/\/www.dmv.ca.gov\/portal\/es\/news-and-media\/visalia-dmv-office-reopens-april-14\/\",\"name\":\"Visalia DMV Office Reopens April 14 - California DMV\",\"isPartOf\":{\"@id\":\"https:\/\/www.dmv.ca.gov\/portal\/#website\"},\"datePublished\":\"2026-04-08T17:05:23+00:00\",\"dateModified\":\"2026-04-08T17:05:24+00:00\",\"inLanguage\":\"es-MX\",\"potentialAction\":[{\"@type\":\"ReadAction\",\"target\":[\"https:\/\/www.dmv.ca.gov\/portal\/es\/news-and-media\/visalia-dmv-office-reopens-april-14\/\"]}]},{\"@type\":\"WebSite\",\"@id\":\"https:\/\/www.dmv.ca.gov\/portal\/#website\",\"url\":\"https:\/\/www.dmv.ca.gov\/portal\/\",\"name\":\"California DMV\",\"description\":\"\",\"publisher\":{\"@id\":\"https:\/\/www.dmv.ca.gov\/portal\/#organization\"},\"potentialAction\":[{\"@type\":\"SearchAction\",\"target\":{\"@type\":\"EntryPoint\",\"urlTemplate\":\"https:\/\/www.dmv.ca.gov\/portal\/?s={search_term_string}\"},\"query-input\":{\"@type\":\"PropertyValueSpecification\",\"valueRequired\":true,\"valueName\":\"search_term_string\"}}],\"inLanguage\":\"es-MX\"},{\"@type\":\"Organization\",\"@id\":\"https:\/\/www.dmv.ca.gov\/portal\/#organization\",\"name\":\"State of California Department of Motor Vehicles\",\"url\":\"https:\/\/www.dmv.ca.gov\/portal\/\",\"logo\":{\"@type\":\"ImageObject\",\"inLanguage\":\"es-MX\",\"@id\":\"https:\/\/www.dmv.ca.gov\/portal\/#\/schema\/logo\/image\/\",\"url\":\"https:\/\/www.dmv.ca.gov\/portal\/uploads\/2022\/06\/DMV_Logo.png\",\"contentUrl\":\"https:\/\/www.dmv.ca.gov\/portal\/uploads\/2022\/06\/DMV_Logo.png\",\"width\":1920,\"height\":1080,\"caption\":\"State of California Department of Motor Vehicles\"},\"image\":{\"@id\":\"https:\/\/www.dmv.ca.gov\/portal\/#\/schema\/logo\/image\/\"},\"sameAs\":[\"https:\/\/www.facebook.com\/CADMV\",\"https:\/\/x.com\/ca_dmv\",\"https:\/\/www.instagram.com\/ca_dmv\/\",\"https:\/\/www.linkedin.com\/company\/ca-department-of-motor-vehicles\/\",\"https:\/\/www.youtube.com\/user\/CaliforniaDMV\"]}]}<\/script>\n<!-- \/ Yoast SEO plugin. -->","yoast_head_json":{"title":"Visalia DMV Office Reopens April 14 - California DMV","robots":{"index":"index","follow":"follow","max-snippet":"max-snippet:-1","max-image-preview":"max-image-preview:large","max-video-preview":"max-video-preview:-1"},"canonical":"https:\/\/www.dmv.ca.gov\/portal\/es\/news-and-media\/visalia-dmv-office-reopens-april-14\/","og_locale":"es_MX","og_type":"article","og_title":"Visalia DMV Office Reopens April 14 - California DMV","og_description":"Contact: \u00a0Office of Public Affairs2415 First AvenueSacramento, CA 95818(916) 657\u20136437 |\u00a0dmvpublicaffairs@dmv.ca.gov FOR IMMEDIATE RELEASEApril 8, 2026 Visalia DMV Office Reopens April 14 What you need to know: The Visalia office will reopen to the public on April 14. Most customers can save a trip to the office and do their DMV business online at dmv.ca.gov. [&hellip;]","og_url":"https:\/\/www.dmv.ca.gov\/portal\/es\/news-and-media\/visalia-dmv-office-reopens-april-14\/","og_site_name":"California DMV","article_publisher":"https:\/\/www.facebook.com\/CADMV","article_modified_time":"2026-04-08T17:05:24+00:00","og_image":[{"width":1920,"height":1080,"url":"https:\/\/www.dmv.ca.gov\/portal\/uploads\/2022\/06\/DMV_Logo.png","type":"image\/png"}],"twitter_card":"summary_large_image","twitter_site":"@ca_dmv","twitter_misc":{"Est. reading time":"1 minute"},"schema":{"@context":"https:\/\/schema.org","@graph":[{"@type":"WebPage","@id":"https:\/\/www.dmv.ca.gov\/portal\/es\/news-and-media\/visalia-dmv-office-reopens-april-14\/","url":"https:\/\/www.dmv.ca.gov\/portal\/es\/news-and-media\/visalia-dmv-office-reopens-april-14\/","name":"Visalia DMV Office Reopens April 14 - California DMV","isPartOf":{"@id":"https:\/\/www.dmv.ca.gov\/portal\/#website"},"datePublished":"2026-04-08T17:05:23+00:00","dateModified":"2026-04-08T17:05:24+00:00","inLanguage":"es-MX","potentialAction":[{"@type":"ReadAction","target":["https:\/\/www.dmv.ca.gov\/portal\/es\/news-and-media\/visalia-dmv-office-reopens-april-14\/"]}]},{"@type":"WebSite","@id":"https:\/\/www.dmv.ca.gov\/portal\/#website","url":"https:\/\/www.dmv.ca.gov\/portal\/","name":"California DMV","description":"","publisher":{"@id":"https:\/\/www.dmv.ca.gov\/portal\/#organization"},"potentialAction":[{"@type":"SearchAction","target":{"@type":"EntryPoint","urlTemplate":"https:\/\/www.dmv.ca.gov\/portal\/?s={search_term_string}"},"query-input":{"@type":"PropertyValueSpecification","valueRequired":true,"valueName":"search_term_string"}}],"inLanguage":"es-MX"},{"@type":"Organization","@id":"https:\/\/www.dmv.ca.gov\/portal\/#organization","name":"State of California Department of Motor Vehicles","url":"https:\/\/www.dmv.ca.gov\/portal\/","logo":{"@type":"ImageObject","inLanguage":"es-MX","@id":"https:\/\/www.dmv.ca.gov\/portal\/#\/schema\/logo\/image\/","url":"https:\/\/www.dmv.ca.gov\/portal\/uploads\/2022\/06\/DMV_Logo.png","contentUrl":"https:\/\/www.dmv.ca.gov\/portal\/uploads\/2022\/06\/DMV_Logo.png","width":1920,"height":1080,"caption":"State of California Department of Motor Vehicles"},"image":{"@id":"https:\/\/www.dmv.ca.gov\/portal\/#\/schema\/logo\/image\/"},"sameAs":["https:\/\/www.facebook.com\/CADMV","https:\/\/x.com\/ca_dmv","https:\/\/www.instagram.com\/ca_dmv\/","https:\/\/www.linkedin.com\/company\/ca-department-of-motor-vehicles\/","https:\/\/www.youtube.com\/user\/CaliforniaDMV"]}]}},"_links":{"self":[{"href":"https:\/\/www.dmv.ca.gov\/portal\/es\/wp-json\/wp\/v2\/pages\/318863","targetHints":{"allow":["GET"]}}],"collection":[{"href":"https:\/\/www.dmv.ca.gov\/portal\/es\/wp-json\/wp\/v2\/pages"}],"about":[{"href":"https:\/\/www.dmv.ca.gov\/portal\/es\/wp-json\/wp\/v2\/types\/page"}],"author":[{"embeddable":true,"href":"https:\/\/www.dmv.ca.gov\/portal\/es\/wp-json\/wp\/v2\/users\/2562"}],"replies":[{"embeddable":true,"href":"https:\/\/www.dmv.ca.gov\/portal\/es\/wp-json\/wp\/v2\/comments?post=318863"}],"version-history":[{"count":1,"href":"https:\/\/www.dmv.ca.gov\/portal\/es\/wp-json\/wp\/v2\/pages\/318863\/revisions"}],"predecessor-version":[{"id":318866,"href":"https:\/\/www.dmv.ca.gov\/portal\/es\/wp-json\/wp\/v2\/pages\/318863\/revisions\/318866"}],"up":[{"embeddable":true,"href":"https:\/\/www.dmv.ca.gov\/portal\/es\/wp-json\/wp\/v2\/pages\/1542"}],"wp:attachment":[{"href":"https:\/\/www.dmv.ca.gov\/portal\/es\/wp-json\/wp\/v2\/media?parent=318863"}],"wp:term":[{"taxonomy":"category","embeddable":true,"href":"https:\/\/www.dmv.ca.gov\/portal\/es\/wp-json\/wp\/v2\/categories?post=318863"},{"taxonomy":"post_tag","embeddable":true,"href":"https:\/\/www.dmv.ca.gov\/portal\/es\/wp-json\/wp\/v2\/tags?post=318863"},{"taxonomy":"dmv_task","embeddable":true,"href":"https:\/\/www.dmv.ca.gov\/portal\/es\/wp-json\/wp\/v2\/dmv_task?post=318863"},{"taxonomy":"dmv_functional_page_type","embeddable":true,"href":"https:\/\/www.dmv.ca.gov\/portal\/es\/wp-json\/wp\/v2\/dmv_functional_page_type?post=318863"},{"taxonomy":"dmv_content_type","embeddable":true,"href":"https:\/\/www.dmv.ca.gov\/portal\/es\/wp-json\/wp\/v2\/dmv_content_type?post=318863"}],"curies":[{"name":"wp","href":"https:\/\/api.w.org\/{rel}","templated":true}]}}