{"id":321530,"date":"2026-04-28T17:20:43","date_gmt":"2026-04-29T00:20:43","guid":{"rendered":"https:\/\/www.dmv.ca.gov\/portal\/?page_id=321530"},"modified":"2026-04-28T17:20:44","modified_gmt":"2026-04-29T00:20:44","slug":"new-autonomous-vehicle-regulations-strengthen-oversight-and-enforcement-authorize-trucks-and-transit","status":"publish","type":"page","link":"https:\/\/www.dmv.ca.gov\/portal\/es\/news-and-media\/new-autonomous-vehicle-regulations-strengthen-oversight-and-enforcement-authorize-trucks-and-transit\/","title":{"rendered":"Nuevas Regulaciones a Veh\u00edculos Aut\u00f3nomos Fortalecen su Supervisi\u00f3n y Cumplimiento,\nAutoriza Camiones y Veh\u00edculos de Pasajeros"},"content":{"rendered":"<p class=\"has-text-align-left\">Contact: \u00a0Office of Public Affairs<br>2415 First Avenue<br>Sacramento, CA 95818<br>(916) 657\u20136437 |\u00a0<a href=\"mailto:dmvpublicaffairs@dmv.ca.gov\">dmvpublicaffairs@dmv.ca.gov<\/a><\/p>\n\n\n\n<p><strong>PARA PUBLICACI\u00d3N INMEDIATA<br>28 de abril de 2026<\/strong><\/p>\n\n\n\n<p><strong>Lo que necesita saber:<\/strong> Nuevas regulaciones para veh\u00edculos aut\u00f3nomos (AV, por sus siglas en ingl\u00e9s) fueron aprobadas hoy, las cuales competen a veh\u00edculos de carga ligera y pesada. Las regulaciones actualizan ampliamente las reglas del departamento sobre AV, mejorando los requisitos de seguridad, supervisi\u00f3n y cumplimiento de las regulaciones, mientras abren el mercado de California para pruebas y despliegue de AVs m\u00e1s grandes con cargamento y sistema de transporte.<\/p>\n\n\n\n<hr class=\"wp-block-separator has-alpha-channel-opacity\"\/>\n\n\n\n<p><strong>Sacramento<\/strong> <strong>\u2014 <\/strong>El Departamento de Veh\u00edculos Motorizados (DMV, por sus siglas en ingl\u00e9s) anuncia la adopci\u00f3n de nuevas <a href=\"https:\/\/www.dmv.ca.gov\/portal\/es\/about-the-california-department-of-motor-vehicles\/california-dmv-rulemaking-actions\/\">regulaciones<\/a>para veh\u00edculos aut\u00f3nomos (AV). Dichas reglas, las regulaciones de AV m\u00e1s completas en la naci\u00f3n, son el resultado de extensos procesos de comentarios p\u00fablicos y revisi\u00f3n. Bajo las renovadas regulaciones, los fabricantes de AVs podr\u00edan ahora solicitar permisos de prueba y poner en circulaci\u00f3n veh\u00edculos aut\u00f3nomos de carga pesada en los caminos de California.<\/p>\n\n\n\n<p>Las reglas adem\u00e1s expanden los requisitos de seguridad y supervisi\u00f3n para todas las clases de AVs, permitiendo a las agencias del orden multar a las compa\u00f1\u00edas de AVs por infracciones de tr\u00e1nsito cometidas por sus veh\u00edculos, requiere a las compa\u00f1\u00edas de AV responder a llamadas de socorristas dentro de 30 segundos y autoriza a las autoridades locales de emergencia a emitir instrucciones de delimitaci\u00f3n geogr\u00e1fica virtual para despejar a los AVs de una zona de emergencia activa. Bajo las regulaciones e implementaci\u00f3n de la AB 1777, las autoridades locales de emergencia podr\u00edan emitir un aviso temporal de \u201cno entrar\u201d o \u201c\u00e1rea restringida\u201d a los fabricantes en respuesta a un problema de seguridad p\u00fablica. Los AVs no est\u00e1n permitidos a entrar al \u00e1rea por el tiempo que dure el incidente. Cualquier AV que ya se encuentre dentro de la zona debe salir y ning\u00fan otro puede ingresar. Los AVs que violen la restricci\u00f3n pueden estar sujetos a restricciones o suspensi\u00f3n de su permiso, dependiendo de las circunstancias del incidente. Las regulaciones establecen mejoras en el criterio de preparaci\u00f3n en medidas de seguridad en el proceso de obtenci\u00f3n de permisos, nuevos est\u00e1ndares para el personal de operaci\u00f3n remota y mayor capacidad para reportar datos, as\u00ed como herramientas para su cumplimento.<\/p>\n\n\n\n<p>\u201cCalifornia contin\u00faa liderando la naci\u00f3n en el desarrollo y adopci\u00f3n de la tecnolog\u00eda AV, y estas regulaciones actualizadas demuestran el compromiso del estado con la seguridad p\u00fablica\u201d, dijo el director del DMV Steve Gordon. \u201cDichas actualizaciones apoyan el crecimiento de la industria AV mejorando la seguridad p\u00fablica y transparencia mientras agregan responsabilidad a los fabricantes de AV\u201d.<\/p>\n\n\n\n<p><strong>Para Destacar<\/strong><\/p>\n\n\n\n<ul class=\"wp-block-list\">\n<li><strong>Criterio para Obtener Permisos:<\/strong> Requiere a los fabricantes que comiencen las pruebas utilizando conductores de seguridad hasta avanzar a las pruebas de conducci\u00f3n aut\u00f3noma antes de aplicar para transporte comercial. Los fabricantes deben completar 50,000 millas (carga ligera) o 500,000 millas (carga pesada) de prueba en cada una de las fases y preparar un caso estructurado de seguridad para demostrar la seguridad del hardware, software y operaciones del veh\u00edculo.<\/li>\n<\/ul>\n\n\n\n<ul class=\"wp-block-list\">\n<li><strong>Infracciones de Tr\u00e1nsito de AV:<\/strong> Establece un proceso para las agencias del orden de emitir una notificaci\u00f3n de no cumplimiento de un AV a los fabricantes cuando un AV cometa una infracci\u00f3n de tr\u00e1nsito, mejorando la transparencia y responsabilidad del cumplimiento de las leyes de tr\u00e1fico de un AV.<\/li>\n<\/ul>\n\n\n\n<ul class=\"wp-block-list\">\n<li><strong>Interacci\u00f3n con Personal de Emergencia:<\/strong> Requiere actualizaciones anuales a los planes de interacci\u00f3n con personal de emergencia, acceso al manual para anular el sistema del veh\u00edculo, enlaces de comunicaci\u00f3n de dos v\u00edas con 30 segundos de tiempo para respuesta, y una actualizaci\u00f3n de requisitos de entrenamiento para asegurar interacciones seguras y oportunas con el personal de emergencia.<\/li>\n\n\n\n<li><strong>Respuesta de Emergencia:<\/strong> Autoriza a las autoridades de emergencia local a emitir instrucciones de delimitaci\u00f3n geogr\u00e1fica virtual a los fabricantes de AV y les requiere dirigir sus flotillas fuera de las \u00e1reas identificadas dentro de los dos minutos de haber recibido el mensaje, para limitar los conflictos con AVs durante situaciones de emergencia activas.<\/li>\n<\/ul>\n\n\n\n<ul class=\"wp-block-list\">\n<li><strong>Operaciones Remotas:<\/strong> Establece est\u00e1ndares para el personal de operaciones remotas, incluidos el tipo de t\u00edtulos o certificaciones, permisos y requisitos de entrenamiento para conductores y asistentes remotos.<\/li>\n<\/ul>\n\n\n\n<ul class=\"wp-block-list\">\n<li><strong>Reporte de Datos:<\/strong> Moderniza los requerimientos para reportar informaci\u00f3n de AVs, enfoc\u00e1ndose en nuevos indicadores de seguridad incluidos los fallos en los sistemas, la inmovilizaci\u00f3n del veh\u00edculo y eventos de frenado brusco. Amplia el reporte de choques y requiere informaci\u00f3n de las millas recorridas del veh\u00edculo.<\/li>\n<\/ul>\n\n\n\n<ul class=\"wp-block-list\">\n<li><strong>Herramientas para su Cumplimiento:<\/strong> Autoriza al DMV a imponer restricciones espec\u00edficas de operaci\u00f3n a los fabricantes de AV\u2014incluidos el tama\u00f1o de la flotilla, ubicaci\u00f3n, velocidad y limitaciones por condiciones del tiempo\u2014cuando sea necesario por seguridad p\u00fablica.<\/li>\n<\/ul>\n\n\n\n<ul class=\"wp-block-list\">\n<li><strong>Pruebas e Implementaci\u00f3n de Veh\u00edculos Aut\u00f3nomos de Carga Pesada:<\/strong> <strong>Vehicles:<\/strong> Retira la prohibici\u00f3n de operaci\u00f3n a AVs con peso bruto vehicular m\u00e1ximo autorizado (GVWR, por sus siglas en ingl\u00e9s) de 10,001 libras o m\u00e1s, abriendo el mercado de California a operaciones de veh\u00edculos aut\u00f3nomos de carga. Los AVs de carga pesada deben detenerse en las estaciones de peso de CHP y cumplir con todos los requisitos vigentes a veh\u00edculos comerciales estatales y federales.<\/li>\n<\/ul>\n\n\n\n<ul class=\"wp-block-list\">\n<li><strong>AV de Carga Media para Pasajeros:<\/strong> Permite el tr\u00e1nsito de AVs de hasta 14,001 libras GVWR a operar en entidades p\u00fablicas o universidades, proporcionando un nuevo camino para la innovaci\u00f3n del servicio de transporte p\u00fablico.<\/li>\n<\/ul>\n\n\n\n<p>Las nuevas regulaciones han sido adoptadas oficialmente. Algunas cl\u00e1usulas son efectivas inmediatamente, mientras otras se implementar\u00e1n en fases durante los pr\u00f3ximos meses, conforme a las fechas de entrada en vigor. Las fechas de entrada en vigor pueden ser encontradas en los documentos normativos disponibles en el <a href=\"https:\/\/www.dmv.ca.gov\/portal\/es\/about-the-california-department-of-motor-vehicles\/california-dmv-rulemaking-actions\/\"><a href=\"https:\/\/www.dmv.ca.gov\/portal\/es\/\">sitio de internet del DMV<\/a><\/a>.<\/p>\n\n\n\n<p><strong>Antes de ir a una oficina- Primero intente en l\u00ednea<\/strong><\/p>\n\n\n\n<p>La mayor\u00eda de los tr\u00e1mites del DMV no requieren visitar una oficina, incluidos los tr\u00e1mites de autoservicio sencillos que ya no est\u00e1n disponibles en las oficinas. El DMV anima a los clientes a utilizar los&nbsp;<a href=\"https:\/\/www.dmv.ca.gov\/portal\/es\/dmv-online\/\"><a href=\"https:\/\/www.dmv.ca.gov\/portal\/es\/dmv-online\/\">servicios en l\u00ednea<\/a><\/a>&nbsp;y otros medios de servicio para completar transacciones, como pueden ser renovaciones elegibles de licencias de manejo y registro de veh\u00edculos. Los clientes tambi\u00e9n pueden usar el&nbsp;<a href=\"https:\/\/www.dmv.ca.gov\/portal\/es\/make-an-appointment\/service-advisor\/\"><a href=\"https:\/\/www.dmv.ca.gov\/portal\/es\/?s=\">Asesor de Servicios<\/a><\/a>&nbsp;en el sitio web del DMV para conocer sus opciones y completar tr\u00e1mites del DMV.<\/p>\n\n\n\n<p>Elige lo digital \u2014 Para recibir notificaciones el\u00e9ctronicas sobre renovaciones de registro de veh\u00edculos y licencias de manejo, acceda o crea una cuenta segura en l\u00ednea en&nbsp;<a href=\"https:\/\/www.dmv.ca.gov\/portal\/es\/\"><a href=\"https:\/\/www.dmv.ca.gov\/portal\/es\/\">dmv.ca.gov<\/a><\/a> y suscr\u00edbase.<\/p>\n\n\n\n<p class=\"has-text-align-center\">###<\/p>\n\n\n\n<p class=\"has-text-align-center translation-block\">Reg\u00edstrate para recibir alertas de noticias del DMV: \u00a0<a href=\"https:\/\/www.dmv.ca.gov\/portal\/es\/dmv-news-alerts\/\" target=\"_blank\" rel=\"noreferrer noopener\">DMV NEWS ALERTS \u2013 California DMV<\/a><\/p>","protected":false},"excerpt":{"rendered":"<p>FOR IMMEDIATE RELEASEApril 28, 2026 What you need to know: New autonomous vehicle (AV) regulations were approved today covering both light-duty and heavy-duty vehicles. The regulations comprehensively update the department\u2019s AV rules, enhancing safety requirements, oversight and enforcement, while opening the California market for testing and deployment of larger AVs in freight and transit. Sacramento [&hellip;]<\/p>\n","protected":false},"author":2591,"featured_media":0,"parent":1542,"menu_order":0,"comment_status":"closed","ping_status":"closed","template":"","meta":{"ep_exclude_from_search":false,"dmv_page_popups":[],"dmv_ribbon_color":"","dmv_top_illustration":"","dmv_page_title":"","dmv_page_subtitle":"","dmv_exclude_from_search_results":false,"dmv_allowed_editors":[],"dmv_display_translate_button":true,"footnotes":""},"categories":[],"tags":[],"dmv_task":[86],"dmv_functional_page_type":[3],"dmv_content_type":[],"class_list":["post-321530","page","type-page","status-publish","hentry","dmv_task-location","dmv_functional_page_type-press-release"],"featured_image_src":null,"yoast_head":"<!-- This site is optimized with the Yoast SEO plugin v27.3 - https:\/\/yoast.com\/product\/yoast-seo-wordpress\/ -->\n<title>New Autonomous Vehicle Regulations Strengthen Oversight and Enforcement, Authorize Trucks and Transit - California DMV<\/title>\n<meta name=\"description\" content=\"New autonomous vehicle (AV) regulations were approved today covering both light-duty and heavy-duty vehicles. The regulations comprehensively update the department\u2019s AV rules, enhancing safety requirements, oversight and enforcement, while opening the California market for testing and deployment of larger AVs in freight and transit.\" \/>\n<meta name=\"robots\" content=\"index, follow, max-snippet:-1, max-image-preview:large, max-video-preview:-1\" \/>\n<link rel=\"canonical\" href=\"https:\/\/www.dmv.ca.gov\/portal\/es\/news-and-media\/new-autonomous-vehicle-regulations-strengthen-oversight-and-enforcement-authorize-trucks-and-transit\/\" \/>\n<meta property=\"og:locale\" content=\"es_MX\" \/>\n<meta property=\"og:type\" content=\"article\" \/>\n<meta property=\"og:title\" content=\"New Autonomous Vehicle Regulations Strengthen Oversight and Enforcement, Authorize Trucks and Transit - California DMV\" \/>\n<meta property=\"og:description\" content=\"New autonomous vehicle (AV) regulations were approved today covering both light-duty and heavy-duty vehicles. The regulations comprehensively update the department\u2019s AV rules, enhancing safety requirements, oversight and enforcement, while opening the California market for testing and deployment of larger AVs in freight and transit.\" \/>\n<meta property=\"og:url\" content=\"https:\/\/www.dmv.ca.gov\/portal\/es\/news-and-media\/new-autonomous-vehicle-regulations-strengthen-oversight-and-enforcement-authorize-trucks-and-transit\/\" \/>\n<meta property=\"og:site_name\" content=\"California DMV\" \/>\n<meta property=\"article:publisher\" content=\"https:\/\/www.facebook.com\/CADMV\" \/>\n<meta property=\"article:modified_time\" content=\"2026-04-29T00:20:44+00:00\" \/>\n<meta property=\"og:image\" content=\"https:\/\/www.dmv.ca.gov\/portal\/uploads\/2022\/06\/DMV_Logo.png\" \/>\n\t<meta property=\"og:image:width\" content=\"1920\" \/>\n\t<meta property=\"og:image:height\" content=\"1080\" \/>\n\t<meta property=\"og:image:type\" content=\"image\/png\" \/>\n<meta name=\"twitter:card\" content=\"summary_large_image\" \/>\n<meta name=\"twitter:site\" content=\"@ca_dmv\" \/>\n<meta name=\"twitter:label1\" content=\"Est. reading time\" \/>\n\t<meta name=\"twitter:data1\" content=\"4 minutes\" \/>\n<script type=\"application\/ld+json\" class=\"yoast-schema-graph\">{\"@context\":\"https:\\\/\\\/schema.org\",\"@graph\":[{\"@type\":\"WebPage\",\"@id\":\"https:\\\/\\\/www.dmv.ca.gov\\\/portal\\\/es\\\/news-and-media\\\/new-autonomous-vehicle-regulations-strengthen-oversight-and-enforcement-authorize-trucks-and-transit\\\/\",\"url\":\"https:\\\/\\\/www.dmv.ca.gov\\\/portal\\\/es\\\/news-and-media\\\/new-autonomous-vehicle-regulations-strengthen-oversight-and-enforcement-authorize-trucks-and-transit\\\/\",\"name\":\"New Autonomous Vehicle Regulations Strengthen Oversight and Enforcement, Authorize Trucks and Transit - California DMV\",\"isPartOf\":{\"@id\":\"https:\\\/\\\/www.dmv.ca.gov\\\/portal\\\/#website\"},\"datePublished\":\"2026-04-29T00:20:43+00:00\",\"dateModified\":\"2026-04-29T00:20:44+00:00\",\"description\":\"New autonomous vehicle (AV) regulations were approved today covering both light-duty and heavy-duty vehicles. The regulations comprehensively update the department\u2019s AV rules, enhancing safety requirements, oversight and enforcement, while opening the California market for testing and deployment of larger AVs in freight and transit.\",\"inLanguage\":\"es-MX\",\"potentialAction\":[{\"@type\":\"ReadAction\",\"target\":[\"https:\\\/\\\/www.dmv.ca.gov\\\/portal\\\/es\\\/news-and-media\\\/new-autonomous-vehicle-regulations-strengthen-oversight-and-enforcement-authorize-trucks-and-transit\\\/\"]}]},{\"@type\":\"WebSite\",\"@id\":\"https:\\\/\\\/www.dmv.ca.gov\\\/portal\\\/#website\",\"url\":\"https:\\\/\\\/www.dmv.ca.gov\\\/portal\\\/\",\"name\":\"California DMV\",\"description\":\"\",\"publisher\":{\"@id\":\"https:\\\/\\\/www.dmv.ca.gov\\\/portal\\\/#organization\"},\"potentialAction\":[{\"@type\":\"SearchAction\",\"target\":{\"@type\":\"EntryPoint\",\"urlTemplate\":\"https:\\\/\\\/www.dmv.ca.gov\\\/portal\\\/?s={search_term_string}\"},\"query-input\":{\"@type\":\"PropertyValueSpecification\",\"valueRequired\":true,\"valueName\":\"search_term_string\"}}],\"inLanguage\":\"es-MX\"},{\"@type\":\"Organization\",\"@id\":\"https:\\\/\\\/www.dmv.ca.gov\\\/portal\\\/#organization\",\"name\":\"State of California Department of Motor Vehicles\",\"url\":\"https:\\\/\\\/www.dmv.ca.gov\\\/portal\\\/\",\"logo\":{\"@type\":\"ImageObject\",\"inLanguage\":\"es-MX\",\"@id\":\"https:\\\/\\\/www.dmv.ca.gov\\\/portal\\\/#\\\/schema\\\/logo\\\/image\\\/\",\"url\":\"https:\\\/\\\/www.dmv.ca.gov\\\/portal\\\/uploads\\\/2022\\\/06\\\/DMV_Logo.png\",\"contentUrl\":\"https:\\\/\\\/www.dmv.ca.gov\\\/portal\\\/uploads\\\/2022\\\/06\\\/DMV_Logo.png\",\"width\":1920,\"height\":1080,\"caption\":\"State of California Department of Motor Vehicles\"},\"image\":{\"@id\":\"https:\\\/\\\/www.dmv.ca.gov\\\/portal\\\/#\\\/schema\\\/logo\\\/image\\\/\"},\"sameAs\":[\"https:\\\/\\\/www.facebook.com\\\/CADMV\",\"https:\\\/\\\/x.com\\\/ca_dmv\",\"https:\\\/\\\/www.instagram.com\\\/ca_dmv\\\/\",\"https:\\\/\\\/www.linkedin.com\\\/company\\\/ca-department-of-motor-vehicles\\\/\",\"https:\\\/\\\/www.youtube.com\\\/user\\\/CaliforniaDMV\"]}]}<\/script>\n<!-- \/ Yoast SEO plugin. -->","yoast_head_json":{"title":"New Autonomous Vehicle Regulations Strengthen Oversight and Enforcement, Authorize Trucks and Transit - California DMV","description":"Nuevas regulaciones para veh\u00edculos aut\u00f3nomos (AV, por sus siglas en ingl\u00e9s) fueron aprobadas hoy, las cuales competen a veh\u00edculos de carga ligera y pesada. Las regulaciones actualizan ampliamente las reglas del departamento sobre AV, mejorando los requisitos de seguridad, supervisi\u00f3n y cumplimiento de las regulaciones, mientras abren el mercado de California para pruebas y despliegue de AVs m\u00e1s grandes con cargamento y sistema de transporte.","robots":{"index":"index","follow":"follow","max-snippet":"max-snippet:-1","max-image-preview":"max-image-preview:large","max-video-preview":"max-video-preview:-1"},"canonical":"https:\/\/www.dmv.ca.gov\/portal\/es\/news-and-media\/new-autonomous-vehicle-regulations-strengthen-oversight-and-enforcement-authorize-trucks-and-transit\/","og_locale":"es_MX","og_type":"article","og_title":"New Autonomous Vehicle Regulations Strengthen Oversight and Enforcement, Authorize Trucks and Transit - California DMV","og_description":"New autonomous vehicle (AV) regulations were approved today covering both light-duty and heavy-duty vehicles. The regulations comprehensively update the department\u2019s AV rules, enhancing safety requirements, oversight and enforcement, while opening the California market for testing and deployment of larger AVs in freight and transit.","og_url":"https:\/\/www.dmv.ca.gov\/portal\/es\/news-and-media\/new-autonomous-vehicle-regulations-strengthen-oversight-and-enforcement-authorize-trucks-and-transit\/","og_site_name":"California DMV","article_publisher":"https:\/\/www.facebook.com\/CADMV","article_modified_time":"2026-04-29T00:20:44+00:00","og_image":[{"width":1920,"height":1080,"url":"https:\/\/www.dmv.ca.gov\/portal\/uploads\/2022\/06\/DMV_Logo.png","type":"image\/png"}],"twitter_card":"summary_large_image","twitter_site":"@ca_dmv","twitter_misc":{"Est. reading time":"4 minutes"},"schema":{"@context":"https:\/\/schema.org","@graph":[{"@type":"WebPage","@id":"https:\/\/www.dmv.ca.gov\/portal\/es\/news-and-media\/new-autonomous-vehicle-regulations-strengthen-oversight-and-enforcement-authorize-trucks-and-transit\/","url":"https:\/\/www.dmv.ca.gov\/portal\/es\/news-and-media\/new-autonomous-vehicle-regulations-strengthen-oversight-and-enforcement-authorize-trucks-and-transit\/","name":"New Autonomous Vehicle Regulations Strengthen Oversight and Enforcement, Authorize Trucks and Transit - California DMV","isPartOf":{"@id":"https:\/\/www.dmv.ca.gov\/portal\/#website"},"datePublished":"2026-04-29T00:20:43+00:00","dateModified":"2026-04-29T00:20:44+00:00","description":"Nuevas regulaciones para veh\u00edculos aut\u00f3nomos (AV, por sus siglas en ingl\u00e9s) fueron aprobadas hoy, las cuales competen a veh\u00edculos de carga ligera y pesada. Las regulaciones actualizan ampliamente las reglas del departamento sobre AV, mejorando los requisitos de seguridad, supervisi\u00f3n y cumplimiento de las regulaciones, mientras abren el mercado de California para pruebas y despliegue de AVs m\u00e1s grandes con cargamento y sistema de transporte.","inLanguage":"es-MX","potentialAction":[{"@type":"ReadAction","target":["https:\/\/www.dmv.ca.gov\/portal\/es\/news-and-media\/new-autonomous-vehicle-regulations-strengthen-oversight-and-enforcement-authorize-trucks-and-transit\/"]}]},{"@type":"WebSite","@id":"https:\/\/www.dmv.ca.gov\/portal\/#website","url":"https:\/\/www.dmv.ca.gov\/portal\/","name":"California DMV","description":"","publisher":{"@id":"https:\/\/www.dmv.ca.gov\/portal\/#organization"},"potentialAction":[{"@type":"SearchAction","target":{"@type":"EntryPoint","urlTemplate":"https:\/\/www.dmv.ca.gov\/portal\/?s={search_term_string}"},"query-input":{"@type":"PropertyValueSpecification","valueRequired":true,"valueName":"search_term_string"}}],"inLanguage":"es-MX"},{"@type":"Organization","@id":"https:\/\/www.dmv.ca.gov\/portal\/#organization","name":"State of California Department of Motor Vehicles","url":"https:\/\/www.dmv.ca.gov\/portal\/","logo":{"@type":"ImageObject","inLanguage":"es-MX","@id":"https:\/\/www.dmv.ca.gov\/portal\/#\/schema\/logo\/image\/","url":"https:\/\/www.dmv.ca.gov\/portal\/uploads\/2022\/06\/DMV_Logo.png","contentUrl":"https:\/\/www.dmv.ca.gov\/portal\/uploads\/2022\/06\/DMV_Logo.png","width":1920,"height":1080,"caption":"State of California Department of Motor Vehicles"},"image":{"@id":"https:\/\/www.dmv.ca.gov\/portal\/#\/schema\/logo\/image\/"},"sameAs":["https:\/\/www.facebook.com\/CADMV","https:\/\/x.com\/ca_dmv","https:\/\/www.instagram.com\/ca_dmv\/","https:\/\/www.linkedin.com\/company\/ca-department-of-motor-vehicles\/","https:\/\/www.youtube.com\/user\/CaliforniaDMV"]}]}},"_links":{"self":[{"href":"https:\/\/www.dmv.ca.gov\/portal\/es\/wp-json\/wp\/v2\/pages\/321530","targetHints":{"allow":["GET"]}}],"collection":[{"href":"https:\/\/www.dmv.ca.gov\/portal\/es\/wp-json\/wp\/v2\/pages"}],"about":[{"href":"https:\/\/www.dmv.ca.gov\/portal\/es\/wp-json\/wp\/v2\/types\/page"}],"author":[{"embeddable":true,"href":"https:\/\/www.dmv.ca.gov\/portal\/es\/wp-json\/wp\/v2\/users\/2591"}],"replies":[{"embeddable":true,"href":"https:\/\/www.dmv.ca.gov\/portal\/es\/wp-json\/wp\/v2\/comments?post=321530"}],"version-history":[{"count":1,"href":"https:\/\/www.dmv.ca.gov\/portal\/es\/wp-json\/wp\/v2\/pages\/321530\/revisions"}],"predecessor-version":[{"id":321533,"href":"https:\/\/www.dmv.ca.gov\/portal\/es\/wp-json\/wp\/v2\/pages\/321530\/revisions\/321533"}],"up":[{"embeddable":true,"href":"https:\/\/www.dmv.ca.gov\/portal\/es\/wp-json\/wp\/v2\/pages\/1542"}],"wp:attachment":[{"href":"https:\/\/www.dmv.ca.gov\/portal\/es\/wp-json\/wp\/v2\/media?parent=321530"}],"wp:term":[{"taxonomy":"category","embeddable":true,"href":"https:\/\/www.dmv.ca.gov\/portal\/es\/wp-json\/wp\/v2\/categories?post=321530"},{"taxonomy":"post_tag","embeddable":true,"href":"https:\/\/www.dmv.ca.gov\/portal\/es\/wp-json\/wp\/v2\/tags?post=321530"},{"taxonomy":"dmv_task","embeddable":true,"href":"https:\/\/www.dmv.ca.gov\/portal\/es\/wp-json\/wp\/v2\/dmv_task?post=321530"},{"taxonomy":"dmv_functional_page_type","embeddable":true,"href":"https:\/\/www.dmv.ca.gov\/portal\/es\/wp-json\/wp\/v2\/dmv_functional_page_type?post=321530"},{"taxonomy":"dmv_content_type","embeddable":true,"href":"https:\/\/www.dmv.ca.gov\/portal\/es\/wp-json\/wp\/v2\/dmv_content_type?post=321530"}],"curies":[{"name":"wp","href":"https:\/\/api.w.org\/{rel}","templated":true}]}}